{"id":43143,"date":"2015-11-29T19:25:20","date_gmt":"2015-11-29T17:25:20","guid":{"rendered":"https:\/\/gmelorente.com\/en\/preguntas-frecuentes\/"},"modified":"2016-02-28T13:37:04","modified_gmt":"2016-02-28T12:37:04","slug":"preguntas-frecuentes","status":"publish","type":"page","link":"https:\/\/gmelorente-pre.atic.green\/en\/preguntas-frecuentes\/","title":{"rendered":"FAQs"},"content":{"rendered":"<p>[vc_row][vc_column][vc_toggle title=&#8221;What kind of glass does a bath screen have?&#8221; el_id=&#8221;1448817188025-c3c3a65e-663f&#8221;]At GME Bathroom Division, we manufacture all of our bath screens with tempered safety glass with 4 mm and 10 mm in thickness.[\/vc_toggle][vc_toggle title=&#8221;What is tempered glass?&#8221; el_id=&#8221;1448817257410-3efd6ca0-7e14&#8243;]Is a type of high-strength glass, which is obtained from the process of heating the glass at high temperatures to then be immediately cooled with are thereafter. In this way, the glass is more resistant to shock and temperature changes.[\/vc_toggle][vc_toggle title=&#8221;Is tempered glass unbreakable?&#8221; el_id=&#8221;1448817291658-6a34ef02-5c13&#8243;]No. Tempered glass may be broken into small fragments, rounded to prevent injuries that may be serious. The law requires that glass for bath screens be treated this way.<\/p>\n<p>There is also what is known as spontaneous breakage. Anticipated in normal glass tolerance standards, it occurs because of nickel sulphide occlusions that produced tension that may cause the glass to break without apparent cause. Statistics indicate that it occurs in 1 in 10,0000 glass structures.[\/vc_toggle][vc_toggle title=&#8221;What extra warranty does GME Bathroom Division offer? &#8221; el_id=&#8221;1448817377407-9e5c5096-d005&#8243;]All of our products are guaranteed for a period 3 years, more than required by current law.<\/p>\n<p>We are also committed to offering spare parts and solutions for any GME Bathroom Division products to distributors and customers, for the 5 years following their discontinuation.[\/vc_toggle][vc_toggle title=&#8221;What type of regulations do GME products fulfil?&#8221; el_id=&#8221;1448817342280-996dcbcb-3d6f&#8221;]Our products are made in compliance with the highest quality standards required by the European Union. They also have products certifications according to UNE-EN 14428:05, which AENOR grants to manufactures of screens and bath accessories who comply with the requirements that ensure safety and durability.[\/vc_toggle][vc_toggle title=&#8221;What type of tests are the GME Bathroom Division products subject to? &#8221; el_id=&#8221;1448817435454-34e4240d-1a23&#8243;]We conduct periodic tests through Aidima &#8211; Technological Institute of Valencia- in order to ensure the optimal quality of our products&#8217; components.<\/p>\n<p style=\"text-align: justify;\">In this type of test the resistance of the materials, aluminium, steel and glass are measured up to their capacity to retain water, along with cleaning ease, durability, corrosion resistance, etc.<\/p>\n<p>[\/vc_toggle][vc_toggle title=&#8221;What are delivery times?&#8221; el_id=&#8221;1448817479460-f51a917c-aeb6&#8243;]At GME Bathroom Division we have more than 15,000 m2 of facilities and more than 30,000 bath screens and shower trays, ready to be shipped at the time of order. Delivery time is no more 72 hours. If the request matches a sold out item, our time will notify you, on that same day, of a new delivery period.<\/p>\n<p>In any case, there are products that, by their nature, require special delivery times:<\/p>\n<p style=\"padding-left: 30px;\">\u2022 Vinyl decoration screens: 1 week<br \/>\n\u2022 Cut customised and XXL shower trays: 3 to 5 days<br \/>\n\u2022 Customised or specially decorated bath screens: 15 days<\/p>\n<p>[\/vc_toggle][vc_toggle title=&#8221;Can a customised shower tray be requested?&#8221; el_id=&#8221;1448817540671-73d0c62c-4ec4&#8243;]Yes. At GME Bathroom Division we can provide the tray according to the size specified, provided that the chosen model permits such.<\/p>\n<p>It should be noted that for customised requests the delivery time is extended by 5 business days.[\/vc_toggle][vc_toggle title=&#8221;What is the maximum size of a shower tray? &#8221; el_id=&#8221;1448817592124-001d114e-c38c&#8221;]<\/p>\n<p style=\"text-align: justify;\">The largest sizes that we provide are 200 cm x 100 cm for Stone Classic and Ardessia models, 200 cm x 80 cm for the Style Plus model and 200 cm x 90 cm for Resitec.<\/p>\n<p style=\"text-align: justify;\">At GME Bathroom Division we do not recommend shower trays that are larger than this.<\/p>\n<p>[\/vc_toggle][vc_toggle title=&#8221;For bath screens, which models can be customised?&#8221; el_id=&#8221;1448817620730-519d14e8-8224&#8243;]At GME Bathroom Division we have all bath screen widths for standard height.<\/p>\n<p>In the case of the Basic, Futura, Rotaru, Temple and Screen models we also have custom manufacturing, whether it be for heights lower than the standard, drawers or angles.<\/p>\n<p>The custom stationary sides are available for all of our series, which includes prompt delivery, for the Titan, Aktyal, Prestige, Akord, Slim and Open models.<\/p>\n<p style=\"text-align: justify;\">For the other models, changes can be made to the stationary sides or special drawers, after consulting our technical office or any of our sales representatives.<\/p>\n<p>[\/vc_toggle][vc_toggle title=&#8221;Is the support arm placement necessary for the Screen model?&#8221; el_id=&#8221;1448817653625-52005b5d-c685&#8243;]Without being a mandatory requirement, it is very recommended. Otherwise, the only fixtures for the bath screen would be the wall and the floor, resulting in much less insurance against pushing or eventual slips.<\/p>\n<p>At GME Bathroom Division we recommend use of the support together with the 25 cm or 45 cm Moving glass.[\/vc_toggle][vc_toggle title=&#8221;What is the best option? A screen with or without an inside framework?&#8221; el_id=&#8221;1448817746595-4752450f-da11&#8243;]This answer depends of whether you choose the bath screen from the practical or decorative point of view.<\/p>\n<p>Screens with inside frameworks are always more watertight. Screens that do not have framework are also watertight if water is not aimed directly at specific points of the screen.<\/p>\n<p style=\"text-align: justify;\">In any case, we always recommend the use of bath mats with the screen so that they can collect falling water drops and prevent slipping.<\/p>\n<p>[\/vc_toggle][vc_toggle title=&#8221;What are the differences between an aluminium and steel framework? &#8221; el_id=&#8221;1448817777977-8b7cf17c-d1a7&#8243;]Steel is a higher quality material than aluminium. However, under normal circumstances and using appropriate cleaning products, both materials can maintain new appearance.\u00a0 In any case, the difference between aluminium and steel is apparent, above all, in terms of lustre. While aluminium\u2019s shine is less apparent, treated with a process known as mirror polishing, it is comparable to chrome and is also easier to clean.[\/vc_toggle][vc_toggle title=&#8221;Can a bath screen be customized?&#8221; el_id=&#8221;1448817829297-d58abf9c-37c7&#8243;]<\/p>\n<p style=\"text-align: justify;\">Yes, the bath screens from GME Bathroom Division may be customized\u00a0with vinyl, screen printing, coloured glass -Parsol-, car glass or Mirastar mirrors.<\/p>\n<p>[\/vc_toggle][vc_toggle title=&#8221;What are the differences between vinyl and screen printing?&#8221; el_id=&#8221;1448817865817-8c700d12-b05f&#8221;]Vinyl adheres to glass while the screen printing uses enamel pain on glass.<\/p>\n<p>Vinyl is made with a special polymeric material for perfect adhesion through an air free system that prevents the formation of bubbles between the layers. The film thickness is 70 microns. This type of vinyl is not affected by temperature changes or from water contact. So much so that, when used under normal conditions, with a guarantee of 7 years of use.<\/p>\n<p>Moreover, as it can be removed, vinyl is a good choice for those who want to change their decor over time.<\/p>\n<p>Meanwhile, for print screening, painting is fused into glass before the tempering process. Once adhered, it is resistant to any cleaning products normally used in the bathroom.<\/p>\n<p>The process of screen printing also allows for the Frost finish that is achieved through acid baths that are integrated into the glass. It is a more expensive finish than traditional screen printing but has a more natural aspect and texture. Its installation requires more attention compared to silicone, with difficult cleaning this type of surface.[\/vc_toggle][vc_toggle title=&#8221;Is it necessary to apply anti-lime treatments for bath screens?&#8221; el_id=&#8221;1448817899404-2ac6c62b-f43e&#8221;]Our screens do not have anti-lime treatments because they are short-lived and very expensive. We have adequate industrial anti-lime treatments for direct application by the customer.\u00a0 This should only be applied when necessary, normally every six months.<\/p>\n<p style=\"text-align: justify;\">There is a simple treatment that consists of extending the product through the surface of the screen with a sponge or soft cloth and letting it act for 10 minutes, later rinsing it with water.<\/p>\n<p>[\/vc_toggle][vc_toggle title=&#8221;How do you clean a bath screen?&#8221; el_id=&#8221;1448817938669-22987e1d-27fa&#8221;]The best way to preserve a screen is to keep it dry on a daily basis. As this is not always possible, we recommend cleaning it periodically with mild soap applied with a sponge or soft cloth and drying it off after rinsing with water. Avoid, in any case, the use of abrasive products or hard sponges that can damage both the glass and the metallic components of the bath screen.<\/p>\n<p>In the case of hard water with a lot of lime, before treatment a solution of 50% white vinegar and water can be applied, best with a spray bottle, to the entire screen surface. Clean with a sponge after letting it act for five minutes.[\/vc_toggle][vc_toggle title=&#8221;How do you clean a shower tray?&#8221; el_id=&#8221;1448817972413-892c10d1-858b&#8221;]Keeping a resin shower tray clean is simple: clean periodically with mild soap applied with a soft sponge, avoiding abrasive products.<\/p>\n<p>For darker trays where lime or soap scum is much more evident, or for hard water, the best is an anti-lime treatment.<\/p>\n<p>In more extreme cases, such as stains caused by hair dye, a mixture of acetone and water may be applied, being careful not to leave it on the tray to long to avoid damaging the surface.<\/p>\n<p>Another alternative is to use the same treatment using a vinegar and water solution, mentioned in the case of screens.[\/vc_toggle][vc_toggle title=&#8221;Can a screen be returned before its installation?&#8221; el_id=&#8221;1454413206393-82d4f8aa-9394&#8243;]In the case that the client amends his\/her decision to purchase, a screen that has not been unpacked may always be returned. The packaging and labels must be original. Returns involve costs in terms of postage, administrative fees, revisions and repacking.[\/vc_toggle][vc_toggle title=&#8221;Do the rest of the brand products have the same warranties?&#8221; el_id=&#8221;1454413214347-286cadb5-105a&#8221;]All of the products that we offer at GME Lorente Bathroom Division are designed, manufactured and marketed with the same warranties as our bath screens and shower trays.<\/p>\n<p>Similarly, all of our products are in stock to meet the delivery times established.[\/vc_toggle][\/vc_column][\/vc_row]<\/p>\n","protected":false},"excerpt":{"rendered":"<p>[vc_row][vc_column][vc_toggle title=&#8221;What kind of glass does a bath screen have?&#8221; el_id=&#8221;1448817188025-c3c3a65e-663f&#8221;]At GME Bathroom Division, we manufacture all of our bath screens with tempered safety glass with 4 mm and 10 mm in thickness.[\/vc_toggle][vc_toggle title=&#8221;What is tempered glass?&#8221; el_id=&#8221;1448817257410-3efd6ca0-7e14&#8243;]Is a type of high-strength glass, which is obtained from the process of heating the glass at high&hellip;<\/p>\n","protected":false},"author":1,"featured_media":0,"parent":0,"menu_order":0,"comment_status":"closed","ping_status":"closed","template":"","meta":{"footnotes":""},"class_list":["post-43143","page","type-page","status-publish","hentry","description-off"],"yoast_head":"<!-- This site is optimized with the Yoast SEO plugin v24.8.1 - https:\/\/yoast.com\/wordpress\/plugins\/seo\/ -->\n<title>Preguntas frecuentes fabricante GME DIVISION BA\u00d1OS<\/title>\n<meta name=\"description\" content=\"Os ponemos algunas respuestas a las preguntas m\u00e1s frecuentes que nos suelen preguntar. Si teneis alguna sugerencia para incluirla contactar con nosotros.\" \/>\n<meta name=\"robots\" content=\"index, follow, max-snippet:-1, max-image-preview:large, max-video-preview:-1\" \/>\n<link rel=\"canonical\" href=\"https:\/\/gmelorente-pre.atic.green\/en\/preguntas-frecuentes\/\" \/>\n<meta property=\"og:locale\" content=\"en_US\" \/>\n<meta property=\"og:type\" content=\"article\" \/>\n<meta property=\"og:title\" content=\"Preguntas frecuentes fabricante GME DIVISION BA\u00d1OS\" \/>\n<meta property=\"og:description\" content=\"Os ponemos algunas respuestas a las preguntas m\u00e1s frecuentes que nos suelen preguntar. Si teneis alguna sugerencia para incluirla contactar con nosotros.\" \/>\n<meta property=\"og:url\" content=\"https:\/\/gmelorente-pre.atic.green\/en\/preguntas-frecuentes\/\" \/>\n<meta property=\"og:site_name\" content=\"GME DIVISI\u00d3N BA\u00d1OS\" \/>\n<meta property=\"article:publisher\" content=\"https:\/\/www.facebook.com\/gmedivision\/?fref=ts\" \/>\n<meta property=\"article:modified_time\" content=\"2016-02-28T12:37:04+00:00\" \/>\n<meta name=\"twitter:card\" content=\"summary_large_image\" \/>\n<meta name=\"twitter:label1\" content=\"Est. reading time\" \/>\n\t<meta name=\"twitter:data1\" content=\"8 minutes\" \/>\n<script type=\"application\/ld+json\" class=\"yoast-schema-graph\">{\"@context\":\"https:\/\/schema.org\",\"@graph\":[{\"@type\":\"WebPage\",\"@id\":\"https:\/\/gmelorente-pre.atic.green\/en\/preguntas-frecuentes\/\",\"url\":\"https:\/\/gmelorente-pre.atic.green\/en\/preguntas-frecuentes\/\",\"name\":\"Preguntas frecuentes fabricante GME DIVISION BA\u00d1OS\",\"isPartOf\":{\"@id\":\"https:\/\/gmelorente-pre.atic.green\/#website\"},\"datePublished\":\"2015-11-29T17:25:20+00:00\",\"dateModified\":\"2016-02-28T12:37:04+00:00\",\"description\":\"Os ponemos algunas respuestas a las preguntas m\u00e1s frecuentes que nos suelen preguntar. Si teneis alguna sugerencia para incluirla contactar con nosotros.\",\"breadcrumb\":{\"@id\":\"https:\/\/gmelorente-pre.atic.green\/en\/preguntas-frecuentes\/#breadcrumb\"},\"inLanguage\":\"en-US\",\"potentialAction\":[{\"@type\":\"ReadAction\",\"target\":[\"https:\/\/gmelorente-pre.atic.green\/en\/preguntas-frecuentes\/\"]}]},{\"@type\":\"BreadcrumbList\",\"@id\":\"https:\/\/gmelorente-pre.atic.green\/en\/preguntas-frecuentes\/#breadcrumb\",\"itemListElement\":[{\"@type\":\"ListItem\",\"position\":1,\"name\":\"Home\",\"item\":\"https:\/\/gmelorente-pre.atic.green\/en\/\"},{\"@type\":\"ListItem\",\"position\":2,\"name\":\"FAQs\"}]},{\"@type\":\"WebSite\",\"@id\":\"https:\/\/gmelorente-pre.atic.green\/#website\",\"url\":\"https:\/\/gmelorente-pre.atic.green\/\",\"name\":\"GME DIVISI\u00d3N BA\u00d1OS\",\"description\":\"Mamparas de ducha y mucho m\u00e1s\",\"publisher\":{\"@id\":\"https:\/\/gmelorente-pre.atic.green\/#organization\"},\"potentialAction\":[{\"@type\":\"SearchAction\",\"target\":{\"@type\":\"EntryPoint\",\"urlTemplate\":\"https:\/\/gmelorente-pre.atic.green\/?s={search_term_string}\"},\"query-input\":{\"@type\":\"PropertyValueSpecification\",\"valueRequired\":true,\"valueName\":\"search_term_string\"}}],\"inLanguage\":\"en-US\"},{\"@type\":\"Organization\",\"@id\":\"https:\/\/gmelorente-pre.atic.green\/#organization\",\"name\":\"GME DIVISI\u00d3N BA\u00d1OS S.L.\",\"url\":\"https:\/\/gmelorente-pre.atic.green\/\",\"logo\":{\"@type\":\"ImageObject\",\"inLanguage\":\"en-US\",\"@id\":\"https:\/\/gmelorente-pre.atic.green\/#\/schema\/logo\/image\/\",\"url\":\"https:\/\/gmelorente.com\/wp-content\/uploads\/logo-gme-azul.jpg\",\"contentUrl\":\"https:\/\/gmelorente.com\/wp-content\/uploads\/logo-gme-azul.jpg\",\"width\":810,\"height\":298,\"caption\":\"GME DIVISI\u00d3N BA\u00d1OS S.L.\"},\"image\":{\"@id\":\"https:\/\/gmelorente-pre.atic.green\/#\/schema\/logo\/image\/\"},\"sameAs\":[\"https:\/\/www.facebook.com\/gmedivision\/?fref=ts\",\"https:\/\/es.pinterest.com\/gmedivision\/?eq=gme&amp;etslf=14997\"]}]}<\/script>\n<!-- \/ Yoast SEO plugin. -->","yoast_head_json":{"title":"Preguntas frecuentes fabricante GME DIVISION BA\u00d1OS","description":"Os ponemos algunas respuestas a las preguntas m\u00e1s frecuentes que nos suelen preguntar. Si teneis alguna sugerencia para incluirla contactar con nosotros.","robots":{"index":"index","follow":"follow","max-snippet":"max-snippet:-1","max-image-preview":"max-image-preview:large","max-video-preview":"max-video-preview:-1"},"canonical":"https:\/\/gmelorente-pre.atic.green\/en\/preguntas-frecuentes\/","og_locale":"en_US","og_type":"article","og_title":"Preguntas frecuentes fabricante GME DIVISION BA\u00d1OS","og_description":"Os ponemos algunas respuestas a las preguntas m\u00e1s frecuentes que nos suelen preguntar. Si teneis alguna sugerencia para incluirla contactar con nosotros.","og_url":"https:\/\/gmelorente-pre.atic.green\/en\/preguntas-frecuentes\/","og_site_name":"GME DIVISI\u00d3N BA\u00d1OS","article_publisher":"https:\/\/www.facebook.com\/gmedivision\/?fref=ts","article_modified_time":"2016-02-28T12:37:04+00:00","twitter_card":"summary_large_image","twitter_misc":{"Est. reading time":"8 minutes"},"schema":{"@context":"https:\/\/schema.org","@graph":[{"@type":"WebPage","@id":"https:\/\/gmelorente-pre.atic.green\/en\/preguntas-frecuentes\/","url":"https:\/\/gmelorente-pre.atic.green\/en\/preguntas-frecuentes\/","name":"Preguntas frecuentes fabricante GME DIVISION BA\u00d1OS","isPartOf":{"@id":"https:\/\/gmelorente-pre.atic.green\/#website"},"datePublished":"2015-11-29T17:25:20+00:00","dateModified":"2016-02-28T12:37:04+00:00","description":"Os ponemos algunas respuestas a las preguntas m\u00e1s frecuentes que nos suelen preguntar. Si teneis alguna sugerencia para incluirla contactar con nosotros.","breadcrumb":{"@id":"https:\/\/gmelorente-pre.atic.green\/en\/preguntas-frecuentes\/#breadcrumb"},"inLanguage":"en-US","potentialAction":[{"@type":"ReadAction","target":["https:\/\/gmelorente-pre.atic.green\/en\/preguntas-frecuentes\/"]}]},{"@type":"BreadcrumbList","@id":"https:\/\/gmelorente-pre.atic.green\/en\/preguntas-frecuentes\/#breadcrumb","itemListElement":[{"@type":"ListItem","position":1,"name":"Home","item":"https:\/\/gmelorente-pre.atic.green\/en\/"},{"@type":"ListItem","position":2,"name":"FAQs"}]},{"@type":"WebSite","@id":"https:\/\/gmelorente-pre.atic.green\/#website","url":"https:\/\/gmelorente-pre.atic.green\/","name":"GME DIVISI\u00d3N BA\u00d1OS","description":"Mamparas de ducha y mucho m\u00e1s","publisher":{"@id":"https:\/\/gmelorente-pre.atic.green\/#organization"},"potentialAction":[{"@type":"SearchAction","target":{"@type":"EntryPoint","urlTemplate":"https:\/\/gmelorente-pre.atic.green\/?s={search_term_string}"},"query-input":{"@type":"PropertyValueSpecification","valueRequired":true,"valueName":"search_term_string"}}],"inLanguage":"en-US"},{"@type":"Organization","@id":"https:\/\/gmelorente-pre.atic.green\/#organization","name":"GME DIVISI\u00d3N BA\u00d1OS S.L.","url":"https:\/\/gmelorente-pre.atic.green\/","logo":{"@type":"ImageObject","inLanguage":"en-US","@id":"https:\/\/gmelorente-pre.atic.green\/#\/schema\/logo\/image\/","url":"https:\/\/gmelorente.com\/wp-content\/uploads\/logo-gme-azul.jpg","contentUrl":"https:\/\/gmelorente.com\/wp-content\/uploads\/logo-gme-azul.jpg","width":810,"height":298,"caption":"GME DIVISI\u00d3N BA\u00d1OS S.L."},"image":{"@id":"https:\/\/gmelorente-pre.atic.green\/#\/schema\/logo\/image\/"},"sameAs":["https:\/\/www.facebook.com\/gmedivision\/?fref=ts","https:\/\/es.pinterest.com\/gmedivision\/?eq=gme&amp;etslf=14997"]}]}},"_links":{"self":[{"href":"https:\/\/gmelorente-pre.atic.green\/en\/wp-json\/wp\/v2\/pages\/43143","targetHints":{"allow":["GET"]}}],"collection":[{"href":"https:\/\/gmelorente-pre.atic.green\/en\/wp-json\/wp\/v2\/pages"}],"about":[{"href":"https:\/\/gmelorente-pre.atic.green\/en\/wp-json\/wp\/v2\/types\/page"}],"author":[{"embeddable":true,"href":"https:\/\/gmelorente-pre.atic.green\/en\/wp-json\/wp\/v2\/users\/1"}],"replies":[{"embeddable":true,"href":"https:\/\/gmelorente-pre.atic.green\/en\/wp-json\/wp\/v2\/comments?post=43143"}],"version-history":[{"count":0,"href":"https:\/\/gmelorente-pre.atic.green\/en\/wp-json\/wp\/v2\/pages\/43143\/revisions"}],"wp:attachment":[{"href":"https:\/\/gmelorente-pre.atic.green\/en\/wp-json\/wp\/v2\/media?parent=43143"}],"curies":[{"name":"wp","href":"https:\/\/api.w.org\/{rel}","templated":true}]}}