{"id":43192,"date":"2015-08-13T15:23:37","date_gmt":"2015-08-13T13:23:37","guid":{"rendered":"https:\/\/gmelorente.com\/en\/quieres-ser-montador\/"},"modified":"2016-02-27T19:34:26","modified_gmt":"2016-02-27T18:34:26","slug":"quieres-ser-montador","status":"publish","type":"page","link":"https:\/\/gmelorente-pre.atic.green\/en\/quieres-ser-montador\/","title":{"rendered":"Want to be an assembler?"},"content":{"rendered":"<p>[vc_row][vc_column width=&#8221;1\/2&#8243;][vc_column_text]<img loading=\"lazy\" decoding=\"async\" class=\"aligncenter wp-image-38144 size-full\" src=\"https:\/\/gmelorente.com\/wp-content\/uploads\/distribuidor-montador.jpg\" alt=\"distribuidor-montador\" width=\"787\" height=\"1181\" srcset=\"https:\/\/gmelorente-pre.atic.green\/wp-content\/uploads\/distribuidor-montador.jpg 787w, https:\/\/gmelorente-pre.atic.green\/wp-content\/uploads\/distribuidor-montador-200x300.jpg 200w, https:\/\/gmelorente-pre.atic.green\/wp-content\/uploads\/distribuidor-montador-768x1152.jpg 768w, https:\/\/gmelorente-pre.atic.green\/wp-content\/uploads\/distribuidor-montador-682x1024.jpg 682w, https:\/\/gmelorente-pre.atic.green\/wp-content\/uploads\/distribuidor-montador-13x20.jpg 13w\" sizes=\"auto, (max-width: 787px) 100vw, 787px\" \/>[\/vc_column_text][\/vc_column][vc_column width=&#8221;1\/2&#8243;][vc_column_text]<\/p>\n<p style=\"text-align: justify;\">At GME Bathroom Division S.L. we have a large international network of professionals specialized in the installation of shower screens. From Spain and Portugal to France and Italy.<\/p>\n<p style=\"text-align: justify;\">If you are interested in joining our team or receiving information necessary for the correct installation of our screens, please complete the form and we will be in touch with you.<\/p>\n<p>[\/vc_column_text][vc_empty_space height=&#8221;30px&#8221;]\n<div class=\"wpcf7 no-js\" id=\"wpcf7-f44227-o1\" lang=\"es-ES\" dir=\"ltr\" data-wpcf7-id=\"44227\">\n<div class=\"screen-reader-response\"><p role=\"status\" aria-live=\"polite\" aria-atomic=\"true\"><\/p> <ul><\/ul><\/div>\n<form action=\"\/en\/wp-json\/wp\/v2\/pages\/43192#wpcf7-f44227-o1\" method=\"post\" class=\"wpcf7-form init\" aria-label=\"Formulario de contacto\" novalidate=\"novalidate\" data-status=\"init\">\n<div style=\"display: none;\">\n<input type=\"hidden\" name=\"_wpcf7\" value=\"44227\" \/>\n<input type=\"hidden\" name=\"_wpcf7_version\" value=\"6.0.5\" \/>\n<input type=\"hidden\" name=\"_wpcf7_locale\" value=\"es_ES\" \/>\n<input type=\"hidden\" name=\"_wpcf7_unit_tag\" value=\"wpcf7-f44227-o1\" \/>\n<input type=\"hidden\" name=\"_wpcf7_container_post\" value=\"0\" \/>\n<input type=\"hidden\" name=\"_wpcf7_posted_data_hash\" value=\"\" \/>\n<input type=\"hidden\" name=\"_wpcf7_recaptcha_response\" value=\"\" \/>\n<\/div>\n<p><span class=\"wpcf7-form-control-wrap\" data-name=\"nombre\"><input size=\"40\" maxlength=\"400\" class=\"wpcf7-form-control wpcf7-text wpcf7-validates-as-required\" aria-required=\"true\" aria-invalid=\"false\" placeholder=\"Name *\" value=\"\" type=\"text\" name=\"nombre\" \/><\/span>\n<\/p>\n<p><span class=\"wpcf7-form-control-wrap\" data-name=\"apellidos\"><input size=\"40\" maxlength=\"400\" class=\"wpcf7-form-control wpcf7-text wpcf7-validates-as-required\" aria-required=\"true\" aria-invalid=\"false\" placeholder=\"Surname *\" value=\"\" type=\"text\" name=\"apellidos\" \/><\/span>\n<\/p>\n<p><span class=\"wpcf7-form-control-wrap\" data-name=\"localidad\"><input size=\"40\" maxlength=\"400\" class=\"wpcf7-form-control wpcf7-text wpcf7-validates-as-required\" aria-required=\"true\" aria-invalid=\"false\" placeholder=\"Town *\" value=\"\" type=\"text\" name=\"localidad\" \/><\/span>\n<\/p>\n<p><span class=\"wpcf7-form-control-wrap\" data-name=\"provincia\"><input size=\"40\" maxlength=\"400\" class=\"wpcf7-form-control wpcf7-text wpcf7-validates-as-required\" aria-required=\"true\" aria-invalid=\"false\" placeholder=\"Province *\" value=\"\" type=\"text\" name=\"provincia\" \/><\/span>\n<\/p>\n<p><span class=\"wpcf7-form-control-wrap\" data-name=\"email\"><input size=\"40\" maxlength=\"400\" class=\"wpcf7-form-control wpcf7-email wpcf7-validates-as-required wpcf7-text wpcf7-validates-as-email\" aria-required=\"true\" aria-invalid=\"false\" placeholder=\"Email *\" value=\"\" type=\"email\" name=\"email\" \/><\/span>\n<\/p>\n<p><span class=\"wpcf7-form-control-wrap\" data-name=\"telefono\"><input size=\"40\" maxlength=\"400\" class=\"wpcf7-form-control wpcf7-text wpcf7-validates-as-required\" aria-required=\"true\" aria-invalid=\"false\" placeholder=\"Phone *\" value=\"\" type=\"text\" name=\"telefono\" \/><\/span>\n<\/p>\n<p><span class=\"wpcf7-form-control-wrap\" data-name=\"aceptacion\"><span class=\"wpcf7-form-control wpcf7-acceptance\"><span class=\"wpcf7-list-item\"><input type=\"checkbox\" name=\"aceptacion\" value=\"1\" aria-invalid=\"false\" \/><\/span><\/span><\/span> I have read and accept the conditions of the <a href=\"https:\/\/gmelorente.com\/en\/aviso-legal\" target=\"_blank\">legal notice<\/a>\n<\/p>\n<p><input class=\"wpcf7-form-control wpcf7-submit has-spinner\" type=\"submit\" value=\"Submit\" \/>\n<\/p>\n<p style=\"font-size:10px;line-height:12px;\">GME DIVISI\u00d3N BA\u00d1OS S.L. is responsible for the processing of the data provided in order to respond to your requests or queries made. We will discuss your data by virtue of the consent you express when sending the information through the form. The transfer of your personal data to third parties outside GME. If you wish you can exercise your rights of access, rectification, deletion, portability, limitation or opposition to processing, and revoking consent<br \/>\nfollowing the procedures we recommend in our additional information on data protection.\n<\/p><p style=\"display: none !important;\" class=\"akismet-fields-container\" data-prefix=\"_wpcf7_ak_\"><label>&#916;<textarea name=\"_wpcf7_ak_hp_textarea\" cols=\"45\" rows=\"8\" maxlength=\"100\"><\/textarea><\/label><input type=\"hidden\" id=\"ak_js_1\" name=\"_wpcf7_ak_js\" value=\"81\"\/><script>document.getElementById( \"ak_js_1\" ).setAttribute( \"value\", ( new Date() ).getTime() );<\/script><\/p><div class=\"wpcf7-response-output\" aria-hidden=\"true\"><\/div>\n<\/form>\n<\/div>\n[\/vc_column][\/vc_row]<\/p>\n","protected":false},"excerpt":{"rendered":"<p>[vc_row][vc_column width=&#8221;1\/2&#8243;][vc_column_text][\/vc_column_text][\/vc_column][vc_column width=&#8221;1\/2&#8243;][vc_column_text] At GME Bathroom Division S.L. we have a large international network of professionals specialized in the installation of shower screens. From Spain and Portugal to France and Italy. If you are interested in joining our team or receiving information necessary for the correct installation of our screens, please complete the form and&hellip;<\/p>\n","protected":false},"author":1,"featured_media":0,"parent":0,"menu_order":0,"comment_status":"closed","ping_status":"closed","template":"","meta":{"footnotes":""},"class_list":["post-43192","page","type-page","status-publish","hentry","description-off"],"yoast_head":"<!-- This site is optimized with the Yoast SEO plugin v24.8.1 - https:\/\/yoast.com\/wordpress\/plugins\/seo\/ -->\n<title>Quieres ser montador de mamparas de GME?<\/title>\n<meta name=\"description\" content=\"Si te interesa formar parte de nuestro equipo y recibir la informaci\u00f3n necesaria para la correcta instalaci\u00f3n de nuestras mamparas, completa el formulario.\" \/>\n<meta name=\"robots\" content=\"index, follow, max-snippet:-1, max-image-preview:large, max-video-preview:-1\" \/>\n<link rel=\"canonical\" href=\"https:\/\/gmelorente-pre.atic.green\/en\/quieres-ser-montador\/\" \/>\n<meta property=\"og:locale\" content=\"en_US\" \/>\n<meta property=\"og:type\" content=\"article\" \/>\n<meta property=\"og:title\" content=\"Quieres ser montador de mamparas de GME?\" \/>\n<meta property=\"og:description\" content=\"Si te interesa formar parte de nuestro equipo y recibir la informaci\u00f3n necesaria para la correcta instalaci\u00f3n de nuestras mamparas, completa el formulario.\" \/>\n<meta property=\"og:url\" content=\"https:\/\/gmelorente-pre.atic.green\/en\/quieres-ser-montador\/\" \/>\n<meta property=\"og:site_name\" content=\"GME DIVISI\u00d3N BA\u00d1OS\" \/>\n<meta property=\"article:publisher\" content=\"https:\/\/www.facebook.com\/gmedivision\/?fref=ts\" \/>\n<meta property=\"article:modified_time\" content=\"2016-02-27T18:34:26+00:00\" \/>\n<meta property=\"og:image\" content=\"https:\/\/gmelorente.com\/wp-content\/uploads\/distribuidor-montador.jpg\" \/>\n<meta name=\"twitter:card\" content=\"summary_large_image\" \/>\n<script type=\"application\/ld+json\" class=\"yoast-schema-graph\">{\"@context\":\"https:\/\/schema.org\",\"@graph\":[{\"@type\":\"WebPage\",\"@id\":\"https:\/\/gmelorente-pre.atic.green\/en\/quieres-ser-montador\/\",\"url\":\"https:\/\/gmelorente-pre.atic.green\/en\/quieres-ser-montador\/\",\"name\":\"Quieres ser montador de mamparas de GME?\",\"isPartOf\":{\"@id\":\"https:\/\/gmelorente-pre.atic.green\/#website\"},\"primaryImageOfPage\":{\"@id\":\"https:\/\/gmelorente-pre.atic.green\/en\/quieres-ser-montador\/#primaryimage\"},\"image\":{\"@id\":\"https:\/\/gmelorente-pre.atic.green\/en\/quieres-ser-montador\/#primaryimage\"},\"thumbnailUrl\":\"https:\/\/gmelorente.com\/wp-content\/uploads\/distribuidor-montador.jpg\",\"datePublished\":\"2015-08-13T13:23:37+00:00\",\"dateModified\":\"2016-02-27T18:34:26+00:00\",\"description\":\"Si te interesa formar parte de nuestro equipo y recibir la informaci\u00f3n necesaria para la correcta instalaci\u00f3n de nuestras mamparas, completa el formulario.\",\"breadcrumb\":{\"@id\":\"https:\/\/gmelorente-pre.atic.green\/en\/quieres-ser-montador\/#breadcrumb\"},\"inLanguage\":\"en-US\",\"potentialAction\":[{\"@type\":\"ReadAction\",\"target\":[\"https:\/\/gmelorente-pre.atic.green\/en\/quieres-ser-montador\/\"]}]},{\"@type\":\"ImageObject\",\"inLanguage\":\"en-US\",\"@id\":\"https:\/\/gmelorente-pre.atic.green\/en\/quieres-ser-montador\/#primaryimage\",\"url\":\"https:\/\/gmelorente.com\/wp-content\/uploads\/distribuidor-montador.jpg\",\"contentUrl\":\"https:\/\/gmelorente.com\/wp-content\/uploads\/distribuidor-montador.jpg\"},{\"@type\":\"BreadcrumbList\",\"@id\":\"https:\/\/gmelorente-pre.atic.green\/en\/quieres-ser-montador\/#breadcrumb\",\"itemListElement\":[{\"@type\":\"ListItem\",\"position\":1,\"name\":\"Home\",\"item\":\"https:\/\/gmelorente-pre.atic.green\/en\/\"},{\"@type\":\"ListItem\",\"position\":2,\"name\":\"Want to be an assembler?\"}]},{\"@type\":\"WebSite\",\"@id\":\"https:\/\/gmelorente-pre.atic.green\/#website\",\"url\":\"https:\/\/gmelorente-pre.atic.green\/\",\"name\":\"GME DIVISI\u00d3N BA\u00d1OS\",\"description\":\"Mamparas de ducha y mucho m\u00e1s\",\"publisher\":{\"@id\":\"https:\/\/gmelorente-pre.atic.green\/#organization\"},\"potentialAction\":[{\"@type\":\"SearchAction\",\"target\":{\"@type\":\"EntryPoint\",\"urlTemplate\":\"https:\/\/gmelorente-pre.atic.green\/?s={search_term_string}\"},\"query-input\":{\"@type\":\"PropertyValueSpecification\",\"valueRequired\":true,\"valueName\":\"search_term_string\"}}],\"inLanguage\":\"en-US\"},{\"@type\":\"Organization\",\"@id\":\"https:\/\/gmelorente-pre.atic.green\/#organization\",\"name\":\"GME DIVISI\u00d3N BA\u00d1OS S.L.\",\"url\":\"https:\/\/gmelorente-pre.atic.green\/\",\"logo\":{\"@type\":\"ImageObject\",\"inLanguage\":\"en-US\",\"@id\":\"https:\/\/gmelorente-pre.atic.green\/#\/schema\/logo\/image\/\",\"url\":\"https:\/\/gmelorente.com\/wp-content\/uploads\/logo-gme-azul.jpg\",\"contentUrl\":\"https:\/\/gmelorente.com\/wp-content\/uploads\/logo-gme-azul.jpg\",\"width\":810,\"height\":298,\"caption\":\"GME DIVISI\u00d3N BA\u00d1OS S.L.\"},\"image\":{\"@id\":\"https:\/\/gmelorente-pre.atic.green\/#\/schema\/logo\/image\/\"},\"sameAs\":[\"https:\/\/www.facebook.com\/gmedivision\/?fref=ts\",\"https:\/\/es.pinterest.com\/gmedivision\/?eq=gme&amp;etslf=14997\"]}]}<\/script>\n<!-- \/ Yoast SEO plugin. -->","yoast_head_json":{"title":"Quieres ser montador de mamparas de GME?","description":"Si te interesa formar parte de nuestro equipo y recibir la informaci\u00f3n necesaria para la correcta instalaci\u00f3n de nuestras mamparas, completa el formulario.","robots":{"index":"index","follow":"follow","max-snippet":"max-snippet:-1","max-image-preview":"max-image-preview:large","max-video-preview":"max-video-preview:-1"},"canonical":"https:\/\/gmelorente-pre.atic.green\/en\/quieres-ser-montador\/","og_locale":"en_US","og_type":"article","og_title":"Quieres ser montador de mamparas de GME?","og_description":"Si te interesa formar parte de nuestro equipo y recibir la informaci\u00f3n necesaria para la correcta instalaci\u00f3n de nuestras mamparas, completa el formulario.","og_url":"https:\/\/gmelorente-pre.atic.green\/en\/quieres-ser-montador\/","og_site_name":"GME DIVISI\u00d3N BA\u00d1OS","article_publisher":"https:\/\/www.facebook.com\/gmedivision\/?fref=ts","article_modified_time":"2016-02-27T18:34:26+00:00","og_image":[{"url":"https:\/\/gmelorente.com\/wp-content\/uploads\/distribuidor-montador.jpg","type":"","width":"","height":""}],"twitter_card":"summary_large_image","schema":{"@context":"https:\/\/schema.org","@graph":[{"@type":"WebPage","@id":"https:\/\/gmelorente-pre.atic.green\/en\/quieres-ser-montador\/","url":"https:\/\/gmelorente-pre.atic.green\/en\/quieres-ser-montador\/","name":"Quieres ser montador de mamparas de GME?","isPartOf":{"@id":"https:\/\/gmelorente-pre.atic.green\/#website"},"primaryImageOfPage":{"@id":"https:\/\/gmelorente-pre.atic.green\/en\/quieres-ser-montador\/#primaryimage"},"image":{"@id":"https:\/\/gmelorente-pre.atic.green\/en\/quieres-ser-montador\/#primaryimage"},"thumbnailUrl":"https:\/\/gmelorente.com\/wp-content\/uploads\/distribuidor-montador.jpg","datePublished":"2015-08-13T13:23:37+00:00","dateModified":"2016-02-27T18:34:26+00:00","description":"Si te interesa formar parte de nuestro equipo y recibir la informaci\u00f3n necesaria para la correcta instalaci\u00f3n de nuestras mamparas, completa el formulario.","breadcrumb":{"@id":"https:\/\/gmelorente-pre.atic.green\/en\/quieres-ser-montador\/#breadcrumb"},"inLanguage":"en-US","potentialAction":[{"@type":"ReadAction","target":["https:\/\/gmelorente-pre.atic.green\/en\/quieres-ser-montador\/"]}]},{"@type":"ImageObject","inLanguage":"en-US","@id":"https:\/\/gmelorente-pre.atic.green\/en\/quieres-ser-montador\/#primaryimage","url":"https:\/\/gmelorente.com\/wp-content\/uploads\/distribuidor-montador.jpg","contentUrl":"https:\/\/gmelorente.com\/wp-content\/uploads\/distribuidor-montador.jpg"},{"@type":"BreadcrumbList","@id":"https:\/\/gmelorente-pre.atic.green\/en\/quieres-ser-montador\/#breadcrumb","itemListElement":[{"@type":"ListItem","position":1,"name":"Home","item":"https:\/\/gmelorente-pre.atic.green\/en\/"},{"@type":"ListItem","position":2,"name":"Want to be an assembler?"}]},{"@type":"WebSite","@id":"https:\/\/gmelorente-pre.atic.green\/#website","url":"https:\/\/gmelorente-pre.atic.green\/","name":"GME DIVISI\u00d3N BA\u00d1OS","description":"Mamparas de ducha y mucho m\u00e1s","publisher":{"@id":"https:\/\/gmelorente-pre.atic.green\/#organization"},"potentialAction":[{"@type":"SearchAction","target":{"@type":"EntryPoint","urlTemplate":"https:\/\/gmelorente-pre.atic.green\/?s={search_term_string}"},"query-input":{"@type":"PropertyValueSpecification","valueRequired":true,"valueName":"search_term_string"}}],"inLanguage":"en-US"},{"@type":"Organization","@id":"https:\/\/gmelorente-pre.atic.green\/#organization","name":"GME DIVISI\u00d3N BA\u00d1OS S.L.","url":"https:\/\/gmelorente-pre.atic.green\/","logo":{"@type":"ImageObject","inLanguage":"en-US","@id":"https:\/\/gmelorente-pre.atic.green\/#\/schema\/logo\/image\/","url":"https:\/\/gmelorente.com\/wp-content\/uploads\/logo-gme-azul.jpg","contentUrl":"https:\/\/gmelorente.com\/wp-content\/uploads\/logo-gme-azul.jpg","width":810,"height":298,"caption":"GME DIVISI\u00d3N BA\u00d1OS S.L."},"image":{"@id":"https:\/\/gmelorente-pre.atic.green\/#\/schema\/logo\/image\/"},"sameAs":["https:\/\/www.facebook.com\/gmedivision\/?fref=ts","https:\/\/es.pinterest.com\/gmedivision\/?eq=gme&amp;etslf=14997"]}]}},"_links":{"self":[{"href":"https:\/\/gmelorente-pre.atic.green\/en\/wp-json\/wp\/v2\/pages\/43192","targetHints":{"allow":["GET"]}}],"collection":[{"href":"https:\/\/gmelorente-pre.atic.green\/en\/wp-json\/wp\/v2\/pages"}],"about":[{"href":"https:\/\/gmelorente-pre.atic.green\/en\/wp-json\/wp\/v2\/types\/page"}],"author":[{"embeddable":true,"href":"https:\/\/gmelorente-pre.atic.green\/en\/wp-json\/wp\/v2\/users\/1"}],"replies":[{"embeddable":true,"href":"https:\/\/gmelorente-pre.atic.green\/en\/wp-json\/wp\/v2\/comments?post=43192"}],"version-history":[{"count":0,"href":"https:\/\/gmelorente-pre.atic.green\/en\/wp-json\/wp\/v2\/pages\/43192\/revisions"}],"wp:attachment":[{"href":"https:\/\/gmelorente-pre.atic.green\/en\/wp-json\/wp\/v2\/media?parent=43192"}],"curies":[{"name":"wp","href":"https:\/\/api.w.org\/{rel}","templated":true}]}}