{"id":43210,"date":"2014-04-23T14:50:39","date_gmt":"2014-04-23T14:50:39","guid":{"rendered":"https:\/\/gmelorente.com\/en\/quienes-somos\/"},"modified":"2021-02-18T15:12:02","modified_gmt":"2021-02-18T14:12:02","slug":"quienes-somos-gme","status":"publish","type":"page","link":"https:\/\/gmelorente-pre.atic.green\/en\/quienes-somos-gme\/","title":{"rendered":"About us"},"content":{"rendered":"<p>[vc_row margin_bottom=&#8221;10&#8243;][vc_column offset=&#8221;vc_col-lg-8 vc_col-md-8 vc_col-xs-12&#8243;]<div class=\"dt-fancy-separator title-left h6-size\" style=\"width: 100%;\"><div class=\"dt-fancy-title\"><span class=\"separator-holder separator-left\"><\/span>About us<span class=\"separator-holder separator-right\"><\/span><\/div><\/div>[vc_empty_space height=&#8221;26px&#8221;][vc_column_text]<\/p>\n<p style=\"text-align: justify;\"><strong>GME Divisi\u00f3n Ba\u00f1os <\/strong>is a business group belonging to Lorente Holding VLC.\u00a0We work with the confidence that we&#8217;ve gained from experience: more than 25 years manufacturing and distributing the best products for your bathroom, from shower trays and screens to taps and sinks.<\/p>\n<p style=\"text-align: justify;\">We have developed two business lines: the first, as distributors for the best bathroom product manufacturers; the second, as manufacturers and distributors of our own brands: GME Screens &amp; Bath, and IO\u00ae faucets. Find our complete product range on this <a href=\"https:\/\/gmelorente.com\/en\/productos\/\">link<\/a>.<\/p>\n<p>&nbsp;<\/p>\n<p><img loading=\"lazy\" decoding=\"async\" class=\"aligncenter wp-image-76512 size-full\" src=\"https:\/\/gmelorente.com\/wp-content\/uploads\/Nave_01_retocada.jpg\" alt=\"GME headquarters\" width=\"1600\" height=\"841\" srcset=\"https:\/\/gmelorente-pre.atic.green\/wp-content\/uploads\/Nave_01_retocada.jpg 1600w, https:\/\/gmelorente-pre.atic.green\/wp-content\/uploads\/Nave_01_retocada-300x158.jpg 300w, https:\/\/gmelorente-pre.atic.green\/wp-content\/uploads\/Nave_01_retocada-768x404.jpg 768w, https:\/\/gmelorente-pre.atic.green\/wp-content\/uploads\/Nave_01_retocada-1024x538.jpg 1024w, https:\/\/gmelorente-pre.atic.green\/wp-content\/uploads\/Nave_01_retocada-20x11.jpg 20w\" sizes=\"auto, (max-width: 1600px) 100vw, 1600px\" \/>[\/vc_column_text][vc_empty_space height=&#8221;40px&#8221;]<div class=\"dt-fancy-separator title-left h6-size\" style=\"width: 100%;\"><div class=\"dt-fancy-title\"><span class=\"separator-holder separator-left\"><\/span>Why choose GME Divisi\u00f3n Ba\u00f1os?<span class=\"separator-holder separator-right\"><\/span><\/div><\/div>[vc_empty_space height=&#8221;28px&#8221;]<section id=\"benefits-grid-1\" class=\"benefits-grid wf-container benefits-style-two icons-bg light-bg light-hover-bg light-icon-color accent-icon-hover-color\" data-width=\"250px\" data-columns=\"1\"><style type=\"text\/css\">#benefits-grid-1.icons-bg .benefits-grid-ico { height: 50px; line-height: 50px; width: 50px;-webkit-border-radius: 100px;-moz-border-radius: 100px;-ms-border-radius: 100px;-o-border-radius: 100px;border-radius: 100px; }#benefits-grid-1.icons-bg .benefits-grid-ico > i { font-size: 24px; line-height: 50px; }<\/style><div class=\"wf-cell\"><div><div class=\"text-big\"><div class=\"wf-table\"><div class=\"wf-td\"><span class=\"benefits-grid-ico\"><i class=\"fa fa-users\"><\/i>\r\n<\/span><\/div><div class=\"wf-td benefits-inner\"><h5>Principles<\/h5><p style=\"text-align: justify;\">We listen and learn about the needs of our customers. Only then can we always offer the best bathroom products at the most competitive prices.<\/p>\n<\/div><\/div><\/div><\/div><\/div><div class=\"wf-cell\"><div><div class=\"text-big\"><div class=\"wf-table\"><div class=\"wf-td\"><span class=\"benefits-grid-ico\"><i class=\"fa fa-check-circle\"><\/i>\r\n<\/span><\/div><div class=\"wf-td benefits-inner\"><h5>Solutions<\/h5><p style=\"text-align: justify;\">Need screens? Shower trays? At GME we offer five product categories to outfit your bathroom according to your needs.<\/p>\n<\/div><\/div><\/div><\/div><\/div><div class=\"wf-cell\"><div><div class=\"text-big\"><div class=\"wf-table\"><div class=\"wf-td\"><span class=\"benefits-grid-ico\"><i class=\"fa fa-lightbulb-o\"><\/i><\/span><\/div><div class=\"wf-td benefits-inner\"><h5>Innovation<\/h5><p style=\"text-align: justify;\">As manufacturers, we are committed to being at the forefront of innovation. We have certified all of our bathroom products with the European Community seal. Because at GME, it&#8217;s a matter of trust.<\/p>\n<\/div><\/div><\/div><\/div><\/div><div class=\"wf-cell\"><div><div class=\"text-big\"><div class=\"wf-table\"><div class=\"wf-td\"><span class=\"benefits-grid-ico\"><i class=\"fa fa-thumbs-up\"><\/i><\/span><\/div><div class=\"wf-td benefits-inner\"><h5>Confidence<\/h5><p>At GME we guarantee each and every one of our bathroom products for 3 years, exceeding the period prescribed by the current law.<\/p>\n<\/div><\/div><\/div><\/div><\/div><div class=\"wf-cell\"><div><div class=\"text-big\"><div class=\"wf-table\"><div class=\"wf-td\"><span class=\"benefits-grid-ico\"><i class=\"fa fa-rocket\"><\/i><\/span><\/div><div class=\"wf-td benefits-inner\"><h5>Immediacy<\/h5><p style=\"text-align: justify;\">Because we know that the hardest part is deciding, we don&#8217;t want to keep you waiting: choose your GME bathroom product and in less than 72 hours you&#8217;ll have it at home.<\/p>\n<p>&nbsp;<\/p>\n<p><img loading=\"lazy\" decoding=\"async\" class=\"aligncenter size-full wp-image-74845\" src=\"https:\/\/gmelorente.com\/wp-content\/uploads\/flota-vehiculos-GME.jpg\" alt=\"\" width=\"1024\" height=\"427\" srcset=\"https:\/\/gmelorente-pre.atic.green\/wp-content\/uploads\/flota-vehiculos-GME.jpg 1024w, https:\/\/gmelorente-pre.atic.green\/wp-content\/uploads\/flota-vehiculos-GME-300x125.jpg 300w, https:\/\/gmelorente-pre.atic.green\/wp-content\/uploads\/flota-vehiculos-GME-768x320.jpg 768w, https:\/\/gmelorente-pre.atic.green\/wp-content\/uploads\/flota-vehiculos-GME-20x8.jpg 20w\" sizes=\"auto, (max-width: 1024px) 100vw, 1024px\" \/><\/p>\n<\/div><\/div><\/div><\/div><\/div><\/section>[vc_empty_space height=&#8221;50px&#8221;][\/vc_column][vc_column offset=&#8221;vc_col-lg-4 vc_col-md-4 vc_col-xs-12&#8243;]<div class=\"dt-fancy-separator title-left h6-size\" style=\"width: 100%;\"><div class=\"dt-fancy-title\"><span class=\"separator-holder separator-left\"><\/span>Our philosophy<span class=\"separator-holder separator-right\"><\/span><\/div><\/div>[vc_empty_space height=&#8221;33px&#8221;]<section class=\"shortcode-action-box table shortcode-action-bg block-style-widget\"><div class=\"\"><h5><em>Quality has a price.<\/em><\/h5>\n<\/div><\/section>[vc_empty_space height=&#8221;45px&#8221;]<div class=\"dt-fancy-separator title-left h6-size\" style=\"width: 100%;\"><div class=\"dt-fancy-title\"><span class=\"separator-holder separator-left\"><\/span>Objectives and values<span class=\"separator-holder separator-right\"><\/span><\/div><\/div>[vc_empty_space height=&#8221;24px&#8221;][vc_column_text]<ol style=\"counter-reset: my-badass-counter 0;\" class=\"standard-number-list\"><li><p>Meet market needs.<\/p>\n<\/li><li><p>Improve the supply of quality, price and service.<\/p>\n<\/li><li><p>Being at the forefront of systems and components.<\/p>\n<\/li><li><p>Warranty extended to 3 years.<\/p>\n<\/li><li><p>Reduced delivery times.<\/p>\n<\/li><\/ol>[\/vc_column_text][vc_empty_space height=&#8221;40px&#8221;]<div class=\"dt-fancy-separator title-left h6-size\" style=\"width: 100%;\"><div class=\"dt-fancy-title\"><span class=\"separator-holder separator-left\"><\/span>Mission<span class=\"separator-holder separator-right\"><\/span><\/div><\/div>[vc_empty_space height=&#8221;45px&#8221;]<section class=\"shortcode-action-box table shortcode-action-bg block-style-widget\"><div class=\"\"><h5><em>Provide to our customers the bathroom products they need, with the best quality-price and an impeccable service.<\/em><\/h5>\n<\/div><\/section>[vc_empty_space height=&#8221;45px&#8221;]<div class=\"dt-fancy-separator title-left h6-size\" style=\"width: 100%;\"><div class=\"dt-fancy-title\"><span class=\"separator-holder separator-left\"><\/span>Vision<span class=\"separator-holder separator-right\"><\/span><\/div><\/div>[vc_empty_space height=&#8221;45px&#8221;]<section class=\"shortcode-action-box table shortcode-action-bg block-style-widget\"><div class=\"\"><h5><i>Be a reference of the sector in the\u00a0European market, following a\u00a0sustainable\u00a0strategy and\u00a0maintaining our philosophy.<\/i><\/h5>\n<\/div><\/section>[\/vc_column][\/vc_row]<\/p>\n","protected":false},"excerpt":{"rendered":"<p>[vc_row margin_bottom=&#8221;10&#8243;][vc_column offset=&#8221;vc_col-lg-8 vc_col-md-8 vc_col-xs-12&#8243;][vc_empty_space height=&#8221;26px&#8221;][vc_column_text] GME Divisi\u00f3n Ba\u00f1os is a business group belonging to Lorente Holding VLC.\u00a0We work with the confidence that we&#8217;ve gained from experience: more than 25 years manufacturing and distributing the best products for your bathroom, from shower trays and screens to taps and sinks. We have developed two business lines:&hellip;<\/p>\n","protected":false},"author":1,"featured_media":0,"parent":0,"menu_order":30,"comment_status":"closed","ping_status":"closed","template":"","meta":{"footnotes":""},"class_list":["post-43210","page","type-page","status-publish","hentry","description-off"],"yoast_head":"<!-- This site is optimized with the Yoast SEO plugin v24.8.1 - https:\/\/yoast.com\/wordpress\/plugins\/seo\/ -->\n<title>About us - GME Lorente - Bathroom products manufacturer<\/title>\n<meta name=\"description\" content=\"GME is an international company from Valencia, specialised in bathroom products as screens, shower trays and faucets, with a wide range of products.\" \/>\n<meta name=\"robots\" content=\"index, follow, max-snippet:-1, max-image-preview:large, max-video-preview:-1\" \/>\n<link rel=\"canonical\" href=\"https:\/\/gmelorente-pre.atic.green\/en\/quienes-somos-gme\/\" \/>\n<meta property=\"og:locale\" content=\"en_US\" \/>\n<meta property=\"og:type\" content=\"article\" \/>\n<meta property=\"og:title\" content=\"About us - GME Lorente - Bathroom products manufacturer\" \/>\n<meta property=\"og:description\" content=\"GME is an international company from Valencia, specialised in bathroom products as screens, shower trays and faucets, with a wide range of products.\" \/>\n<meta property=\"og:url\" content=\"https:\/\/gmelorente-pre.atic.green\/en\/quienes-somos-gme\/\" \/>\n<meta property=\"og:site_name\" content=\"GME DIVISI\u00d3N BA\u00d1OS\" \/>\n<meta property=\"article:publisher\" content=\"https:\/\/www.facebook.com\/gmedivision\/?fref=ts\" \/>\n<meta property=\"article:modified_time\" content=\"2021-02-18T14:12:02+00:00\" \/>\n<meta property=\"og:image\" content=\"https:\/\/gmelorente.com\/wp-content\/uploads\/Nave_01_retocada.jpg\" \/>\n<meta name=\"twitter:card\" content=\"summary_large_image\" \/>\n<meta name=\"twitter:label1\" content=\"Est. reading time\" \/>\n\t<meta name=\"twitter:data1\" content=\"2 minutes\" \/>\n<script type=\"application\/ld+json\" class=\"yoast-schema-graph\">{\"@context\":\"https:\/\/schema.org\",\"@graph\":[{\"@type\":\"WebPage\",\"@id\":\"https:\/\/gmelorente-pre.atic.green\/en\/quienes-somos-gme\/\",\"url\":\"https:\/\/gmelorente-pre.atic.green\/en\/quienes-somos-gme\/\",\"name\":\"About us - GME Lorente - Bathroom products manufacturer\",\"isPartOf\":{\"@id\":\"https:\/\/gmelorente-pre.atic.green\/#website\"},\"primaryImageOfPage\":{\"@id\":\"https:\/\/gmelorente-pre.atic.green\/en\/quienes-somos-gme\/#primaryimage\"},\"image\":{\"@id\":\"https:\/\/gmelorente-pre.atic.green\/en\/quienes-somos-gme\/#primaryimage\"},\"thumbnailUrl\":\"https:\/\/gmelorente.com\/wp-content\/uploads\/Nave_01_retocada.jpg\",\"datePublished\":\"2014-04-23T14:50:39+00:00\",\"dateModified\":\"2021-02-18T14:12:02+00:00\",\"description\":\"GME is an international company from Valencia, specialised in bathroom products as screens, shower trays and faucets, with a wide range of products.\",\"breadcrumb\":{\"@id\":\"https:\/\/gmelorente-pre.atic.green\/en\/quienes-somos-gme\/#breadcrumb\"},\"inLanguage\":\"en-US\",\"potentialAction\":[{\"@type\":\"ReadAction\",\"target\":[\"https:\/\/gmelorente-pre.atic.green\/en\/quienes-somos-gme\/\"]}]},{\"@type\":\"ImageObject\",\"inLanguage\":\"en-US\",\"@id\":\"https:\/\/gmelorente-pre.atic.green\/en\/quienes-somos-gme\/#primaryimage\",\"url\":\"https:\/\/gmelorente.com\/wp-content\/uploads\/Nave_01_retocada.jpg\",\"contentUrl\":\"https:\/\/gmelorente.com\/wp-content\/uploads\/Nave_01_retocada.jpg\"},{\"@type\":\"BreadcrumbList\",\"@id\":\"https:\/\/gmelorente-pre.atic.green\/en\/quienes-somos-gme\/#breadcrumb\",\"itemListElement\":[{\"@type\":\"ListItem\",\"position\":1,\"name\":\"Home\",\"item\":\"https:\/\/gmelorente-pre.atic.green\/en\/\"},{\"@type\":\"ListItem\",\"position\":2,\"name\":\"About us\"}]},{\"@type\":\"WebSite\",\"@id\":\"https:\/\/gmelorente-pre.atic.green\/#website\",\"url\":\"https:\/\/gmelorente-pre.atic.green\/\",\"name\":\"GME DIVISI\u00d3N BA\u00d1OS\",\"description\":\"Mamparas de ducha y mucho m\u00e1s\",\"publisher\":{\"@id\":\"https:\/\/gmelorente-pre.atic.green\/#organization\"},\"potentialAction\":[{\"@type\":\"SearchAction\",\"target\":{\"@type\":\"EntryPoint\",\"urlTemplate\":\"https:\/\/gmelorente-pre.atic.green\/?s={search_term_string}\"},\"query-input\":{\"@type\":\"PropertyValueSpecification\",\"valueRequired\":true,\"valueName\":\"search_term_string\"}}],\"inLanguage\":\"en-US\"},{\"@type\":\"Organization\",\"@id\":\"https:\/\/gmelorente-pre.atic.green\/#organization\",\"name\":\"GME DIVISI\u00d3N BA\u00d1OS S.L.\",\"url\":\"https:\/\/gmelorente-pre.atic.green\/\",\"logo\":{\"@type\":\"ImageObject\",\"inLanguage\":\"en-US\",\"@id\":\"https:\/\/gmelorente-pre.atic.green\/#\/schema\/logo\/image\/\",\"url\":\"https:\/\/gmelorente.com\/wp-content\/uploads\/logo-gme-azul.jpg\",\"contentUrl\":\"https:\/\/gmelorente.com\/wp-content\/uploads\/logo-gme-azul.jpg\",\"width\":810,\"height\":298,\"caption\":\"GME DIVISI\u00d3N BA\u00d1OS S.L.\"},\"image\":{\"@id\":\"https:\/\/gmelorente-pre.atic.green\/#\/schema\/logo\/image\/\"},\"sameAs\":[\"https:\/\/www.facebook.com\/gmedivision\/?fref=ts\",\"https:\/\/es.pinterest.com\/gmedivision\/?eq=gme&amp;etslf=14997\"]}]}<\/script>\n<!-- \/ Yoast SEO plugin. -->","yoast_head_json":{"title":"About us - GME Lorente - Bathroom products manufacturer","description":"GME is an international company from Valencia, specialised in bathroom products as screens, shower trays and faucets, with a wide range of products.","robots":{"index":"index","follow":"follow","max-snippet":"max-snippet:-1","max-image-preview":"max-image-preview:large","max-video-preview":"max-video-preview:-1"},"canonical":"https:\/\/gmelorente-pre.atic.green\/en\/quienes-somos-gme\/","og_locale":"en_US","og_type":"article","og_title":"About us - GME Lorente - Bathroom products manufacturer","og_description":"GME is an international company from Valencia, specialised in bathroom products as screens, shower trays and faucets, with a wide range of products.","og_url":"https:\/\/gmelorente-pre.atic.green\/en\/quienes-somos-gme\/","og_site_name":"GME DIVISI\u00d3N BA\u00d1OS","article_publisher":"https:\/\/www.facebook.com\/gmedivision\/?fref=ts","article_modified_time":"2021-02-18T14:12:02+00:00","og_image":[{"url":"https:\/\/gmelorente.com\/wp-content\/uploads\/Nave_01_retocada.jpg","type":"","width":"","height":""}],"twitter_card":"summary_large_image","twitter_misc":{"Est. reading time":"2 minutes"},"schema":{"@context":"https:\/\/schema.org","@graph":[{"@type":"WebPage","@id":"https:\/\/gmelorente-pre.atic.green\/en\/quienes-somos-gme\/","url":"https:\/\/gmelorente-pre.atic.green\/en\/quienes-somos-gme\/","name":"About us - GME Lorente - Bathroom products manufacturer","isPartOf":{"@id":"https:\/\/gmelorente-pre.atic.green\/#website"},"primaryImageOfPage":{"@id":"https:\/\/gmelorente-pre.atic.green\/en\/quienes-somos-gme\/#primaryimage"},"image":{"@id":"https:\/\/gmelorente-pre.atic.green\/en\/quienes-somos-gme\/#primaryimage"},"thumbnailUrl":"https:\/\/gmelorente.com\/wp-content\/uploads\/Nave_01_retocada.jpg","datePublished":"2014-04-23T14:50:39+00:00","dateModified":"2021-02-18T14:12:02+00:00","description":"GME is an international company from Valencia, specialised in bathroom products as screens, shower trays and faucets, with a wide range of products.","breadcrumb":{"@id":"https:\/\/gmelorente-pre.atic.green\/en\/quienes-somos-gme\/#breadcrumb"},"inLanguage":"en-US","potentialAction":[{"@type":"ReadAction","target":["https:\/\/gmelorente-pre.atic.green\/en\/quienes-somos-gme\/"]}]},{"@type":"ImageObject","inLanguage":"en-US","@id":"https:\/\/gmelorente-pre.atic.green\/en\/quienes-somos-gme\/#primaryimage","url":"https:\/\/gmelorente.com\/wp-content\/uploads\/Nave_01_retocada.jpg","contentUrl":"https:\/\/gmelorente.com\/wp-content\/uploads\/Nave_01_retocada.jpg"},{"@type":"BreadcrumbList","@id":"https:\/\/gmelorente-pre.atic.green\/en\/quienes-somos-gme\/#breadcrumb","itemListElement":[{"@type":"ListItem","position":1,"name":"Home","item":"https:\/\/gmelorente-pre.atic.green\/en\/"},{"@type":"ListItem","position":2,"name":"About us"}]},{"@type":"WebSite","@id":"https:\/\/gmelorente-pre.atic.green\/#website","url":"https:\/\/gmelorente-pre.atic.green\/","name":"GME DIVISI\u00d3N BA\u00d1OS","description":"Mamparas de ducha y mucho m\u00e1s","publisher":{"@id":"https:\/\/gmelorente-pre.atic.green\/#organization"},"potentialAction":[{"@type":"SearchAction","target":{"@type":"EntryPoint","urlTemplate":"https:\/\/gmelorente-pre.atic.green\/?s={search_term_string}"},"query-input":{"@type":"PropertyValueSpecification","valueRequired":true,"valueName":"search_term_string"}}],"inLanguage":"en-US"},{"@type":"Organization","@id":"https:\/\/gmelorente-pre.atic.green\/#organization","name":"GME DIVISI\u00d3N BA\u00d1OS S.L.","url":"https:\/\/gmelorente-pre.atic.green\/","logo":{"@type":"ImageObject","inLanguage":"en-US","@id":"https:\/\/gmelorente-pre.atic.green\/#\/schema\/logo\/image\/","url":"https:\/\/gmelorente.com\/wp-content\/uploads\/logo-gme-azul.jpg","contentUrl":"https:\/\/gmelorente.com\/wp-content\/uploads\/logo-gme-azul.jpg","width":810,"height":298,"caption":"GME DIVISI\u00d3N BA\u00d1OS S.L."},"image":{"@id":"https:\/\/gmelorente-pre.atic.green\/#\/schema\/logo\/image\/"},"sameAs":["https:\/\/www.facebook.com\/gmedivision\/?fref=ts","https:\/\/es.pinterest.com\/gmedivision\/?eq=gme&amp;etslf=14997"]}]}},"_links":{"self":[{"href":"https:\/\/gmelorente-pre.atic.green\/en\/wp-json\/wp\/v2\/pages\/43210","targetHints":{"allow":["GET"]}}],"collection":[{"href":"https:\/\/gmelorente-pre.atic.green\/en\/wp-json\/wp\/v2\/pages"}],"about":[{"href":"https:\/\/gmelorente-pre.atic.green\/en\/wp-json\/wp\/v2\/types\/page"}],"author":[{"embeddable":true,"href":"https:\/\/gmelorente-pre.atic.green\/en\/wp-json\/wp\/v2\/users\/1"}],"replies":[{"embeddable":true,"href":"https:\/\/gmelorente-pre.atic.green\/en\/wp-json\/wp\/v2\/comments?post=43210"}],"version-history":[{"count":0,"href":"https:\/\/gmelorente-pre.atic.green\/en\/wp-json\/wp\/v2\/pages\/43210\/revisions"}],"wp:attachment":[{"href":"https:\/\/gmelorente-pre.atic.green\/en\/wp-json\/wp\/v2\/media?parent=43210"}],"curies":[{"name":"wp","href":"https:\/\/api.w.org\/{rel}","templated":true}]}}