{"id":67535,"date":"2021-02-18T15:53:27","date_gmt":"2021-02-18T14:53:27","guid":{"rendered":"https:\/\/gmelorente.com\/en\/?page_id=67535"},"modified":"2021-02-18T15:53:27","modified_gmt":"2021-02-18T14:53:27","slug":"social-responsibility","status":"publish","type":"page","link":"https:\/\/gmelorente-pre.atic.green\/en\/social-responsibility\/","title":{"rendered":"Social responsibility"},"content":{"rendered":"<h2>SCR<\/h2>\n<p>For several years, at GME Division Ba\u00f1os we have been developing various corporate social responsibility actions, in order to try to return to society what it contributes to us each year.<\/p>\n<p>First of all, we are aware of the great environmental impact that business activity has worldwide. The emission of polluting gases, poor waste management or excess consumption, among other things, have very negative effects for our society. Therefore, GME&#8217;s desire is to evolve towards a more <strong>sustainable, ecological and environmentally friendly<\/strong> company. To do this, we carry out various actions to recycle and reuse our waste, such as paper or cardboard. Furthermore, we are working on a plan to convert our energy system to greener energy with the implementation of solar panels, among other actions.<\/p>\n<p>Secondly, for GME the most important thing has been, are and always will be, <strong>people<\/strong>. We know the importance of good treatment, direct and close. Since our inception, one of the pillars of our philosophy has been trust and closeness to all the people who have formed and are part of our society. We listen to you, help you, and absorb your constructive criticism to improve year after year. That is why, in difficult times, such as the one we have experienced this year 2020, we do not hesitate to help them. Our employees, our sales representatives, our clients, our suppliers, our tenants, have all <strong>enjoyed our help<\/strong> if they needed it, in the same way that we enjoy their collaboration day after day.<\/p>\n<h3>Gavi, the Vaccine Alliance<\/h3>\n<p>Every minute three children die from diseases that could have been prevented with available vaccines. Our main action of social responsibility is directed at them.<\/p>\n<p>For several years, we have been making annual donations in collaboration with <a href=\"https:\/\/www.gavi.org\">Gavi<\/a>, through the Alliance for Child Vaccination and the <a href=\"https:\/\/fundacionlacaixa.org\/en\/home\">LaCaixa Foundation<\/a>. This organization has received in 2020 the <strong>Princess of Asturias Award for International Cooperation<\/strong> (see the full story <a href=\"https:\/\/www.europapress.es\/epsocial\/responsables\/noticia-consorcio-gavi-the-vaccine-alliance-premio-princesa-asturias-cooperacion-internacional-20200625200051.html\">here<\/a>). We started as &#8220;Silver Sponsors&#8221; and, since 2020, given the difficult circumstances, we have decided to increase our contributions by becoming &#8220;Gold Sponsors&#8221;.<\/p>\n<p><img loading=\"lazy\" decoding=\"async\" class=\"aligncenter size-full wp-image-67536\" src=\"https:\/\/gmelorente.com\/wp-content\/uploads\/600x120-1.gif\" alt=\"\" width=\"600\" height=\"120\" \/><\/p>\n<p>&nbsp;<\/p>\n<p>Gavi, the Vaccine Alliance, was born in 2000 as a public-private partnership with a very clear mission: to save the lives of children and protect the health of the population, increasing the equitable use of vaccines in the most disadvantaged countries. During this time, he has achieved a historic challenge: vaccinating 700 million children, thus avoiding 10 million premature deaths.<\/p>\n<p>The Institute of Global Health, ISGlobal, is a scientific and academic partner of the Alliance. ISGlobal is an innovative alliance between academic, governmental and philanthropic institutions, promoted by \u201dla Caixa\u201d, and between 2016 and 2018 he has been a member of the Executive Council of Gavi.<\/p>\n<p>Thanks to our support and the rest of the donations received, more than <strong>five million children<\/strong> under the age of five have been vaccinated. \u201dLa Caixa\u201d and the Bill and Melinda Gates Foundation multiply each donation by four, thus increasing efforts against the mortality of the little ones.<\/p>\n","protected":false},"excerpt":{"rendered":"<p>SCR For several years, at GME Division Ba\u00f1os we have been developing various corporate social responsibility actions, in order to try to return to society what it contributes to us each year. First of all, we are aware of the great environmental impact that business activity has worldwide. The emission of polluting gases, poor waste&hellip;<\/p>\n","protected":false},"author":1,"featured_media":0,"parent":0,"menu_order":0,"comment_status":"closed","ping_status":"closed","template":"","meta":{"footnotes":""},"class_list":["post-67535","page","type-page","status-publish","hentry","description-off"],"yoast_head":"<!-- This site is optimized with the Yoast SEO plugin v24.8.1 - https:\/\/yoast.com\/wordpress\/plugins\/seo\/ -->\n<title>Social responsibility - GME DIVISI\u00d3N BA\u00d1OS<\/title>\n<meta name=\"description\" content=\"At GME, we think that we have to return to the society what thet give us every year. That&#039;s why, we make social responsibility actions.\" \/>\n<meta name=\"robots\" content=\"index, follow, max-snippet:-1, max-image-preview:large, max-video-preview:-1\" \/>\n<link rel=\"canonical\" href=\"https:\/\/gmelorente-pre.atic.green\/en\/social-responsibility\/\" \/>\n<meta property=\"og:locale\" content=\"en_US\" \/>\n<meta property=\"og:type\" content=\"article\" \/>\n<meta property=\"og:title\" content=\"Social responsibility - GME DIVISI\u00d3N BA\u00d1OS\" \/>\n<meta property=\"og:description\" content=\"At GME, we think that we have to return to the society what thet give us every year. That&#039;s why, we make social responsibility actions.\" \/>\n<meta property=\"og:url\" content=\"https:\/\/gmelorente-pre.atic.green\/en\/social-responsibility\/\" \/>\n<meta property=\"og:site_name\" content=\"GME DIVISI\u00d3N BA\u00d1OS\" \/>\n<meta property=\"article:publisher\" content=\"https:\/\/www.facebook.com\/gmedivision\/?fref=ts\" \/>\n<meta property=\"og:image\" content=\"https:\/\/gmelorente.com\/wp-content\/uploads\/600x120-1.gif\" \/>\n<meta name=\"twitter:card\" content=\"summary_large_image\" \/>\n<meta name=\"twitter:label1\" content=\"Est. reading time\" \/>\n\t<meta name=\"twitter:data1\" content=\"2 minutes\" \/>\n<script type=\"application\/ld+json\" class=\"yoast-schema-graph\">{\"@context\":\"https:\/\/schema.org\",\"@graph\":[{\"@type\":\"WebPage\",\"@id\":\"https:\/\/gmelorente-pre.atic.green\/en\/social-responsibility\/\",\"url\":\"https:\/\/gmelorente-pre.atic.green\/en\/social-responsibility\/\",\"name\":\"Social responsibility - GME DIVISI\u00d3N BA\u00d1OS\",\"isPartOf\":{\"@id\":\"https:\/\/gmelorente-pre.atic.green\/#website\"},\"primaryImageOfPage\":{\"@id\":\"https:\/\/gmelorente-pre.atic.green\/en\/social-responsibility\/#primaryimage\"},\"image\":{\"@id\":\"https:\/\/gmelorente-pre.atic.green\/en\/social-responsibility\/#primaryimage\"},\"thumbnailUrl\":\"https:\/\/gmelorente.com\/wp-content\/uploads\/600x120-1.gif\",\"datePublished\":\"2021-02-18T14:53:27+00:00\",\"description\":\"At GME, we think that we have to return to the society what thet give us every year. That's why, we make social responsibility actions.\",\"breadcrumb\":{\"@id\":\"https:\/\/gmelorente-pre.atic.green\/en\/social-responsibility\/#breadcrumb\"},\"inLanguage\":\"en-US\",\"potentialAction\":[{\"@type\":\"ReadAction\",\"target\":[\"https:\/\/gmelorente-pre.atic.green\/en\/social-responsibility\/\"]}]},{\"@type\":\"ImageObject\",\"inLanguage\":\"en-US\",\"@id\":\"https:\/\/gmelorente-pre.atic.green\/en\/social-responsibility\/#primaryimage\",\"url\":\"https:\/\/gmelorente.com\/wp-content\/uploads\/600x120-1.gif\",\"contentUrl\":\"https:\/\/gmelorente.com\/wp-content\/uploads\/600x120-1.gif\"},{\"@type\":\"BreadcrumbList\",\"@id\":\"https:\/\/gmelorente-pre.atic.green\/en\/social-responsibility\/#breadcrumb\",\"itemListElement\":[{\"@type\":\"ListItem\",\"position\":1,\"name\":\"Home\",\"item\":\"https:\/\/gmelorente-pre.atic.green\/en\/\"},{\"@type\":\"ListItem\",\"position\":2,\"name\":\"Social responsibility\"}]},{\"@type\":\"WebSite\",\"@id\":\"https:\/\/gmelorente-pre.atic.green\/#website\",\"url\":\"https:\/\/gmelorente-pre.atic.green\/\",\"name\":\"GME DIVISI\u00d3N BA\u00d1OS\",\"description\":\"Mamparas de ducha y mucho m\u00e1s\",\"publisher\":{\"@id\":\"https:\/\/gmelorente-pre.atic.green\/#organization\"},\"potentialAction\":[{\"@type\":\"SearchAction\",\"target\":{\"@type\":\"EntryPoint\",\"urlTemplate\":\"https:\/\/gmelorente-pre.atic.green\/?s={search_term_string}\"},\"query-input\":{\"@type\":\"PropertyValueSpecification\",\"valueRequired\":true,\"valueName\":\"search_term_string\"}}],\"inLanguage\":\"en-US\"},{\"@type\":\"Organization\",\"@id\":\"https:\/\/gmelorente-pre.atic.green\/#organization\",\"name\":\"GME DIVISI\u00d3N BA\u00d1OS S.L.\",\"url\":\"https:\/\/gmelorente-pre.atic.green\/\",\"logo\":{\"@type\":\"ImageObject\",\"inLanguage\":\"en-US\",\"@id\":\"https:\/\/gmelorente-pre.atic.green\/#\/schema\/logo\/image\/\",\"url\":\"https:\/\/gmelorente.com\/wp-content\/uploads\/logo-gme-azul.jpg\",\"contentUrl\":\"https:\/\/gmelorente.com\/wp-content\/uploads\/logo-gme-azul.jpg\",\"width\":810,\"height\":298,\"caption\":\"GME DIVISI\u00d3N BA\u00d1OS S.L.\"},\"image\":{\"@id\":\"https:\/\/gmelorente-pre.atic.green\/#\/schema\/logo\/image\/\"},\"sameAs\":[\"https:\/\/www.facebook.com\/gmedivision\/?fref=ts\",\"https:\/\/es.pinterest.com\/gmedivision\/?eq=gme&amp;etslf=14997\"]}]}<\/script>\n<!-- \/ Yoast SEO plugin. -->","yoast_head_json":{"title":"Social responsibility - GME DIVISI\u00d3N BA\u00d1OS","description":"At GME, we think that we have to return to the society what thet give us every year. That's why, we make social responsibility actions.","robots":{"index":"index","follow":"follow","max-snippet":"max-snippet:-1","max-image-preview":"max-image-preview:large","max-video-preview":"max-video-preview:-1"},"canonical":"https:\/\/gmelorente-pre.atic.green\/en\/social-responsibility\/","og_locale":"en_US","og_type":"article","og_title":"Social responsibility - GME DIVISI\u00d3N BA\u00d1OS","og_description":"At GME, we think that we have to return to the society what thet give us every year. That's why, we make social responsibility actions.","og_url":"https:\/\/gmelorente-pre.atic.green\/en\/social-responsibility\/","og_site_name":"GME DIVISI\u00d3N BA\u00d1OS","article_publisher":"https:\/\/www.facebook.com\/gmedivision\/?fref=ts","og_image":[{"url":"https:\/\/gmelorente.com\/wp-content\/uploads\/600x120-1.gif","type":"","width":"","height":""}],"twitter_card":"summary_large_image","twitter_misc":{"Est. reading time":"2 minutes"},"schema":{"@context":"https:\/\/schema.org","@graph":[{"@type":"WebPage","@id":"https:\/\/gmelorente-pre.atic.green\/en\/social-responsibility\/","url":"https:\/\/gmelorente-pre.atic.green\/en\/social-responsibility\/","name":"Social responsibility - GME DIVISI\u00d3N BA\u00d1OS","isPartOf":{"@id":"https:\/\/gmelorente-pre.atic.green\/#website"},"primaryImageOfPage":{"@id":"https:\/\/gmelorente-pre.atic.green\/en\/social-responsibility\/#primaryimage"},"image":{"@id":"https:\/\/gmelorente-pre.atic.green\/en\/social-responsibility\/#primaryimage"},"thumbnailUrl":"https:\/\/gmelorente.com\/wp-content\/uploads\/600x120-1.gif","datePublished":"2021-02-18T14:53:27+00:00","description":"At GME, we think that we have to return to the society what thet give us every year. That's why, we make social responsibility actions.","breadcrumb":{"@id":"https:\/\/gmelorente-pre.atic.green\/en\/social-responsibility\/#breadcrumb"},"inLanguage":"en-US","potentialAction":[{"@type":"ReadAction","target":["https:\/\/gmelorente-pre.atic.green\/en\/social-responsibility\/"]}]},{"@type":"ImageObject","inLanguage":"en-US","@id":"https:\/\/gmelorente-pre.atic.green\/en\/social-responsibility\/#primaryimage","url":"https:\/\/gmelorente.com\/wp-content\/uploads\/600x120-1.gif","contentUrl":"https:\/\/gmelorente.com\/wp-content\/uploads\/600x120-1.gif"},{"@type":"BreadcrumbList","@id":"https:\/\/gmelorente-pre.atic.green\/en\/social-responsibility\/#breadcrumb","itemListElement":[{"@type":"ListItem","position":1,"name":"Home","item":"https:\/\/gmelorente-pre.atic.green\/en\/"},{"@type":"ListItem","position":2,"name":"Social responsibility"}]},{"@type":"WebSite","@id":"https:\/\/gmelorente-pre.atic.green\/#website","url":"https:\/\/gmelorente-pre.atic.green\/","name":"GME DIVISI\u00d3N BA\u00d1OS","description":"Mamparas de ducha y mucho m\u00e1s","publisher":{"@id":"https:\/\/gmelorente-pre.atic.green\/#organization"},"potentialAction":[{"@type":"SearchAction","target":{"@type":"EntryPoint","urlTemplate":"https:\/\/gmelorente-pre.atic.green\/?s={search_term_string}"},"query-input":{"@type":"PropertyValueSpecification","valueRequired":true,"valueName":"search_term_string"}}],"inLanguage":"en-US"},{"@type":"Organization","@id":"https:\/\/gmelorente-pre.atic.green\/#organization","name":"GME DIVISI\u00d3N BA\u00d1OS S.L.","url":"https:\/\/gmelorente-pre.atic.green\/","logo":{"@type":"ImageObject","inLanguage":"en-US","@id":"https:\/\/gmelorente-pre.atic.green\/#\/schema\/logo\/image\/","url":"https:\/\/gmelorente.com\/wp-content\/uploads\/logo-gme-azul.jpg","contentUrl":"https:\/\/gmelorente.com\/wp-content\/uploads\/logo-gme-azul.jpg","width":810,"height":298,"caption":"GME DIVISI\u00d3N BA\u00d1OS S.L."},"image":{"@id":"https:\/\/gmelorente-pre.atic.green\/#\/schema\/logo\/image\/"},"sameAs":["https:\/\/www.facebook.com\/gmedivision\/?fref=ts","https:\/\/es.pinterest.com\/gmedivision\/?eq=gme&amp;etslf=14997"]}]}},"_links":{"self":[{"href":"https:\/\/gmelorente-pre.atic.green\/en\/wp-json\/wp\/v2\/pages\/67535","targetHints":{"allow":["GET"]}}],"collection":[{"href":"https:\/\/gmelorente-pre.atic.green\/en\/wp-json\/wp\/v2\/pages"}],"about":[{"href":"https:\/\/gmelorente-pre.atic.green\/en\/wp-json\/wp\/v2\/types\/page"}],"author":[{"embeddable":true,"href":"https:\/\/gmelorente-pre.atic.green\/en\/wp-json\/wp\/v2\/users\/1"}],"replies":[{"embeddable":true,"href":"https:\/\/gmelorente-pre.atic.green\/en\/wp-json\/wp\/v2\/comments?post=67535"}],"version-history":[{"count":0,"href":"https:\/\/gmelorente-pre.atic.green\/en\/wp-json\/wp\/v2\/pages\/67535\/revisions"}],"wp:attachment":[{"href":"https:\/\/gmelorente-pre.atic.green\/en\/wp-json\/wp\/v2\/media?parent=67535"}],"curies":[{"name":"wp","href":"https:\/\/api.w.org\/{rel}","templated":true}]}}