{"id":67994,"date":"2020-09-29T01:04:17","date_gmt":"2020-09-28T23:04:17","guid":{"rendered":"https:\/\/gmelorente.com\/?page_id=67994"},"modified":"2024-05-28T15:17:48","modified_gmt":"2024-05-28T13:17:48","slug":"catalog-faucet-io","status":"publish","type":"page","link":"https:\/\/gmelorente-pre.atic.green\/en\/catalog-faucet-io\/","title":{"rendered":"Catalog Faucet IO"},"content":{"rendered":"<p>[vc_row][vc_column][vc_column_text]<\/p>\n<p>Are you looking for a catalogue that gathers all the bathroom and kitchen faucet options? The <strong>IO by GME taps catalogue<\/strong> has all the options. A complete catalogue that includes taps for the bathroom in all formats and different colours, exposed showers, shower columns, built-in taps and much more. In addition, all of this with<strong> immediate delivery<\/strong> anywhere on the Peninsula. We have more than 25,000 square metres for the stocking of all our references. This allows us to guarantee the fastest delivery period in the markets.<\/p>\n<p>This catalogue of IO taps is the perfect complement to our general catalogue of shower enclosures and bathroom accessories, which you can view <a href=\"https:\/\/gmelorente.com\/catalogo-de-productos-gme\/\">here<\/a>.<\/p>\n<p>If you want to become a distributor and have access to our catalogues to sell our products and benefit from all our advantages, please contact us.[\/vc_column_text][vc_empty_space]<div class=\"hr-thin style-line\" style=\"width: 100%;border-top-width: 1px;\"><\/div>[vc_empty_space][vc_column_text]<a href=\"https:\/\/gmelorente.com\/wp-content\/uploads\/IO-2024-ENGLISH-baja.pdf\"><img loading=\"lazy\" decoding=\"async\" class=\"aligncenter wp-image-84358\" src=\"https:\/\/gmelorente.com\/wp-content\/uploads\/Portada-IO-ING.jpg\" alt=\"\" width=\"241\" height=\"344\" srcset=\"https:\/\/gmelorente-pre.atic.green\/wp-content\/uploads\/Portada-IO-ING.jpg 525w, https:\/\/gmelorente-pre.atic.green\/wp-content\/uploads\/Portada-IO-ING-210x300.jpg 210w, https:\/\/gmelorente-pre.atic.green\/wp-content\/uploads\/Portada-IO-ING-500x714.jpg 500w\" sizes=\"auto, (max-width: 241px) 100vw, 241px\" \/><\/a><\/p>\n<p style=\"text-align: center;\"><a href=\"https:\/\/gmelorente.com\/wp-content\/uploads\/IO-2024-ENGLISH-baja.pdf\" target=\"_blank\" rel=\"noopener\">FAUCET CATALOGUE IO 2024<\/a><\/p>\n<p>&nbsp;<\/p>\n<p>[\/vc_column_text]<div class=\"hr-thin style-line\" style=\"width: 100%;border-top-width: 1px;\"><\/div>[vc_column_text]The use of this catalogue is limited to official distributors of GME BATHROOMS DIVISION. This virtual catalogue is for information purposes only and cannot be used officially to offer any of its products for sale. If you wish to become a GME distributor and have access to the physical catalogue, please contact us using the<a href=\"https:\/\/gmelorente.com\/catalogo-de-productos-gme\/\"> following form.<\/a>[\/vc_column_text][\/vc_column][\/vc_row][vc_row][vc_column][\/vc_column][\/vc_row]<\/p>\n","protected":false},"excerpt":{"rendered":"<p>[vc_row][vc_column][vc_column_text] Are you looking for a catalogue that gathers all the bathroom and kitchen faucet options? The IO by GME taps catalogue has all the options. A complete catalogue that includes taps for the bathroom in all formats and different colours, exposed showers, shower columns, built-in taps and much more. In addition, all of this&hellip;<\/p>\n","protected":false},"author":1,"featured_media":0,"parent":0,"menu_order":0,"comment_status":"closed","ping_status":"closed","template":"","meta":{"footnotes":""},"class_list":["post-67994","page","type-page","status-publish","hentry","description-off"],"yoast_head":"<!-- This site is optimized with the Yoast SEO plugin v24.8.1 - https:\/\/yoast.com\/wordpress\/plugins\/seo\/ -->\n<title>Catalog Faucet IO - GME DIVISI\u00d3N BA\u00d1OS<\/title>\n<meta name=\"robots\" content=\"index, follow, max-snippet:-1, max-image-preview:large, max-video-preview:-1\" \/>\n<link rel=\"canonical\" href=\"https:\/\/gmelorente-pre.atic.green\/en\/catalog-faucet-io\/\" \/>\n<meta property=\"og:locale\" content=\"en_US\" \/>\n<meta property=\"og:type\" content=\"article\" \/>\n<meta property=\"og:title\" content=\"Catalog Faucet IO - GME DIVISI\u00d3N BA\u00d1OS\" \/>\n<meta property=\"og:description\" content=\"[vc_row][vc_column][vc_column_text] Are you looking for a catalogue that gathers all the bathroom and kitchen faucet options? The IO by GME taps catalogue has all the options. A complete catalogue that includes taps for the bathroom in all formats and different colours, exposed showers, shower columns, built-in taps and much more. In addition, all of this&hellip;\" \/>\n<meta property=\"og:url\" content=\"https:\/\/gmelorente-pre.atic.green\/en\/catalog-faucet-io\/\" \/>\n<meta property=\"og:site_name\" content=\"GME DIVISI\u00d3N BA\u00d1OS\" \/>\n<meta property=\"article:publisher\" content=\"https:\/\/www.facebook.com\/gmedivision\/?fref=ts\" \/>\n<meta property=\"article:modified_time\" content=\"2024-05-28T13:17:48+00:00\" \/>\n<meta property=\"og:image\" content=\"https:\/\/gmelorente.com\/wp-content\/uploads\/Portada-IO-ING.jpg\" \/>\n<meta name=\"twitter:card\" content=\"summary_large_image\" \/>\n<meta name=\"twitter:label1\" content=\"Est. reading time\" \/>\n\t<meta name=\"twitter:data1\" content=\"2 minutes\" \/>\n<script type=\"application\/ld+json\" class=\"yoast-schema-graph\">{\"@context\":\"https:\/\/schema.org\",\"@graph\":[{\"@type\":\"WebPage\",\"@id\":\"https:\/\/gmelorente-pre.atic.green\/en\/catalog-faucet-io\/\",\"url\":\"https:\/\/gmelorente-pre.atic.green\/en\/catalog-faucet-io\/\",\"name\":\"Catalog Faucet IO - GME DIVISI\u00d3N BA\u00d1OS\",\"isPartOf\":{\"@id\":\"https:\/\/gmelorente-pre.atic.green\/#website\"},\"primaryImageOfPage\":{\"@id\":\"https:\/\/gmelorente-pre.atic.green\/en\/catalog-faucet-io\/#primaryimage\"},\"image\":{\"@id\":\"https:\/\/gmelorente-pre.atic.green\/en\/catalog-faucet-io\/#primaryimage\"},\"thumbnailUrl\":\"https:\/\/gmelorente.com\/wp-content\/uploads\/Portada-IO-ING.jpg\",\"datePublished\":\"2020-09-28T23:04:17+00:00\",\"dateModified\":\"2024-05-28T13:17:48+00:00\",\"breadcrumb\":{\"@id\":\"https:\/\/gmelorente-pre.atic.green\/en\/catalog-faucet-io\/#breadcrumb\"},\"inLanguage\":\"en-US\",\"potentialAction\":[{\"@type\":\"ReadAction\",\"target\":[\"https:\/\/gmelorente-pre.atic.green\/en\/catalog-faucet-io\/\"]}]},{\"@type\":\"ImageObject\",\"inLanguage\":\"en-US\",\"@id\":\"https:\/\/gmelorente-pre.atic.green\/en\/catalog-faucet-io\/#primaryimage\",\"url\":\"https:\/\/gmelorente.com\/wp-content\/uploads\/Portada-IO-ING.jpg\",\"contentUrl\":\"https:\/\/gmelorente.com\/wp-content\/uploads\/Portada-IO-ING.jpg\"},{\"@type\":\"BreadcrumbList\",\"@id\":\"https:\/\/gmelorente-pre.atic.green\/en\/catalog-faucet-io\/#breadcrumb\",\"itemListElement\":[{\"@type\":\"ListItem\",\"position\":1,\"name\":\"Home\",\"item\":\"https:\/\/gmelorente-pre.atic.green\/en\/\"},{\"@type\":\"ListItem\",\"position\":2,\"name\":\"Catalog Faucet IO\"}]},{\"@type\":\"WebSite\",\"@id\":\"https:\/\/gmelorente-pre.atic.green\/#website\",\"url\":\"https:\/\/gmelorente-pre.atic.green\/\",\"name\":\"GME DIVISI\u00d3N BA\u00d1OS\",\"description\":\"Mamparas de ducha y mucho m\u00e1s\",\"publisher\":{\"@id\":\"https:\/\/gmelorente-pre.atic.green\/#organization\"},\"potentialAction\":[{\"@type\":\"SearchAction\",\"target\":{\"@type\":\"EntryPoint\",\"urlTemplate\":\"https:\/\/gmelorente-pre.atic.green\/?s={search_term_string}\"},\"query-input\":{\"@type\":\"PropertyValueSpecification\",\"valueRequired\":true,\"valueName\":\"search_term_string\"}}],\"inLanguage\":\"en-US\"},{\"@type\":\"Organization\",\"@id\":\"https:\/\/gmelorente-pre.atic.green\/#organization\",\"name\":\"GME DIVISI\u00d3N BA\u00d1OS S.L.\",\"url\":\"https:\/\/gmelorente-pre.atic.green\/\",\"logo\":{\"@type\":\"ImageObject\",\"inLanguage\":\"en-US\",\"@id\":\"https:\/\/gmelorente-pre.atic.green\/#\/schema\/logo\/image\/\",\"url\":\"https:\/\/gmelorente.com\/wp-content\/uploads\/logo-gme-azul.jpg\",\"contentUrl\":\"https:\/\/gmelorente.com\/wp-content\/uploads\/logo-gme-azul.jpg\",\"width\":810,\"height\":298,\"caption\":\"GME DIVISI\u00d3N BA\u00d1OS S.L.\"},\"image\":{\"@id\":\"https:\/\/gmelorente-pre.atic.green\/#\/schema\/logo\/image\/\"},\"sameAs\":[\"https:\/\/www.facebook.com\/gmedivision\/?fref=ts\",\"https:\/\/es.pinterest.com\/gmedivision\/?eq=gme&amp;etslf=14997\"]}]}<\/script>\n<!-- \/ Yoast SEO plugin. -->","yoast_head_json":{"title":"Catalog Faucet IO - GME DIVISI\u00d3N BA\u00d1OS","robots":{"index":"index","follow":"follow","max-snippet":"max-snippet:-1","max-image-preview":"max-image-preview:large","max-video-preview":"max-video-preview:-1"},"canonical":"https:\/\/gmelorente-pre.atic.green\/en\/catalog-faucet-io\/","og_locale":"en_US","og_type":"article","og_title":"Catalog Faucet IO - GME DIVISI\u00d3N BA\u00d1OS","og_description":"[vc_row][vc_column][vc_column_text] Are you looking for a catalogue that gathers all the bathroom and kitchen faucet options? The IO by GME taps catalogue has all the options. A complete catalogue that includes taps for the bathroom in all formats and different colours, exposed showers, shower columns, built-in taps and much more. In addition, all of this&hellip;","og_url":"https:\/\/gmelorente-pre.atic.green\/en\/catalog-faucet-io\/","og_site_name":"GME DIVISI\u00d3N BA\u00d1OS","article_publisher":"https:\/\/www.facebook.com\/gmedivision\/?fref=ts","article_modified_time":"2024-05-28T13:17:48+00:00","og_image":[{"url":"https:\/\/gmelorente.com\/wp-content\/uploads\/Portada-IO-ING.jpg","type":"","width":"","height":""}],"twitter_card":"summary_large_image","twitter_misc":{"Est. reading time":"2 minutes"},"schema":{"@context":"https:\/\/schema.org","@graph":[{"@type":"WebPage","@id":"https:\/\/gmelorente-pre.atic.green\/en\/catalog-faucet-io\/","url":"https:\/\/gmelorente-pre.atic.green\/en\/catalog-faucet-io\/","name":"Catalog Faucet IO - GME DIVISI\u00d3N BA\u00d1OS","isPartOf":{"@id":"https:\/\/gmelorente-pre.atic.green\/#website"},"primaryImageOfPage":{"@id":"https:\/\/gmelorente-pre.atic.green\/en\/catalog-faucet-io\/#primaryimage"},"image":{"@id":"https:\/\/gmelorente-pre.atic.green\/en\/catalog-faucet-io\/#primaryimage"},"thumbnailUrl":"https:\/\/gmelorente.com\/wp-content\/uploads\/Portada-IO-ING.jpg","datePublished":"2020-09-28T23:04:17+00:00","dateModified":"2024-05-28T13:17:48+00:00","breadcrumb":{"@id":"https:\/\/gmelorente-pre.atic.green\/en\/catalog-faucet-io\/#breadcrumb"},"inLanguage":"en-US","potentialAction":[{"@type":"ReadAction","target":["https:\/\/gmelorente-pre.atic.green\/en\/catalog-faucet-io\/"]}]},{"@type":"ImageObject","inLanguage":"en-US","@id":"https:\/\/gmelorente-pre.atic.green\/en\/catalog-faucet-io\/#primaryimage","url":"https:\/\/gmelorente.com\/wp-content\/uploads\/Portada-IO-ING.jpg","contentUrl":"https:\/\/gmelorente.com\/wp-content\/uploads\/Portada-IO-ING.jpg"},{"@type":"BreadcrumbList","@id":"https:\/\/gmelorente-pre.atic.green\/en\/catalog-faucet-io\/#breadcrumb","itemListElement":[{"@type":"ListItem","position":1,"name":"Home","item":"https:\/\/gmelorente-pre.atic.green\/en\/"},{"@type":"ListItem","position":2,"name":"Catalog Faucet IO"}]},{"@type":"WebSite","@id":"https:\/\/gmelorente-pre.atic.green\/#website","url":"https:\/\/gmelorente-pre.atic.green\/","name":"GME DIVISI\u00d3N BA\u00d1OS","description":"Mamparas de ducha y mucho m\u00e1s","publisher":{"@id":"https:\/\/gmelorente-pre.atic.green\/#organization"},"potentialAction":[{"@type":"SearchAction","target":{"@type":"EntryPoint","urlTemplate":"https:\/\/gmelorente-pre.atic.green\/?s={search_term_string}"},"query-input":{"@type":"PropertyValueSpecification","valueRequired":true,"valueName":"search_term_string"}}],"inLanguage":"en-US"},{"@type":"Organization","@id":"https:\/\/gmelorente-pre.atic.green\/#organization","name":"GME DIVISI\u00d3N BA\u00d1OS S.L.","url":"https:\/\/gmelorente-pre.atic.green\/","logo":{"@type":"ImageObject","inLanguage":"en-US","@id":"https:\/\/gmelorente-pre.atic.green\/#\/schema\/logo\/image\/","url":"https:\/\/gmelorente.com\/wp-content\/uploads\/logo-gme-azul.jpg","contentUrl":"https:\/\/gmelorente.com\/wp-content\/uploads\/logo-gme-azul.jpg","width":810,"height":298,"caption":"GME DIVISI\u00d3N BA\u00d1OS S.L."},"image":{"@id":"https:\/\/gmelorente-pre.atic.green\/#\/schema\/logo\/image\/"},"sameAs":["https:\/\/www.facebook.com\/gmedivision\/?fref=ts","https:\/\/es.pinterest.com\/gmedivision\/?eq=gme&amp;etslf=14997"]}]}},"_links":{"self":[{"href":"https:\/\/gmelorente-pre.atic.green\/en\/wp-json\/wp\/v2\/pages\/67994","targetHints":{"allow":["GET"]}}],"collection":[{"href":"https:\/\/gmelorente-pre.atic.green\/en\/wp-json\/wp\/v2\/pages"}],"about":[{"href":"https:\/\/gmelorente-pre.atic.green\/en\/wp-json\/wp\/v2\/types\/page"}],"author":[{"embeddable":true,"href":"https:\/\/gmelorente-pre.atic.green\/en\/wp-json\/wp\/v2\/users\/1"}],"replies":[{"embeddable":true,"href":"https:\/\/gmelorente-pre.atic.green\/en\/wp-json\/wp\/v2\/comments?post=67994"}],"version-history":[{"count":7,"href":"https:\/\/gmelorente-pre.atic.green\/en\/wp-json\/wp\/v2\/pages\/67994\/revisions"}],"predecessor-version":[{"id":84501,"href":"https:\/\/gmelorente-pre.atic.green\/en\/wp-json\/wp\/v2\/pages\/67994\/revisions\/84501"}],"wp:attachment":[{"href":"https:\/\/gmelorente-pre.atic.green\/en\/wp-json\/wp\/v2\/media?parent=67994"}],"curies":[{"name":"wp","href":"https:\/\/api.w.org\/{rel}","templated":true}]}}