{"id":84057,"date":"2024-04-15T13:01:36","date_gmt":"2024-04-15T11:01:36","guid":{"rendered":"https:\/\/gmelorente.com\/?page_id=84057"},"modified":"2024-04-15T13:01:36","modified_gmt":"2024-04-15T11:01:36","slug":"kitchen-faucets","status":"publish","type":"page","link":"https:\/\/gmelorente-pre.atic.green\/en\/kitchen-faucets\/","title":{"rendered":"Kitchen faucets"},"content":{"rendered":"<p>[vc_row][vc_column][vc_column_text]Are you looking for a <strong>quality kitchen faucet<\/strong>? At GME, we offer a wide range of quality kitchen faucets under our European registered trademark, <strong>IO\u00ae<\/strong>. The products can be viewed in more detail in our <a href=\"https:\/\/gmelorente.com\/en\/catalog-faucet-io\/\">IO\u00ae faucet catalogue<\/a>. All the taps comply with <strong>European standards<\/strong> and have passed the necessary tests to obtain their European certification in <a href=\"https:\/\/www.aidimme.es\">Aidimme<\/a>, the Technological Institute of Valencia.[\/vc_column_text][\/vc_column][\/vc_row][vc_row][vc_column][vc_empty_space][\/vc_column][\/vc_row][vc_row][vc_column]<div class=\"hr-thin style-line\" style=\"width: 100%;border-top-width: 1px;\"><\/div>[vc_empty_space][\/vc_column][\/vc_row][vc_row][vc_column][dt_portfolio number=&#8221;100&#8243; orderby=&#8221;title&#8221; order=&#8221;asc&#8221; show_filter=&#8221;true&#8221; type=&#8221;grid&#8221; same_width=&#8221;true&#8221; proportion=&#8221;1:1&#8243; show_title=&#8221;true&#8221; show_excerpt=&#8221;true&#8221; column_width=&#8221;&#8221; columns=&#8221;4&#8243; category=&#8221;griferia-de-cocina&#8221;][\/vc_column][\/vc_row]<\/p>\n","protected":false},"excerpt":{"rendered":"<p>[vc_row][vc_column][vc_column_text]Are you looking for a quality kitchen faucet? At GME, we offer a wide range of quality kitchen faucets under our European registered trademark, IO\u00ae. The products can be viewed in more detail in our IO\u00ae faucet catalogue. All the taps comply with European standards and have passed the necessary tests to obtain their European&hellip;<\/p>\n","protected":false},"author":1,"featured_media":0,"parent":0,"menu_order":0,"comment_status":"closed","ping_status":"closed","template":"","meta":{"footnotes":""},"class_list":["post-84057","page","type-page","status-publish","hentry","description-off"],"yoast_head":"<!-- This site is optimized with the Yoast SEO plugin v24.8.1 - https:\/\/yoast.com\/wordpress\/plugins\/seo\/ -->\n<title>Quality kitchen faucets IO\u00ae by GME - GME Mamparas y Ba\u00f1o<\/title>\n<meta name=\"description\" content=\"Quality kitchen fittings from GME. Washbasin, bidet, bathtub and shower taps. Fountains and showers. Sprinklers and built-in fittings. All with 3 year guarantee.\" \/>\n<meta name=\"robots\" content=\"index, follow, max-snippet:-1, max-image-preview:large, max-video-preview:-1\" \/>\n<link rel=\"canonical\" href=\"https:\/\/gmelorente-pre.atic.green\/en\/productos\/kitchen-faucets\/\" \/>\n<meta property=\"og:locale\" content=\"en_US\" \/>\n<meta property=\"og:type\" content=\"article\" \/>\n<meta property=\"og:title\" content=\"Quality kitchen faucets IO\u00ae by GME - GME Mamparas y Ba\u00f1o\" \/>\n<meta property=\"og:description\" content=\"Quality kitchen fittings from GME. Washbasin, bidet, bathtub and shower taps. Fountains and showers. Sprinklers and built-in fittings. All with 3 year guarantee.\" \/>\n<meta property=\"og:url\" content=\"https:\/\/gmelorente-pre.atic.green\/en\/productos\/kitchen-faucets\/\" \/>\n<meta property=\"og:site_name\" content=\"GME DIVISI\u00d3N BA\u00d1OS\" \/>\n<meta property=\"article:publisher\" content=\"https:\/\/www.facebook.com\/gmedivision\/?fref=ts\" \/>\n<meta name=\"twitter:card\" content=\"summary_large_image\" \/>\n<meta name=\"twitter:label1\" content=\"Est. reading time\" \/>\n\t<meta name=\"twitter:data1\" content=\"1 minute\" \/>\n<script type=\"application\/ld+json\" class=\"yoast-schema-graph\">{\"@context\":\"https:\/\/schema.org\",\"@graph\":[{\"@type\":\"WebPage\",\"@id\":\"https:\/\/gmelorente-pre.atic.green\/en\/productos\/kitchen-faucets\/\",\"url\":\"https:\/\/gmelorente-pre.atic.green\/en\/productos\/kitchen-faucets\/\",\"name\":\"Quality kitchen faucets IO\u00ae by GME - GME Mamparas y Ba\u00f1o\",\"isPartOf\":{\"@id\":\"https:\/\/gmelorente-pre.atic.green\/#website\"},\"datePublished\":\"2024-04-15T11:01:36+00:00\",\"description\":\"Quality kitchen fittings from GME. Washbasin, bidet, bathtub and shower taps. Fountains and showers. Sprinklers and built-in fittings. All with 3 year guarantee.\",\"breadcrumb\":{\"@id\":\"https:\/\/gmelorente-pre.atic.green\/en\/productos\/kitchen-faucets\/#breadcrumb\"},\"inLanguage\":\"en-US\",\"potentialAction\":[{\"@type\":\"ReadAction\",\"target\":[\"https:\/\/gmelorente-pre.atic.green\/en\/productos\/kitchen-faucets\/\"]}]},{\"@type\":\"BreadcrumbList\",\"@id\":\"https:\/\/gmelorente-pre.atic.green\/en\/productos\/kitchen-faucets\/#breadcrumb\",\"itemListElement\":[{\"@type\":\"ListItem\",\"position\":1,\"name\":\"Home\",\"item\":\"https:\/\/gmelorente-pre.atic.green\/en\/\"},{\"@type\":\"ListItem\",\"position\":2,\"name\":\"Products\",\"item\":\"https:\/\/gmelorente-pre.atic.green\/en\/productos\/\"},{\"@type\":\"ListItem\",\"position\":3,\"name\":\"Kitchen faucets\"}]},{\"@type\":\"WebSite\",\"@id\":\"https:\/\/gmelorente-pre.atic.green\/#website\",\"url\":\"https:\/\/gmelorente-pre.atic.green\/\",\"name\":\"GME DIVISI\u00d3N BA\u00d1OS\",\"description\":\"Mamparas de ducha y mucho m\u00e1s\",\"publisher\":{\"@id\":\"https:\/\/gmelorente-pre.atic.green\/#organization\"},\"potentialAction\":[{\"@type\":\"SearchAction\",\"target\":{\"@type\":\"EntryPoint\",\"urlTemplate\":\"https:\/\/gmelorente-pre.atic.green\/?s={search_term_string}\"},\"query-input\":{\"@type\":\"PropertyValueSpecification\",\"valueRequired\":true,\"valueName\":\"search_term_string\"}}],\"inLanguage\":\"en-US\"},{\"@type\":\"Organization\",\"@id\":\"https:\/\/gmelorente-pre.atic.green\/#organization\",\"name\":\"GME DIVISI\u00d3N BA\u00d1OS S.L.\",\"url\":\"https:\/\/gmelorente-pre.atic.green\/\",\"logo\":{\"@type\":\"ImageObject\",\"inLanguage\":\"en-US\",\"@id\":\"https:\/\/gmelorente-pre.atic.green\/#\/schema\/logo\/image\/\",\"url\":\"https:\/\/gmelorente.com\/wp-content\/uploads\/logo-gme-azul.jpg\",\"contentUrl\":\"https:\/\/gmelorente.com\/wp-content\/uploads\/logo-gme-azul.jpg\",\"width\":810,\"height\":298,\"caption\":\"GME DIVISI\u00d3N BA\u00d1OS S.L.\"},\"image\":{\"@id\":\"https:\/\/gmelorente-pre.atic.green\/#\/schema\/logo\/image\/\"},\"sameAs\":[\"https:\/\/www.facebook.com\/gmedivision\/?fref=ts\",\"https:\/\/es.pinterest.com\/gmedivision\/?eq=gme&amp;etslf=14997\"]}]}<\/script>\n<!-- \/ Yoast SEO plugin. -->","yoast_head_json":{"title":"Quality kitchen faucets IO\u00ae by GME - GME Mamparas y Ba\u00f1o","description":"Quality kitchen fittings from GME. Washbasin, bidet, bathtub and shower taps. Fountains and showers. Sprinklers and built-in fittings. All with 3 year guarantee.","robots":{"index":"index","follow":"follow","max-snippet":"max-snippet:-1","max-image-preview":"max-image-preview:large","max-video-preview":"max-video-preview:-1"},"canonical":"https:\/\/gmelorente-pre.atic.green\/en\/productos\/kitchen-faucets\/","og_locale":"en_US","og_type":"article","og_title":"Quality kitchen faucets IO\u00ae by GME - GME Mamparas y Ba\u00f1o","og_description":"Quality kitchen fittings from GME. Washbasin, bidet, bathtub and shower taps. Fountains and showers. Sprinklers and built-in fittings. All with 3 year guarantee.","og_url":"https:\/\/gmelorente-pre.atic.green\/en\/productos\/kitchen-faucets\/","og_site_name":"GME DIVISI\u00d3N BA\u00d1OS","article_publisher":"https:\/\/www.facebook.com\/gmedivision\/?fref=ts","twitter_card":"summary_large_image","twitter_misc":{"Est. reading time":"1 minute"},"schema":{"@context":"https:\/\/schema.org","@graph":[{"@type":"WebPage","@id":"https:\/\/gmelorente-pre.atic.green\/en\/productos\/kitchen-faucets\/","url":"https:\/\/gmelorente-pre.atic.green\/en\/productos\/kitchen-faucets\/","name":"Quality kitchen faucets IO\u00ae by GME - GME Mamparas y Ba\u00f1o","isPartOf":{"@id":"https:\/\/gmelorente-pre.atic.green\/#website"},"datePublished":"2024-04-15T11:01:36+00:00","description":"Quality kitchen fittings from GME. Washbasin, bidet, bathtub and shower taps. Fountains and showers. Sprinklers and built-in fittings. All with 3 year guarantee.","breadcrumb":{"@id":"https:\/\/gmelorente-pre.atic.green\/en\/productos\/kitchen-faucets\/#breadcrumb"},"inLanguage":"en-US","potentialAction":[{"@type":"ReadAction","target":["https:\/\/gmelorente-pre.atic.green\/en\/productos\/kitchen-faucets\/"]}]},{"@type":"BreadcrumbList","@id":"https:\/\/gmelorente-pre.atic.green\/en\/productos\/kitchen-faucets\/#breadcrumb","itemListElement":[{"@type":"ListItem","position":1,"name":"Home","item":"https:\/\/gmelorente-pre.atic.green\/en\/"},{"@type":"ListItem","position":2,"name":"Products","item":"https:\/\/gmelorente-pre.atic.green\/en\/productos\/"},{"@type":"ListItem","position":3,"name":"Kitchen faucets"}]},{"@type":"WebSite","@id":"https:\/\/gmelorente-pre.atic.green\/#website","url":"https:\/\/gmelorente-pre.atic.green\/","name":"GME DIVISI\u00d3N BA\u00d1OS","description":"Mamparas de ducha y mucho m\u00e1s","publisher":{"@id":"https:\/\/gmelorente-pre.atic.green\/#organization"},"potentialAction":[{"@type":"SearchAction","target":{"@type":"EntryPoint","urlTemplate":"https:\/\/gmelorente-pre.atic.green\/?s={search_term_string}"},"query-input":{"@type":"PropertyValueSpecification","valueRequired":true,"valueName":"search_term_string"}}],"inLanguage":"en-US"},{"@type":"Organization","@id":"https:\/\/gmelorente-pre.atic.green\/#organization","name":"GME DIVISI\u00d3N BA\u00d1OS S.L.","url":"https:\/\/gmelorente-pre.atic.green\/","logo":{"@type":"ImageObject","inLanguage":"en-US","@id":"https:\/\/gmelorente-pre.atic.green\/#\/schema\/logo\/image\/","url":"https:\/\/gmelorente.com\/wp-content\/uploads\/logo-gme-azul.jpg","contentUrl":"https:\/\/gmelorente.com\/wp-content\/uploads\/logo-gme-azul.jpg","width":810,"height":298,"caption":"GME DIVISI\u00d3N BA\u00d1OS S.L."},"image":{"@id":"https:\/\/gmelorente-pre.atic.green\/#\/schema\/logo\/image\/"},"sameAs":["https:\/\/www.facebook.com\/gmedivision\/?fref=ts","https:\/\/es.pinterest.com\/gmedivision\/?eq=gme&amp;etslf=14997"]}]}},"_links":{"self":[{"href":"https:\/\/gmelorente-pre.atic.green\/en\/wp-json\/wp\/v2\/pages\/84057","targetHints":{"allow":["GET"]}}],"collection":[{"href":"https:\/\/gmelorente-pre.atic.green\/en\/wp-json\/wp\/v2\/pages"}],"about":[{"href":"https:\/\/gmelorente-pre.atic.green\/en\/wp-json\/wp\/v2\/types\/page"}],"author":[{"embeddable":true,"href":"https:\/\/gmelorente-pre.atic.green\/en\/wp-json\/wp\/v2\/users\/1"}],"replies":[{"embeddable":true,"href":"https:\/\/gmelorente-pre.atic.green\/en\/wp-json\/wp\/v2\/comments?post=84057"}],"version-history":[{"count":2,"href":"https:\/\/gmelorente-pre.atic.green\/en\/wp-json\/wp\/v2\/pages\/84057\/revisions"}],"predecessor-version":[{"id":84059,"href":"https:\/\/gmelorente-pre.atic.green\/en\/wp-json\/wp\/v2\/pages\/84057\/revisions\/84059"}],"wp:attachment":[{"href":"https:\/\/gmelorente-pre.atic.green\/en\/wp-json\/wp\/v2\/media?parent=84057"}],"curies":[{"name":"wp","href":"https:\/\/api.w.org\/{rel}","templated":true}]}}