{"id":43093,"date":"2015-08-13T16:35:04","date_gmt":"2015-08-13T14:35:04","guid":{"rendered":"https:\/\/gmelorente.com\/fr\/productos\/platos-de-ducha\/"},"modified":"2016-02-11T16:27:06","modified_gmt":"2016-02-11T15:27:06","slug":"platos-de-ducha","status":"publish","type":"page","link":"https:\/\/gmelorente-pre.atic.green\/fr\/platos-de-ducha\/","title":{"rendered":"Receveurs de douche"},"content":{"rendered":"<p>[vc_row][vc_column][dt_portfolio type=\u00a0\u00bbgrid\u00a0\u00bb column_width=\u00a0\u00bb\u00a0\u00bb columns=\u00a0\u00bb4&Prime; proportion=\u00a0\u00bb1:1&Prime; same_width=\u00a0\u00bbtrue\u00a0\u00bb show_title=\u00a0\u00bbtrue\u00a0\u00bb show_excerpt=\u00a0\u00bbtrue\u00a0\u00bb show_filter=\u00a0\u00bbtrue\u00a0\u00bb number=\u00a0\u00bb24&Prime; orderby=\u00a0\u00bbtitle\u00a0\u00bb order=\u00a0\u00bbasc\u00a0\u00bb category=\u00a0\u00bbresina-carga-mineral-tradicional-fr,resina-tecnica-fr,resina-carga-mineral-plus-fr,acrilicos-fr\u00a0\u00bb][\/vc_column][\/vc_row]<\/p>\n","protected":false},"excerpt":{"rendered":"<p>[vc_row][vc_column][dt_portfolio type=\u00a0\u00bbgrid\u00a0\u00bb column_width=\u00a0\u00bb\u00a0\u00bb columns=\u00a0\u00bb4&Prime; proportion=\u00a0\u00bb1:1&Prime; same_width=\u00a0\u00bbtrue\u00a0\u00bb show_title=\u00a0\u00bbtrue\u00a0\u00bb show_excerpt=\u00a0\u00bbtrue\u00a0\u00bb show_filter=\u00a0\u00bbtrue\u00a0\u00bb number=\u00a0\u00bb24&Prime; orderby=\u00a0\u00bbtitle\u00a0\u00bb order=\u00a0\u00bbasc\u00a0\u00bb category=\u00a0\u00bbresina-carga-mineral-tradicional-fr,resina-tecnica-fr,resina-carga-mineral-plus-fr,acrilicos-fr\u00a0\u00bb][\/vc_column][\/vc_row]<\/p>\n","protected":false},"author":1,"featured_media":0,"parent":0,"menu_order":0,"comment_status":"closed","ping_status":"closed","template":"","meta":{"footnotes":""},"class_list":["post-43093","page","type-page","status-publish","hentry","description-off"],"yoast_head":"<!-- This site is optimized with the Yoast SEO plugin v24.8.1 - https:\/\/yoast.com\/wordpress\/plugins\/seo\/ -->\n<title>Fabricante platos de ducha con certificados de calidad GME<\/title>\n<meta name=\"description\" content=\"Fabricante platos de ducha con certificados de calidad GME. Platos de resina con carga mineral a medida, con corte y con un plazo de entrega medio de 48 horas.\" \/>\n<meta name=\"robots\" content=\"index, follow, max-snippet:-1, max-image-preview:large, max-video-preview:-1\" \/>\n<link rel=\"canonical\" href=\"https:\/\/gmelorente-pre.atic.green\/fr\/productos\/platos-de-ducha\/\" \/>\n<meta property=\"og:locale\" content=\"fr_FR\" \/>\n<meta property=\"og:type\" content=\"article\" \/>\n<meta property=\"og:title\" content=\"Fabricante platos de ducha con certificados de calidad GME\" \/>\n<meta property=\"og:description\" content=\"Fabricante platos de ducha con certificados de calidad GME. Platos de resina con carga mineral a medida, con corte y con un plazo de entrega medio de 48 horas.\" \/>\n<meta property=\"og:url\" content=\"https:\/\/gmelorente-pre.atic.green\/fr\/productos\/platos-de-ducha\/\" \/>\n<meta property=\"og:site_name\" content=\"GME DIVISI\u00d3N BA\u00d1OS\" \/>\n<meta property=\"article:publisher\" content=\"https:\/\/www.facebook.com\/gmedivision\/?fref=ts\" \/>\n<meta property=\"article:modified_time\" content=\"2016-02-11T15:27:06+00:00\" \/>\n<meta name=\"twitter:card\" content=\"summary_large_image\" \/>\n<script type=\"application\/ld+json\" class=\"yoast-schema-graph\">{\"@context\":\"https:\/\/schema.org\",\"@graph\":[{\"@type\":\"WebPage\",\"@id\":\"https:\/\/gmelorente-pre.atic.green\/fr\/productos\/platos-de-ducha\/\",\"url\":\"https:\/\/gmelorente-pre.atic.green\/fr\/productos\/platos-de-ducha\/\",\"name\":\"Fabricante platos de ducha con certificados de calidad GME\",\"isPartOf\":{\"@id\":\"https:\/\/gmelorente-pre.atic.green\/#website\"},\"datePublished\":\"2015-08-13T14:35:04+00:00\",\"dateModified\":\"2016-02-11T15:27:06+00:00\",\"description\":\"Fabricante platos de ducha con certificados de calidad GME. Platos de resina con carga mineral a medida, con corte y con un plazo de entrega medio de 48 horas.\",\"breadcrumb\":{\"@id\":\"https:\/\/gmelorente-pre.atic.green\/fr\/productos\/platos-de-ducha\/#breadcrumb\"},\"inLanguage\":\"fr-FR\",\"potentialAction\":[{\"@type\":\"ReadAction\",\"target\":[\"https:\/\/gmelorente-pre.atic.green\/fr\/productos\/platos-de-ducha\/\"]}]},{\"@type\":\"BreadcrumbList\",\"@id\":\"https:\/\/gmelorente-pre.atic.green\/fr\/productos\/platos-de-ducha\/#breadcrumb\",\"itemListElement\":[{\"@type\":\"ListItem\",\"position\":1,\"name\":\"Home\",\"item\":\"https:\/\/gmelorente-pre.atic.green\/fr\/\"},{\"@type\":\"ListItem\",\"position\":2,\"name\":\"Produits\",\"item\":\"https:\/\/gmelorente-pre.atic.green\/fr\/productos\/\"},{\"@type\":\"ListItem\",\"position\":3,\"name\":\"Receveurs de douche\"}]},{\"@type\":\"WebSite\",\"@id\":\"https:\/\/gmelorente-pre.atic.green\/#website\",\"url\":\"https:\/\/gmelorente-pre.atic.green\/\",\"name\":\"GME DIVISI\u00d3N BA\u00d1OS\",\"description\":\"Mamparas de ducha y mucho m\u00e1s\",\"publisher\":{\"@id\":\"https:\/\/gmelorente-pre.atic.green\/#organization\"},\"potentialAction\":[{\"@type\":\"SearchAction\",\"target\":{\"@type\":\"EntryPoint\",\"urlTemplate\":\"https:\/\/gmelorente-pre.atic.green\/?s={search_term_string}\"},\"query-input\":{\"@type\":\"PropertyValueSpecification\",\"valueRequired\":true,\"valueName\":\"search_term_string\"}}],\"inLanguage\":\"fr-FR\"},{\"@type\":\"Organization\",\"@id\":\"https:\/\/gmelorente-pre.atic.green\/#organization\",\"name\":\"GME DIVISI\u00d3N BA\u00d1OS S.L.\",\"url\":\"https:\/\/gmelorente-pre.atic.green\/\",\"logo\":{\"@type\":\"ImageObject\",\"inLanguage\":\"fr-FR\",\"@id\":\"https:\/\/gmelorente-pre.atic.green\/#\/schema\/logo\/image\/\",\"url\":\"https:\/\/gmelorente.com\/wp-content\/uploads\/logo-gme-azul.jpg\",\"contentUrl\":\"https:\/\/gmelorente.com\/wp-content\/uploads\/logo-gme-azul.jpg\",\"width\":810,\"height\":298,\"caption\":\"GME DIVISI\u00d3N BA\u00d1OS S.L.\"},\"image\":{\"@id\":\"https:\/\/gmelorente-pre.atic.green\/#\/schema\/logo\/image\/\"},\"sameAs\":[\"https:\/\/www.facebook.com\/gmedivision\/?fref=ts\",\"https:\/\/es.pinterest.com\/gmedivision\/?eq=gme&amp;etslf=14997\"]}]}<\/script>\n<!-- \/ Yoast SEO plugin. -->","yoast_head_json":{"title":"Fabricante platos de ducha con certificados de calidad GME","description":"Fabricante platos de ducha con certificados de calidad GME. Platos de resina con carga mineral a medida, con corte y con un plazo de entrega medio de 48 horas.","robots":{"index":"index","follow":"follow","max-snippet":"max-snippet:-1","max-image-preview":"max-image-preview:large","max-video-preview":"max-video-preview:-1"},"canonical":"https:\/\/gmelorente-pre.atic.green\/fr\/productos\/platos-de-ducha\/","og_locale":"fr_FR","og_type":"article","og_title":"Fabricante platos de ducha con certificados de calidad GME","og_description":"Fabricante platos de ducha con certificados de calidad GME. Platos de resina con carga mineral a medida, con corte y con un plazo de entrega medio de 48 horas.","og_url":"https:\/\/gmelorente-pre.atic.green\/fr\/productos\/platos-de-ducha\/","og_site_name":"GME DIVISI\u00d3N BA\u00d1OS","article_publisher":"https:\/\/www.facebook.com\/gmedivision\/?fref=ts","article_modified_time":"2016-02-11T15:27:06+00:00","twitter_card":"summary_large_image","schema":{"@context":"https:\/\/schema.org","@graph":[{"@type":"WebPage","@id":"https:\/\/gmelorente-pre.atic.green\/fr\/productos\/platos-de-ducha\/","url":"https:\/\/gmelorente-pre.atic.green\/fr\/productos\/platos-de-ducha\/","name":"Fabricante platos de ducha con certificados de calidad GME","isPartOf":{"@id":"https:\/\/gmelorente-pre.atic.green\/#website"},"datePublished":"2015-08-13T14:35:04+00:00","dateModified":"2016-02-11T15:27:06+00:00","description":"Fabricante platos de ducha con certificados de calidad GME. Platos de resina con carga mineral a medida, con corte y con un plazo de entrega medio de 48 horas.","breadcrumb":{"@id":"https:\/\/gmelorente-pre.atic.green\/fr\/productos\/platos-de-ducha\/#breadcrumb"},"inLanguage":"fr-FR","potentialAction":[{"@type":"ReadAction","target":["https:\/\/gmelorente-pre.atic.green\/fr\/productos\/platos-de-ducha\/"]}]},{"@type":"BreadcrumbList","@id":"https:\/\/gmelorente-pre.atic.green\/fr\/productos\/platos-de-ducha\/#breadcrumb","itemListElement":[{"@type":"ListItem","position":1,"name":"Home","item":"https:\/\/gmelorente-pre.atic.green\/fr\/"},{"@type":"ListItem","position":2,"name":"Produits","item":"https:\/\/gmelorente-pre.atic.green\/fr\/productos\/"},{"@type":"ListItem","position":3,"name":"Receveurs de douche"}]},{"@type":"WebSite","@id":"https:\/\/gmelorente-pre.atic.green\/#website","url":"https:\/\/gmelorente-pre.atic.green\/","name":"GME DIVISI\u00d3N BA\u00d1OS","description":"Mamparas de ducha y mucho m\u00e1s","publisher":{"@id":"https:\/\/gmelorente-pre.atic.green\/#organization"},"potentialAction":[{"@type":"SearchAction","target":{"@type":"EntryPoint","urlTemplate":"https:\/\/gmelorente-pre.atic.green\/?s={search_term_string}"},"query-input":{"@type":"PropertyValueSpecification","valueRequired":true,"valueName":"search_term_string"}}],"inLanguage":"fr-FR"},{"@type":"Organization","@id":"https:\/\/gmelorente-pre.atic.green\/#organization","name":"GME DIVISI\u00d3N BA\u00d1OS S.L.","url":"https:\/\/gmelorente-pre.atic.green\/","logo":{"@type":"ImageObject","inLanguage":"fr-FR","@id":"https:\/\/gmelorente-pre.atic.green\/#\/schema\/logo\/image\/","url":"https:\/\/gmelorente.com\/wp-content\/uploads\/logo-gme-azul.jpg","contentUrl":"https:\/\/gmelorente.com\/wp-content\/uploads\/logo-gme-azul.jpg","width":810,"height":298,"caption":"GME DIVISI\u00d3N BA\u00d1OS S.L."},"image":{"@id":"https:\/\/gmelorente-pre.atic.green\/#\/schema\/logo\/image\/"},"sameAs":["https:\/\/www.facebook.com\/gmedivision\/?fref=ts","https:\/\/es.pinterest.com\/gmedivision\/?eq=gme&amp;etslf=14997"]}]}},"_links":{"self":[{"href":"https:\/\/gmelorente-pre.atic.green\/fr\/wp-json\/wp\/v2\/pages\/43093","targetHints":{"allow":["GET"]}}],"collection":[{"href":"https:\/\/gmelorente-pre.atic.green\/fr\/wp-json\/wp\/v2\/pages"}],"about":[{"href":"https:\/\/gmelorente-pre.atic.green\/fr\/wp-json\/wp\/v2\/types\/page"}],"author":[{"embeddable":true,"href":"https:\/\/gmelorente-pre.atic.green\/fr\/wp-json\/wp\/v2\/users\/1"}],"replies":[{"embeddable":true,"href":"https:\/\/gmelorente-pre.atic.green\/fr\/wp-json\/wp\/v2\/comments?post=43093"}],"version-history":[{"count":0,"href":"https:\/\/gmelorente-pre.atic.green\/fr\/wp-json\/wp\/v2\/pages\/43093\/revisions"}],"wp:attachment":[{"href":"https:\/\/gmelorente-pre.atic.green\/fr\/wp-json\/wp\/v2\/media?parent=43093"}],"curies":[{"name":"wp","href":"https:\/\/api.w.org\/{rel}","templated":true}]}}