{"id":43144,"date":"2015-11-29T19:25:20","date_gmt":"2015-11-29T17:25:20","guid":{"rendered":"https:\/\/gmelorente.com\/fr\/preguntas-frecuentes\/"},"modified":"2016-02-09T17:24:16","modified_gmt":"2016-02-09T16:24:16","slug":"questions-frequentes","status":"publish","type":"page","link":"https:\/\/gmelorente-pre.atic.green\/fr\/questions-frequentes\/","title":{"rendered":"Questions fr\u00e9quentes"},"content":{"rendered":"<p>[vc_row][vc_column][vc_toggle title=\u00a0\u00bbEn quel type de verre est le pare-baignoire ?\u00a0\u00bb el_id=\u00a0\u00bb1448817188025-c3c3a65e-663f\u00a0\u00bb]Chez GME Division Salle de bain, nous fabriquons tous nos pares baignoires avec du verre de s\u00e9curit\u00e9 tremp\u00e9 de 4 mm \u00e0 10 mm d&rsquo;\u00e9paisseur.[\/vc_toggle][vc_toggle title=\u00a0\u00bbQu&rsquo;est-ce qu&rsquo;un verre tremp\u00e9 ?\u00a0\u00bb el_id=\u00a0\u00bb1448817257410-3efd6ca0-7e14&Prime;]C&rsquo;est un type de verre de haute r\u00e9sistance, obtenu par le proc\u00e9d\u00e9 de chauffer le verre \u00e0 haute temp\u00e9rature pour, imm\u00e9diatement apr\u00e8s, le refroidir \u00e0 l&rsquo;air. De cette mani\u00e8re, le verre est plus r\u00e9sistant aux chocs ou aux changements de temp\u00e9rature.[\/vc_toggle][vc_toggle title=\u00a0\u00bbEst-ce que le verre tremp\u00e9 est incassable ?\u00a0\u00bb el_id=\u00a0\u00bb1448817291658-6a34ef02-5c13&Prime;]Non. Un verre tremp\u00e9 peut \u00e9clater en petits fragments arrondis pour \u00e9viter les blessures qui pourraient \u00eatre graves. La Loi exige que le verre des pares baignoires, soit trait\u00e9 \u00e0 cet \u00e9gard.<\/p>\n<p>Il existe \u00e9galement ce qu&rsquo;on appelle le bris spontan\u00e9. Pr\u00e9vu dans les normes de tol\u00e9rance du verre, il se produit par la pr\u00e9sence d&rsquo;occlusions de sulfure de nickel, provoquant des tensions qui peuvent faire briser le verre sans cause apparente. Les statistiques indiquent que cela se produit dans 1 verre sur 10 000.[\/vc_toggle][vc_toggle title=\u00a0\u00bbQuelle garantie suppl\u00e9mentaire offre GME Division Salle de Bains ?\u00a0\u00bb el_id=\u00a0\u00bb1448817377407-9e5c5096-d005&Prime;]Tous nos produits sont garantis pour une p\u00e9riode de 3 ans, plus que ce que requi\u00e8re la l\u00e9gislation en vigueur.<\/p>\n<p>Nous maintenons \u00e9galement l&rsquo;engagement, envers les distributeurs et les clients, de fournir des pi\u00e8ces de rechange et des solutions pour tous les produits GME Division, Salle de bains, 5 ans apr\u00e8s avoir \u00e9t\u00e9 retir\u00e9s du catalogue.[\/vc_toggle][vc_toggle title=\u00a0\u00bbA Quel type de r\u00e8glement s&rsquo;appliquent les produits GME ?\u00a0\u00bb el_id=\u00a0\u00bb1448817342280-996dcbcb-3d6f\u00a0\u00bb]Nos produits sont fabriqu\u00e9s selon les plus hauts standards de qualit\u00e9 exig\u00e9s par l&rsquo;Union europ\u00e9enne. Ils disposent \u00e9galement du certificat de produits norme UNE-EN 14428:05\u00a0 qu&rsquo;Aenor octroie aux fabricants de parois et accessoires de salle de bain qui respectent les normes garantissant les sp\u00e9cifications de s\u00e9curit\u00e9 et de durabilit\u00e9.[\/vc_toggle][vc_toggle title=\u00a0\u00bbQuels genres de tests sont r\u00e9alis\u00e9s sur les produits de GME Division Salle de Bains ?\u00a0\u00bb el_id=\u00a0\u00bb1448817435454-34e4240d-1a23&Prime;]Nous effectuons des tests p\u00e9riodiques au travers d&rsquo;Aidima &#8211; Instituto Tecnol\u00f3gico de Valencia &#8211; afin de garantir la qualit\u00e9 optimale des composants de nos produits.<\/p>\n<p style=\"text-align: justify;\">Dans ce type de test, on mesure aussi bien la r\u00e9sistance des mat\u00e9riaux tel que l&rsquo;aluminium, l&rsquo;acier ou le verre, ainsi que la capacit\u00e9 de r\u00e9tention d&rsquo;eau, facilit\u00e9 de nettoyage, durabilit\u00e9, r\u00e9sistance \u00e0 la corrosion.<\/p>\n<p>[\/vc_toggle][vc_toggle title=\u00a0\u00bbQuels sont les d\u00e9lais de livraison ?\u00a0\u00bb el_id=\u00a0\u00bb1448817479460-f51a917c-aeb6&Prime;]Chez GME Division Salle de bains nous disposons de plus de 15 000 m2\u00a0d&rsquo;installations et plus de 30 000 pares baignoire et receveurs de douche, pr\u00eats \u00e0 \u00eatre envoy\u00e9s au moment de la r\u00e9ception de la commande. Le d\u00e9lai de livraison ne d\u00e9passe pas les 5 jours. Lorsque la commande co\u00efncide avec une r\u00e9f\u00e9rence en rupture de stock, notre syst\u00e8me notifie le jour m\u00eame, un nouveau d\u00e9lai de livraison.<\/p>\n<p>Dans tous les cas, il y a des produits qui, de par leur nature exigent des d\u00e9lais de livraison exceptionnels:<\/p>\n<p style=\"padding-left: 30px;\">\u2022 Parois avec d\u00e9coration en vinyle : 1 semaine<br \/>\n\u2022 Receveurs de douche avec d\u00e9coupe sur mesure et XXL : de 3 \u00e0 5 jours.<br \/>\n\u2022\u00a0Pare-baignoire sur mesure ou d\u00e9corations sp\u00e9ciales : 15 jours<\/p>\n<p>[\/vc_toggle][vc_toggle title=\u00a0\u00bbPeut-on commander un receveur de douche sur mesure?\u00a0\u00bb el_id=\u00a0\u00bb1448817540671-73d0c62c-4ec4&Prime;]Oui. Chez GME Division Salle de Bains, nous pouvons fournir le receveur selon la taille requise, \u00e0 condition que le mod\u00e8le choisi le permette.<\/p>\n<p>Il convient de rappeler que le d\u00e9lai de livraison des commandes sur mesure est prolong\u00e9 jusqu&rsquo;\u00e0 5 jours ouvrables.[\/vc_toggle][vc_toggle title=\u00a0\u00bbQuelle est la dimension maximum d&rsquo;un receveur de douche?\u00a0\u00bb el_id=\u00a0\u00bb1448817592124-001d114e-c38c\u00a0\u00bb]<\/p>\n<p style=\"text-align: justify;\">Les principales dimensions que nous fournissons sont de 200 x 100 cm pour les mod\u00e8les Stone Classic et Ardessia, 200 cm x 80 cm pour le mod\u00e8le Style Plus et 200 x 90 cm en Resitec.<\/p>\n<p style=\"text-align: justify;\">Chez GME Division Salle de bains, nous ne recommandons pas les receveurs de douche de dimensions sup\u00e9rieures.<\/p>\n<p>[\/vc_toggle][vc_toggle title=\u00a0\u00bbDans le cas des pares baignoires, quels mod\u00e8les sont fournis sur mesure?\u00a0\u00bb el_id=\u00a0\u00bb1448817620730-519d14e8-8224&Prime;]Chez Divisions Salle de bains, nous disposons de toutes les largeurs de pare-baignoire pour la hauteur standard.<\/p>\n<p>Dans le cas des mod\u00e8les Basic, Futura, Rotaru, Temple et Screen nous disposons \u00e9galement de fabrication sur mesure, car il s&rsquo;agit de hauteurs inf\u00e9rieures \u00e0 celle standard, de caissons ou d&rsquo;angles.<\/p>\n<p>Les parois lat\u00e9rales fixes sur mesures sont disponibles pour toutes nos s\u00e9ries, y compris avec livraison imm\u00e9diate, pour les mod\u00e8les Titan, Aktual, Prestige, Akord, Slim et Open.<\/p>\n<p style=\"text-align: justify;\">Pour le reste des mod\u00e8les, des variations peuvent \u00eatre r\u00e9alis\u00e9es sur les fixes lat\u00e9rales ou caissons sp\u00e9ciaux, \u00a0apr\u00e8s consultation pr\u00e9alable aupr\u00e8s de notre bureau technique ou de l&rsquo;un de nos d\u00e9l\u00e9gu\u00e9s commerciaux.<\/p>\n<p>[\/vc_toggle][vc_toggle title=\u00a0\u00bbLe positionnement du bras support dans le mod\u00e8le Screen est-il n\u00e9cessaire?\u00a0\u00bb el_id=\u00a0\u00bb1448817653625-52005b5d-c685&Prime;]Sans \u00eatre obligatoire il est fortement recommand\u00e9. Autrement, les uniques fixations du pare-baignoire seraient le mur et le sol, et par cons\u00e9quent il serait beaucoup moins s\u00e9curisant face \u00e0 une bousculade \u00a0ou d&rsquo;\u00e9ventuels glissements.<\/p>\n<p>Chez GME Division Salle de Bains, nous vous recommandons d&rsquo;utiliser le support joint au verre Moving de 25 cm ou 45 cm.[\/vc_toggle][vc_toggle title=\u00a0\u00bbQuel est le meilleur choix ? Une paroi avec ou sans structure int\u00e9rieure?\u00a0\u00bb el_id=\u00a0\u00bb1448817746595-4752450f-da11&Prime;]Tout d\u00e9pend si nous choisissons la paroi d&rsquo;un point de vue pratique ou plut\u00f4t d\u00e9coratif.<\/p>\n<p>Les parois sans structure int\u00e9rieure sont toujours plus \u00e9tanches \u00e0 l&rsquo;eau. L&rsquo;\u00e9tanch\u00e9it\u00e9 des parois qui ne disposent pas de structure est \u00e9galement effective si l&rsquo;eau ne se dirige pas directement \u00e0 des points concrets de la paroi.<\/p>\n<p style=\"text-align: justify;\">Dans tous les cas, il est toujours recommand\u00e9 d&rsquo;utiliser un tapis de bain devant la paroi afin qu&rsquo;il recueille les gouttes qui pourraient \u00e9clabousser et \u00e9viter ainsi les glissements.<\/p>\n<p>[\/vc_toggle][vc_toggle title=\u00a0\u00bbQuelles sont les diff\u00e9rences entre une structure en aluminium et une autre en acier?\u00a0\u00bb el_id=\u00a0\u00bb1448817777977-8b7cf17c-d1a7&Prime;]L&rsquo;acier est un mat\u00e9riau de qualit\u00e9 sup\u00e9rieure \u00e0 l&rsquo;aluminium. Toutefois, dans des conditions normales et en utilisant les produits d&rsquo;entretien ad\u00e9quats, les deux mat\u00e9riaux peuvent \u00eatre conserv\u00e9s avec un aspect semblable \u00e0 celui du premier jour. Dans tous les cas, la diff\u00e9rence entre l&rsquo;aluminium et l&rsquo;acier se manifeste, surtout, par rapport \u00e0 l&rsquo;\u00e9clat de chaque mat\u00e9riel.\u00a0 Alors que la luminosit\u00e9 de l&rsquo;aluminium est plus faible, la surface de l&rsquo;acier, trait\u00e9 selon un processus connu comme un miroir poli, est comparable \u00e0 une finition chrome et est \u00e9galement plus facile \u00e0 nettoyer.[\/vc_toggle][vc_toggle title=\u00a0\u00bbPeut-on personnaliser un pare-baignoire?\u00a0\u00bb el_id=\u00a0\u00bb1448817829297-d58abf9c-37c7&Prime;]<\/p>\n<p style=\"text-align: justify;\">Oui, les pares baignoires de GME Division Salle de bains peuvent \u00eatre personnalis\u00e9s avec des vinyles, s\u00e9rigraphies, verre de couleur-parsol-, carglasse ou miroir Mirastar.<\/p>\n<p>[\/vc_toggle][vc_toggle title=\u00a0\u00bbQuelles sont les diff\u00e9rences entre un vinyle et une s\u00e9rigraphie?\u00a0\u00bb el_id=\u00a0\u00bb1448817865817-8c700d12-b05f\u00a0\u00bb]Le vinyle adh\u00e8re au verre tandis que les s\u00e9rigraphies sont des \u00e9maillages de peinture sur verre.<\/p>\n<p>Les Vinyles sont fabriqu\u00e9s avec un mat\u00e9riel polym\u00e9ris\u00e9 sp\u00e9cial pour une adh\u00e9sion parfaite \u00e0 travers, en plus, d&rsquo;un syst\u00e8me <em>air free<\/em> qui \u00e9vite la formation de bulles entre les couches L&rsquo;\u00e9paisseur du film est de 70 microns. Ce type de vinyle n&rsquo;est pas alt\u00e9r\u00e9 par les changements de temp\u00e9rature ou au contact de l&rsquo;eau. Tant est si bien que, lorsqu&rsquo;il est utilis\u00e9 dans des conditions normales, sa garantie atteint les 7 ans.<\/p>\n<p>En outre, comme il peut \u00eatre enlev\u00e9, le vinyle est un tr\u00e8s bon choix pour ceux qui aiment le changement de d\u00e9coration\u00a0 au fil du temps.<\/p>\n<p>Pour sa part, dans la s\u00e9rigraphie, la peinture fusionne dans le verre avant la trempe.\u00a0 Une fois adh\u00e9r\u00e9e elle r\u00e9siste \u00e0 n&rsquo;importe quel produit de nettoyage utilis\u00e9 normalement dans la salle de bain.<\/p>\n<p>La s\u00e9rigraphie permet \u00e9galement la finition Frost, obtenue gr\u00e2ce \u00e0 des bains d&rsquo;acide qui sont int\u00e9gr\u00e9s dans le verre. C&rsquo;est une finition qui est plus ch\u00e8re que la s\u00e9rigraphie traditionnelle mais qui a \u00e9galement un aspect et une texture plus naturels. Son installation n\u00e9cessite une attention accrue en ce qui concerne les taches de silicone, de nettoyage difficile sur ce type de surfaces.[\/vc_toggle][vc_toggle title=\u00a0\u00bbEst-il n\u00e9cessaire d&rsquo;appliquer des traitements anticalcaires sur les pares baignoires?\u00a0\u00bb el_id=\u00a0\u00bb1448817899404-2ac6c62b-f43e\u00a0\u00bb]Nos pares baignoires ne comportent pas de traitements anticalcaires de s\u00e9rie car ils sont trop on\u00e9reux et peu durables. Nous disposons cependant de traitements anti calcaires industriels adapt\u00e9s pour l&rsquo;application directe par le client. Ainsi il pourra \u00eatre appliqu\u00e9 seulement si n\u00e9cessaire, g\u00e9n\u00e9ralement tous les six mois.<\/p>\n<p style=\"text-align: justify;\">Il s&rsquo;agit d&rsquo;un traitement simple qui consiste \u00e0 \u00e9tendre le produit sur la surface de la paroi avec un chiffon doux ou une \u00e9ponge et \u00e0 laisser agir pendant 10 minutes, puis terminer en rin\u00e7ant \u00e0 l&rsquo;eau.<\/p>\n<p>[\/vc_toggle][vc_toggle title=\u00a0\u00bbComment dois-je nettoyer le pare-baignoire?\u00a0\u00bb el_id=\u00a0\u00bb1448817938669-22987e1d-27fa\u00a0\u00bb]La meilleure mani\u00e8re de conserver une paroi est de l&rsquo;essuyer chaque jour. Comme cela n&rsquo;est pas toujours possible, il est recommand\u00e9 de la nettoyer p\u00e9riodiquement avec du savon neutre appliqu\u00e9 avec une \u00e9ponge ou un chiffon doux et de l&rsquo; essuyer apr\u00e8s l&rsquo;avoir rinc\u00e9e. Il faut \u00e9viter, dans tous les cas, l&rsquo;utilisation d&rsquo;\u00e9ponges abrasives et dures qui peuvent endommager le verre comme les parties m\u00e9talliques du pare-baignoire.<\/p>\n<p>Dans le cas d&rsquo;eau dure avec beaucoup de calcaire, avant le traitement, vous pouvez appliquer une solution de vinaigre blanc \u00e0 50 % et eau, si possible \u00e0 l&rsquo;aide d&rsquo;un vaporisateur, \u00a0qu&rsquo;il faudra nettoyer avec une \u00e9ponge apr\u00e8s l&rsquo;avoir laiss\u00e9e agir pendant 5 minutes.[\/vc_toggle][vc_toggle title=\u00a0\u00bbComment dois-je nettoyer un receveur de douche?\u00a0\u00bb el_id=\u00a0\u00bb1448817972413-892c10d1-858b\u00a0\u00bb]Maintenir un receveur de douche en r\u00e9sine propre est simple : il faut le laver r\u00e9guli\u00e8rement avec du savon doux appliqu\u00e9 avec une \u00e9ponge qui ne soit pas dure, en \u00e9vitant bien s\u00fbr d&rsquo;utiliser des produits abrasifs.<\/p>\n<p>Pour les receveurs les plus fonc\u00e9s pour lesquels les taches de calcaires ou de savon sont plus pr\u00e9sentes ou pour l&rsquo;eau dure, le traitement indiqu\u00e9 est celui avec des produits anticalcaires.<\/p>\n<p>Dans des cas extr\u00eames, comme par exemple une tache de teinture pour les cheveux, vous pouvez appliquer un m\u00e9lange d&rsquo;ac\u00e9tone et d&rsquo;eau en faisant attention \u00e0 ce qu&rsquo;il n&rsquo;agisse pas trop longtemps sur le receveur pour ne pas endommager la surface.<\/p>\n<p>Vous pouvez \u00e9galement utiliser le m\u00eame traitement, par le biais de la solution de vinaigre et d&rsquo;eau, que nous avons d\u00e9j\u00e0 vu dans le cas des parois.[\/vc_toggle][vc_toggle title=\u00a0\u00bbPuis-je retourner une paroi avant l&rsquo;installation?\u00a0\u00bb el_id=\u00a0\u00bb1454413206393-82d4f8aa-9394&Prime;]Dans les cas o\u00f9 le client rectifie sa d\u00e9cision d&rsquo;achat, une paroi peut \u00eatre retourn\u00e9e, pourvu qu&rsquo;elle n\u2019ait pas \u00e9t\u00e9 d\u00e9ball\u00e9e. Pour cela, on v\u00e9rifiera que l&#8217;emballage et les bandes soient originaux. Le retour implique des co\u00fbts en fonction des ports, des frais administratifs, de contr\u00f4le et de r\u00e9emballage.[\/vc_toggle][vc_toggle title=\u00a0\u00bbLe reste des produits de la marque ont-ils les m\u00eames garanties?\u00a0\u00bb el_id=\u00a0\u00bb1454413214347-286cadb5-105a\u00a0\u00bb]Tous les produits que nous offrons chez GME Lorente Division Salle de Bains sont con\u00e7us, fabriqu\u00e9s et commercialis\u00e9s avec les m\u00eames garanties que nos receveurs de douche et pares-baignoires.<\/p>\n<p>De la m\u00eame mani\u00e8re, nous disposons de tous les produits en stock afin de respecter les d\u00e9lais de livraison \u00e9tablis.[\/vc_toggle][\/vc_column][\/vc_row]<\/p>\n","protected":false},"excerpt":{"rendered":"<p>[vc_row][vc_column][vc_toggle title=\u00a0\u00bbEn quel type de verre est le pare-baignoire ?\u00a0\u00bb el_id=\u00a0\u00bb1448817188025-c3c3a65e-663f\u00a0\u00bb]Chez GME Division Salle de bain, nous fabriquons tous nos pares baignoires avec du verre de s\u00e9curit\u00e9 tremp\u00e9 de 4 mm \u00e0 10 mm d&rsquo;\u00e9paisseur.[\/vc_toggle][vc_toggle title=\u00a0\u00bbQu&rsquo;est-ce qu&rsquo;un verre tremp\u00e9 ?\u00a0\u00bb el_id=\u00a0\u00bb1448817257410-3efd6ca0-7e14&Prime;]C&rsquo;est un type de verre de haute r\u00e9sistance, obtenu par le proc\u00e9d\u00e9 de chauffer le&hellip;<\/p>\n","protected":false},"author":1,"featured_media":0,"parent":0,"menu_order":0,"comment_status":"closed","ping_status":"closed","template":"","meta":{"footnotes":""},"class_list":["post-43144","page","type-page","status-publish","hentry","description-off"],"yoast_head":"<!-- This site is optimized with the Yoast SEO plugin v24.8.1 - https:\/\/yoast.com\/wordpress\/plugins\/seo\/ -->\n<title>Preguntas frecuentes fabricante GME DIVISION BA\u00d1OS<\/title>\n<meta name=\"description\" content=\"Os ponemos algunas respuestas a las preguntas m\u00e1s frecuentes que nos suelen preguntar. Si teneis alguna sugerencia para incluirla contactar con nosotros.\" \/>\n<meta name=\"robots\" content=\"index, follow, max-snippet:-1, max-image-preview:large, max-video-preview:-1\" \/>\n<link rel=\"canonical\" href=\"https:\/\/gmelorente-pre.atic.green\/fr\/questions-frequentes\/\" \/>\n<meta property=\"og:locale\" content=\"fr_FR\" \/>\n<meta property=\"og:type\" content=\"article\" \/>\n<meta property=\"og:title\" content=\"Preguntas frecuentes fabricante GME DIVISION BA\u00d1OS\" \/>\n<meta property=\"og:description\" content=\"Os ponemos algunas respuestas a las preguntas m\u00e1s frecuentes que nos suelen preguntar. Si teneis alguna sugerencia para incluirla contactar con nosotros.\" \/>\n<meta property=\"og:url\" content=\"https:\/\/gmelorente-pre.atic.green\/fr\/questions-frequentes\/\" \/>\n<meta property=\"og:site_name\" content=\"GME DIVISI\u00d3N BA\u00d1OS\" \/>\n<meta property=\"article:publisher\" content=\"https:\/\/www.facebook.com\/gmedivision\/?fref=ts\" \/>\n<meta property=\"article:modified_time\" content=\"2016-02-09T16:24:16+00:00\" \/>\n<meta name=\"twitter:card\" content=\"summary_large_image\" \/>\n<meta name=\"twitter:label1\" content=\"Dur\u00e9e de lecture estim\u00e9e\" \/>\n\t<meta name=\"twitter:data1\" content=\"10 minutes\" \/>\n<script type=\"application\/ld+json\" class=\"yoast-schema-graph\">{\"@context\":\"https:\/\/schema.org\",\"@graph\":[{\"@type\":\"WebPage\",\"@id\":\"https:\/\/gmelorente-pre.atic.green\/fr\/questions-frequentes\/\",\"url\":\"https:\/\/gmelorente-pre.atic.green\/fr\/questions-frequentes\/\",\"name\":\"Preguntas frecuentes fabricante GME DIVISION BA\u00d1OS\",\"isPartOf\":{\"@id\":\"https:\/\/gmelorente-pre.atic.green\/#website\"},\"datePublished\":\"2015-11-29T17:25:20+00:00\",\"dateModified\":\"2016-02-09T16:24:16+00:00\",\"description\":\"Os ponemos algunas respuestas a las preguntas m\u00e1s frecuentes que nos suelen preguntar. Si teneis alguna sugerencia para incluirla contactar con nosotros.\",\"breadcrumb\":{\"@id\":\"https:\/\/gmelorente-pre.atic.green\/fr\/questions-frequentes\/#breadcrumb\"},\"inLanguage\":\"fr-FR\",\"potentialAction\":[{\"@type\":\"ReadAction\",\"target\":[\"https:\/\/gmelorente-pre.atic.green\/fr\/questions-frequentes\/\"]}]},{\"@type\":\"BreadcrumbList\",\"@id\":\"https:\/\/gmelorente-pre.atic.green\/fr\/questions-frequentes\/#breadcrumb\",\"itemListElement\":[{\"@type\":\"ListItem\",\"position\":1,\"name\":\"Home\",\"item\":\"https:\/\/gmelorente-pre.atic.green\/fr\/\"},{\"@type\":\"ListItem\",\"position\":2,\"name\":\"Questions fr\u00e9quentes\"}]},{\"@type\":\"WebSite\",\"@id\":\"https:\/\/gmelorente-pre.atic.green\/#website\",\"url\":\"https:\/\/gmelorente-pre.atic.green\/\",\"name\":\"GME DIVISI\u00d3N BA\u00d1OS\",\"description\":\"Mamparas de ducha y mucho m\u00e1s\",\"publisher\":{\"@id\":\"https:\/\/gmelorente-pre.atic.green\/#organization\"},\"potentialAction\":[{\"@type\":\"SearchAction\",\"target\":{\"@type\":\"EntryPoint\",\"urlTemplate\":\"https:\/\/gmelorente-pre.atic.green\/?s={search_term_string}\"},\"query-input\":{\"@type\":\"PropertyValueSpecification\",\"valueRequired\":true,\"valueName\":\"search_term_string\"}}],\"inLanguage\":\"fr-FR\"},{\"@type\":\"Organization\",\"@id\":\"https:\/\/gmelorente-pre.atic.green\/#organization\",\"name\":\"GME DIVISI\u00d3N BA\u00d1OS S.L.\",\"url\":\"https:\/\/gmelorente-pre.atic.green\/\",\"logo\":{\"@type\":\"ImageObject\",\"inLanguage\":\"fr-FR\",\"@id\":\"https:\/\/gmelorente-pre.atic.green\/#\/schema\/logo\/image\/\",\"url\":\"https:\/\/gmelorente.com\/wp-content\/uploads\/logo-gme-azul.jpg\",\"contentUrl\":\"https:\/\/gmelorente.com\/wp-content\/uploads\/logo-gme-azul.jpg\",\"width\":810,\"height\":298,\"caption\":\"GME DIVISI\u00d3N BA\u00d1OS S.L.\"},\"image\":{\"@id\":\"https:\/\/gmelorente-pre.atic.green\/#\/schema\/logo\/image\/\"},\"sameAs\":[\"https:\/\/www.facebook.com\/gmedivision\/?fref=ts\",\"https:\/\/es.pinterest.com\/gmedivision\/?eq=gme&amp;etslf=14997\"]}]}<\/script>\n<!-- \/ Yoast SEO plugin. -->","yoast_head_json":{"title":"Preguntas frecuentes fabricante GME DIVISION BA\u00d1OS","description":"Os ponemos algunas respuestas a las preguntas m\u00e1s frecuentes que nos suelen preguntar. Si teneis alguna sugerencia para incluirla contactar con nosotros.","robots":{"index":"index","follow":"follow","max-snippet":"max-snippet:-1","max-image-preview":"max-image-preview:large","max-video-preview":"max-video-preview:-1"},"canonical":"https:\/\/gmelorente-pre.atic.green\/fr\/questions-frequentes\/","og_locale":"fr_FR","og_type":"article","og_title":"Preguntas frecuentes fabricante GME DIVISION BA\u00d1OS","og_description":"Os ponemos algunas respuestas a las preguntas m\u00e1s frecuentes que nos suelen preguntar. Si teneis alguna sugerencia para incluirla contactar con nosotros.","og_url":"https:\/\/gmelorente-pre.atic.green\/fr\/questions-frequentes\/","og_site_name":"GME DIVISI\u00d3N BA\u00d1OS","article_publisher":"https:\/\/www.facebook.com\/gmedivision\/?fref=ts","article_modified_time":"2016-02-09T16:24:16+00:00","twitter_card":"summary_large_image","twitter_misc":{"Dur\u00e9e de lecture estim\u00e9e":"10 minutes"},"schema":{"@context":"https:\/\/schema.org","@graph":[{"@type":"WebPage","@id":"https:\/\/gmelorente-pre.atic.green\/fr\/questions-frequentes\/","url":"https:\/\/gmelorente-pre.atic.green\/fr\/questions-frequentes\/","name":"Preguntas frecuentes fabricante GME DIVISION BA\u00d1OS","isPartOf":{"@id":"https:\/\/gmelorente-pre.atic.green\/#website"},"datePublished":"2015-11-29T17:25:20+00:00","dateModified":"2016-02-09T16:24:16+00:00","description":"Os ponemos algunas respuestas a las preguntas m\u00e1s frecuentes que nos suelen preguntar. Si teneis alguna sugerencia para incluirla contactar con nosotros.","breadcrumb":{"@id":"https:\/\/gmelorente-pre.atic.green\/fr\/questions-frequentes\/#breadcrumb"},"inLanguage":"fr-FR","potentialAction":[{"@type":"ReadAction","target":["https:\/\/gmelorente-pre.atic.green\/fr\/questions-frequentes\/"]}]},{"@type":"BreadcrumbList","@id":"https:\/\/gmelorente-pre.atic.green\/fr\/questions-frequentes\/#breadcrumb","itemListElement":[{"@type":"ListItem","position":1,"name":"Home","item":"https:\/\/gmelorente-pre.atic.green\/fr\/"},{"@type":"ListItem","position":2,"name":"Questions fr\u00e9quentes"}]},{"@type":"WebSite","@id":"https:\/\/gmelorente-pre.atic.green\/#website","url":"https:\/\/gmelorente-pre.atic.green\/","name":"GME DIVISI\u00d3N BA\u00d1OS","description":"Mamparas de ducha y mucho m\u00e1s","publisher":{"@id":"https:\/\/gmelorente-pre.atic.green\/#organization"},"potentialAction":[{"@type":"SearchAction","target":{"@type":"EntryPoint","urlTemplate":"https:\/\/gmelorente-pre.atic.green\/?s={search_term_string}"},"query-input":{"@type":"PropertyValueSpecification","valueRequired":true,"valueName":"search_term_string"}}],"inLanguage":"fr-FR"},{"@type":"Organization","@id":"https:\/\/gmelorente-pre.atic.green\/#organization","name":"GME DIVISI\u00d3N BA\u00d1OS S.L.","url":"https:\/\/gmelorente-pre.atic.green\/","logo":{"@type":"ImageObject","inLanguage":"fr-FR","@id":"https:\/\/gmelorente-pre.atic.green\/#\/schema\/logo\/image\/","url":"https:\/\/gmelorente.com\/wp-content\/uploads\/logo-gme-azul.jpg","contentUrl":"https:\/\/gmelorente.com\/wp-content\/uploads\/logo-gme-azul.jpg","width":810,"height":298,"caption":"GME DIVISI\u00d3N BA\u00d1OS S.L."},"image":{"@id":"https:\/\/gmelorente-pre.atic.green\/#\/schema\/logo\/image\/"},"sameAs":["https:\/\/www.facebook.com\/gmedivision\/?fref=ts","https:\/\/es.pinterest.com\/gmedivision\/?eq=gme&amp;etslf=14997"]}]}},"_links":{"self":[{"href":"https:\/\/gmelorente-pre.atic.green\/fr\/wp-json\/wp\/v2\/pages\/43144","targetHints":{"allow":["GET"]}}],"collection":[{"href":"https:\/\/gmelorente-pre.atic.green\/fr\/wp-json\/wp\/v2\/pages"}],"about":[{"href":"https:\/\/gmelorente-pre.atic.green\/fr\/wp-json\/wp\/v2\/types\/page"}],"author":[{"embeddable":true,"href":"https:\/\/gmelorente-pre.atic.green\/fr\/wp-json\/wp\/v2\/users\/1"}],"replies":[{"embeddable":true,"href":"https:\/\/gmelorente-pre.atic.green\/fr\/wp-json\/wp\/v2\/comments?post=43144"}],"version-history":[{"count":0,"href":"https:\/\/gmelorente-pre.atic.green\/fr\/wp-json\/wp\/v2\/pages\/43144\/revisions"}],"wp:attachment":[{"href":"https:\/\/gmelorente-pre.atic.green\/fr\/wp-json\/wp\/v2\/media?parent=43144"}],"curies":[{"name":"wp","href":"https:\/\/api.w.org\/{rel}","templated":true}]}}