{"id":43193,"date":"2015-08-13T15:23:37","date_gmt":"2015-08-13T13:23:37","guid":{"rendered":"https:\/\/gmelorente.com\/fr\/quieres-ser-montador\/"},"modified":"2016-02-14T20:00:35","modified_gmt":"2016-02-14T19:00:35","slug":"vous-voulez-etre-ajusteur","status":"publish","type":"page","link":"https:\/\/gmelorente-pre.atic.green\/fr\/vous-voulez-etre-ajusteur\/","title":{"rendered":"Vous voulez \u00eatre ajusteur?"},"content":{"rendered":"<p>[vc_row][vc_column width=\u00a0\u00bb1\/2&Prime;][vc_column_text]<img loading=\"lazy\" decoding=\"async\" class=\"aligncenter wp-image-38144 size-full\" src=\"https:\/\/gmelorente.com\/wp-content\/uploads\/distribuidor-montador.jpg\" alt=\"distribuidor-montador\" width=\"787\" height=\"1181\" srcset=\"https:\/\/gmelorente-pre.atic.green\/wp-content\/uploads\/distribuidor-montador.jpg 787w, https:\/\/gmelorente-pre.atic.green\/wp-content\/uploads\/distribuidor-montador-200x300.jpg 200w, https:\/\/gmelorente-pre.atic.green\/wp-content\/uploads\/distribuidor-montador-768x1152.jpg 768w, https:\/\/gmelorente-pre.atic.green\/wp-content\/uploads\/distribuidor-montador-682x1024.jpg 682w, https:\/\/gmelorente-pre.atic.green\/wp-content\/uploads\/distribuidor-montador-13x20.jpg 13w\" sizes=\"auto, (max-width: 787px) 100vw, 787px\" \/>[\/vc_column_text][\/vc_column][vc_column width=\u00a0\u00bb1\/2&Prime;][vc_column_text]<\/p>\n<p style=\"text-align: justify;\">Chez GME DIVISION SALLES DE BAINS, S.L. nous comptons sur un grand r\u00e9seau international de professionnels sp\u00e9cialis\u00e9s dans l&rsquo;installation de parois de douche. Depuis l&rsquo;Espagne et le Portugal jusqu&rsquo;en France et en Italie.<\/p>\n<p style=\"text-align: justify;\">Si vous \u00eates int\u00e9ress\u00e9 \u00e0 faire partie de notre \u00e9quipe et \u00e0 recevoir les informations n\u00e9cessaires pour une correcte installation de nos parois, veuillez remplir le formulaire et nous prendrons contact avec vous.<\/p>\n<p>[\/vc_column_text][vc_empty_space height=\u00a0\u00bb30px\u00a0\u00bb]\n<div class=\"wpcf7 no-js\" id=\"wpcf7-f43834-o1\" lang=\"es-ES\" dir=\"ltr\" data-wpcf7-id=\"43834\">\n<div class=\"screen-reader-response\"><p role=\"status\" aria-live=\"polite\" aria-atomic=\"true\"><\/p> <ul><\/ul><\/div>\n<form action=\"\/fr\/wp-json\/wp\/v2\/pages\/43193#wpcf7-f43834-o1\" method=\"post\" class=\"wpcf7-form init\" aria-label=\"Formulario de contacto\" novalidate=\"novalidate\" data-status=\"init\">\n<div style=\"display: none;\">\n<input type=\"hidden\" name=\"_wpcf7\" value=\"43834\" \/>\n<input type=\"hidden\" name=\"_wpcf7_version\" value=\"6.0.5\" \/>\n<input type=\"hidden\" name=\"_wpcf7_locale\" value=\"es_ES\" \/>\n<input type=\"hidden\" name=\"_wpcf7_unit_tag\" value=\"wpcf7-f43834-o1\" \/>\n<input type=\"hidden\" name=\"_wpcf7_container_post\" value=\"0\" \/>\n<input type=\"hidden\" name=\"_wpcf7_posted_data_hash\" value=\"\" \/>\n<input type=\"hidden\" name=\"_wpcf7_recaptcha_response\" value=\"\" \/>\n<\/div>\n<p><span class=\"wpcf7-form-control-wrap\" data-name=\"nombre\"><input size=\"40\" maxlength=\"400\" class=\"wpcf7-form-control wpcf7-text wpcf7-validates-as-required\" aria-required=\"true\" aria-invalid=\"false\" placeholder=\"Nom *\" value=\"\" type=\"text\" name=\"nombre\" \/><\/span>\n<\/p>\n<p><span class=\"wpcf7-form-control-wrap\" data-name=\"apellidos\"><input size=\"40\" maxlength=\"400\" class=\"wpcf7-form-control wpcf7-text wpcf7-validates-as-required\" aria-required=\"true\" aria-invalid=\"false\" placeholder=\"Noms *\" value=\"\" type=\"text\" name=\"apellidos\" \/><\/span>\n<\/p>\n<p><span class=\"wpcf7-form-control-wrap\" data-name=\"localidad\"><input size=\"40\" maxlength=\"400\" class=\"wpcf7-form-control wpcf7-text wpcf7-validates-as-required\" aria-required=\"true\" aria-invalid=\"false\" placeholder=\"Ville *\" value=\"\" type=\"text\" name=\"localidad\" \/><\/span>\n<\/p>\n<p><span class=\"wpcf7-form-control-wrap\" data-name=\"provincia\"><input size=\"40\" maxlength=\"400\" class=\"wpcf7-form-control wpcf7-text wpcf7-validates-as-required\" aria-required=\"true\" aria-invalid=\"false\" placeholder=\"Province *\" value=\"\" type=\"text\" name=\"provincia\" \/><\/span>\n<\/p>\n<p><span class=\"wpcf7-form-control-wrap\" data-name=\"email\"><input size=\"40\" maxlength=\"400\" class=\"wpcf7-form-control wpcf7-email wpcf7-validates-as-required wpcf7-text wpcf7-validates-as-email\" aria-required=\"true\" aria-invalid=\"false\" placeholder=\"Email *\" value=\"\" type=\"email\" name=\"email\" \/><\/span>\n<\/p>\n<p><span class=\"wpcf7-form-control-wrap\" data-name=\"telefono\"><input size=\"40\" maxlength=\"400\" class=\"wpcf7-form-control wpcf7-text wpcf7-validates-as-required\" aria-required=\"true\" aria-invalid=\"false\" placeholder=\"T\u00e9l\u00e9phone *\" value=\"\" type=\"text\" name=\"telefono\" \/><\/span>\n<\/p>\n<p><span class=\"wpcf7-form-control-wrap\" data-name=\"aceptacion\"><span class=\"wpcf7-form-control wpcf7-acceptance\"><span class=\"wpcf7-list-item\"><input type=\"checkbox\" name=\"aceptacion\" value=\"1\" aria-invalid=\"false\" \/><\/span><\/span><\/span> J'ai lu et j'accepte les conditions des <a href=\"https:\/\/gmelorente.com\/fr\/aviso-legal\" target=\"_blank\">Mentions l\u00e9gales<\/a>\n<\/p>\n<p><input class=\"wpcf7-form-control wpcf7-submit has-spinner\" type=\"submit\" value=\"Envoyer\" \/>\n<\/p>\n<p style=\"font-size:10px;line-height:12px;\">GME DIVISION BA\u00d1OS S.L. est responsable du traitement des donn\u00e9es fournies dans le but de r\u00e9pondre \u00e0 leurs demandes ou consultations effectu\u00e9es. Nous traiterons vos donn\u00e9es en vertu du consentement qu\u2019il manifeste lors de l\u2019envoi des informations par le biais du formulaire. Il n\u2019est pas pr\u00e9vu de transfert de vos donn\u00e9es personnelles \u00e0 des tiers GME. Si vous le souhaitez, vous pouvez exercer vos droits d\u2019acc\u00e8s, de rectification, de suppression, portabilit\u00e9, limitation ou opposition au traitement, et r\u00e9voquer le consentement suivant les proc\u00e9dures que nous vous recommandons dans nos informations compl\u00e9mentaires sur la protection des donn\u00e9es.\n<\/p><p style=\"display: none !important;\" class=\"akismet-fields-container\" data-prefix=\"_wpcf7_ak_\"><label>&#916;<textarea name=\"_wpcf7_ak_hp_textarea\" cols=\"45\" rows=\"8\" maxlength=\"100\"><\/textarea><\/label><input type=\"hidden\" id=\"ak_js_1\" name=\"_wpcf7_ak_js\" value=\"132\"\/><script>document.getElementById( \"ak_js_1\" ).setAttribute( \"value\", ( new Date() ).getTime() );<\/script><\/p><div class=\"wpcf7-response-output\" aria-hidden=\"true\"><\/div>\n<\/form>\n<\/div>\n[\/vc_column][\/vc_row]<\/p>\n","protected":false},"excerpt":{"rendered":"<p>[vc_row][vc_column width=\u00a0\u00bb1\/2&Prime;][vc_column_text][\/vc_column_text][\/vc_column][vc_column width=\u00a0\u00bb1\/2&Prime;][vc_column_text] Chez GME DIVISION SALLES DE BAINS, S.L. nous comptons sur un grand r\u00e9seau international de professionnels sp\u00e9cialis\u00e9s dans l&rsquo;installation de parois de douche. Depuis l&rsquo;Espagne et le Portugal jusqu&rsquo;en France et en Italie. Si vous \u00eates int\u00e9ress\u00e9 \u00e0 faire partie de notre \u00e9quipe et \u00e0 recevoir les informations n\u00e9cessaires pour une correcte&hellip;<\/p>\n","protected":false},"author":1,"featured_media":0,"parent":0,"menu_order":0,"comment_status":"closed","ping_status":"closed","template":"","meta":{"footnotes":""},"class_list":["post-43193","page","type-page","status-publish","hentry","description-off"],"yoast_head":"<!-- This site is optimized with the Yoast SEO plugin v24.8.1 - https:\/\/yoast.com\/wordpress\/plugins\/seo\/ -->\n<title>Quieres ser montador de mamparas de GME?<\/title>\n<meta name=\"description\" content=\"Si te interesa formar parte de nuestro equipo y recibir la informaci\u00f3n necesaria para la correcta instalaci\u00f3n de nuestras mamparas, completa el formulario.\" \/>\n<meta name=\"robots\" content=\"index, follow, max-snippet:-1, max-image-preview:large, max-video-preview:-1\" \/>\n<link rel=\"canonical\" href=\"https:\/\/gmelorente-pre.atic.green\/fr\/vous-voulez-etre-ajusteur\/\" \/>\n<meta property=\"og:locale\" content=\"fr_FR\" \/>\n<meta property=\"og:type\" content=\"article\" \/>\n<meta property=\"og:title\" content=\"Quieres ser montador de mamparas de GME?\" \/>\n<meta property=\"og:description\" content=\"Si te interesa formar parte de nuestro equipo y recibir la informaci\u00f3n necesaria para la correcta instalaci\u00f3n de nuestras mamparas, completa el formulario.\" \/>\n<meta property=\"og:url\" content=\"https:\/\/gmelorente-pre.atic.green\/fr\/vous-voulez-etre-ajusteur\/\" \/>\n<meta property=\"og:site_name\" content=\"GME DIVISI\u00d3N BA\u00d1OS\" \/>\n<meta property=\"article:publisher\" content=\"https:\/\/www.facebook.com\/gmedivision\/?fref=ts\" \/>\n<meta property=\"article:modified_time\" content=\"2016-02-14T19:00:35+00:00\" \/>\n<meta property=\"og:image\" content=\"https:\/\/gmelorente.com\/wp-content\/uploads\/distribuidor-montador.jpg\" \/>\n<meta name=\"twitter:card\" content=\"summary_large_image\" \/>\n<meta name=\"twitter:label1\" content=\"Dur\u00e9e de lecture estim\u00e9e\" \/>\n\t<meta name=\"twitter:data1\" content=\"1 minute\" \/>\n<script type=\"application\/ld+json\" class=\"yoast-schema-graph\">{\"@context\":\"https:\/\/schema.org\",\"@graph\":[{\"@type\":\"WebPage\",\"@id\":\"https:\/\/gmelorente-pre.atic.green\/fr\/vous-voulez-etre-ajusteur\/\",\"url\":\"https:\/\/gmelorente-pre.atic.green\/fr\/vous-voulez-etre-ajusteur\/\",\"name\":\"Quieres ser montador de mamparas de GME?\",\"isPartOf\":{\"@id\":\"https:\/\/gmelorente-pre.atic.green\/#website\"},\"primaryImageOfPage\":{\"@id\":\"https:\/\/gmelorente-pre.atic.green\/fr\/vous-voulez-etre-ajusteur\/#primaryimage\"},\"image\":{\"@id\":\"https:\/\/gmelorente-pre.atic.green\/fr\/vous-voulez-etre-ajusteur\/#primaryimage\"},\"thumbnailUrl\":\"https:\/\/gmelorente.com\/wp-content\/uploads\/distribuidor-montador.jpg\",\"datePublished\":\"2015-08-13T13:23:37+00:00\",\"dateModified\":\"2016-02-14T19:00:35+00:00\",\"description\":\"Si te interesa formar parte de nuestro equipo y recibir la informaci\u00f3n necesaria para la correcta instalaci\u00f3n de nuestras mamparas, completa el formulario.\",\"breadcrumb\":{\"@id\":\"https:\/\/gmelorente-pre.atic.green\/fr\/vous-voulez-etre-ajusteur\/#breadcrumb\"},\"inLanguage\":\"fr-FR\",\"potentialAction\":[{\"@type\":\"ReadAction\",\"target\":[\"https:\/\/gmelorente-pre.atic.green\/fr\/vous-voulez-etre-ajusteur\/\"]}]},{\"@type\":\"ImageObject\",\"inLanguage\":\"fr-FR\",\"@id\":\"https:\/\/gmelorente-pre.atic.green\/fr\/vous-voulez-etre-ajusteur\/#primaryimage\",\"url\":\"https:\/\/gmelorente.com\/wp-content\/uploads\/distribuidor-montador.jpg\",\"contentUrl\":\"https:\/\/gmelorente.com\/wp-content\/uploads\/distribuidor-montador.jpg\"},{\"@type\":\"BreadcrumbList\",\"@id\":\"https:\/\/gmelorente-pre.atic.green\/fr\/vous-voulez-etre-ajusteur\/#breadcrumb\",\"itemListElement\":[{\"@type\":\"ListItem\",\"position\":1,\"name\":\"Home\",\"item\":\"https:\/\/gmelorente-pre.atic.green\/fr\/\"},{\"@type\":\"ListItem\",\"position\":2,\"name\":\"Vous voulez \u00eatre ajusteur?\"}]},{\"@type\":\"WebSite\",\"@id\":\"https:\/\/gmelorente-pre.atic.green\/#website\",\"url\":\"https:\/\/gmelorente-pre.atic.green\/\",\"name\":\"GME DIVISI\u00d3N BA\u00d1OS\",\"description\":\"Mamparas de ducha y mucho m\u00e1s\",\"publisher\":{\"@id\":\"https:\/\/gmelorente-pre.atic.green\/#organization\"},\"potentialAction\":[{\"@type\":\"SearchAction\",\"target\":{\"@type\":\"EntryPoint\",\"urlTemplate\":\"https:\/\/gmelorente-pre.atic.green\/?s={search_term_string}\"},\"query-input\":{\"@type\":\"PropertyValueSpecification\",\"valueRequired\":true,\"valueName\":\"search_term_string\"}}],\"inLanguage\":\"fr-FR\"},{\"@type\":\"Organization\",\"@id\":\"https:\/\/gmelorente-pre.atic.green\/#organization\",\"name\":\"GME DIVISI\u00d3N BA\u00d1OS S.L.\",\"url\":\"https:\/\/gmelorente-pre.atic.green\/\",\"logo\":{\"@type\":\"ImageObject\",\"inLanguage\":\"fr-FR\",\"@id\":\"https:\/\/gmelorente-pre.atic.green\/#\/schema\/logo\/image\/\",\"url\":\"https:\/\/gmelorente.com\/wp-content\/uploads\/logo-gme-azul.jpg\",\"contentUrl\":\"https:\/\/gmelorente.com\/wp-content\/uploads\/logo-gme-azul.jpg\",\"width\":810,\"height\":298,\"caption\":\"GME DIVISI\u00d3N BA\u00d1OS S.L.\"},\"image\":{\"@id\":\"https:\/\/gmelorente-pre.atic.green\/#\/schema\/logo\/image\/\"},\"sameAs\":[\"https:\/\/www.facebook.com\/gmedivision\/?fref=ts\",\"https:\/\/es.pinterest.com\/gmedivision\/?eq=gme&amp;etslf=14997\"]}]}<\/script>\n<!-- \/ Yoast SEO plugin. -->","yoast_head_json":{"title":"Quieres ser montador de mamparas de GME?","description":"Si te interesa formar parte de nuestro equipo y recibir la informaci\u00f3n necesaria para la correcta instalaci\u00f3n de nuestras mamparas, completa el formulario.","robots":{"index":"index","follow":"follow","max-snippet":"max-snippet:-1","max-image-preview":"max-image-preview:large","max-video-preview":"max-video-preview:-1"},"canonical":"https:\/\/gmelorente-pre.atic.green\/fr\/vous-voulez-etre-ajusteur\/","og_locale":"fr_FR","og_type":"article","og_title":"Quieres ser montador de mamparas de GME?","og_description":"Si te interesa formar parte de nuestro equipo y recibir la informaci\u00f3n necesaria para la correcta instalaci\u00f3n de nuestras mamparas, completa el formulario.","og_url":"https:\/\/gmelorente-pre.atic.green\/fr\/vous-voulez-etre-ajusteur\/","og_site_name":"GME DIVISI\u00d3N BA\u00d1OS","article_publisher":"https:\/\/www.facebook.com\/gmedivision\/?fref=ts","article_modified_time":"2016-02-14T19:00:35+00:00","og_image":[{"url":"https:\/\/gmelorente.com\/wp-content\/uploads\/distribuidor-montador.jpg","type":"","width":"","height":""}],"twitter_card":"summary_large_image","twitter_misc":{"Dur\u00e9e de lecture estim\u00e9e":"1 minute"},"schema":{"@context":"https:\/\/schema.org","@graph":[{"@type":"WebPage","@id":"https:\/\/gmelorente-pre.atic.green\/fr\/vous-voulez-etre-ajusteur\/","url":"https:\/\/gmelorente-pre.atic.green\/fr\/vous-voulez-etre-ajusteur\/","name":"Quieres ser montador de mamparas de GME?","isPartOf":{"@id":"https:\/\/gmelorente-pre.atic.green\/#website"},"primaryImageOfPage":{"@id":"https:\/\/gmelorente-pre.atic.green\/fr\/vous-voulez-etre-ajusteur\/#primaryimage"},"image":{"@id":"https:\/\/gmelorente-pre.atic.green\/fr\/vous-voulez-etre-ajusteur\/#primaryimage"},"thumbnailUrl":"https:\/\/gmelorente.com\/wp-content\/uploads\/distribuidor-montador.jpg","datePublished":"2015-08-13T13:23:37+00:00","dateModified":"2016-02-14T19:00:35+00:00","description":"Si te interesa formar parte de nuestro equipo y recibir la informaci\u00f3n necesaria para la correcta instalaci\u00f3n de nuestras mamparas, completa el formulario.","breadcrumb":{"@id":"https:\/\/gmelorente-pre.atic.green\/fr\/vous-voulez-etre-ajusteur\/#breadcrumb"},"inLanguage":"fr-FR","potentialAction":[{"@type":"ReadAction","target":["https:\/\/gmelorente-pre.atic.green\/fr\/vous-voulez-etre-ajusteur\/"]}]},{"@type":"ImageObject","inLanguage":"fr-FR","@id":"https:\/\/gmelorente-pre.atic.green\/fr\/vous-voulez-etre-ajusteur\/#primaryimage","url":"https:\/\/gmelorente.com\/wp-content\/uploads\/distribuidor-montador.jpg","contentUrl":"https:\/\/gmelorente.com\/wp-content\/uploads\/distribuidor-montador.jpg"},{"@type":"BreadcrumbList","@id":"https:\/\/gmelorente-pre.atic.green\/fr\/vous-voulez-etre-ajusteur\/#breadcrumb","itemListElement":[{"@type":"ListItem","position":1,"name":"Home","item":"https:\/\/gmelorente-pre.atic.green\/fr\/"},{"@type":"ListItem","position":2,"name":"Vous voulez \u00eatre ajusteur?"}]},{"@type":"WebSite","@id":"https:\/\/gmelorente-pre.atic.green\/#website","url":"https:\/\/gmelorente-pre.atic.green\/","name":"GME DIVISI\u00d3N BA\u00d1OS","description":"Mamparas de ducha y mucho m\u00e1s","publisher":{"@id":"https:\/\/gmelorente-pre.atic.green\/#organization"},"potentialAction":[{"@type":"SearchAction","target":{"@type":"EntryPoint","urlTemplate":"https:\/\/gmelorente-pre.atic.green\/?s={search_term_string}"},"query-input":{"@type":"PropertyValueSpecification","valueRequired":true,"valueName":"search_term_string"}}],"inLanguage":"fr-FR"},{"@type":"Organization","@id":"https:\/\/gmelorente-pre.atic.green\/#organization","name":"GME DIVISI\u00d3N BA\u00d1OS S.L.","url":"https:\/\/gmelorente-pre.atic.green\/","logo":{"@type":"ImageObject","inLanguage":"fr-FR","@id":"https:\/\/gmelorente-pre.atic.green\/#\/schema\/logo\/image\/","url":"https:\/\/gmelorente.com\/wp-content\/uploads\/logo-gme-azul.jpg","contentUrl":"https:\/\/gmelorente.com\/wp-content\/uploads\/logo-gme-azul.jpg","width":810,"height":298,"caption":"GME DIVISI\u00d3N BA\u00d1OS S.L."},"image":{"@id":"https:\/\/gmelorente-pre.atic.green\/#\/schema\/logo\/image\/"},"sameAs":["https:\/\/www.facebook.com\/gmedivision\/?fref=ts","https:\/\/es.pinterest.com\/gmedivision\/?eq=gme&amp;etslf=14997"]}]}},"_links":{"self":[{"href":"https:\/\/gmelorente-pre.atic.green\/fr\/wp-json\/wp\/v2\/pages\/43193","targetHints":{"allow":["GET"]}}],"collection":[{"href":"https:\/\/gmelorente-pre.atic.green\/fr\/wp-json\/wp\/v2\/pages"}],"about":[{"href":"https:\/\/gmelorente-pre.atic.green\/fr\/wp-json\/wp\/v2\/types\/page"}],"author":[{"embeddable":true,"href":"https:\/\/gmelorente-pre.atic.green\/fr\/wp-json\/wp\/v2\/users\/1"}],"replies":[{"embeddable":true,"href":"https:\/\/gmelorente-pre.atic.green\/fr\/wp-json\/wp\/v2\/comments?post=43193"}],"version-history":[{"count":0,"href":"https:\/\/gmelorente-pre.atic.green\/fr\/wp-json\/wp\/v2\/pages\/43193\/revisions"}],"wp:attachment":[{"href":"https:\/\/gmelorente-pre.atic.green\/fr\/wp-json\/wp\/v2\/media?parent=43193"}],"curies":[{"name":"wp","href":"https:\/\/api.w.org\/{rel}","templated":true}]}}