{"id":43211,"date":"2014-04-23T14:50:39","date_gmt":"2014-04-23T14:50:39","guid":{"rendered":"https:\/\/gmelorente.com\/fr\/quienes-somos\/"},"modified":"2021-02-18T15:30:53","modified_gmt":"2021-02-18T14:30:53","slug":"qui-sommes-nous-gme","status":"publish","type":"page","link":"https:\/\/gmelorente-pre.atic.green\/fr\/qui-sommes-nous-gme\/","title":{"rendered":"Qui sommes nous"},"content":{"rendered":"<p>[vc_row margin_bottom=\u00a0\u00bb10&Prime;][vc_column offset=\u00a0\u00bbvc_col-lg-8 vc_col-md-8 vc_col-xs-12&Prime;]<div class=\"dt-fancy-separator title-left h6-size\" style=\"width: 100%;\"><div class=\"dt-fancy-title\"><span class=\"separator-holder separator-left\"><\/span>Qui sommes nous<span class=\"separator-holder separator-right\"><\/span><\/div><\/div>[vc_empty_space height=\u00a0\u00bb26px\u00a0\u00bb][vc_column_text]<\/p>\n<p style=\"text-align: justify;\"><strong>GME Division Salles de Bains<\/strong>\u00a0est un groupe appartenant \u00e0 Lorente Holding VLC. Nous travaillons avec la confiance que l&rsquo;exp\u00e9rience nous apporte: plus de 25 ans de fabrication et de commercialisation des meilleurs produits pour la salle de bain : des receveurs de douche et pares baignoires aux robinets et lavabos.<\/p>\n<p style=\"text-align: justify;\">Nous d\u00e9veloppons deux secteurs d&rsquo;activit\u00e9. L&rsquo;un, en tant que distributeurs des meilleurs fabricants de produits de salle de bain. L&rsquo;autre, par la vente de notre propre marque: GME Parois de Duche et Bain, et Robinetterie IO\u00ae.\u00a0Vous pouvez voir toute notre gamme de produits dans ce <a href=\"https:\/\/gmelorente.com\/fr\/productos\/\">lien<\/a>.<\/p>\n<p>&nbsp;<\/p>\n<p><img loading=\"lazy\" decoding=\"async\" class=\"aligncenter size-full wp-image-76513\" src=\"https:\/\/gmelorente.com\/wp-content\/uploads\/Nave_01_retocada.jpg\" alt=\"GME headquarters\" width=\"1600\" height=\"841\" srcset=\"https:\/\/gmelorente-pre.atic.green\/wp-content\/uploads\/Nave_01_retocada.jpg 1600w, https:\/\/gmelorente-pre.atic.green\/wp-content\/uploads\/Nave_01_retocada-300x158.jpg 300w, https:\/\/gmelorente-pre.atic.green\/wp-content\/uploads\/Nave_01_retocada-768x404.jpg 768w, https:\/\/gmelorente-pre.atic.green\/wp-content\/uploads\/Nave_01_retocada-1024x538.jpg 1024w, https:\/\/gmelorente-pre.atic.green\/wp-content\/uploads\/Nave_01_retocada-20x11.jpg 20w\" sizes=\"auto, (max-width: 1600px) 100vw, 1600px\" \/>[\/vc_column_text][vc_empty_space height=\u00a0\u00bb40px\u00a0\u00bb]<div class=\"dt-fancy-separator title-left h6-size\" style=\"width: 100%;\"><div class=\"dt-fancy-title\"><span class=\"separator-holder separator-left\"><\/span>Pourquoi choisir GME Lorente?<span class=\"separator-holder separator-right\"><\/span><\/div><\/div>[vc_empty_space height=\u00a0\u00bb28px\u00a0\u00bb]<section id=\"benefits-grid-1\" class=\"benefits-grid wf-container benefits-style-two icons-bg light-bg light-hover-bg light-icon-color accent-icon-hover-color\" data-width=\"250px\" data-columns=\"1\"><style type=\"text\/css\">#benefits-grid-1.icons-bg .benefits-grid-ico { height: 50px; line-height: 50px; width: 50px;-webkit-border-radius: 100px;-moz-border-radius: 100px;-ms-border-radius: 100px;-o-border-radius: 100px;border-radius: 100px; }#benefits-grid-1.icons-bg .benefits-grid-ico > i { font-size: 24px; line-height: 50px; }<\/style><div class=\"wf-cell\"><div><div class=\"text-big\"><div class=\"wf-table\"><div class=\"wf-td\"><span class=\"benefits-grid-ico\"><i class=\"fa fa-users\"><\/i>\r\n<\/span><\/div><div class=\"wf-td benefits-inner\"><h5>Principes<\/h5><p style=\"text-align: justify;\">\u00c9couter, conna\u00eetre les besoins de nos clients. De cette fa\u00e7on, nous sommes toujours en mesure d&rsquo;offrir les meilleurs produits de salle de bain au meilleur prix.<\/p>\n<\/div><\/div><\/div><\/div><\/div><div class=\"wf-cell\"><div><div class=\"text-big\"><div class=\"wf-table\"><div class=\"wf-td\"><span class=\"benefits-grid-ico\"><i class=\"fa fa-check-circle\"><\/i>\r\n<\/span><\/div><div class=\"wf-td benefits-inner\"><h5>Solutions<\/h5><p style=\"text-align: justify;\">Parois ? Receveurs de douche ? Chez GME nous vous offrons jusqu&rsquo;\u00e0 cinq cat\u00e9gories de produits afin de pouvoir rev\u00eatir votre salle de bain selon vos besoins.<\/p>\n<\/div><\/div><\/div><\/div><\/div><div class=\"wf-cell\"><div><div class=\"text-big\"><div class=\"wf-table\"><div class=\"wf-td\"><span class=\"benefits-grid-ico\"><i class=\"fa fa-lightbulb-o\"><\/i><\/span><\/div><div class=\"wf-td benefits-inner\"><h5>Innovation<\/h5><p style=\"text-align: justify;\">En tant que fabricants, nous misons sur l&rsquo;avant-garde et l&rsquo;innovation. C&rsquo;est pourquoi nous certifions tous nos produits pour la salle de bain avec le sceau de la Communaut\u00e9 europ\u00e9enne. Car pour GME c&rsquo;est une question de confiance.<\/p>\n<\/div><\/div><\/div><\/div><\/div><div class=\"wf-cell\"><div><div class=\"text-big\"><div class=\"wf-table\"><div class=\"wf-td\"><span class=\"benefits-grid-ico\"><i class=\"fa fa-thumbs-up\"><\/i><\/span><\/div><div class=\"wf-td benefits-inner\"><h5>Confiance<\/h5><p>Chez GME nous garantissons pour 3 ans chacun de nos produits pour la salle de bain, d\u00e9passant ainsi la p\u00e9riode marqu\u00e9e par la l\u00e9gislation en vigueur.<\/p>\n<\/div><\/div><\/div><\/div><\/div><div class=\"wf-cell\"><div><div class=\"text-big\"><div class=\"wf-table\"><div class=\"wf-td\"><span class=\"benefits-grid-ico\"><i class=\"fa fa-rocket\"><\/i><\/span><\/div><div class=\"wf-td benefits-inner\"><h5>R\u00e9activit\u00e9<\/h5><p style=\"text-align: justify;\">Car nous savons que le plus difficile est de d\u00e9cider, nous avons choisi de ne pas vous faire attendre : un maximum de 5-7 jours\u00a0s&rsquo;\u00e9coulera \u00e0 partir du moment o\u00f9 vous choisirez votre produit pour salle de bain GME et celui o\u00f9 vous le recevrez chez vous.<\/p>\n<p>&nbsp;<\/p>\n<p><img loading=\"lazy\" decoding=\"async\" class=\"aligncenter size-full wp-image-74845\" src=\"https:\/\/gmelorente.com\/wp-content\/uploads\/flota-vehiculos-GME.jpg\" alt=\"\" width=\"1024\" height=\"427\" srcset=\"https:\/\/gmelorente-pre.atic.green\/wp-content\/uploads\/flota-vehiculos-GME.jpg 1024w, https:\/\/gmelorente-pre.atic.green\/wp-content\/uploads\/flota-vehiculos-GME-300x125.jpg 300w, https:\/\/gmelorente-pre.atic.green\/wp-content\/uploads\/flota-vehiculos-GME-768x320.jpg 768w, https:\/\/gmelorente-pre.atic.green\/wp-content\/uploads\/flota-vehiculos-GME-20x8.jpg 20w\" sizes=\"auto, (max-width: 1024px) 100vw, 1024px\" \/><\/p>\n<\/div><\/div><\/div><\/div><\/div><\/section>[vc_empty_space height=\u00a0\u00bb50px\u00a0\u00bb][\/vc_column][vc_column offset=\u00a0\u00bbvc_col-lg-4 vc_col-md-4 vc_col-xs-12&Prime;]<div class=\"dt-fancy-separator title-left h6-size\" style=\"width: 100%;\"><div class=\"dt-fancy-title\"><span class=\"separator-holder separator-left\"><\/span>Notre philosophie<span class=\"separator-holder separator-right\"><\/span><\/div><\/div>[vc_empty_space height=\u00a0\u00bb33px\u00a0\u00bb]<section class=\"shortcode-action-box table shortcode-action-bg block-style-widget\"><div class=\"\"><h5><em>La qualit\u00e9 a un prix<\/em><\/h5>\n<\/div><\/section>[vc_empty_space height=\u00a0\u00bb45px\u00a0\u00bb]<div class=\"dt-fancy-separator title-left h6-size\" style=\"width: 100%;\"><div class=\"dt-fancy-title\"><span class=\"separator-holder separator-left\"><\/span>Objectifs et les valeurs<span class=\"separator-holder separator-right\"><\/span><\/div><\/div>[vc_empty_space height=\u00a0\u00bb24px\u00a0\u00bb][vc_column_text]<ol style=\"counter-reset: my-badass-counter 0;\" class=\"standard-number-list\"><li><p>R\u00e9pondre aux besoins du march\u00e9.<\/p>\n<\/li><li><p>Am\u00e9liorer l&rsquo;offre de qualit\u00e9, de prix et de service.<\/p>\n<\/li><li><p>\u00catre avant-garde de l&rsquo;aile de syst\u00e8mes et de composants.<\/p>\n<\/li><li><p>Garantie \u00e9tendue \u00e0 3 ans.<\/p>\n<\/li><li><p>Livraison courts.<\/p>\n<\/li><\/ol>[\/vc_column_text][vc_empty_space height=\u00a0\u00bb40px\u00a0\u00bb]<div class=\"dt-fancy-separator title-left h6-size\" style=\"width: 100%;\"><div class=\"dt-fancy-title\"><span class=\"separator-holder separator-left\"><\/span>Mission<span class=\"separator-holder separator-right\"><\/span><\/div><\/div>[vc_empty_space height=\u00a0\u00bb40px\u00a0\u00bb]<section class=\"shortcode-action-box table shortcode-action-bg block-style-widget\"><div class=\"\"><h5><em>Fournir \u00e0 nos clients les produits de salle de bain dont ils ont besoin, avec le meilleur rapport qualit\u00e9-prix et un service impeccable.<\/em><\/h5>\n<\/div><\/section>[vc_empty_space height=\u00a0\u00bb40px\u00a0\u00bb]<div class=\"dt-fancy-separator title-left h6-size\" style=\"width: 100%;\"><div class=\"dt-fancy-title\"><span class=\"separator-holder separator-left\"><\/span>Vision<span class=\"separator-holder separator-right\"><\/span><\/div><\/div>[vc_empty_space height=\u00a0\u00bb40px\u00a0\u00bb]<section class=\"shortcode-action-box table shortcode-action-bg block-style-widget\"><div class=\"\"><h5><em>Etre une r\u00e9f\u00e9rence du secteur sur le march\u00e9 europ\u00e9en, avec une strat\u00e9gie durable et en pr\u00e9servant notre philosophie.<\/em><\/h5>\n<\/div><\/section>[\/vc_column][\/vc_row]<\/p>\n","protected":false},"excerpt":{"rendered":"<p>[vc_row margin_bottom=\u00a0\u00bb10&Prime;][vc_column offset=\u00a0\u00bbvc_col-lg-8 vc_col-md-8 vc_col-xs-12&Prime;][vc_empty_space height=\u00a0\u00bb26px\u00a0\u00bb][vc_column_text] GME Division Salles de Bains\u00a0est un groupe appartenant \u00e0 Lorente Holding VLC. Nous travaillons avec la confiance que l&rsquo;exp\u00e9rience nous apporte: plus de 25 ans de fabrication et de commercialisation des meilleurs produits pour la salle de bain : des receveurs de douche et pares baignoires aux robinets et&hellip;<\/p>\n","protected":false},"author":1,"featured_media":0,"parent":0,"menu_order":30,"comment_status":"closed","ping_status":"closed","template":"","meta":{"footnotes":""},"class_list":["post-43211","page","type-page","status-publish","hentry","description-off"],"yoast_head":"<!-- This site is optimized with the Yoast SEO plugin v24.8.1 - https:\/\/yoast.com\/wordpress\/plugins\/seo\/ -->\n<title>Qui sommes nous - GME DIVISI\u00d3N BA\u00d1OS<\/title>\n<meta name=\"description\" content=\"Chez GME, nous sommes fabricants de produits pour la salle de bain: parois de douche, robinets et receveurs de douche.\" \/>\n<meta name=\"robots\" content=\"index, follow, max-snippet:-1, max-image-preview:large, max-video-preview:-1\" \/>\n<link rel=\"canonical\" href=\"https:\/\/gmelorente-pre.atic.green\/fr\/qui-sommes-nous-gme\/\" \/>\n<meta property=\"og:locale\" content=\"fr_FR\" \/>\n<meta property=\"og:type\" content=\"article\" \/>\n<meta property=\"og:title\" content=\"Qui sommes nous - GME DIVISI\u00d3N BA\u00d1OS\" \/>\n<meta property=\"og:description\" content=\"Chez GME, nous sommes fabricants de produits pour la salle de bain: parois de douche, robinets et receveurs de douche.\" \/>\n<meta property=\"og:url\" content=\"https:\/\/gmelorente-pre.atic.green\/fr\/qui-sommes-nous-gme\/\" \/>\n<meta property=\"og:site_name\" content=\"GME DIVISI\u00d3N BA\u00d1OS\" \/>\n<meta property=\"article:publisher\" content=\"https:\/\/www.facebook.com\/gmedivision\/?fref=ts\" \/>\n<meta property=\"article:modified_time\" content=\"2021-02-18T14:30:53+00:00\" \/>\n<meta property=\"og:image\" content=\"https:\/\/gmelorente.com\/wp-content\/uploads\/Nave_01_retocada.jpg\" \/>\n<meta name=\"twitter:card\" content=\"summary_large_image\" \/>\n<meta name=\"twitter:label1\" content=\"Dur\u00e9e de lecture estim\u00e9e\" \/>\n\t<meta name=\"twitter:data1\" content=\"2 minutes\" \/>\n<script type=\"application\/ld+json\" class=\"yoast-schema-graph\">{\"@context\":\"https:\/\/schema.org\",\"@graph\":[{\"@type\":\"WebPage\",\"@id\":\"https:\/\/gmelorente-pre.atic.green\/fr\/qui-sommes-nous-gme\/\",\"url\":\"https:\/\/gmelorente-pre.atic.green\/fr\/qui-sommes-nous-gme\/\",\"name\":\"Qui sommes nous - GME DIVISI\u00d3N BA\u00d1OS\",\"isPartOf\":{\"@id\":\"https:\/\/gmelorente-pre.atic.green\/#website\"},\"primaryImageOfPage\":{\"@id\":\"https:\/\/gmelorente-pre.atic.green\/fr\/qui-sommes-nous-gme\/#primaryimage\"},\"image\":{\"@id\":\"https:\/\/gmelorente-pre.atic.green\/fr\/qui-sommes-nous-gme\/#primaryimage\"},\"thumbnailUrl\":\"https:\/\/gmelorente.com\/wp-content\/uploads\/Nave_01_retocada.jpg\",\"datePublished\":\"2014-04-23T14:50:39+00:00\",\"dateModified\":\"2021-02-18T14:30:53+00:00\",\"description\":\"Chez GME, nous sommes fabricants de produits pour la salle de bain: parois de douche, robinets et receveurs de douche.\",\"breadcrumb\":{\"@id\":\"https:\/\/gmelorente-pre.atic.green\/fr\/qui-sommes-nous-gme\/#breadcrumb\"},\"inLanguage\":\"fr-FR\",\"potentialAction\":[{\"@type\":\"ReadAction\",\"target\":[\"https:\/\/gmelorente-pre.atic.green\/fr\/qui-sommes-nous-gme\/\"]}]},{\"@type\":\"ImageObject\",\"inLanguage\":\"fr-FR\",\"@id\":\"https:\/\/gmelorente-pre.atic.green\/fr\/qui-sommes-nous-gme\/#primaryimage\",\"url\":\"https:\/\/gmelorente.com\/wp-content\/uploads\/Nave_01_retocada.jpg\",\"contentUrl\":\"https:\/\/gmelorente.com\/wp-content\/uploads\/Nave_01_retocada.jpg\"},{\"@type\":\"BreadcrumbList\",\"@id\":\"https:\/\/gmelorente-pre.atic.green\/fr\/qui-sommes-nous-gme\/#breadcrumb\",\"itemListElement\":[{\"@type\":\"ListItem\",\"position\":1,\"name\":\"Home\",\"item\":\"https:\/\/gmelorente-pre.atic.green\/fr\/\"},{\"@type\":\"ListItem\",\"position\":2,\"name\":\"Qui sommes nous\"}]},{\"@type\":\"WebSite\",\"@id\":\"https:\/\/gmelorente-pre.atic.green\/#website\",\"url\":\"https:\/\/gmelorente-pre.atic.green\/\",\"name\":\"GME DIVISI\u00d3N BA\u00d1OS\",\"description\":\"Mamparas de ducha y mucho m\u00e1s\",\"publisher\":{\"@id\":\"https:\/\/gmelorente-pre.atic.green\/#organization\"},\"potentialAction\":[{\"@type\":\"SearchAction\",\"target\":{\"@type\":\"EntryPoint\",\"urlTemplate\":\"https:\/\/gmelorente-pre.atic.green\/?s={search_term_string}\"},\"query-input\":{\"@type\":\"PropertyValueSpecification\",\"valueRequired\":true,\"valueName\":\"search_term_string\"}}],\"inLanguage\":\"fr-FR\"},{\"@type\":\"Organization\",\"@id\":\"https:\/\/gmelorente-pre.atic.green\/#organization\",\"name\":\"GME DIVISI\u00d3N BA\u00d1OS S.L.\",\"url\":\"https:\/\/gmelorente-pre.atic.green\/\",\"logo\":{\"@type\":\"ImageObject\",\"inLanguage\":\"fr-FR\",\"@id\":\"https:\/\/gmelorente-pre.atic.green\/#\/schema\/logo\/image\/\",\"url\":\"https:\/\/gmelorente.com\/wp-content\/uploads\/logo-gme-azul.jpg\",\"contentUrl\":\"https:\/\/gmelorente.com\/wp-content\/uploads\/logo-gme-azul.jpg\",\"width\":810,\"height\":298,\"caption\":\"GME DIVISI\u00d3N BA\u00d1OS S.L.\"},\"image\":{\"@id\":\"https:\/\/gmelorente-pre.atic.green\/#\/schema\/logo\/image\/\"},\"sameAs\":[\"https:\/\/www.facebook.com\/gmedivision\/?fref=ts\",\"https:\/\/es.pinterest.com\/gmedivision\/?eq=gme&amp;etslf=14997\"]}]}<\/script>\n<!-- \/ Yoast SEO plugin. -->","yoast_head_json":{"title":"Qui sommes nous - GME DIVISI\u00d3N BA\u00d1OS","description":"Chez GME, nous sommes fabricants de produits pour la salle de bain: parois de douche, robinets et receveurs de douche.","robots":{"index":"index","follow":"follow","max-snippet":"max-snippet:-1","max-image-preview":"max-image-preview:large","max-video-preview":"max-video-preview:-1"},"canonical":"https:\/\/gmelorente-pre.atic.green\/fr\/qui-sommes-nous-gme\/","og_locale":"fr_FR","og_type":"article","og_title":"Qui sommes nous - GME DIVISI\u00d3N BA\u00d1OS","og_description":"Chez GME, nous sommes fabricants de produits pour la salle de bain: parois de douche, robinets et receveurs de douche.","og_url":"https:\/\/gmelorente-pre.atic.green\/fr\/qui-sommes-nous-gme\/","og_site_name":"GME DIVISI\u00d3N BA\u00d1OS","article_publisher":"https:\/\/www.facebook.com\/gmedivision\/?fref=ts","article_modified_time":"2021-02-18T14:30:53+00:00","og_image":[{"url":"https:\/\/gmelorente.com\/wp-content\/uploads\/Nave_01_retocada.jpg","type":"","width":"","height":""}],"twitter_card":"summary_large_image","twitter_misc":{"Dur\u00e9e de lecture estim\u00e9e":"2 minutes"},"schema":{"@context":"https:\/\/schema.org","@graph":[{"@type":"WebPage","@id":"https:\/\/gmelorente-pre.atic.green\/fr\/qui-sommes-nous-gme\/","url":"https:\/\/gmelorente-pre.atic.green\/fr\/qui-sommes-nous-gme\/","name":"Qui sommes nous - GME DIVISI\u00d3N BA\u00d1OS","isPartOf":{"@id":"https:\/\/gmelorente-pre.atic.green\/#website"},"primaryImageOfPage":{"@id":"https:\/\/gmelorente-pre.atic.green\/fr\/qui-sommes-nous-gme\/#primaryimage"},"image":{"@id":"https:\/\/gmelorente-pre.atic.green\/fr\/qui-sommes-nous-gme\/#primaryimage"},"thumbnailUrl":"https:\/\/gmelorente.com\/wp-content\/uploads\/Nave_01_retocada.jpg","datePublished":"2014-04-23T14:50:39+00:00","dateModified":"2021-02-18T14:30:53+00:00","description":"Chez GME, nous sommes fabricants de produits pour la salle de bain: parois de douche, robinets et receveurs de douche.","breadcrumb":{"@id":"https:\/\/gmelorente-pre.atic.green\/fr\/qui-sommes-nous-gme\/#breadcrumb"},"inLanguage":"fr-FR","potentialAction":[{"@type":"ReadAction","target":["https:\/\/gmelorente-pre.atic.green\/fr\/qui-sommes-nous-gme\/"]}]},{"@type":"ImageObject","inLanguage":"fr-FR","@id":"https:\/\/gmelorente-pre.atic.green\/fr\/qui-sommes-nous-gme\/#primaryimage","url":"https:\/\/gmelorente.com\/wp-content\/uploads\/Nave_01_retocada.jpg","contentUrl":"https:\/\/gmelorente.com\/wp-content\/uploads\/Nave_01_retocada.jpg"},{"@type":"BreadcrumbList","@id":"https:\/\/gmelorente-pre.atic.green\/fr\/qui-sommes-nous-gme\/#breadcrumb","itemListElement":[{"@type":"ListItem","position":1,"name":"Home","item":"https:\/\/gmelorente-pre.atic.green\/fr\/"},{"@type":"ListItem","position":2,"name":"Qui sommes nous"}]},{"@type":"WebSite","@id":"https:\/\/gmelorente-pre.atic.green\/#website","url":"https:\/\/gmelorente-pre.atic.green\/","name":"GME DIVISI\u00d3N BA\u00d1OS","description":"Mamparas de ducha y mucho m\u00e1s","publisher":{"@id":"https:\/\/gmelorente-pre.atic.green\/#organization"},"potentialAction":[{"@type":"SearchAction","target":{"@type":"EntryPoint","urlTemplate":"https:\/\/gmelorente-pre.atic.green\/?s={search_term_string}"},"query-input":{"@type":"PropertyValueSpecification","valueRequired":true,"valueName":"search_term_string"}}],"inLanguage":"fr-FR"},{"@type":"Organization","@id":"https:\/\/gmelorente-pre.atic.green\/#organization","name":"GME DIVISI\u00d3N BA\u00d1OS S.L.","url":"https:\/\/gmelorente-pre.atic.green\/","logo":{"@type":"ImageObject","inLanguage":"fr-FR","@id":"https:\/\/gmelorente-pre.atic.green\/#\/schema\/logo\/image\/","url":"https:\/\/gmelorente.com\/wp-content\/uploads\/logo-gme-azul.jpg","contentUrl":"https:\/\/gmelorente.com\/wp-content\/uploads\/logo-gme-azul.jpg","width":810,"height":298,"caption":"GME DIVISI\u00d3N BA\u00d1OS S.L."},"image":{"@id":"https:\/\/gmelorente-pre.atic.green\/#\/schema\/logo\/image\/"},"sameAs":["https:\/\/www.facebook.com\/gmedivision\/?fref=ts","https:\/\/es.pinterest.com\/gmedivision\/?eq=gme&amp;etslf=14997"]}]}},"_links":{"self":[{"href":"https:\/\/gmelorente-pre.atic.green\/fr\/wp-json\/wp\/v2\/pages\/43211","targetHints":{"allow":["GET"]}}],"collection":[{"href":"https:\/\/gmelorente-pre.atic.green\/fr\/wp-json\/wp\/v2\/pages"}],"about":[{"href":"https:\/\/gmelorente-pre.atic.green\/fr\/wp-json\/wp\/v2\/types\/page"}],"author":[{"embeddable":true,"href":"https:\/\/gmelorente-pre.atic.green\/fr\/wp-json\/wp\/v2\/users\/1"}],"replies":[{"embeddable":true,"href":"https:\/\/gmelorente-pre.atic.green\/fr\/wp-json\/wp\/v2\/comments?post=43211"}],"version-history":[{"count":0,"href":"https:\/\/gmelorente-pre.atic.green\/fr\/wp-json\/wp\/v2\/pages\/43211\/revisions"}],"wp:attachment":[{"href":"https:\/\/gmelorente-pre.atic.green\/fr\/wp-json\/wp\/v2\/media?parent=43211"}],"curies":[{"name":"wp","href":"https:\/\/api.w.org\/{rel}","templated":true}]}}