{"id":67541,"date":"2021-02-18T15:59:20","date_gmt":"2021-02-18T14:59:20","guid":{"rendered":"https:\/\/gmelorente.com\/fr\/?page_id=67541"},"modified":"2021-02-18T15:59:20","modified_gmt":"2021-02-18T14:59:20","slug":"responsabilite-sociale","status":"publish","type":"page","link":"https:\/\/gmelorente-pre.atic.green\/fr\/responsabilite-sociale\/","title":{"rendered":"Responsabilit\u00e9 sociale"},"content":{"rendered":"<h2>RSE<\/h2>\n<p>Depuis plusieurs ann\u00e9es, chez GME Division Ba\u00f1os, nous d\u00e9veloppons diverses actions de responsabilit\u00e9 sociale des entreprises, afin d&rsquo;essayer de rendre \u00e0 la soci\u00e9t\u00e9 ce qu&rsquo;elle nous apporte chaque ann\u00e9e.<\/p>\n<p>Tout d&rsquo;abord, nous sommes conscients du grand impact environnemental de l&rsquo;activit\u00e9 commerciale dans le monde. L&rsquo;\u00e9mission de gaz polluants, la mauvaise gestion des d\u00e9chets ou la consommation excessive, entre autres, ont des effets tr\u00e8s n\u00e9gatifs sur notre soci\u00e9t\u00e9. La volont\u00e9 de GME est donc d&rsquo;\u00e9voluer vers une entreprise plus <strong>durable, \u00e9cologique et respectueuse<\/strong> de l&rsquo;environnement. Pour ce faire, nous menons diff\u00e9rentes actions de recyclage et de r\u00e9utilisation de nos d\u00e9chets, tels que le papier ou le carton. De plus, nous travaillons sur un plan de reconversion de notre syst\u00e8me \u00e9nerg\u00e9tique vers une \u00e9nergie plus verte avec la mise en place de panneaux solaires, entre autres actions.<\/p>\n<p>Deuxi\u00e8mement, pour GME, la chose la plus importante a \u00e9t\u00e9, est et sera toujours, les <strong>gens<\/strong>. Nous connaissons l&rsquo;importance d&rsquo;un bon traitement, direct et proche. Depuis notre cr\u00e9ation, l&rsquo;un des piliers de notre philosophie est la confiance et la proximit\u00e9 avec toutes les personnes qui ont form\u00e9 et font partie de notre soci\u00e9t\u00e9. Nous vous \u00e9coutons, vous aidons et absorbons vos critiques constructives pour nous am\u00e9liorer ann\u00e9e apr\u00e8s ann\u00e9e. C&rsquo;est pourquoi, dans des moments difficiles, comme celui que nous avons v\u00e9cu cette ann\u00e9e 2020, nous n&rsquo;h\u00e9sitons pas \u00e0 les aider. Nos employ\u00e9s, nos commerciaux, nos clients, nos fournisseurs, nos locataires, ont tous appr\u00e9ci\u00e9 <strong>notre aide<\/strong> s&rsquo;ils en avaient besoin, de la m\u00eame mani\u00e8re que nous appr\u00e9cions leur collaboration jour apr\u00e8s jour.<\/p>\n<h3>Gavi, the Vaccine Alliance<\/h3>\n<p>Chaque minute, trois enfants meurent de maladies qui auraient pu \u00eatre \u00e9vit\u00e9es gr\u00e2ce aux vaccins disponibles. Notre action principale de responsabilit\u00e9 sociale leur est dirig\u00e9e.<\/p>\n<p>Depuis plusieurs ann\u00e9es, nous faisons des dons annuels en collaboration avec <a href=\"https:\/\/www.gavi.org\">Gavi<\/a>, \u00e0 travers l&rsquo;Alliance for Child Vaccination et la <a href=\"https:\/\/fundacionlacaixa.org\/en\/home\">Fundaci\u00f3n LaCaixa<\/a>. Cette organisation a re\u00e7u en 2020 le <strong>prix Princesse des Asturies pour la coop\u00e9ration internationale<\/strong> (voir l&rsquo;histoire compl\u00e8te <a href=\"https:\/\/www.europapress.es\/epsocial\/responsables\/noticia-consorcio-gavi-the-vaccine-alliance-premio-princesa-asturias-cooperacion-internacional-20200625200051.html\">ici<\/a>). Nous avons d\u00e9but\u00e9 en tant que \u00abSilver Sponsors\u00bb et, depuis 2020, compte tenu des circonstances difficiles, nous avons d\u00e9cid\u00e9 d&rsquo;augmenter nos contributions en devenant \u00abGold Sponsors\u00bb.<\/p>\n<p><img loading=\"lazy\" decoding=\"async\" class=\"aligncenter size-full wp-image-67539\" src=\"https:\/\/gmelorente.com\/wp-content\/uploads\/600x120-1.gif\" alt=\"\" width=\"600\" height=\"120\" \/><\/p>\n<p>&nbsp;<\/p>\n<p>Gavi, l&rsquo;Alliance du Vaccin, est n\u00e9e en 2000 d&rsquo;un partenariat public-priv\u00e9 avec une mission tr\u00e8s claire: sauver la vie des enfants et prot\u00e9ger la sant\u00e9 de la population, en augmentant l&rsquo;utilisation \u00e9quitable des vaccins dans les pays les plus d\u00e9favoris\u00e9s. Pendant ce temps, il a r\u00e9ussi un d\u00e9fi historique: vacciner 700 millions d&rsquo;enfants, \u00e9vitant ainsi 10 millions de d\u00e9c\u00e8s pr\u00e9matur\u00e9s.<\/p>\n<p>L&rsquo;Institut de la sant\u00e9 mondiale, ISGlobal, est un partenaire scientifique et universitaire de l&rsquo;Alliance. ISGlobal est une alliance innovante entre des institutions acad\u00e9miques, gouvernementales et philanthropiques, promue par \u00abla Caixa\u00bb, et entre 2016 et 2018, il a \u00e9t\u00e9 membre du Conseil ex\u00e9cutif de Gavi.<\/p>\n<p>Gr\u00e2ce \u00e0 notre soutien et au reste des dons re\u00e7us, plus de<strong> cinq millions d&rsquo;enfants<\/strong> de moins de cinq ans ont \u00e9t\u00e9 vaccin\u00e9s. \u00abLa Caixa\u00bb et la Fondation Bill et Melinda Gates multiplient chaque don par quatre, augmentant ainsi les efforts contre la mortalit\u00e9 des enfants.<\/p>\n","protected":false},"excerpt":{"rendered":"<p>RSE Depuis plusieurs ann\u00e9es, chez GME Division Ba\u00f1os, nous d\u00e9veloppons diverses actions de responsabilit\u00e9 sociale des entreprises, afin d&rsquo;essayer de rendre \u00e0 la soci\u00e9t\u00e9 ce qu&rsquo;elle nous apporte chaque ann\u00e9e. Tout d&rsquo;abord, nous sommes conscients du grand impact environnemental de l&rsquo;activit\u00e9 commerciale dans le monde. L&rsquo;\u00e9mission de gaz polluants, la mauvaise gestion des d\u00e9chets ou&hellip;<\/p>\n","protected":false},"author":1,"featured_media":0,"parent":0,"menu_order":0,"comment_status":"closed","ping_status":"closed","template":"","meta":{"footnotes":""},"class_list":["post-67541","page","type-page","status-publish","hentry","description-off"],"yoast_head":"<!-- This site is optimized with the Yoast SEO plugin v24.8.1 - https:\/\/yoast.com\/wordpress\/plugins\/seo\/ -->\n<title>Responsabilit\u00e9 sociale - GME DIVISI\u00d3N BA\u00d1OS<\/title>\n<meta name=\"description\" content=\"Chez GME, nous pensons que nous devons rendre \u00e0 la soci\u00e9t\u00e9 ce qu&#039;elle nous apporte chaque ann\u00e9e en menant des actions de responsabilit\u00e9 sociale.\" \/>\n<meta name=\"robots\" content=\"index, follow, max-snippet:-1, max-image-preview:large, max-video-preview:-1\" \/>\n<link rel=\"canonical\" href=\"https:\/\/gmelorente-pre.atic.green\/fr\/responsabilite-sociale\/\" \/>\n<meta property=\"og:locale\" content=\"fr_FR\" \/>\n<meta property=\"og:type\" content=\"article\" \/>\n<meta property=\"og:title\" content=\"Responsabilit\u00e9 sociale - GME DIVISI\u00d3N BA\u00d1OS\" \/>\n<meta property=\"og:description\" content=\"Chez GME, nous pensons que nous devons rendre \u00e0 la soci\u00e9t\u00e9 ce qu&#039;elle nous apporte chaque ann\u00e9e en menant des actions de responsabilit\u00e9 sociale.\" \/>\n<meta property=\"og:url\" content=\"https:\/\/gmelorente-pre.atic.green\/fr\/responsabilite-sociale\/\" \/>\n<meta property=\"og:site_name\" content=\"GME DIVISI\u00d3N BA\u00d1OS\" \/>\n<meta property=\"article:publisher\" content=\"https:\/\/www.facebook.com\/gmedivision\/?fref=ts\" \/>\n<meta property=\"og:image\" content=\"https:\/\/gmelorente.com\/wp-content\/uploads\/600x120-1.gif\" \/>\n<meta name=\"twitter:card\" content=\"summary_large_image\" \/>\n<meta name=\"twitter:label1\" content=\"Dur\u00e9e de lecture estim\u00e9e\" \/>\n\t<meta name=\"twitter:data1\" content=\"3 minutes\" \/>\n<script type=\"application\/ld+json\" class=\"yoast-schema-graph\">{\"@context\":\"https:\/\/schema.org\",\"@graph\":[{\"@type\":\"WebPage\",\"@id\":\"https:\/\/gmelorente-pre.atic.green\/fr\/responsabilite-sociale\/\",\"url\":\"https:\/\/gmelorente-pre.atic.green\/fr\/responsabilite-sociale\/\",\"name\":\"Responsabilit\u00e9 sociale - GME DIVISI\u00d3N BA\u00d1OS\",\"isPartOf\":{\"@id\":\"https:\/\/gmelorente-pre.atic.green\/#website\"},\"primaryImageOfPage\":{\"@id\":\"https:\/\/gmelorente-pre.atic.green\/fr\/responsabilite-sociale\/#primaryimage\"},\"image\":{\"@id\":\"https:\/\/gmelorente-pre.atic.green\/fr\/responsabilite-sociale\/#primaryimage\"},\"thumbnailUrl\":\"https:\/\/gmelorente.com\/wp-content\/uploads\/600x120-1.gif\",\"datePublished\":\"2021-02-18T14:59:20+00:00\",\"description\":\"Chez GME, nous pensons que nous devons rendre \u00e0 la soci\u00e9t\u00e9 ce qu'elle nous apporte chaque ann\u00e9e en menant des actions de responsabilit\u00e9 sociale.\",\"breadcrumb\":{\"@id\":\"https:\/\/gmelorente-pre.atic.green\/fr\/responsabilite-sociale\/#breadcrumb\"},\"inLanguage\":\"fr-FR\",\"potentialAction\":[{\"@type\":\"ReadAction\",\"target\":[\"https:\/\/gmelorente-pre.atic.green\/fr\/responsabilite-sociale\/\"]}]},{\"@type\":\"ImageObject\",\"inLanguage\":\"fr-FR\",\"@id\":\"https:\/\/gmelorente-pre.atic.green\/fr\/responsabilite-sociale\/#primaryimage\",\"url\":\"https:\/\/gmelorente.com\/wp-content\/uploads\/600x120-1.gif\",\"contentUrl\":\"https:\/\/gmelorente.com\/wp-content\/uploads\/600x120-1.gif\"},{\"@type\":\"BreadcrumbList\",\"@id\":\"https:\/\/gmelorente-pre.atic.green\/fr\/responsabilite-sociale\/#breadcrumb\",\"itemListElement\":[{\"@type\":\"ListItem\",\"position\":1,\"name\":\"Home\",\"item\":\"https:\/\/gmelorente-pre.atic.green\/fr\/\"},{\"@type\":\"ListItem\",\"position\":2,\"name\":\"Responsabilit\u00e9 sociale\"}]},{\"@type\":\"WebSite\",\"@id\":\"https:\/\/gmelorente-pre.atic.green\/#website\",\"url\":\"https:\/\/gmelorente-pre.atic.green\/\",\"name\":\"GME DIVISI\u00d3N BA\u00d1OS\",\"description\":\"Mamparas de ducha y mucho m\u00e1s\",\"publisher\":{\"@id\":\"https:\/\/gmelorente-pre.atic.green\/#organization\"},\"potentialAction\":[{\"@type\":\"SearchAction\",\"target\":{\"@type\":\"EntryPoint\",\"urlTemplate\":\"https:\/\/gmelorente-pre.atic.green\/?s={search_term_string}\"},\"query-input\":{\"@type\":\"PropertyValueSpecification\",\"valueRequired\":true,\"valueName\":\"search_term_string\"}}],\"inLanguage\":\"fr-FR\"},{\"@type\":\"Organization\",\"@id\":\"https:\/\/gmelorente-pre.atic.green\/#organization\",\"name\":\"GME DIVISI\u00d3N BA\u00d1OS S.L.\",\"url\":\"https:\/\/gmelorente-pre.atic.green\/\",\"logo\":{\"@type\":\"ImageObject\",\"inLanguage\":\"fr-FR\",\"@id\":\"https:\/\/gmelorente-pre.atic.green\/#\/schema\/logo\/image\/\",\"url\":\"https:\/\/gmelorente.com\/wp-content\/uploads\/logo-gme-azul.jpg\",\"contentUrl\":\"https:\/\/gmelorente.com\/wp-content\/uploads\/logo-gme-azul.jpg\",\"width\":810,\"height\":298,\"caption\":\"GME DIVISI\u00d3N BA\u00d1OS S.L.\"},\"image\":{\"@id\":\"https:\/\/gmelorente-pre.atic.green\/#\/schema\/logo\/image\/\"},\"sameAs\":[\"https:\/\/www.facebook.com\/gmedivision\/?fref=ts\",\"https:\/\/es.pinterest.com\/gmedivision\/?eq=gme&amp;etslf=14997\"]}]}<\/script>\n<!-- \/ Yoast SEO plugin. -->","yoast_head_json":{"title":"Responsabilit\u00e9 sociale - GME DIVISI\u00d3N BA\u00d1OS","description":"Chez GME, nous pensons que nous devons rendre \u00e0 la soci\u00e9t\u00e9 ce qu'elle nous apporte chaque ann\u00e9e en menant des actions de responsabilit\u00e9 sociale.","robots":{"index":"index","follow":"follow","max-snippet":"max-snippet:-1","max-image-preview":"max-image-preview:large","max-video-preview":"max-video-preview:-1"},"canonical":"https:\/\/gmelorente-pre.atic.green\/fr\/responsabilite-sociale\/","og_locale":"fr_FR","og_type":"article","og_title":"Responsabilit\u00e9 sociale - GME DIVISI\u00d3N BA\u00d1OS","og_description":"Chez GME, nous pensons que nous devons rendre \u00e0 la soci\u00e9t\u00e9 ce qu'elle nous apporte chaque ann\u00e9e en menant des actions de responsabilit\u00e9 sociale.","og_url":"https:\/\/gmelorente-pre.atic.green\/fr\/responsabilite-sociale\/","og_site_name":"GME DIVISI\u00d3N BA\u00d1OS","article_publisher":"https:\/\/www.facebook.com\/gmedivision\/?fref=ts","og_image":[{"url":"https:\/\/gmelorente.com\/wp-content\/uploads\/600x120-1.gif","type":"","width":"","height":""}],"twitter_card":"summary_large_image","twitter_misc":{"Dur\u00e9e de lecture estim\u00e9e":"3 minutes"},"schema":{"@context":"https:\/\/schema.org","@graph":[{"@type":"WebPage","@id":"https:\/\/gmelorente-pre.atic.green\/fr\/responsabilite-sociale\/","url":"https:\/\/gmelorente-pre.atic.green\/fr\/responsabilite-sociale\/","name":"Responsabilit\u00e9 sociale - GME DIVISI\u00d3N BA\u00d1OS","isPartOf":{"@id":"https:\/\/gmelorente-pre.atic.green\/#website"},"primaryImageOfPage":{"@id":"https:\/\/gmelorente-pre.atic.green\/fr\/responsabilite-sociale\/#primaryimage"},"image":{"@id":"https:\/\/gmelorente-pre.atic.green\/fr\/responsabilite-sociale\/#primaryimage"},"thumbnailUrl":"https:\/\/gmelorente.com\/wp-content\/uploads\/600x120-1.gif","datePublished":"2021-02-18T14:59:20+00:00","description":"Chez GME, nous pensons que nous devons rendre \u00e0 la soci\u00e9t\u00e9 ce qu'elle nous apporte chaque ann\u00e9e en menant des actions de responsabilit\u00e9 sociale.","breadcrumb":{"@id":"https:\/\/gmelorente-pre.atic.green\/fr\/responsabilite-sociale\/#breadcrumb"},"inLanguage":"fr-FR","potentialAction":[{"@type":"ReadAction","target":["https:\/\/gmelorente-pre.atic.green\/fr\/responsabilite-sociale\/"]}]},{"@type":"ImageObject","inLanguage":"fr-FR","@id":"https:\/\/gmelorente-pre.atic.green\/fr\/responsabilite-sociale\/#primaryimage","url":"https:\/\/gmelorente.com\/wp-content\/uploads\/600x120-1.gif","contentUrl":"https:\/\/gmelorente.com\/wp-content\/uploads\/600x120-1.gif"},{"@type":"BreadcrumbList","@id":"https:\/\/gmelorente-pre.atic.green\/fr\/responsabilite-sociale\/#breadcrumb","itemListElement":[{"@type":"ListItem","position":1,"name":"Home","item":"https:\/\/gmelorente-pre.atic.green\/fr\/"},{"@type":"ListItem","position":2,"name":"Responsabilit\u00e9 sociale"}]},{"@type":"WebSite","@id":"https:\/\/gmelorente-pre.atic.green\/#website","url":"https:\/\/gmelorente-pre.atic.green\/","name":"GME DIVISI\u00d3N BA\u00d1OS","description":"Mamparas de ducha y mucho m\u00e1s","publisher":{"@id":"https:\/\/gmelorente-pre.atic.green\/#organization"},"potentialAction":[{"@type":"SearchAction","target":{"@type":"EntryPoint","urlTemplate":"https:\/\/gmelorente-pre.atic.green\/?s={search_term_string}"},"query-input":{"@type":"PropertyValueSpecification","valueRequired":true,"valueName":"search_term_string"}}],"inLanguage":"fr-FR"},{"@type":"Organization","@id":"https:\/\/gmelorente-pre.atic.green\/#organization","name":"GME DIVISI\u00d3N BA\u00d1OS S.L.","url":"https:\/\/gmelorente-pre.atic.green\/","logo":{"@type":"ImageObject","inLanguage":"fr-FR","@id":"https:\/\/gmelorente-pre.atic.green\/#\/schema\/logo\/image\/","url":"https:\/\/gmelorente.com\/wp-content\/uploads\/logo-gme-azul.jpg","contentUrl":"https:\/\/gmelorente.com\/wp-content\/uploads\/logo-gme-azul.jpg","width":810,"height":298,"caption":"GME DIVISI\u00d3N BA\u00d1OS S.L."},"image":{"@id":"https:\/\/gmelorente-pre.atic.green\/#\/schema\/logo\/image\/"},"sameAs":["https:\/\/www.facebook.com\/gmedivision\/?fref=ts","https:\/\/es.pinterest.com\/gmedivision\/?eq=gme&amp;etslf=14997"]}]}},"_links":{"self":[{"href":"https:\/\/gmelorente-pre.atic.green\/fr\/wp-json\/wp\/v2\/pages\/67541","targetHints":{"allow":["GET"]}}],"collection":[{"href":"https:\/\/gmelorente-pre.atic.green\/fr\/wp-json\/wp\/v2\/pages"}],"about":[{"href":"https:\/\/gmelorente-pre.atic.green\/fr\/wp-json\/wp\/v2\/types\/page"}],"author":[{"embeddable":true,"href":"https:\/\/gmelorente-pre.atic.green\/fr\/wp-json\/wp\/v2\/users\/1"}],"replies":[{"embeddable":true,"href":"https:\/\/gmelorente-pre.atic.green\/fr\/wp-json\/wp\/v2\/comments?post=67541"}],"version-history":[{"count":0,"href":"https:\/\/gmelorente-pre.atic.green\/fr\/wp-json\/wp\/v2\/pages\/67541\/revisions"}],"wp:attachment":[{"href":"https:\/\/gmelorente-pre.atic.green\/fr\/wp-json\/wp\/v2\/media?parent=67541"}],"curies":[{"name":"wp","href":"https:\/\/api.w.org\/{rel}","templated":true}]}}