{"id":67995,"date":"2020-09-29T01:04:42","date_gmt":"2020-09-28T23:04:42","guid":{"rendered":"https:\/\/gmelorente.com\/?page_id=67995"},"modified":"2024-05-28T15:16:45","modified_gmt":"2024-05-28T13:16:45","slug":"catalogue-robinet-io","status":"publish","type":"page","link":"https:\/\/gmelorente-pre.atic.green\/fr\/catalogue-robinet-io\/","title":{"rendered":"Catalogue Robinetterie IO"},"content":{"rendered":"<p>[vc_row][vc_column][vc_column_text]<\/p>\n<p>Vous recherchez un catalogue qui rassemble toutes les options de robinets de salle de bains et de cuisine? Le <strong>catalogue de robinets IO by GME<\/strong> propose toutes les options. Un catalogue complet qui comprend des robinets pour la salle de bains de tous les formats et de diff\u00e9rentes couleurs, des douches apparentes, des colonnes de douche, des robinets \u00e0 encastrer et bien plus encore. En outre, tout cela avec une <strong>livraison imm\u00e9diate<\/strong> partout dans la p\u00e9ninsule. Nous disposons de plus de 25 000 m\u00e8tres carr\u00e9s pour le stockage de toutes nos r\u00e9f\u00e9rences. Cela nous permet de garantir le d\u00e9lai de livraison le plus rapide du march\u00e9.<\/p>\n<p>Ce catalogue de robinets IO est le compl\u00e9ment parfait de notre catalogue g\u00e9n\u00e9ral de parois de douche et d&rsquo;accessoires de salle de bains, que vous pouvez consulter <a href=\"https:\/\/gmelorente.com\/fr\/catalogue-de-produits-gme\/\">ici<\/a>.<\/p>\n<p>Si vous souhaitez devenir distributeur et disposer de nos catalogues pour vendre nos produits et b\u00e9n\u00e9ficier de tous nos avantages, <a href=\"https:\/\/gmelorente.com\/fr\/vous-voulez-etre-distributeur\/\">veuillez nous contacter<\/a>.[\/vc_column_text][vc_empty_space]<div class=\"hr-thin style-line\" style=\"width: 100%;border-top-width: 1px;\"><\/div>[vc_empty_space][vc_column_text]<a href=\"https:\/\/gmelorente.com\/wp-content\/uploads\/IO-2024-FRANCIA-baja.pdf\"><img loading=\"lazy\" decoding=\"async\" class=\"aligncenter wp-image-84470\" src=\"https:\/\/gmelorente.com\/wp-content\/uploads\/Portada-IO-2024-FR.jpg\" alt=\"\" width=\"264\" height=\"379\" srcset=\"https:\/\/gmelorente-pre.atic.green\/wp-content\/uploads\/Portada-IO-2024-FR.jpg 523w, https:\/\/gmelorente-pre.atic.green\/wp-content\/uploads\/Portada-IO-2024-FR-209x300.jpg 209w, https:\/\/gmelorente-pre.atic.green\/wp-content\/uploads\/Portada-IO-2024-FR-500x717.jpg 500w\" sizes=\"auto, (max-width: 264px) 100vw, 264px\" \/><\/a><\/p>\n<p style=\"text-align: center;\"><a href=\"https:\/\/gmelorente.com\/wp-content\/uploads\/IO-2024-FRANCIA-baja.pdf\">CATALOGUE ROBINETTERIE IO 2024<\/a><\/p>\n<p>[\/vc_column_text]<div class=\"hr-thin style-line\" style=\"width: 100%;border-top-width: 1px;\"><\/div>[vc_column_text]L&rsquo;utilisation de ce catalogue est limit\u00e9e aux distributeurs officiels de GME DIVISION BA\u00d1OS. Ce catalogue virtuel n&rsquo;a qu&rsquo;une valeur informative et ne peut \u00eatre utilis\u00e9 officiellement pour proposer \u00e0 la vente l&rsquo;un de ses produits. Si vous souhaitez devenir un distributeur GME et avoir acc\u00e8s au catalogue physique, veuillez nous contacter en utilisant le<a href=\"https:\/\/gmelorente.com\/fr\/vous-voulez-etre-distributeur\/\"> formulaire suivant<\/a>.[\/vc_column_text][\/vc_column][\/vc_row][vc_row][vc_column][\/vc_column][\/vc_row]<\/p>\n","protected":false},"excerpt":{"rendered":"<p>[vc_row][vc_column][vc_column_text] Vous recherchez un catalogue qui rassemble toutes les options de robinets de salle de bains et de cuisine? Le catalogue de robinets IO by GME propose toutes les options. Un catalogue complet qui comprend des robinets pour la salle de bains de tous les formats et de diff\u00e9rentes couleurs, des douches apparentes, des colonnes&hellip;<\/p>\n","protected":false},"author":1,"featured_media":0,"parent":0,"menu_order":0,"comment_status":"closed","ping_status":"closed","template":"","meta":{"footnotes":""},"class_list":["post-67995","page","type-page","status-publish","hentry","description-off"],"yoast_head":"<!-- This site is optimized with the Yoast SEO plugin v24.8.1 - https:\/\/yoast.com\/wordpress\/plugins\/seo\/ -->\n<title>Catalogue Robinetterie IO - GME DIVISI\u00d3N BA\u00d1OS<\/title>\n<meta name=\"robots\" content=\"index, follow, max-snippet:-1, max-image-preview:large, max-video-preview:-1\" \/>\n<link rel=\"canonical\" href=\"https:\/\/gmelorente-pre.atic.green\/fr\/catalogue-robinet-io\/\" \/>\n<meta property=\"og:locale\" content=\"fr_FR\" \/>\n<meta property=\"og:type\" content=\"article\" \/>\n<meta property=\"og:title\" content=\"Catalogue Robinetterie IO - GME DIVISI\u00d3N BA\u00d1OS\" \/>\n<meta property=\"og:description\" content=\"[vc_row][vc_column][vc_column_text] Vous recherchez un catalogue qui rassemble toutes les options de robinets de salle de bains et de cuisine? Le catalogue de robinets IO by GME propose toutes les options. Un catalogue complet qui comprend des robinets pour la salle de bains de tous les formats et de diff\u00e9rentes couleurs, des douches apparentes, des colonnes&hellip;\" \/>\n<meta property=\"og:url\" content=\"https:\/\/gmelorente-pre.atic.green\/fr\/catalogue-robinet-io\/\" \/>\n<meta property=\"og:site_name\" content=\"GME DIVISI\u00d3N BA\u00d1OS\" \/>\n<meta property=\"article:publisher\" content=\"https:\/\/www.facebook.com\/gmedivision\/?fref=ts\" \/>\n<meta property=\"article:modified_time\" content=\"2024-05-28T13:16:45+00:00\" \/>\n<meta property=\"og:image\" content=\"https:\/\/gmelorente.com\/wp-content\/uploads\/Portada-IO-2024-FR.jpg\" \/>\n<meta name=\"twitter:card\" content=\"summary_large_image\" \/>\n<meta name=\"twitter:label1\" content=\"Dur\u00e9e de lecture estim\u00e9e\" \/>\n\t<meta name=\"twitter:data1\" content=\"2 minutes\" \/>\n<script type=\"application\/ld+json\" class=\"yoast-schema-graph\">{\"@context\":\"https:\/\/schema.org\",\"@graph\":[{\"@type\":\"WebPage\",\"@id\":\"https:\/\/gmelorente-pre.atic.green\/fr\/catalogue-robinet-io\/\",\"url\":\"https:\/\/gmelorente-pre.atic.green\/fr\/catalogue-robinet-io\/\",\"name\":\"Catalogue Robinetterie IO - GME DIVISI\u00d3N BA\u00d1OS\",\"isPartOf\":{\"@id\":\"https:\/\/gmelorente-pre.atic.green\/#website\"},\"primaryImageOfPage\":{\"@id\":\"https:\/\/gmelorente-pre.atic.green\/fr\/catalogue-robinet-io\/#primaryimage\"},\"image\":{\"@id\":\"https:\/\/gmelorente-pre.atic.green\/fr\/catalogue-robinet-io\/#primaryimage\"},\"thumbnailUrl\":\"https:\/\/gmelorente.com\/wp-content\/uploads\/Portada-IO-2024-FR.jpg\",\"datePublished\":\"2020-09-28T23:04:42+00:00\",\"dateModified\":\"2024-05-28T13:16:45+00:00\",\"breadcrumb\":{\"@id\":\"https:\/\/gmelorente-pre.atic.green\/fr\/catalogue-robinet-io\/#breadcrumb\"},\"inLanguage\":\"fr-FR\",\"potentialAction\":[{\"@type\":\"ReadAction\",\"target\":[\"https:\/\/gmelorente-pre.atic.green\/fr\/catalogue-robinet-io\/\"]}]},{\"@type\":\"ImageObject\",\"inLanguage\":\"fr-FR\",\"@id\":\"https:\/\/gmelorente-pre.atic.green\/fr\/catalogue-robinet-io\/#primaryimage\",\"url\":\"https:\/\/gmelorente.com\/wp-content\/uploads\/Portada-IO-2024-FR.jpg\",\"contentUrl\":\"https:\/\/gmelorente.com\/wp-content\/uploads\/Portada-IO-2024-FR.jpg\"},{\"@type\":\"BreadcrumbList\",\"@id\":\"https:\/\/gmelorente-pre.atic.green\/fr\/catalogue-robinet-io\/#breadcrumb\",\"itemListElement\":[{\"@type\":\"ListItem\",\"position\":1,\"name\":\"Home\",\"item\":\"https:\/\/gmelorente-pre.atic.green\/fr\/\"},{\"@type\":\"ListItem\",\"position\":2,\"name\":\"Catalogue Robinetterie IO\"}]},{\"@type\":\"WebSite\",\"@id\":\"https:\/\/gmelorente-pre.atic.green\/#website\",\"url\":\"https:\/\/gmelorente-pre.atic.green\/\",\"name\":\"GME DIVISI\u00d3N BA\u00d1OS\",\"description\":\"Mamparas de ducha y mucho m\u00e1s\",\"publisher\":{\"@id\":\"https:\/\/gmelorente-pre.atic.green\/#organization\"},\"potentialAction\":[{\"@type\":\"SearchAction\",\"target\":{\"@type\":\"EntryPoint\",\"urlTemplate\":\"https:\/\/gmelorente-pre.atic.green\/?s={search_term_string}\"},\"query-input\":{\"@type\":\"PropertyValueSpecification\",\"valueRequired\":true,\"valueName\":\"search_term_string\"}}],\"inLanguage\":\"fr-FR\"},{\"@type\":\"Organization\",\"@id\":\"https:\/\/gmelorente-pre.atic.green\/#organization\",\"name\":\"GME DIVISI\u00d3N BA\u00d1OS S.L.\",\"url\":\"https:\/\/gmelorente-pre.atic.green\/\",\"logo\":{\"@type\":\"ImageObject\",\"inLanguage\":\"fr-FR\",\"@id\":\"https:\/\/gmelorente-pre.atic.green\/#\/schema\/logo\/image\/\",\"url\":\"https:\/\/gmelorente.com\/wp-content\/uploads\/logo-gme-azul.jpg\",\"contentUrl\":\"https:\/\/gmelorente.com\/wp-content\/uploads\/logo-gme-azul.jpg\",\"width\":810,\"height\":298,\"caption\":\"GME DIVISI\u00d3N BA\u00d1OS S.L.\"},\"image\":{\"@id\":\"https:\/\/gmelorente-pre.atic.green\/#\/schema\/logo\/image\/\"},\"sameAs\":[\"https:\/\/www.facebook.com\/gmedivision\/?fref=ts\",\"https:\/\/es.pinterest.com\/gmedivision\/?eq=gme&amp;etslf=14997\"]}]}<\/script>\n<!-- \/ Yoast SEO plugin. -->","yoast_head_json":{"title":"Catalogue Robinetterie IO - GME DIVISI\u00d3N BA\u00d1OS","robots":{"index":"index","follow":"follow","max-snippet":"max-snippet:-1","max-image-preview":"max-image-preview:large","max-video-preview":"max-video-preview:-1"},"canonical":"https:\/\/gmelorente-pre.atic.green\/fr\/catalogue-robinet-io\/","og_locale":"fr_FR","og_type":"article","og_title":"Catalogue Robinetterie IO - GME DIVISI\u00d3N BA\u00d1OS","og_description":"[vc_row][vc_column][vc_column_text] Vous recherchez un catalogue qui rassemble toutes les options de robinets de salle de bains et de cuisine? Le catalogue de robinets IO by GME propose toutes les options. Un catalogue complet qui comprend des robinets pour la salle de bains de tous les formats et de diff\u00e9rentes couleurs, des douches apparentes, des colonnes&hellip;","og_url":"https:\/\/gmelorente-pre.atic.green\/fr\/catalogue-robinet-io\/","og_site_name":"GME DIVISI\u00d3N BA\u00d1OS","article_publisher":"https:\/\/www.facebook.com\/gmedivision\/?fref=ts","article_modified_time":"2024-05-28T13:16:45+00:00","og_image":[{"url":"https:\/\/gmelorente.com\/wp-content\/uploads\/Portada-IO-2024-FR.jpg","type":"","width":"","height":""}],"twitter_card":"summary_large_image","twitter_misc":{"Dur\u00e9e de lecture estim\u00e9e":"2 minutes"},"schema":{"@context":"https:\/\/schema.org","@graph":[{"@type":"WebPage","@id":"https:\/\/gmelorente-pre.atic.green\/fr\/catalogue-robinet-io\/","url":"https:\/\/gmelorente-pre.atic.green\/fr\/catalogue-robinet-io\/","name":"Catalogue Robinetterie IO - GME DIVISI\u00d3N BA\u00d1OS","isPartOf":{"@id":"https:\/\/gmelorente-pre.atic.green\/#website"},"primaryImageOfPage":{"@id":"https:\/\/gmelorente-pre.atic.green\/fr\/catalogue-robinet-io\/#primaryimage"},"image":{"@id":"https:\/\/gmelorente-pre.atic.green\/fr\/catalogue-robinet-io\/#primaryimage"},"thumbnailUrl":"https:\/\/gmelorente.com\/wp-content\/uploads\/Portada-IO-2024-FR.jpg","datePublished":"2020-09-28T23:04:42+00:00","dateModified":"2024-05-28T13:16:45+00:00","breadcrumb":{"@id":"https:\/\/gmelorente-pre.atic.green\/fr\/catalogue-robinet-io\/#breadcrumb"},"inLanguage":"fr-FR","potentialAction":[{"@type":"ReadAction","target":["https:\/\/gmelorente-pre.atic.green\/fr\/catalogue-robinet-io\/"]}]},{"@type":"ImageObject","inLanguage":"fr-FR","@id":"https:\/\/gmelorente-pre.atic.green\/fr\/catalogue-robinet-io\/#primaryimage","url":"https:\/\/gmelorente.com\/wp-content\/uploads\/Portada-IO-2024-FR.jpg","contentUrl":"https:\/\/gmelorente.com\/wp-content\/uploads\/Portada-IO-2024-FR.jpg"},{"@type":"BreadcrumbList","@id":"https:\/\/gmelorente-pre.atic.green\/fr\/catalogue-robinet-io\/#breadcrumb","itemListElement":[{"@type":"ListItem","position":1,"name":"Home","item":"https:\/\/gmelorente-pre.atic.green\/fr\/"},{"@type":"ListItem","position":2,"name":"Catalogue Robinetterie IO"}]},{"@type":"WebSite","@id":"https:\/\/gmelorente-pre.atic.green\/#website","url":"https:\/\/gmelorente-pre.atic.green\/","name":"GME DIVISI\u00d3N BA\u00d1OS","description":"Mamparas de ducha y mucho m\u00e1s","publisher":{"@id":"https:\/\/gmelorente-pre.atic.green\/#organization"},"potentialAction":[{"@type":"SearchAction","target":{"@type":"EntryPoint","urlTemplate":"https:\/\/gmelorente-pre.atic.green\/?s={search_term_string}"},"query-input":{"@type":"PropertyValueSpecification","valueRequired":true,"valueName":"search_term_string"}}],"inLanguage":"fr-FR"},{"@type":"Organization","@id":"https:\/\/gmelorente-pre.atic.green\/#organization","name":"GME DIVISI\u00d3N BA\u00d1OS S.L.","url":"https:\/\/gmelorente-pre.atic.green\/","logo":{"@type":"ImageObject","inLanguage":"fr-FR","@id":"https:\/\/gmelorente-pre.atic.green\/#\/schema\/logo\/image\/","url":"https:\/\/gmelorente.com\/wp-content\/uploads\/logo-gme-azul.jpg","contentUrl":"https:\/\/gmelorente.com\/wp-content\/uploads\/logo-gme-azul.jpg","width":810,"height":298,"caption":"GME DIVISI\u00d3N BA\u00d1OS S.L."},"image":{"@id":"https:\/\/gmelorente-pre.atic.green\/#\/schema\/logo\/image\/"},"sameAs":["https:\/\/www.facebook.com\/gmedivision\/?fref=ts","https:\/\/es.pinterest.com\/gmedivision\/?eq=gme&amp;etslf=14997"]}]}},"_links":{"self":[{"href":"https:\/\/gmelorente-pre.atic.green\/fr\/wp-json\/wp\/v2\/pages\/67995","targetHints":{"allow":["GET"]}}],"collection":[{"href":"https:\/\/gmelorente-pre.atic.green\/fr\/wp-json\/wp\/v2\/pages"}],"about":[{"href":"https:\/\/gmelorente-pre.atic.green\/fr\/wp-json\/wp\/v2\/types\/page"}],"author":[{"embeddable":true,"href":"https:\/\/gmelorente-pre.atic.green\/fr\/wp-json\/wp\/v2\/users\/1"}],"replies":[{"embeddable":true,"href":"https:\/\/gmelorente-pre.atic.green\/fr\/wp-json\/wp\/v2\/comments?post=67995"}],"version-history":[{"count":7,"href":"https:\/\/gmelorente-pre.atic.green\/fr\/wp-json\/wp\/v2\/pages\/67995\/revisions"}],"predecessor-version":[{"id":84500,"href":"https:\/\/gmelorente-pre.atic.green\/fr\/wp-json\/wp\/v2\/pages\/67995\/revisions\/84500"}],"wp:attachment":[{"href":"https:\/\/gmelorente-pre.atic.green\/fr\/wp-json\/wp\/v2\/media?parent=67995"}],"curies":[{"name":"wp","href":"https:\/\/api.w.org\/{rel}","templated":true}]}}