{"id":43085,"date":"2015-08-13T16:36:33","date_gmt":"2015-08-13T14:36:33","guid":{"rendered":"https:\/\/gmelorente.com\/it\/productos\/accesorios\/"},"modified":"2016-02-28T20:04:02","modified_gmt":"2016-02-28T19:04:02","slug":"accesorios","status":"publish","type":"page","link":"https:\/\/gmelorente-pre.atic.green\/it\/accesorios\/","title":{"rendered":"Accessori"},"content":{"rendered":"<p>[vc_row][vc_column][dt_portfolio type=&#8221;grid&#8221; column_width=&#8221;&#8221; columns=&#8221;4&#8243; proportion=&#8221;1:1&#8243; same_width=&#8221;true&#8221; show_title=&#8221;true&#8221; show_excerpt=&#8221;true&#8221; show_filter=&#8221;true&#8221; number=&#8221;24&#8243; orderby=&#8221;title&#8221; order=&#8221;asc&#8221; category=&#8221;accesorios-it&#8221;][\/vc_column][\/vc_row]<\/p>\n","protected":false},"excerpt":{"rendered":"<p>[vc_row][vc_column][dt_portfolio type=&#8221;grid&#8221; column_width=&#8221;&#8221; columns=&#8221;4&#8243; proportion=&#8221;1:1&#8243; same_width=&#8221;true&#8221; show_title=&#8221;true&#8221; show_excerpt=&#8221;true&#8221; show_filter=&#8221;true&#8221; number=&#8221;24&#8243; orderby=&#8221;title&#8221; order=&#8221;asc&#8221; category=&#8221;accesorios-it&#8221;][\/vc_column][\/vc_row]<\/p>\n","protected":false},"author":1,"featured_media":0,"parent":0,"menu_order":0,"comment_status":"closed","ping_status":"closed","template":"","meta":{"footnotes":""},"class_list":["post-43085","page","type-page","status-publish","hentry","description-off"],"yoast_head":"<!-- This site is optimized with the Yoast SEO plugin v24.8.1 - https:\/\/yoast.com\/wordpress\/plugins\/seo\/ -->\n<title>Accessori - GME DIVISI\u00d3N BA\u00d1OS<\/title>\n<meta name=\"robots\" content=\"index, follow, max-snippet:-1, max-image-preview:large, max-video-preview:-1\" \/>\n<link rel=\"canonical\" href=\"https:\/\/gmelorente-pre.atic.green\/it\/productos\/accesorios\/\" \/>\n<meta property=\"og:locale\" content=\"it_IT\" \/>\n<meta property=\"og:type\" content=\"article\" \/>\n<meta property=\"og:title\" content=\"Accessori - GME DIVISI\u00d3N BA\u00d1OS\" \/>\n<meta property=\"og:description\" content=\"[vc_row][vc_column][dt_portfolio type=&#8221;grid&#8221; column_width=&#8221;&#8221; columns=&#8221;4&#8243; proportion=&#8221;1:1&#8243; same_width=&#8221;true&#8221; show_title=&#8221;true&#8221; show_excerpt=&#8221;true&#8221; show_filter=&#8221;true&#8221; number=&#8221;24&#8243; orderby=&#8221;title&#8221; order=&#8221;asc&#8221; category=&#8221;accesorios-it&#8221;][\/vc_column][\/vc_row]\" \/>\n<meta property=\"og:url\" content=\"https:\/\/gmelorente-pre.atic.green\/it\/productos\/accesorios\/\" \/>\n<meta property=\"og:site_name\" content=\"GME DIVISI\u00d3N BA\u00d1OS\" \/>\n<meta property=\"article:publisher\" content=\"https:\/\/www.facebook.com\/gmedivision\/?fref=ts\" \/>\n<meta property=\"article:modified_time\" content=\"2016-02-28T19:04:02+00:00\" \/>\n<meta name=\"twitter:card\" content=\"summary_large_image\" \/>\n<script type=\"application\/ld+json\" class=\"yoast-schema-graph\">{\"@context\":\"https:\/\/schema.org\",\"@graph\":[{\"@type\":\"WebPage\",\"@id\":\"https:\/\/gmelorente-pre.atic.green\/it\/productos\/accesorios\/\",\"url\":\"https:\/\/gmelorente-pre.atic.green\/it\/productos\/accesorios\/\",\"name\":\"Accessori - GME DIVISI\u00d3N BA\u00d1OS\",\"isPartOf\":{\"@id\":\"https:\/\/gmelorente-pre.atic.green\/#website\"},\"datePublished\":\"2015-08-13T14:36:33+00:00\",\"dateModified\":\"2016-02-28T19:04:02+00:00\",\"breadcrumb\":{\"@id\":\"https:\/\/gmelorente-pre.atic.green\/it\/productos\/accesorios\/#breadcrumb\"},\"inLanguage\":\"it-IT\",\"potentialAction\":[{\"@type\":\"ReadAction\",\"target\":[\"https:\/\/gmelorente-pre.atic.green\/it\/productos\/accesorios\/\"]}]},{\"@type\":\"BreadcrumbList\",\"@id\":\"https:\/\/gmelorente-pre.atic.green\/it\/productos\/accesorios\/#breadcrumb\",\"itemListElement\":[{\"@type\":\"ListItem\",\"position\":1,\"name\":\"Home\",\"item\":\"https:\/\/gmelorente-pre.atic.green\/it\/\"},{\"@type\":\"ListItem\",\"position\":2,\"name\":\"Produrre\",\"item\":\"https:\/\/gmelorente-pre.atic.green\/it\/productos\/\"},{\"@type\":\"ListItem\",\"position\":3,\"name\":\"Accessori\"}]},{\"@type\":\"WebSite\",\"@id\":\"https:\/\/gmelorente-pre.atic.green\/#website\",\"url\":\"https:\/\/gmelorente-pre.atic.green\/\",\"name\":\"GME DIVISI\u00d3N BA\u00d1OS\",\"description\":\"Mamparas de ducha y mucho m\u00e1s\",\"publisher\":{\"@id\":\"https:\/\/gmelorente-pre.atic.green\/#organization\"},\"potentialAction\":[{\"@type\":\"SearchAction\",\"target\":{\"@type\":\"EntryPoint\",\"urlTemplate\":\"https:\/\/gmelorente-pre.atic.green\/?s={search_term_string}\"},\"query-input\":{\"@type\":\"PropertyValueSpecification\",\"valueRequired\":true,\"valueName\":\"search_term_string\"}}],\"inLanguage\":\"it-IT\"},{\"@type\":\"Organization\",\"@id\":\"https:\/\/gmelorente-pre.atic.green\/#organization\",\"name\":\"GME DIVISI\u00d3N BA\u00d1OS S.L.\",\"url\":\"https:\/\/gmelorente-pre.atic.green\/\",\"logo\":{\"@type\":\"ImageObject\",\"inLanguage\":\"it-IT\",\"@id\":\"https:\/\/gmelorente-pre.atic.green\/#\/schema\/logo\/image\/\",\"url\":\"https:\/\/gmelorente.com\/wp-content\/uploads\/logo-gme-azul.jpg\",\"contentUrl\":\"https:\/\/gmelorente.com\/wp-content\/uploads\/logo-gme-azul.jpg\",\"width\":810,\"height\":298,\"caption\":\"GME DIVISI\u00d3N BA\u00d1OS S.L.\"},\"image\":{\"@id\":\"https:\/\/gmelorente-pre.atic.green\/#\/schema\/logo\/image\/\"},\"sameAs\":[\"https:\/\/www.facebook.com\/gmedivision\/?fref=ts\",\"https:\/\/es.pinterest.com\/gmedivision\/?eq=gme&amp;etslf=14997\"]}]}<\/script>\n<!-- \/ Yoast SEO plugin. -->","yoast_head_json":{"title":"Accessori - GME DIVISI\u00d3N BA\u00d1OS","robots":{"index":"index","follow":"follow","max-snippet":"max-snippet:-1","max-image-preview":"max-image-preview:large","max-video-preview":"max-video-preview:-1"},"canonical":"https:\/\/gmelorente-pre.atic.green\/it\/productos\/accesorios\/","og_locale":"it_IT","og_type":"article","og_title":"Accessori - GME DIVISI\u00d3N BA\u00d1OS","og_description":"[vc_row][vc_column][dt_portfolio type=&#8221;grid&#8221; column_width=&#8221;&#8221; columns=&#8221;4&#8243; proportion=&#8221;1:1&#8243; same_width=&#8221;true&#8221; show_title=&#8221;true&#8221; show_excerpt=&#8221;true&#8221; show_filter=&#8221;true&#8221; number=&#8221;24&#8243; orderby=&#8221;title&#8221; order=&#8221;asc&#8221; category=&#8221;accesorios-it&#8221;][\/vc_column][\/vc_row]","og_url":"https:\/\/gmelorente-pre.atic.green\/it\/productos\/accesorios\/","og_site_name":"GME DIVISI\u00d3N BA\u00d1OS","article_publisher":"https:\/\/www.facebook.com\/gmedivision\/?fref=ts","article_modified_time":"2016-02-28T19:04:02+00:00","twitter_card":"summary_large_image","schema":{"@context":"https:\/\/schema.org","@graph":[{"@type":"WebPage","@id":"https:\/\/gmelorente-pre.atic.green\/it\/productos\/accesorios\/","url":"https:\/\/gmelorente-pre.atic.green\/it\/productos\/accesorios\/","name":"Accessori - GME DIVISI\u00d3N BA\u00d1OS","isPartOf":{"@id":"https:\/\/gmelorente-pre.atic.green\/#website"},"datePublished":"2015-08-13T14:36:33+00:00","dateModified":"2016-02-28T19:04:02+00:00","breadcrumb":{"@id":"https:\/\/gmelorente-pre.atic.green\/it\/productos\/accesorios\/#breadcrumb"},"inLanguage":"it-IT","potentialAction":[{"@type":"ReadAction","target":["https:\/\/gmelorente-pre.atic.green\/it\/productos\/accesorios\/"]}]},{"@type":"BreadcrumbList","@id":"https:\/\/gmelorente-pre.atic.green\/it\/productos\/accesorios\/#breadcrumb","itemListElement":[{"@type":"ListItem","position":1,"name":"Home","item":"https:\/\/gmelorente-pre.atic.green\/it\/"},{"@type":"ListItem","position":2,"name":"Produrre","item":"https:\/\/gmelorente-pre.atic.green\/it\/productos\/"},{"@type":"ListItem","position":3,"name":"Accessori"}]},{"@type":"WebSite","@id":"https:\/\/gmelorente-pre.atic.green\/#website","url":"https:\/\/gmelorente-pre.atic.green\/","name":"GME DIVISI\u00d3N BA\u00d1OS","description":"Mamparas de ducha y mucho m\u00e1s","publisher":{"@id":"https:\/\/gmelorente-pre.atic.green\/#organization"},"potentialAction":[{"@type":"SearchAction","target":{"@type":"EntryPoint","urlTemplate":"https:\/\/gmelorente-pre.atic.green\/?s={search_term_string}"},"query-input":{"@type":"PropertyValueSpecification","valueRequired":true,"valueName":"search_term_string"}}],"inLanguage":"it-IT"},{"@type":"Organization","@id":"https:\/\/gmelorente-pre.atic.green\/#organization","name":"GME DIVISI\u00d3N BA\u00d1OS S.L.","url":"https:\/\/gmelorente-pre.atic.green\/","logo":{"@type":"ImageObject","inLanguage":"it-IT","@id":"https:\/\/gmelorente-pre.atic.green\/#\/schema\/logo\/image\/","url":"https:\/\/gmelorente.com\/wp-content\/uploads\/logo-gme-azul.jpg","contentUrl":"https:\/\/gmelorente.com\/wp-content\/uploads\/logo-gme-azul.jpg","width":810,"height":298,"caption":"GME DIVISI\u00d3N BA\u00d1OS S.L."},"image":{"@id":"https:\/\/gmelorente-pre.atic.green\/#\/schema\/logo\/image\/"},"sameAs":["https:\/\/www.facebook.com\/gmedivision\/?fref=ts","https:\/\/es.pinterest.com\/gmedivision\/?eq=gme&amp;etslf=14997"]}]}},"_links":{"self":[{"href":"https:\/\/gmelorente-pre.atic.green\/it\/wp-json\/wp\/v2\/pages\/43085","targetHints":{"allow":["GET"]}}],"collection":[{"href":"https:\/\/gmelorente-pre.atic.green\/it\/wp-json\/wp\/v2\/pages"}],"about":[{"href":"https:\/\/gmelorente-pre.atic.green\/it\/wp-json\/wp\/v2\/types\/page"}],"author":[{"embeddable":true,"href":"https:\/\/gmelorente-pre.atic.green\/it\/wp-json\/wp\/v2\/users\/1"}],"replies":[{"embeddable":true,"href":"https:\/\/gmelorente-pre.atic.green\/it\/wp-json\/wp\/v2\/comments?post=43085"}],"version-history":[{"count":0,"href":"https:\/\/gmelorente-pre.atic.green\/it\/wp-json\/wp\/v2\/pages\/43085\/revisions"}],"wp:attachment":[{"href":"https:\/\/gmelorente-pre.atic.green\/it\/wp-json\/wp\/v2\/media?parent=43085"}],"curies":[{"name":"wp","href":"https:\/\/api.w.org\/{rel}","templated":true}]}}