{"id":43191,"date":"2015-08-13T15:24:07","date_gmt":"2015-08-13T13:24:07","guid":{"rendered":"https:\/\/gmelorente.com\/it\/donde-comprar\/"},"modified":"2016-02-27T19:36:54","modified_gmt":"2016-02-27T18:36:54","slug":"donde-comprar","status":"publish","type":"page","link":"https:\/\/gmelorente-pre.atic.green\/it\/donde-comprar\/","title":{"rendered":"Dove acquistare?"},"content":{"rendered":"<p>[vc_row][vc_column width=&#8221;1\/2&#8243;][vc_column_text]<\/p>\n<div id=\"attachment_38147\" style=\"width: 297px\" class=\"wp-caption aligncenter\"><img loading=\"lazy\" decoding=\"async\" aria-describedby=\"caption-attachment-38147\" class=\"wp-image-38147 size-full\" title=\"icono donde comprar\" src=\"https:\/\/gmelorente.com\/wp-content\/uploads\/donde-comprar.jpg\" alt=\"donde-comprar\" width=\"287\" height=\"418\" srcset=\"https:\/\/gmelorente-pre.atic.green\/wp-content\/uploads\/donde-comprar.jpg 287w, https:\/\/gmelorente-pre.atic.green\/wp-content\/uploads\/donde-comprar-206x300.jpg 206w, https:\/\/gmelorente-pre.atic.green\/wp-content\/uploads\/donde-comprar-14x20.jpg 14w\" sizes=\"auto, (max-width: 287px) 100vw, 287px\" \/><p id=\"caption-attachment-38147\" class=\"wp-caption-text\">icono donde comprar mamparas<\/p><\/div>\n<p>[\/vc_column_text][\/vc_column][vc_column width=&#8221;1\/2&#8243;][vc_column_text]Ti interessa qualcuno dei nostri prodotti da bagno?<\/p>\n<p>Indicaci i tuoi dati e ti diremo dove puoi trovare i nostri prodotti.[\/vc_column_text][vc_empty_space height=&#8221;30px&#8221;]\n<div class=\"wpcf7 no-js\" id=\"wpcf7-f44230-o1\" lang=\"es-ES\" dir=\"ltr\" data-wpcf7-id=\"44230\">\n<div class=\"screen-reader-response\"><p role=\"status\" aria-live=\"polite\" aria-atomic=\"true\"><\/p> <ul><\/ul><\/div>\n<form action=\"\/it\/wp-json\/wp\/v2\/pages\/43191#wpcf7-f44230-o1\" method=\"post\" class=\"wpcf7-form init\" aria-label=\"Formulario de contacto\" novalidate=\"novalidate\" data-status=\"init\">\n<div style=\"display: none;\">\n<input type=\"hidden\" name=\"_wpcf7\" value=\"44230\" \/>\n<input type=\"hidden\" name=\"_wpcf7_version\" value=\"6.0.5\" \/>\n<input type=\"hidden\" name=\"_wpcf7_locale\" value=\"es_ES\" \/>\n<input type=\"hidden\" name=\"_wpcf7_unit_tag\" value=\"wpcf7-f44230-o1\" \/>\n<input type=\"hidden\" name=\"_wpcf7_container_post\" value=\"0\" \/>\n<input type=\"hidden\" name=\"_wpcf7_posted_data_hash\" value=\"\" \/>\n<input type=\"hidden\" name=\"_wpcf7_recaptcha_response\" value=\"\" \/>\n<\/div>\n<p><span class=\"wpcf7-form-control-wrap\" data-name=\"nombre\"><input size=\"40\" maxlength=\"400\" class=\"wpcf7-form-control wpcf7-text wpcf7-validates-as-required\" aria-required=\"true\" aria-invalid=\"false\" placeholder=\"Nome *\" value=\"\" type=\"text\" name=\"nombre\" \/><\/span>\n<\/p>\n<p><span class=\"wpcf7-form-control-wrap\" data-name=\"apellidos\"><input size=\"40\" maxlength=\"400\" class=\"wpcf7-form-control wpcf7-text wpcf7-validates-as-required\" aria-required=\"true\" aria-invalid=\"false\" placeholder=\"Cognomi *\" value=\"\" type=\"text\" name=\"apellidos\" \/><\/span>\n<\/p>\n<p><span class=\"wpcf7-form-control-wrap\" data-name=\"email\"><input size=\"40\" maxlength=\"400\" class=\"wpcf7-form-control wpcf7-email wpcf7-validates-as-required wpcf7-text wpcf7-validates-as-email\" aria-required=\"true\" aria-invalid=\"false\" placeholder=\"Email *\" value=\"\" type=\"email\" name=\"email\" \/><\/span>\n<\/p>\n<p><span class=\"wpcf7-form-control-wrap\" data-name=\"poblacion\"><input size=\"40\" maxlength=\"400\" class=\"wpcf7-form-control wpcf7-text wpcf7-validates-as-required\" aria-required=\"true\" aria-invalid=\"false\" placeholder=\"Citt\u00e0 *\" value=\"\" type=\"text\" name=\"poblacion\" \/><\/span>\n<\/p>\n<p><span class=\"wpcf7-form-control-wrap\" data-name=\"provincia\"><input size=\"40\" maxlength=\"400\" class=\"wpcf7-form-control wpcf7-text wpcf7-validates-as-required\" aria-required=\"true\" aria-invalid=\"false\" placeholder=\"Provincia *\" value=\"\" type=\"text\" name=\"provincia\" \/><\/span>\n<\/p>\n<p><span class=\"wpcf7-form-control-wrap\" data-name=\"cp\"><input size=\"40\" maxlength=\"400\" class=\"wpcf7-form-control wpcf7-text wpcf7-validates-as-required\" aria-required=\"true\" aria-invalid=\"false\" placeholder=\"Codice postale *\" value=\"\" type=\"text\" name=\"cp\" \/><\/span>\n<\/p>\n<p><span class=\"wpcf7-form-control-wrap\" data-name=\"telefono\"><input size=\"40\" maxlength=\"400\" class=\"wpcf7-form-control wpcf7-text wpcf7-validates-as-required\" aria-required=\"true\" aria-invalid=\"false\" placeholder=\"Telefono *\" value=\"\" type=\"text\" name=\"telefono\" \/><\/span>\n<\/p>\n<p><span class=\"wpcf7-form-control-wrap\" data-name=\"aceptacion\"><span class=\"wpcf7-form-control wpcf7-acceptance\"><span class=\"wpcf7-list-item\"><input type=\"checkbox\" name=\"aceptacion\" value=\"1\" aria-invalid=\"false\" \/><\/span><\/span><\/span> Ho letto e accetto le condizioni del <a href=\"https:\/\/gmelorente.com\/it\/aviso-legal\" target=\"_blank\">bando legale<\/a>\n<\/p>\n<p><input class=\"wpcf7-form-control wpcf7-submit has-spinner\" type=\"submit\" value=\"Inviare\" \/>\n<\/p>\n<p style=\"font-size:10px;line-height:12px;\">GME DIVISI\u00d3N BA\u00d1OS S.L. \u00e8 responsabile del trattamento dei dati forniti al fine di rispondere alle vostre richieste o domande fatte. Discuteremo la vostra dati in virt\u00f9 del consenso espresso quando si inviano le informazioni attraverso il modulo. Il trasferimento dei tuoi dati personali a terzi al di fuori Il GME. Se lo desideri puoi esercitare i tuoi diritti di accesso, rettifica, cancellazione, portabilit\u00e0, limitazione o opposizione al trattamento e revoca del consenso seguendo le procedure che consigliamo nelle nostre informazioni aggiuntive sulla protezione dei dati.\n<\/p><p style=\"display: none !important;\" class=\"akismet-fields-container\" data-prefix=\"_wpcf7_ak_\"><label>&#916;<textarea name=\"_wpcf7_ak_hp_textarea\" cols=\"45\" rows=\"8\" maxlength=\"100\"><\/textarea><\/label><input type=\"hidden\" id=\"ak_js_1\" name=\"_wpcf7_ak_js\" value=\"100\"\/><script>document.getElementById( \"ak_js_1\" ).setAttribute( \"value\", ( new Date() ).getTime() );<\/script><\/p><div class=\"wpcf7-response-output\" aria-hidden=\"true\"><\/div>\n<\/form>\n<\/div>\n[\/vc_column][\/vc_row]<\/p>\n","protected":false},"excerpt":{"rendered":"<p>[vc_row][vc_column width=&#8221;1\/2&#8243;][vc_column_text] [\/vc_column_text][\/vc_column][vc_column width=&#8221;1\/2&#8243;][vc_column_text]Ti interessa qualcuno dei nostri prodotti da bagno? Indicaci i tuoi dati e ti diremo dove puoi trovare i nostri prodotti.[\/vc_column_text][vc_empty_space height=&#8221;30px&#8221;][\/vc_column][\/vc_row]<\/p>\n","protected":false},"author":1,"featured_media":0,"parent":0,"menu_order":0,"comment_status":"closed","ping_status":"closed","template":"","meta":{"footnotes":""},"class_list":["post-43191","page","type-page","status-publish","hentry","description-off"],"yoast_head":"<!-- This site is optimized with the Yoast SEO plugin v24.8.1 - https:\/\/yoast.com\/wordpress\/plugins\/seo\/ -->\n<title>D\u00f3nde comprar mamparas y platos de ducha?\u00a0- GME<\/title>\n<meta name=\"description\" content=\"GME es fabricante de primer nivel espa\u00f1ol con m\u00e1s de 25 a\u00f1os de experiencia en el sector. Mamparas y platos con certificaci\u00f3n europea y marcado CE.\" \/>\n<meta name=\"robots\" content=\"index, follow, max-snippet:-1, max-image-preview:large, max-video-preview:-1\" \/>\n<link rel=\"canonical\" href=\"https:\/\/gmelorente-pre.atic.green\/it\/donde-comprar\/\" \/>\n<meta property=\"og:locale\" content=\"it_IT\" \/>\n<meta property=\"og:type\" content=\"article\" \/>\n<meta property=\"og:title\" content=\"D\u00f3nde comprar mamparas y platos de ducha?\u00a0- GME\" \/>\n<meta property=\"og:description\" content=\"GME es fabricante de primer nivel espa\u00f1ol con m\u00e1s de 25 a\u00f1os de experiencia en el sector. Mamparas y platos con certificaci\u00f3n europea y marcado CE.\" \/>\n<meta property=\"og:url\" content=\"https:\/\/gmelorente-pre.atic.green\/it\/donde-comprar\/\" \/>\n<meta property=\"og:site_name\" content=\"GME DIVISI\u00d3N BA\u00d1OS\" \/>\n<meta property=\"article:publisher\" content=\"https:\/\/www.facebook.com\/gmedivision\/?fref=ts\" \/>\n<meta property=\"article:modified_time\" content=\"2016-02-27T18:36:54+00:00\" \/>\n<meta property=\"og:image\" content=\"https:\/\/gmelorente.com\/wp-content\/uploads\/donde-comprar.jpg\" \/>\n<meta name=\"twitter:card\" content=\"summary_large_image\" \/>\n<script type=\"application\/ld+json\" class=\"yoast-schema-graph\">{\"@context\":\"https:\/\/schema.org\",\"@graph\":[{\"@type\":\"WebPage\",\"@id\":\"https:\/\/gmelorente-pre.atic.green\/it\/donde-comprar\/\",\"url\":\"https:\/\/gmelorente-pre.atic.green\/it\/donde-comprar\/\",\"name\":\"D\u00f3nde comprar mamparas y platos de ducha?\u00a0- GME\",\"isPartOf\":{\"@id\":\"https:\/\/gmelorente-pre.atic.green\/#website\"},\"primaryImageOfPage\":{\"@id\":\"https:\/\/gmelorente-pre.atic.green\/it\/donde-comprar\/#primaryimage\"},\"image\":{\"@id\":\"https:\/\/gmelorente-pre.atic.green\/it\/donde-comprar\/#primaryimage\"},\"thumbnailUrl\":\"https:\/\/gmelorente.com\/wp-content\/uploads\/donde-comprar.jpg\",\"datePublished\":\"2015-08-13T13:24:07+00:00\",\"dateModified\":\"2016-02-27T18:36:54+00:00\",\"description\":\"GME es fabricante de primer nivel espa\u00f1ol con m\u00e1s de 25 a\u00f1os de experiencia en el sector. Mamparas y platos con certificaci\u00f3n europea y marcado CE.\",\"breadcrumb\":{\"@id\":\"https:\/\/gmelorente-pre.atic.green\/it\/donde-comprar\/#breadcrumb\"},\"inLanguage\":\"it-IT\",\"potentialAction\":[{\"@type\":\"ReadAction\",\"target\":[\"https:\/\/gmelorente-pre.atic.green\/it\/donde-comprar\/\"]}]},{\"@type\":\"ImageObject\",\"inLanguage\":\"it-IT\",\"@id\":\"https:\/\/gmelorente-pre.atic.green\/it\/donde-comprar\/#primaryimage\",\"url\":\"https:\/\/gmelorente.com\/wp-content\/uploads\/donde-comprar.jpg\",\"contentUrl\":\"https:\/\/gmelorente.com\/wp-content\/uploads\/donde-comprar.jpg\"},{\"@type\":\"BreadcrumbList\",\"@id\":\"https:\/\/gmelorente-pre.atic.green\/it\/donde-comprar\/#breadcrumb\",\"itemListElement\":[{\"@type\":\"ListItem\",\"position\":1,\"name\":\"Home\",\"item\":\"https:\/\/gmelorente-pre.atic.green\/it\/\"},{\"@type\":\"ListItem\",\"position\":2,\"name\":\"Dove acquistare?\"}]},{\"@type\":\"WebSite\",\"@id\":\"https:\/\/gmelorente-pre.atic.green\/#website\",\"url\":\"https:\/\/gmelorente-pre.atic.green\/\",\"name\":\"GME DIVISI\u00d3N BA\u00d1OS\",\"description\":\"Mamparas de ducha y mucho m\u00e1s\",\"publisher\":{\"@id\":\"https:\/\/gmelorente-pre.atic.green\/#organization\"},\"potentialAction\":[{\"@type\":\"SearchAction\",\"target\":{\"@type\":\"EntryPoint\",\"urlTemplate\":\"https:\/\/gmelorente-pre.atic.green\/?s={search_term_string}\"},\"query-input\":{\"@type\":\"PropertyValueSpecification\",\"valueRequired\":true,\"valueName\":\"search_term_string\"}}],\"inLanguage\":\"it-IT\"},{\"@type\":\"Organization\",\"@id\":\"https:\/\/gmelorente-pre.atic.green\/#organization\",\"name\":\"GME DIVISI\u00d3N BA\u00d1OS S.L.\",\"url\":\"https:\/\/gmelorente-pre.atic.green\/\",\"logo\":{\"@type\":\"ImageObject\",\"inLanguage\":\"it-IT\",\"@id\":\"https:\/\/gmelorente-pre.atic.green\/#\/schema\/logo\/image\/\",\"url\":\"https:\/\/gmelorente.com\/wp-content\/uploads\/logo-gme-azul.jpg\",\"contentUrl\":\"https:\/\/gmelorente.com\/wp-content\/uploads\/logo-gme-azul.jpg\",\"width\":810,\"height\":298,\"caption\":\"GME DIVISI\u00d3N BA\u00d1OS S.L.\"},\"image\":{\"@id\":\"https:\/\/gmelorente-pre.atic.green\/#\/schema\/logo\/image\/\"},\"sameAs\":[\"https:\/\/www.facebook.com\/gmedivision\/?fref=ts\",\"https:\/\/es.pinterest.com\/gmedivision\/?eq=gme&amp;etslf=14997\"]}]}<\/script>\n<!-- \/ Yoast SEO plugin. -->","yoast_head_json":{"title":"D\u00f3nde comprar mamparas y platos de ducha?\u00a0- GME","description":"GME es fabricante de primer nivel espa\u00f1ol con m\u00e1s de 25 a\u00f1os de experiencia en el sector. Mamparas y platos con certificaci\u00f3n europea y marcado CE.","robots":{"index":"index","follow":"follow","max-snippet":"max-snippet:-1","max-image-preview":"max-image-preview:large","max-video-preview":"max-video-preview:-1"},"canonical":"https:\/\/gmelorente-pre.atic.green\/it\/donde-comprar\/","og_locale":"it_IT","og_type":"article","og_title":"D\u00f3nde comprar mamparas y platos de ducha?\u00a0- GME","og_description":"GME es fabricante de primer nivel espa\u00f1ol con m\u00e1s de 25 a\u00f1os de experiencia en el sector. Mamparas y platos con certificaci\u00f3n europea y marcado CE.","og_url":"https:\/\/gmelorente-pre.atic.green\/it\/donde-comprar\/","og_site_name":"GME DIVISI\u00d3N BA\u00d1OS","article_publisher":"https:\/\/www.facebook.com\/gmedivision\/?fref=ts","article_modified_time":"2016-02-27T18:36:54+00:00","og_image":[{"url":"https:\/\/gmelorente.com\/wp-content\/uploads\/donde-comprar.jpg","type":"","width":"","height":""}],"twitter_card":"summary_large_image","schema":{"@context":"https:\/\/schema.org","@graph":[{"@type":"WebPage","@id":"https:\/\/gmelorente-pre.atic.green\/it\/donde-comprar\/","url":"https:\/\/gmelorente-pre.atic.green\/it\/donde-comprar\/","name":"D\u00f3nde comprar mamparas y platos de ducha?\u00a0- GME","isPartOf":{"@id":"https:\/\/gmelorente-pre.atic.green\/#website"},"primaryImageOfPage":{"@id":"https:\/\/gmelorente-pre.atic.green\/it\/donde-comprar\/#primaryimage"},"image":{"@id":"https:\/\/gmelorente-pre.atic.green\/it\/donde-comprar\/#primaryimage"},"thumbnailUrl":"https:\/\/gmelorente.com\/wp-content\/uploads\/donde-comprar.jpg","datePublished":"2015-08-13T13:24:07+00:00","dateModified":"2016-02-27T18:36:54+00:00","description":"GME es fabricante de primer nivel espa\u00f1ol con m\u00e1s de 25 a\u00f1os de experiencia en el sector. Mamparas y platos con certificaci\u00f3n europea y marcado CE.","breadcrumb":{"@id":"https:\/\/gmelorente-pre.atic.green\/it\/donde-comprar\/#breadcrumb"},"inLanguage":"it-IT","potentialAction":[{"@type":"ReadAction","target":["https:\/\/gmelorente-pre.atic.green\/it\/donde-comprar\/"]}]},{"@type":"ImageObject","inLanguage":"it-IT","@id":"https:\/\/gmelorente-pre.atic.green\/it\/donde-comprar\/#primaryimage","url":"https:\/\/gmelorente.com\/wp-content\/uploads\/donde-comprar.jpg","contentUrl":"https:\/\/gmelorente.com\/wp-content\/uploads\/donde-comprar.jpg"},{"@type":"BreadcrumbList","@id":"https:\/\/gmelorente-pre.atic.green\/it\/donde-comprar\/#breadcrumb","itemListElement":[{"@type":"ListItem","position":1,"name":"Home","item":"https:\/\/gmelorente-pre.atic.green\/it\/"},{"@type":"ListItem","position":2,"name":"Dove acquistare?"}]},{"@type":"WebSite","@id":"https:\/\/gmelorente-pre.atic.green\/#website","url":"https:\/\/gmelorente-pre.atic.green\/","name":"GME DIVISI\u00d3N BA\u00d1OS","description":"Mamparas de ducha y mucho m\u00e1s","publisher":{"@id":"https:\/\/gmelorente-pre.atic.green\/#organization"},"potentialAction":[{"@type":"SearchAction","target":{"@type":"EntryPoint","urlTemplate":"https:\/\/gmelorente-pre.atic.green\/?s={search_term_string}"},"query-input":{"@type":"PropertyValueSpecification","valueRequired":true,"valueName":"search_term_string"}}],"inLanguage":"it-IT"},{"@type":"Organization","@id":"https:\/\/gmelorente-pre.atic.green\/#organization","name":"GME DIVISI\u00d3N BA\u00d1OS S.L.","url":"https:\/\/gmelorente-pre.atic.green\/","logo":{"@type":"ImageObject","inLanguage":"it-IT","@id":"https:\/\/gmelorente-pre.atic.green\/#\/schema\/logo\/image\/","url":"https:\/\/gmelorente.com\/wp-content\/uploads\/logo-gme-azul.jpg","contentUrl":"https:\/\/gmelorente.com\/wp-content\/uploads\/logo-gme-azul.jpg","width":810,"height":298,"caption":"GME DIVISI\u00d3N BA\u00d1OS S.L."},"image":{"@id":"https:\/\/gmelorente-pre.atic.green\/#\/schema\/logo\/image\/"},"sameAs":["https:\/\/www.facebook.com\/gmedivision\/?fref=ts","https:\/\/es.pinterest.com\/gmedivision\/?eq=gme&amp;etslf=14997"]}]}},"_links":{"self":[{"href":"https:\/\/gmelorente-pre.atic.green\/it\/wp-json\/wp\/v2\/pages\/43191","targetHints":{"allow":["GET"]}}],"collection":[{"href":"https:\/\/gmelorente-pre.atic.green\/it\/wp-json\/wp\/v2\/pages"}],"about":[{"href":"https:\/\/gmelorente-pre.atic.green\/it\/wp-json\/wp\/v2\/types\/page"}],"author":[{"embeddable":true,"href":"https:\/\/gmelorente-pre.atic.green\/it\/wp-json\/wp\/v2\/users\/1"}],"replies":[{"embeddable":true,"href":"https:\/\/gmelorente-pre.atic.green\/it\/wp-json\/wp\/v2\/comments?post=43191"}],"version-history":[{"count":0,"href":"https:\/\/gmelorente-pre.atic.green\/it\/wp-json\/wp\/v2\/pages\/43191\/revisions"}],"wp:attachment":[{"href":"https:\/\/gmelorente-pre.atic.green\/it\/wp-json\/wp\/v2\/media?parent=43191"}],"curies":[{"name":"wp","href":"https:\/\/api.w.org\/{rel}","templated":true}]}}