{"id":43206,"date":"2014-06-16T11:05:17","date_gmt":"2014-06-16T11:05:17","guid":{"rendered":"https:\/\/gmelorente.com\/it\/contacto\/"},"modified":"2021-01-27T14:43:41","modified_gmt":"2021-01-27T13:43:41","slug":"contacto","status":"publish","type":"page","link":"https:\/\/gmelorente-pre.atic.green\/it\/contacto\/","title":{"rendered":"Contatto"},"content":{"rendered":"<p>[vc_row margin_bottom=&#8221;-40&#8243;][vc_column width=&#8221;1\/2&#8243;]<div class=\"dt-fancy-separator title-left h6-size\" style=\"width: 100%;\"><div class=\"dt-fancy-title\"><span class=\"separator-holder separator-left\"><\/span>Informazioni di contatto<span class=\"separator-holder separator-right\"><\/span><\/div><\/div>[vc_column_text]<a href=\"http:\/\/www.facebook.com\/gmedivision\" target=\"_blank\" rel=\"noreferrer noopener\" aria-label=\" (abre en una nueva pesta\u00f1a)\">Facebook<\/a>, <a href=\"http:\/\/www.instagram.com\/gmemamparas\">Instagram<\/a>, <a href=\"http:\/\/www.twitter.com\/gmemamparas\" target=\"_blank\" rel=\"noreferrer noopener\" aria-label=\" (abre en una nueva pesta\u00f1a)\">Twitter<\/a>, <a href=\"http:\/\/www.pinterest.es\/gmedivision\" target=\"_blank\" rel=\"noreferrer noopener\" aria-label=\" (abre en una nueva pesta\u00f1a)\">Pinterest, <\/a><a href=\"https:\/\/www.youtube.com\/channel\/UC_9dklbT-XtzwVXqrZz103A\/featured\" target=\"_blank\" rel=\"noreferrer noopener\" aria-label=\" (abre en una nueva pesta\u00f1a)\">Youtube.<\/a>[\/vc_column_text][vc_empty_space height=&#8221;24px&#8221;][vc_column_text]GME DIVISION BA\u00d1OS S.L.<br \/>\n<span class=\"color-title\">Indirizo:<\/span><br \/>\nC\\ Pinadeta, 16 &#8211; Pq. Ciudad Mudeco<br \/>\n46930 &#8211; Quart Poblet (Valencia) &#8211; ESPA\u00d1A<br \/>\n<span class=\"color-title\">Telefono:<\/span><br \/>\n00 34 96 252 18 55<br \/>\n<span class=\"color-title\">Fax:<\/span><br \/>\n00 34 96 252 18 56<br \/>\n<span class=\"color-title\">Email:<\/span><br \/>\ninfo@gmelorente.com[\/vc_column_text][vc_empty_space height=&#8221;50px&#8221;][\/vc_column][vc_column width=&#8221;1\/2&#8243;]<div class=\"dt-fancy-separator title-left h6-size\" style=\"width: 100%;\"><div class=\"dt-fancy-title\"><span class=\"separator-holder separator-left\"><\/span>Invia un messaggio<span class=\"separator-holder separator-right\"><\/span><\/div><\/div>[vc_empty_space height=&#8221;34px&#8221;]\n<div class=\"wpcf7 no-js\" id=\"wpcf7-f44224-o1\" lang=\"es-ES\" dir=\"ltr\" data-wpcf7-id=\"44224\">\n<div class=\"screen-reader-response\"><p role=\"status\" aria-live=\"polite\" aria-atomic=\"true\"><\/p> <ul><\/ul><\/div>\n<form action=\"\/it\/wp-json\/wp\/v2\/pages\/43206#wpcf7-f44224-o1\" method=\"post\" class=\"wpcf7-form init\" aria-label=\"Formulario de contacto\" novalidate=\"novalidate\" data-status=\"init\">\n<div style=\"display: none;\">\n<input type=\"hidden\" name=\"_wpcf7\" value=\"44224\" \/>\n<input type=\"hidden\" name=\"_wpcf7_version\" value=\"6.0.5\" \/>\n<input type=\"hidden\" name=\"_wpcf7_locale\" value=\"es_ES\" \/>\n<input type=\"hidden\" name=\"_wpcf7_unit_tag\" value=\"wpcf7-f44224-o1\" \/>\n<input type=\"hidden\" name=\"_wpcf7_container_post\" value=\"0\" \/>\n<input type=\"hidden\" name=\"_wpcf7_posted_data_hash\" value=\"\" \/>\n<input type=\"hidden\" name=\"_wpcf7_recaptcha_response\" value=\"\" \/>\n<\/div>\n<p><span class=\"wpcf7-form-control-wrap\" data-name=\"your-name\"><input size=\"40\" maxlength=\"400\" class=\"wpcf7-form-control wpcf7-text wpcf7-validates-as-required\" aria-required=\"true\" aria-invalid=\"false\" placeholder=\"Nome *\" value=\"\" type=\"text\" name=\"your-name\" \/><\/span>\n<\/p>\n<p><span class=\"wpcf7-form-control-wrap\" data-name=\"your-email\"><input size=\"40\" maxlength=\"400\" class=\"wpcf7-form-control wpcf7-email wpcf7-validates-as-required wpcf7-text wpcf7-validates-as-email\" aria-required=\"true\" aria-invalid=\"false\" placeholder=\"Email *\" value=\"\" type=\"email\" name=\"your-email\" \/><\/span>\n<\/p>\n<p><span class=\"wpcf7-form-control-wrap\" data-name=\"your-subject\"><input size=\"40\" maxlength=\"400\" class=\"wpcf7-form-control wpcf7-text\" aria-invalid=\"false\" placeholder=\"Affari\" value=\"\" type=\"text\" name=\"your-subject\" \/><\/span>\n<\/p>\n<p><span class=\"wpcf7-form-control-wrap\" data-name=\"your-message\"><textarea cols=\"40\" rows=\"10\" maxlength=\"2000\" class=\"wpcf7-form-control wpcf7-textarea\" aria-invalid=\"false\" placeholder=\"Mensaggio\" name=\"your-message\"><\/textarea><\/span>\n<\/p>\n<p><span class=\"wpcf7-form-control-wrap\" data-name=\"aceptacion\"><span class=\"wpcf7-form-control wpcf7-acceptance\"><span class=\"wpcf7-list-item\"><input type=\"checkbox\" name=\"aceptacion\" value=\"1\" aria-invalid=\"false\" \/><\/span><\/span><\/span> Ho letto e accetto le condizioni del <a href=\"https:\/\/gmelorente.com\/it\/aviso-legal\" target=\"_blank\">bando legale<\/a>\n<\/p>\n<p><input class=\"wpcf7-form-control wpcf7-submit has-spinner\" type=\"submit\" value=\"Inviare\" \/>\n<\/p>\n<p style=\"font-size:10px;line-height:12px;\">GME DIVISI\u00d3N BA\u00d1OS S.L. \u00e8 responsabile del trattamento dei dati forniti al fine di rispondere alle vostre richieste o domande fatte. Discuteremo la vostra dati in virt\u00f9 del consenso espresso quando si inviano le informazioni attraverso il modulo. Il trasferimento dei tuoi dati personali a terzi al di fuori Il GME. Se lo desideri puoi esercitare i tuoi diritti di accesso, rettifica, cancellazione, portabilit\u00e0, limitazione o opposizione al trattamento e revoca del consenso seguendo le procedure che consigliamo nelle nostre informazioni aggiuntive sulla protezione dei dati.\n<\/p><p style=\"display: none !important;\" class=\"akismet-fields-container\" data-prefix=\"_wpcf7_ak_\"><label>&#916;<textarea name=\"_wpcf7_ak_hp_textarea\" cols=\"45\" rows=\"8\" maxlength=\"100\"><\/textarea><\/label><input type=\"hidden\" id=\"ak_js_1\" name=\"_wpcf7_ak_js\" value=\"231\"\/><script>document.getElementById( \"ak_js_1\" ).setAttribute( \"value\", ( new Date() ).getTime() );<\/script><\/p><div class=\"wpcf7-response-output\" aria-hidden=\"true\"><\/div>\n<\/form>\n<\/div>\n[vc_empty_space height=&#8221;40px&#8221;][\/vc_column][\/vc_row]<\/p>\n","protected":false},"excerpt":{"rendered":"<p>[vc_row margin_bottom=&#8221;-40&#8243;][vc_column width=&#8221;1\/2&#8243;][vc_column_text]Facebook, Instagram, Twitter, Pinterest, Youtube.[\/vc_column_text][vc_empty_space height=&#8221;24px&#8221;][vc_column_text]GME DIVISION BA\u00d1OS S.L. Indirizo: C\\ Pinadeta, 16 &#8211; Pq. Ciudad Mudeco 46930 &#8211; Quart Poblet (Valencia) &#8211; ESPA\u00d1A Telefono: 00 34 96 252 18 55 Fax: 00 34 96 252 18 56 Email: info@gmelorente.com[\/vc_column_text][vc_empty_space height=&#8221;50px&#8221;][\/vc_column][vc_column width=&#8221;1\/2&#8243;][vc_empty_space height=&#8221;34px&#8221;][vc_empty_space height=&#8221;40px&#8221;][\/vc_column][\/vc_row]<\/p>\n","protected":false},"author":1,"featured_media":0,"parent":0,"menu_order":20,"comment_status":"closed","ping_status":"closed","template":"","meta":{"footnotes":""},"class_list":["post-43206","page","type-page","status-publish","hentry","description-off"],"yoast_head":"<!-- This site is optimized with the Yoast SEO plugin v24.8.1 - https:\/\/yoast.com\/wordpress\/plugins\/seo\/ -->\n<title>Contacta con GME - Mamparas y ba\u00f1o<\/title>\n<meta name=\"description\" content=\"Si deseas trabajar con nosotros o saber d\u00f3nde puedes adquirir nuestros productos ponte en contacto con nosotros y te atenderemos lo antes posible.\" \/>\n<meta name=\"robots\" content=\"index, follow, max-snippet:-1, max-image-preview:large, max-video-preview:-1\" \/>\n<link rel=\"canonical\" href=\"https:\/\/gmelorente-pre.atic.green\/it\/contacto\/\" \/>\n<meta property=\"og:locale\" content=\"it_IT\" \/>\n<meta property=\"og:type\" content=\"article\" \/>\n<meta property=\"og:title\" content=\"Contacta con GME - Mamparas y ba\u00f1o\" \/>\n<meta property=\"og:description\" content=\"Si deseas trabajar con nosotros o saber d\u00f3nde puedes adquirir nuestros productos ponte en contacto con nosotros y te atenderemos lo antes posible.\" \/>\n<meta property=\"og:url\" content=\"https:\/\/gmelorente-pre.atic.green\/it\/contacto\/\" \/>\n<meta property=\"og:site_name\" content=\"GME DIVISI\u00d3N BA\u00d1OS\" \/>\n<meta property=\"article:publisher\" content=\"https:\/\/www.facebook.com\/gmedivision\/?fref=ts\" \/>\n<meta property=\"article:modified_time\" content=\"2021-01-27T13:43:41+00:00\" \/>\n<meta name=\"twitter:card\" content=\"summary_large_image\" \/>\n<meta name=\"twitter:label1\" content=\"Tempo di lettura stimato\" \/>\n\t<meta name=\"twitter:data1\" content=\"1 minuto\" \/>\n<script type=\"application\/ld+json\" class=\"yoast-schema-graph\">{\"@context\":\"https:\/\/schema.org\",\"@graph\":[{\"@type\":\"WebPage\",\"@id\":\"https:\/\/gmelorente-pre.atic.green\/it\/contacto\/\",\"url\":\"https:\/\/gmelorente-pre.atic.green\/it\/contacto\/\",\"name\":\"Contacta con GME - Mamparas y ba\u00f1o\",\"isPartOf\":{\"@id\":\"https:\/\/gmelorente-pre.atic.green\/#website\"},\"datePublished\":\"2014-06-16T11:05:17+00:00\",\"dateModified\":\"2021-01-27T13:43:41+00:00\",\"description\":\"Si deseas trabajar con nosotros o saber d\u00f3nde puedes adquirir nuestros productos ponte en contacto con nosotros y te atenderemos lo antes posible.\",\"breadcrumb\":{\"@id\":\"https:\/\/gmelorente-pre.atic.green\/it\/contacto\/#breadcrumb\"},\"inLanguage\":\"it-IT\",\"potentialAction\":[{\"@type\":\"ReadAction\",\"target\":[\"https:\/\/gmelorente-pre.atic.green\/it\/contacto\/\"]}]},{\"@type\":\"BreadcrumbList\",\"@id\":\"https:\/\/gmelorente-pre.atic.green\/it\/contacto\/#breadcrumb\",\"itemListElement\":[{\"@type\":\"ListItem\",\"position\":1,\"name\":\"Home\",\"item\":\"https:\/\/gmelorente-pre.atic.green\/it\/\"},{\"@type\":\"ListItem\",\"position\":2,\"name\":\"Contatto\"}]},{\"@type\":\"WebSite\",\"@id\":\"https:\/\/gmelorente-pre.atic.green\/#website\",\"url\":\"https:\/\/gmelorente-pre.atic.green\/\",\"name\":\"GME DIVISI\u00d3N BA\u00d1OS\",\"description\":\"Mamparas de ducha y mucho m\u00e1s\",\"publisher\":{\"@id\":\"https:\/\/gmelorente-pre.atic.green\/#organization\"},\"potentialAction\":[{\"@type\":\"SearchAction\",\"target\":{\"@type\":\"EntryPoint\",\"urlTemplate\":\"https:\/\/gmelorente-pre.atic.green\/?s={search_term_string}\"},\"query-input\":{\"@type\":\"PropertyValueSpecification\",\"valueRequired\":true,\"valueName\":\"search_term_string\"}}],\"inLanguage\":\"it-IT\"},{\"@type\":\"Organization\",\"@id\":\"https:\/\/gmelorente-pre.atic.green\/#organization\",\"name\":\"GME DIVISI\u00d3N BA\u00d1OS S.L.\",\"url\":\"https:\/\/gmelorente-pre.atic.green\/\",\"logo\":{\"@type\":\"ImageObject\",\"inLanguage\":\"it-IT\",\"@id\":\"https:\/\/gmelorente-pre.atic.green\/#\/schema\/logo\/image\/\",\"url\":\"https:\/\/gmelorente.com\/wp-content\/uploads\/logo-gme-azul.jpg\",\"contentUrl\":\"https:\/\/gmelorente.com\/wp-content\/uploads\/logo-gme-azul.jpg\",\"width\":810,\"height\":298,\"caption\":\"GME DIVISI\u00d3N BA\u00d1OS S.L.\"},\"image\":{\"@id\":\"https:\/\/gmelorente-pre.atic.green\/#\/schema\/logo\/image\/\"},\"sameAs\":[\"https:\/\/www.facebook.com\/gmedivision\/?fref=ts\",\"https:\/\/es.pinterest.com\/gmedivision\/?eq=gme&amp;etslf=14997\"]}]}<\/script>\n<!-- \/ Yoast SEO plugin. -->","yoast_head_json":{"title":"Contacta con GME - Mamparas y ba\u00f1o","description":"Si deseas trabajar con nosotros o saber d\u00f3nde puedes adquirir nuestros productos ponte en contacto con nosotros y te atenderemos lo antes posible.","robots":{"index":"index","follow":"follow","max-snippet":"max-snippet:-1","max-image-preview":"max-image-preview:large","max-video-preview":"max-video-preview:-1"},"canonical":"https:\/\/gmelorente-pre.atic.green\/it\/contacto\/","og_locale":"it_IT","og_type":"article","og_title":"Contacta con GME - Mamparas y ba\u00f1o","og_description":"Si deseas trabajar con nosotros o saber d\u00f3nde puedes adquirir nuestros productos ponte en contacto con nosotros y te atenderemos lo antes posible.","og_url":"https:\/\/gmelorente-pre.atic.green\/it\/contacto\/","og_site_name":"GME DIVISI\u00d3N BA\u00d1OS","article_publisher":"https:\/\/www.facebook.com\/gmedivision\/?fref=ts","article_modified_time":"2021-01-27T13:43:41+00:00","twitter_card":"summary_large_image","twitter_misc":{"Tempo di lettura stimato":"1 minuto"},"schema":{"@context":"https:\/\/schema.org","@graph":[{"@type":"WebPage","@id":"https:\/\/gmelorente-pre.atic.green\/it\/contacto\/","url":"https:\/\/gmelorente-pre.atic.green\/it\/contacto\/","name":"Contacta con GME - Mamparas y ba\u00f1o","isPartOf":{"@id":"https:\/\/gmelorente-pre.atic.green\/#website"},"datePublished":"2014-06-16T11:05:17+00:00","dateModified":"2021-01-27T13:43:41+00:00","description":"Si deseas trabajar con nosotros o saber d\u00f3nde puedes adquirir nuestros productos ponte en contacto con nosotros y te atenderemos lo antes posible.","breadcrumb":{"@id":"https:\/\/gmelorente-pre.atic.green\/it\/contacto\/#breadcrumb"},"inLanguage":"it-IT","potentialAction":[{"@type":"ReadAction","target":["https:\/\/gmelorente-pre.atic.green\/it\/contacto\/"]}]},{"@type":"BreadcrumbList","@id":"https:\/\/gmelorente-pre.atic.green\/it\/contacto\/#breadcrumb","itemListElement":[{"@type":"ListItem","position":1,"name":"Home","item":"https:\/\/gmelorente-pre.atic.green\/it\/"},{"@type":"ListItem","position":2,"name":"Contatto"}]},{"@type":"WebSite","@id":"https:\/\/gmelorente-pre.atic.green\/#website","url":"https:\/\/gmelorente-pre.atic.green\/","name":"GME DIVISI\u00d3N BA\u00d1OS","description":"Mamparas de ducha y mucho m\u00e1s","publisher":{"@id":"https:\/\/gmelorente-pre.atic.green\/#organization"},"potentialAction":[{"@type":"SearchAction","target":{"@type":"EntryPoint","urlTemplate":"https:\/\/gmelorente-pre.atic.green\/?s={search_term_string}"},"query-input":{"@type":"PropertyValueSpecification","valueRequired":true,"valueName":"search_term_string"}}],"inLanguage":"it-IT"},{"@type":"Organization","@id":"https:\/\/gmelorente-pre.atic.green\/#organization","name":"GME DIVISI\u00d3N BA\u00d1OS S.L.","url":"https:\/\/gmelorente-pre.atic.green\/","logo":{"@type":"ImageObject","inLanguage":"it-IT","@id":"https:\/\/gmelorente-pre.atic.green\/#\/schema\/logo\/image\/","url":"https:\/\/gmelorente.com\/wp-content\/uploads\/logo-gme-azul.jpg","contentUrl":"https:\/\/gmelorente.com\/wp-content\/uploads\/logo-gme-azul.jpg","width":810,"height":298,"caption":"GME DIVISI\u00d3N BA\u00d1OS S.L."},"image":{"@id":"https:\/\/gmelorente-pre.atic.green\/#\/schema\/logo\/image\/"},"sameAs":["https:\/\/www.facebook.com\/gmedivision\/?fref=ts","https:\/\/es.pinterest.com\/gmedivision\/?eq=gme&amp;etslf=14997"]}]}},"_links":{"self":[{"href":"https:\/\/gmelorente-pre.atic.green\/it\/wp-json\/wp\/v2\/pages\/43206","targetHints":{"allow":["GET"]}}],"collection":[{"href":"https:\/\/gmelorente-pre.atic.green\/it\/wp-json\/wp\/v2\/pages"}],"about":[{"href":"https:\/\/gmelorente-pre.atic.green\/it\/wp-json\/wp\/v2\/types\/page"}],"author":[{"embeddable":true,"href":"https:\/\/gmelorente-pre.atic.green\/it\/wp-json\/wp\/v2\/users\/1"}],"replies":[{"embeddable":true,"href":"https:\/\/gmelorente-pre.atic.green\/it\/wp-json\/wp\/v2\/comments?post=43206"}],"version-history":[{"count":0,"href":"https:\/\/gmelorente-pre.atic.green\/it\/wp-json\/wp\/v2\/pages\/43206\/revisions"}],"wp:attachment":[{"href":"https:\/\/gmelorente-pre.atic.green\/it\/wp-json\/wp\/v2\/media?parent=43206"}],"curies":[{"name":"wp","href":"https:\/\/api.w.org\/{rel}","templated":true}]}}