{"id":43209,"date":"2014-04-29T12:27:08","date_gmt":"2014-04-29T10:27:08","guid":{"rendered":"https:\/\/gmelorente.com\/it\/noticias\/"},"modified":"2024-09-20T12:34:28","modified_gmt":"2024-09-20T10:34:28","slug":"noticias-2","status":"publish","type":"page","link":"https:\/\/gmelorente-pre.atic.green\/it\/noticias-2\/","title":{"rendered":"GME SAR\u00c0 PRESENTE AL CERSAIE 2024"},"content":{"rendered":"<p>Siamo entusiasti di comunicarvi che, dopo alcuni anni di assenza, quest&#8217;anno GME torner\u00e0 come espositore al Cersaie, una delle pi\u00f9 importanti fiere internazionali della ceramica e delle attrezzature per il bagno. Ci troverete nel padiglione <strong>21, stand B71<\/strong>, dal 23 al 27 settembre.<\/p>\n<h2>Fiera internazionale della ceramica e delle attrezzature per il bagno.<\/h2>\n<p>Il Cersaie \u00e8 una delle pi\u00f9 importanti fiere internazionali della ceramica e delle attrezzature per il bagno, che si tiene ogni anno a Bologna, in Italia. L&#8217;evento riunisce migliaia di espositori e visitatori da tutto il mondo, tra cui architetti, designer, costruttori e professionisti del settore. \u00c8 diventata un punto di riferimento per le ultime tendenze, le innovazioni tecnologiche e i prodotti nel campo della ceramica, dei rivestimenti e dei pavimenti e dell&#8217;arredo bagno.<\/p>\n<h2><img loading=\"lazy\" decoding=\"async\" class=\" wp-image-85333 aligncenter\" src=\"https:\/\/gmelorente.com\/wp-content\/uploads\/cersaie-2023-entrada_53501099_20230925214326.jpg\" alt=\"\" width=\"721\" height=\"406\" srcset=\"https:\/\/gmelorente-pre.atic.green\/wp-content\/uploads\/cersaie-2023-entrada_53501099_20230925214326.jpg 767w, https:\/\/gmelorente-pre.atic.green\/wp-content\/uploads\/cersaie-2023-entrada_53501099_20230925214326-300x169.jpg 300w, https:\/\/gmelorente-pre.atic.green\/wp-content\/uploads\/cersaie-2023-entrada_53501099_20230925214326-500x282.jpg 500w\" sizes=\"auto, (max-width: 721px) 100vw, 721px\" \/><\/h2>\n<h2>Quali novit\u00e0 presenteremo al CERSAIE 2024?<\/h2>\n<p>La nostra presenza al Cersaie non sar\u00e0 solo l&#8217;occasione per presentare le nostre ultime collezioni, ma anche per evidenziare i valori che ci caratterizzano: eccellenza nel design, sostenibilit\u00e0 nella produzione e innovazione continua.<\/p>\n<p>Avrete l&#8217;opportunit\u00e0 di scoprire le nostre cabine doccia, con un&#8217;offerta rinnovata che segue le ultime tendenze e le richieste del mercato. Abbiamo ampliato la gamma di colori e formati dei nostri prodotti pi\u00f9 importanti, come il paravento Kenna, ora disponibile in nuove opzioni di colore e dimensioni, o i best seller Basic, Screen e Glass, che saranno ora disponibili in sette diverse finiture. Con questo ampliamento, cerchiamo di offrire soluzioni che si adattino a qualsiasi stile ed esigenza, combinando design e funzionalit\u00e0 per ogni tipo di bagno.<\/p>\n<p><img loading=\"lazy\" decoding=\"async\" class=\"alignright size-full wp-image-85337\" src=\"https:\/\/gmelorente.com\/wp-content\/uploads\/2.png\" alt=\"\" width=\"1920\" height=\"1080\" srcset=\"https:\/\/gmelorente-pre.atic.green\/wp-content\/uploads\/2.png 1920w, https:\/\/gmelorente-pre.atic.green\/wp-content\/uploads\/2-300x169.png 300w, https:\/\/gmelorente-pre.atic.green\/wp-content\/uploads\/2-1024x576.png 1024w, https:\/\/gmelorente-pre.atic.green\/wp-content\/uploads\/2-768x432.png 768w, https:\/\/gmelorente-pre.atic.green\/wp-content\/uploads\/2-1536x864.png 1536w, https:\/\/gmelorente-pre.atic.green\/wp-content\/uploads\/2-500x281.png 500w, https:\/\/gmelorente-pre.atic.green\/wp-content\/uploads\/2-800x450.png 800w, https:\/\/gmelorente-pre.atic.green\/wp-content\/uploads\/2-1280x720.png 1280w\" sizes=\"auto, (max-width: 1920px) 100vw, 1920px\" \/><\/p>\n<p>In particolare, segnaliamo uno dei nostri nuovi modelli di quest&#8217;anno che sta facendo scalpore sul mercato: la cabina doccia Spazio. Questa soluzione innovativa \u00e8 ideale per i bagni con spazi ridotti e offre funzionalit\u00e0 senza rinunciare al design.<\/p>\n<p><img loading=\"lazy\" decoding=\"async\" class=\"alignright size-full wp-image-85341\" src=\"https:\/\/gmelorente.com\/wp-content\/uploads\/3.png\" alt=\"\" width=\"1920\" height=\"1080\" srcset=\"https:\/\/gmelorente-pre.atic.green\/wp-content\/uploads\/3.png 1920w, https:\/\/gmelorente-pre.atic.green\/wp-content\/uploads\/3-300x169.png 300w, https:\/\/gmelorente-pre.atic.green\/wp-content\/uploads\/3-1024x576.png 1024w, https:\/\/gmelorente-pre.atic.green\/wp-content\/uploads\/3-768x432.png 768w, https:\/\/gmelorente-pre.atic.green\/wp-content\/uploads\/3-1536x864.png 1536w, https:\/\/gmelorente-pre.atic.green\/wp-content\/uploads\/3-500x281.png 500w, https:\/\/gmelorente-pre.atic.green\/wp-content\/uploads\/3-800x450.png 800w, https:\/\/gmelorente-pre.atic.green\/wp-content\/uploads\/3-1280x720.png 1280w\" sizes=\"auto, (max-width: 1920px) 100vw, 1920px\" \/><\/p>\n<p>Tra le novit\u00e0 pi\u00f9 rilevanti ci sono i modelli Universal e Palladium, due proposte che introducono soluzioni innovative difficilmente reperibili sul mercato odierno. Questi modelli non solo rappresentano un salto di qualit\u00e0 in termini di design e funzionalit\u00e0, ma offrono anche caratteristiche uniche che li distinguono dagli altri.<\/p>\n<p><img loading=\"lazy\" decoding=\"async\" class=\"alignright size-full wp-image-85204\" src=\"https:\/\/gmelorente.com\/wp-content\/uploads\/Paladio.png\" alt=\"\" width=\"1920\" height=\"1080\" srcset=\"https:\/\/gmelorente-pre.atic.green\/wp-content\/uploads\/Paladio.png 1920w, https:\/\/gmelorente-pre.atic.green\/wp-content\/uploads\/Paladio-300x169.png 300w, https:\/\/gmelorente-pre.atic.green\/wp-content\/uploads\/Paladio-1024x576.png 1024w, https:\/\/gmelorente-pre.atic.green\/wp-content\/uploads\/Paladio-768x432.png 768w, https:\/\/gmelorente-pre.atic.green\/wp-content\/uploads\/Paladio-1536x864.png 1536w, https:\/\/gmelorente-pre.atic.green\/wp-content\/uploads\/Paladio-500x281.png 500w, https:\/\/gmelorente-pre.atic.green\/wp-content\/uploads\/Paladio-800x450.png 800w, https:\/\/gmelorente-pre.atic.green\/wp-content\/uploads\/Paladio-1280x720.png 1280w\" sizes=\"auto, (max-width: 1920px) 100vw, 1920px\" \/>Venite a trovarci al nostro stand e scoprite tutte le novit\u00e0 che abbiamo in serbo per voi!\u00a0Per non perdere nulla, non esitate a seguirci sui nostri social network.<\/p>\n<p>&nbsp;<\/p>\n","protected":false},"excerpt":{"rendered":"<p>Siamo entusiasti di comunicarvi che, dopo alcuni anni di assenza, quest&#8217;anno GME torner\u00e0 come espositore al Cersaie, una delle pi\u00f9 importanti fiere internazionali della ceramica e delle attrezzature per il bagno. Ci troverete nel padiglione 21, stand B71, dal 23 al 27 settembre. Fiera internazionale della ceramica e delle attrezzature per il bagno. Il Cersaie&hellip;<\/p>\n","protected":false},"author":1,"featured_media":0,"parent":0,"menu_order":30,"comment_status":"closed","ping_status":"closed","template":"template-blog-list.php","meta":{"footnotes":""},"class_list":["post-43209","page","type-page","status-publish","hentry","description-off"],"yoast_head":"<!-- This site is optimized with the Yoast SEO plugin v24.8.1 - https:\/\/yoast.com\/wordpress\/plugins\/seo\/ -->\n<title>GME SAR\u00c0 PRESENTE AL CERSAIE 2024 - GME DIVISI\u00d3N BA\u00d1OS<\/title>\n<meta name=\"robots\" content=\"index, follow, max-snippet:-1, max-image-preview:large, max-video-preview:-1\" \/>\n<link rel=\"canonical\" href=\"https:\/\/gmelorente-pre.atic.green\/it\/noticias-2\/\" \/>\n<meta property=\"og:locale\" content=\"it_IT\" \/>\n<meta property=\"og:type\" content=\"article\" \/>\n<meta property=\"og:title\" content=\"GME SAR\u00c0 PRESENTE AL CERSAIE 2024 - GME DIVISI\u00d3N BA\u00d1OS\" \/>\n<meta property=\"og:description\" content=\"Siamo entusiasti di comunicarvi che, dopo alcuni anni di assenza, quest&#8217;anno GME torner\u00e0 come espositore al Cersaie, una delle pi\u00f9 importanti fiere internazionali della ceramica e delle attrezzature per il bagno. Ci troverete nel padiglione 21, stand B71, dal 23 al 27 settembre. Fiera internazionale della ceramica e delle attrezzature per il bagno. Il Cersaie&hellip;\" \/>\n<meta property=\"og:url\" content=\"https:\/\/gmelorente-pre.atic.green\/it\/noticias-2\/\" \/>\n<meta property=\"og:site_name\" content=\"GME DIVISI\u00d3N BA\u00d1OS\" \/>\n<meta property=\"article:publisher\" content=\"https:\/\/www.facebook.com\/gmedivision\/?fref=ts\" \/>\n<meta property=\"article:modified_time\" content=\"2024-09-20T10:34:28+00:00\" \/>\n<meta property=\"og:image\" content=\"https:\/\/gmelorente.com\/wp-content\/uploads\/cersaie-2023-entrada_53501099_20230925214326.jpg\" \/>\n<meta name=\"twitter:card\" content=\"summary_large_image\" \/>\n<meta name=\"twitter:label1\" content=\"Tempo di lettura stimato\" \/>\n\t<meta name=\"twitter:data1\" content=\"2 minuti\" \/>\n<script type=\"application\/ld+json\" class=\"yoast-schema-graph\">{\"@context\":\"https:\/\/schema.org\",\"@graph\":[{\"@type\":\"WebPage\",\"@id\":\"https:\/\/gmelorente-pre.atic.green\/it\/noticias-2\/\",\"url\":\"https:\/\/gmelorente-pre.atic.green\/it\/noticias-2\/\",\"name\":\"GME SAR\u00c0 PRESENTE AL CERSAIE 2024 - GME DIVISI\u00d3N BA\u00d1OS\",\"isPartOf\":{\"@id\":\"https:\/\/gmelorente-pre.atic.green\/#website\"},\"primaryImageOfPage\":{\"@id\":\"https:\/\/gmelorente-pre.atic.green\/it\/noticias-2\/#primaryimage\"},\"image\":{\"@id\":\"https:\/\/gmelorente-pre.atic.green\/it\/noticias-2\/#primaryimage\"},\"thumbnailUrl\":\"https:\/\/gmelorente.com\/wp-content\/uploads\/cersaie-2023-entrada_53501099_20230925214326.jpg\",\"datePublished\":\"2014-04-29T10:27:08+00:00\",\"dateModified\":\"2024-09-20T10:34:28+00:00\",\"breadcrumb\":{\"@id\":\"https:\/\/gmelorente-pre.atic.green\/it\/noticias-2\/#breadcrumb\"},\"inLanguage\":\"it-IT\",\"potentialAction\":[{\"@type\":\"ReadAction\",\"target\":[\"https:\/\/gmelorente-pre.atic.green\/it\/noticias-2\/\"]}]},{\"@type\":\"ImageObject\",\"inLanguage\":\"it-IT\",\"@id\":\"https:\/\/gmelorente-pre.atic.green\/it\/noticias-2\/#primaryimage\",\"url\":\"https:\/\/gmelorente.com\/wp-content\/uploads\/cersaie-2023-entrada_53501099_20230925214326.jpg\",\"contentUrl\":\"https:\/\/gmelorente.com\/wp-content\/uploads\/cersaie-2023-entrada_53501099_20230925214326.jpg\"},{\"@type\":\"BreadcrumbList\",\"@id\":\"https:\/\/gmelorente-pre.atic.green\/it\/noticias-2\/#breadcrumb\",\"itemListElement\":[{\"@type\":\"ListItem\",\"position\":1,\"name\":\"Home\",\"item\":\"https:\/\/gmelorente-pre.atic.green\/it\/\"},{\"@type\":\"ListItem\",\"position\":2,\"name\":\"GME SAR\u00c0 PRESENTE AL CERSAIE 2024\"}]},{\"@type\":\"WebSite\",\"@id\":\"https:\/\/gmelorente-pre.atic.green\/#website\",\"url\":\"https:\/\/gmelorente-pre.atic.green\/\",\"name\":\"GME DIVISI\u00d3N BA\u00d1OS\",\"description\":\"Mamparas de ducha y mucho m\u00e1s\",\"publisher\":{\"@id\":\"https:\/\/gmelorente-pre.atic.green\/#organization\"},\"potentialAction\":[{\"@type\":\"SearchAction\",\"target\":{\"@type\":\"EntryPoint\",\"urlTemplate\":\"https:\/\/gmelorente-pre.atic.green\/?s={search_term_string}\"},\"query-input\":{\"@type\":\"PropertyValueSpecification\",\"valueRequired\":true,\"valueName\":\"search_term_string\"}}],\"inLanguage\":\"it-IT\"},{\"@type\":\"Organization\",\"@id\":\"https:\/\/gmelorente-pre.atic.green\/#organization\",\"name\":\"GME DIVISI\u00d3N BA\u00d1OS S.L.\",\"url\":\"https:\/\/gmelorente-pre.atic.green\/\",\"logo\":{\"@type\":\"ImageObject\",\"inLanguage\":\"it-IT\",\"@id\":\"https:\/\/gmelorente-pre.atic.green\/#\/schema\/logo\/image\/\",\"url\":\"https:\/\/gmelorente.com\/wp-content\/uploads\/logo-gme-azul.jpg\",\"contentUrl\":\"https:\/\/gmelorente.com\/wp-content\/uploads\/logo-gme-azul.jpg\",\"width\":810,\"height\":298,\"caption\":\"GME DIVISI\u00d3N BA\u00d1OS S.L.\"},\"image\":{\"@id\":\"https:\/\/gmelorente-pre.atic.green\/#\/schema\/logo\/image\/\"},\"sameAs\":[\"https:\/\/www.facebook.com\/gmedivision\/?fref=ts\",\"https:\/\/es.pinterest.com\/gmedivision\/?eq=gme&amp;etslf=14997\"]}]}<\/script>\n<!-- \/ Yoast SEO plugin. -->","yoast_head_json":{"title":"GME SAR\u00c0 PRESENTE AL CERSAIE 2024 - GME DIVISI\u00d3N BA\u00d1OS","robots":{"index":"index","follow":"follow","max-snippet":"max-snippet:-1","max-image-preview":"max-image-preview:large","max-video-preview":"max-video-preview:-1"},"canonical":"https:\/\/gmelorente-pre.atic.green\/it\/noticias-2\/","og_locale":"it_IT","og_type":"article","og_title":"GME SAR\u00c0 PRESENTE AL CERSAIE 2024 - GME DIVISI\u00d3N BA\u00d1OS","og_description":"Siamo entusiasti di comunicarvi che, dopo alcuni anni di assenza, quest&#8217;anno GME torner\u00e0 come espositore al Cersaie, una delle pi\u00f9 importanti fiere internazionali della ceramica e delle attrezzature per il bagno. Ci troverete nel padiglione 21, stand B71, dal 23 al 27 settembre. Fiera internazionale della ceramica e delle attrezzature per il bagno. Il Cersaie&hellip;","og_url":"https:\/\/gmelorente-pre.atic.green\/it\/noticias-2\/","og_site_name":"GME DIVISI\u00d3N BA\u00d1OS","article_publisher":"https:\/\/www.facebook.com\/gmedivision\/?fref=ts","article_modified_time":"2024-09-20T10:34:28+00:00","og_image":[{"url":"https:\/\/gmelorente.com\/wp-content\/uploads\/cersaie-2023-entrada_53501099_20230925214326.jpg","type":"","width":"","height":""}],"twitter_card":"summary_large_image","twitter_misc":{"Tempo di lettura stimato":"2 minuti"},"schema":{"@context":"https:\/\/schema.org","@graph":[{"@type":"WebPage","@id":"https:\/\/gmelorente-pre.atic.green\/it\/noticias-2\/","url":"https:\/\/gmelorente-pre.atic.green\/it\/noticias-2\/","name":"GME SAR\u00c0 PRESENTE AL CERSAIE 2024 - GME DIVISI\u00d3N BA\u00d1OS","isPartOf":{"@id":"https:\/\/gmelorente-pre.atic.green\/#website"},"primaryImageOfPage":{"@id":"https:\/\/gmelorente-pre.atic.green\/it\/noticias-2\/#primaryimage"},"image":{"@id":"https:\/\/gmelorente-pre.atic.green\/it\/noticias-2\/#primaryimage"},"thumbnailUrl":"https:\/\/gmelorente.com\/wp-content\/uploads\/cersaie-2023-entrada_53501099_20230925214326.jpg","datePublished":"2014-04-29T10:27:08+00:00","dateModified":"2024-09-20T10:34:28+00:00","breadcrumb":{"@id":"https:\/\/gmelorente-pre.atic.green\/it\/noticias-2\/#breadcrumb"},"inLanguage":"it-IT","potentialAction":[{"@type":"ReadAction","target":["https:\/\/gmelorente-pre.atic.green\/it\/noticias-2\/"]}]},{"@type":"ImageObject","inLanguage":"it-IT","@id":"https:\/\/gmelorente-pre.atic.green\/it\/noticias-2\/#primaryimage","url":"https:\/\/gmelorente.com\/wp-content\/uploads\/cersaie-2023-entrada_53501099_20230925214326.jpg","contentUrl":"https:\/\/gmelorente.com\/wp-content\/uploads\/cersaie-2023-entrada_53501099_20230925214326.jpg"},{"@type":"BreadcrumbList","@id":"https:\/\/gmelorente-pre.atic.green\/it\/noticias-2\/#breadcrumb","itemListElement":[{"@type":"ListItem","position":1,"name":"Home","item":"https:\/\/gmelorente-pre.atic.green\/it\/"},{"@type":"ListItem","position":2,"name":"GME SAR\u00c0 PRESENTE AL CERSAIE 2024"}]},{"@type":"WebSite","@id":"https:\/\/gmelorente-pre.atic.green\/#website","url":"https:\/\/gmelorente-pre.atic.green\/","name":"GME DIVISI\u00d3N BA\u00d1OS","description":"Mamparas de ducha y mucho m\u00e1s","publisher":{"@id":"https:\/\/gmelorente-pre.atic.green\/#organization"},"potentialAction":[{"@type":"SearchAction","target":{"@type":"EntryPoint","urlTemplate":"https:\/\/gmelorente-pre.atic.green\/?s={search_term_string}"},"query-input":{"@type":"PropertyValueSpecification","valueRequired":true,"valueName":"search_term_string"}}],"inLanguage":"it-IT"},{"@type":"Organization","@id":"https:\/\/gmelorente-pre.atic.green\/#organization","name":"GME DIVISI\u00d3N BA\u00d1OS S.L.","url":"https:\/\/gmelorente-pre.atic.green\/","logo":{"@type":"ImageObject","inLanguage":"it-IT","@id":"https:\/\/gmelorente-pre.atic.green\/#\/schema\/logo\/image\/","url":"https:\/\/gmelorente.com\/wp-content\/uploads\/logo-gme-azul.jpg","contentUrl":"https:\/\/gmelorente.com\/wp-content\/uploads\/logo-gme-azul.jpg","width":810,"height":298,"caption":"GME DIVISI\u00d3N BA\u00d1OS S.L."},"image":{"@id":"https:\/\/gmelorente-pre.atic.green\/#\/schema\/logo\/image\/"},"sameAs":["https:\/\/www.facebook.com\/gmedivision\/?fref=ts","https:\/\/es.pinterest.com\/gmedivision\/?eq=gme&amp;etslf=14997"]}]}},"_links":{"self":[{"href":"https:\/\/gmelorente-pre.atic.green\/it\/wp-json\/wp\/v2\/pages\/43209","targetHints":{"allow":["GET"]}}],"collection":[{"href":"https:\/\/gmelorente-pre.atic.green\/it\/wp-json\/wp\/v2\/pages"}],"about":[{"href":"https:\/\/gmelorente-pre.atic.green\/it\/wp-json\/wp\/v2\/types\/page"}],"author":[{"embeddable":true,"href":"https:\/\/gmelorente-pre.atic.green\/it\/wp-json\/wp\/v2\/users\/1"}],"replies":[{"embeddable":true,"href":"https:\/\/gmelorente-pre.atic.green\/it\/wp-json\/wp\/v2\/comments?post=43209"}],"version-history":[{"count":2,"href":"https:\/\/gmelorente-pre.atic.green\/it\/wp-json\/wp\/v2\/pages\/43209\/revisions"}],"predecessor-version":[{"id":85353,"href":"https:\/\/gmelorente-pre.atic.green\/it\/wp-json\/wp\/v2\/pages\/43209\/revisions\/85353"}],"wp:attachment":[{"href":"https:\/\/gmelorente-pre.atic.green\/it\/wp-json\/wp\/v2\/media?parent=43209"}],"curies":[{"name":"wp","href":"https:\/\/api.w.org\/{rel}","templated":true}]}}