{"id":43212,"date":"2014-04-23T14:50:39","date_gmt":"2014-04-23T14:50:39","guid":{"rendered":"https:\/\/gmelorente.com\/it\/quienes-somos\/"},"modified":"2021-02-18T15:40:33","modified_gmt":"2021-02-18T14:40:33","slug":"quienes-somos-gme","status":"publish","type":"page","link":"https:\/\/gmelorente-pre.atic.green\/it\/quienes-somos-gme\/","title":{"rendered":"Chi siamo"},"content":{"rendered":"<p>[vc_row margin_bottom=&#8221;10&#8243;][vc_column offset=&#8221;vc_col-lg-8 vc_col-md-8 vc_col-xs-12&#8243;]<div class=\"dt-fancy-separator title-left h6-size\" style=\"width: 100%;\"><div class=\"dt-fancy-title\"><span class=\"separator-holder separator-left\"><\/span>Chi siamo<span class=\"separator-holder separator-right\"><\/span><\/div><\/div>[vc_empty_space height=&#8221;26px&#8221;][vc_column_text]<strong>GME Divisi\u00f3n Ba\u00f1os\u00a0<\/strong>\u00e8 un gruppo imprenditoriale appartenente alla Lorente Holding VLC. Lavoriamo con la fiducia che ci d\u00e0 l&#8217;esperienza: 25 anni fabbricando e commercializzando i migliori prodotti per il bagno, dai piatti e le cabine doccia alla rubinetteria e i lavandini.<\/p>\n<p style=\"text-align: justify;\">Portiamo avanti due linee di attivit\u00e0 commerciale. Una come distributori dei migliori fabbricanti di prodotti da bagno, l&#8217;altra commercializzando il nostro marchio: GME e Rubinetterie IO\u00ae.\u00a0Puoi vedere la nostra intera gamma di prodotti nel seguente <a href=\"http:\/\/www.gmelorente.com\/it\/productos\/\">link<\/a>.<\/p>\n<p>&nbsp;<\/p>\n<p><img loading=\"lazy\" decoding=\"async\" class=\"aligncenter size-full wp-image-76514\" src=\"https:\/\/gmelorente.com\/wp-content\/uploads\/Nave_01_retocada.jpg\" alt=\"GME nave principal\" width=\"1600\" height=\"841\" srcset=\"https:\/\/gmelorente-pre.atic.green\/wp-content\/uploads\/Nave_01_retocada.jpg 1600w, https:\/\/gmelorente-pre.atic.green\/wp-content\/uploads\/Nave_01_retocada-300x158.jpg 300w, https:\/\/gmelorente-pre.atic.green\/wp-content\/uploads\/Nave_01_retocada-768x404.jpg 768w, https:\/\/gmelorente-pre.atic.green\/wp-content\/uploads\/Nave_01_retocada-1024x538.jpg 1024w, https:\/\/gmelorente-pre.atic.green\/wp-content\/uploads\/Nave_01_retocada-20x11.jpg 20w\" sizes=\"auto, (max-width: 1600px) 100vw, 1600px\" \/>[\/vc_column_text][vc_empty_space height=&#8221;40px&#8221;]<div class=\"dt-fancy-separator title-left h6-size\" style=\"width: 100%;\"><div class=\"dt-fancy-title\"><span class=\"separator-holder separator-left\"><\/span>Perch\u00e9 scegliere GME Divisi\u00f3n Ba\u00f1os?<span class=\"separator-holder separator-right\"><\/span><\/div><\/div>[vc_empty_space height=&#8221;28px&#8221;]<section id=\"benefits-grid-1\" class=\"benefits-grid wf-container benefits-style-two icons-bg light-bg light-hover-bg light-icon-color accent-icon-hover-color\" data-width=\"250px\" data-columns=\"1\"><style type=\"text\/css\">#benefits-grid-1.icons-bg .benefits-grid-ico { height: 50px; line-height: 50px; width: 50px;-webkit-border-radius: 100px;-moz-border-radius: 100px;-ms-border-radius: 100px;-o-border-radius: 100px;border-radius: 100px; }#benefits-grid-1.icons-bg .benefits-grid-ico > i { font-size: 24px; line-height: 50px; }<\/style><div class=\"wf-cell\"><div><div class=\"text-big\"><div class=\"wf-table\"><div class=\"wf-td\"><span class=\"benefits-grid-ico\"><i class=\"fa fa-users\"><\/i>\r\n<\/span><\/div><div class=\"wf-td benefits-inner\"><h5>Principi<\/h5><p style=\"text-align: justify;\">Ascoltare, sapere quali sono le esigenze dei nostri clienti: solo cos\u00ec possiamo offrire sempre i migliori prodotti da bagno ai prezzi pi\u00f9 competitivi.<\/p>\n<\/div><\/div><\/div><\/div><\/div><div class=\"wf-cell\"><div><div class=\"text-big\"><div class=\"wf-table\"><div class=\"wf-td\"><span class=\"benefits-grid-ico\"><i class=\"fa fa-check-circle\"><\/i>\r\n<\/span><\/div><div class=\"wf-td benefits-inner\"><h5>Soluzioni<\/h5><p style=\"text-align: justify;\">Cabine doccia? Piatti doccia? In GME ti offriamo fino a cinque categorie di prodotti per cambiare il look del tuo bagno in base alle tue esigenze.<\/p>\n<\/div><\/div><\/div><\/div><\/div><div class=\"wf-cell\"><div><div class=\"text-big\"><div class=\"wf-table\"><div class=\"wf-td\"><span class=\"benefits-grid-ico\"><i class=\"fa fa-lightbulb-o\"><\/i><\/span><\/div><div class=\"wf-td benefits-inner\"><h5>Innovazione<\/h5><p style=\"text-align: justify;\">In qualit\u00e0 di fabbricanti puntiamo ad essere i leader nel settore e all&#8217;innovazione, ed \u00e8 per questo che certifichiamo tutti i nostri articoli per il bagno con il marchio della Comunit\u00e0 Europea: perch\u00e9 per GME \u00e8 una questione di fiducia.<\/p>\n<\/div><\/div><\/div><\/div><\/div><div class=\"wf-cell\"><div><div class=\"text-big\"><div class=\"wf-table\"><div class=\"wf-td\"><span class=\"benefits-grid-ico\"><i class=\"fa fa-thumbs-up\"><\/i><\/span><\/div><div class=\"wf-td benefits-inner\"><h5>Fiducia<\/h5><p>In GME offriamo una garanzia di 3 anni su tutti i nostri prodotti per il bagno, un periodo superiore a \u00a0quello previsto dalla legge.<\/p>\n<\/div><\/div><\/div><\/div><\/div><div class=\"wf-cell\"><div><div class=\"text-big\"><div class=\"wf-table\"><div class=\"wf-td\"><span class=\"benefits-grid-ico\"><i class=\"fa fa-rocket\"><\/i><\/span><\/div><div class=\"wf-td benefits-inner\"><h5>Velocit\u00e0<\/h5><p style=\"text-align: justify;\">Sappiamo che la cosa pi\u00f9 difficile \u00e8 decidere, quindi abbiamo deciso di non farti aspettare: un massimo di 72 ore dal momento in cui scegli un prodotto per il bagno GME fino a quando arriva a casa tua.<\/p>\n<p>&nbsp;<\/p>\n<p><img loading=\"lazy\" decoding=\"async\" class=\"aligncenter size-full wp-image-74845\" src=\"https:\/\/gmelorente.com\/wp-content\/uploads\/flota-vehiculos-GME.jpg\" alt=\"\" width=\"1024\" height=\"427\" srcset=\"https:\/\/gmelorente-pre.atic.green\/wp-content\/uploads\/flota-vehiculos-GME.jpg 1024w, https:\/\/gmelorente-pre.atic.green\/wp-content\/uploads\/flota-vehiculos-GME-300x125.jpg 300w, https:\/\/gmelorente-pre.atic.green\/wp-content\/uploads\/flota-vehiculos-GME-768x320.jpg 768w, https:\/\/gmelorente-pre.atic.green\/wp-content\/uploads\/flota-vehiculos-GME-20x8.jpg 20w\" sizes=\"auto, (max-width: 1024px) 100vw, 1024px\" \/><\/p>\n<\/div><\/div><\/div><\/div><\/div><\/section>[vc_empty_space height=&#8221;50px&#8221;][\/vc_column][vc_column offset=&#8221;vc_col-lg-4 vc_col-md-4 vc_col-xs-12&#8243;]<div class=\"dt-fancy-separator title-left h6-size\" style=\"width: 100%;\"><div class=\"dt-fancy-title\"><span class=\"separator-holder separator-left\"><\/span>La nostra filosofia<span class=\"separator-holder separator-right\"><\/span><\/div><\/div>[vc_empty_space height=&#8221;33px&#8221;]<section class=\"shortcode-action-box table shortcode-action-bg block-style-widget\"><div class=\"\"><h5><em>La qualit\u00e0 ha un prezzo<\/em><\/h5>\n<\/div><\/section>[vc_empty_space height=&#8221;45px&#8221;]<div class=\"dt-fancy-separator title-left h6-size\" style=\"width: 100%;\"><div class=\"dt-fancy-title\"><span class=\"separator-holder separator-left\"><\/span>Obiettivi e valori<span class=\"separator-holder separator-right\"><\/span><\/div><\/div>[vc_empty_space height=&#8221;24px&#8221;][vc_column_text]<ol style=\"counter-reset: my-badass-counter 0;\" class=\"standard-number-list\"><li><p>Incontra le esigenze del mercato.<\/p>\n<\/li><li><p>\nMigliorare l&#8217;offerta di qualit\u00e0, prezzo e servizio.<\/p>\n<\/li><li><p>Essere in prima linea di sistemi e componenti.<\/p>\n<\/li><li><p>Garanzia estesa a 3 anni.<\/p>\n<\/li><li><p>I tempi di consegna ridotti.<\/p>\n<\/li><\/ol>[\/vc_column_text][vc_empty_space height=&#8221;40px&#8221;]<div class=\"dt-fancy-separator title-left h6-size\" style=\"width: 100%;\"><div class=\"dt-fancy-title\"><span class=\"separator-holder separator-left\"><\/span>Missione<span class=\"separator-holder separator-right\"><\/span><\/div><\/div>[vc_empty_space height=&#8221;24px&#8221;]<section class=\"shortcode-action-box table shortcode-action-bg block-style-widget\"><div class=\"\"><h5><em>Fornire ai nostri clienti prodotti da bagno, con il miglior rapporto qualit\u00e0-prezzo e un servizio impeccabile.<\/em><\/h5>\n<\/div><\/section>[vc_empty_space height=&#8221;24px&#8221;]<div class=\"dt-fancy-separator title-left h6-size\" style=\"width: 100%;\"><div class=\"dt-fancy-title\"><span class=\"separator-holder separator-left\"><\/span>Visione<span class=\"separator-holder separator-right\"><\/span><\/div><\/div>[vc_empty_space height=&#8221;24px&#8221;]<section class=\"shortcode-action-box table shortcode-action-bg block-style-widget\"><div class=\"\"><h5><em>Essere un punto di riferimento del settore nel mercato europeo, con una strategia sostenibile e mantenendo la nostra filosofia.<\/em><\/h5>\n<\/div><\/section>[\/vc_column][\/vc_row]<\/p>\n","protected":false},"excerpt":{"rendered":"<p>[vc_row margin_bottom=&#8221;10&#8243;][vc_column offset=&#8221;vc_col-lg-8 vc_col-md-8 vc_col-xs-12&#8243;][vc_empty_space height=&#8221;26px&#8221;][vc_column_text]GME Divisi\u00f3n Ba\u00f1os\u00a0\u00e8 un gruppo imprenditoriale appartenente alla Lorente Holding VLC. Lavoriamo con la fiducia che ci d\u00e0 l&#8217;esperienza: 25 anni fabbricando e commercializzando i migliori prodotti per il bagno, dai piatti e le cabine doccia alla rubinetteria e i lavandini. Portiamo avanti due linee di attivit\u00e0 commerciale. Una come&hellip;<\/p>\n","protected":false},"author":1,"featured_media":0,"parent":0,"menu_order":30,"comment_status":"closed","ping_status":"closed","template":"","meta":{"footnotes":""},"class_list":["post-43212","page","type-page","status-publish","hentry","description-off"],"yoast_head":"<!-- This site is optimized with the Yoast SEO plugin v24.8.1 - https:\/\/yoast.com\/wordpress\/plugins\/seo\/ -->\n<title>Chi siamo - GME Lorente - Produttori di prodotti da bagno<\/title>\n<meta name=\"description\" content=\"Al GME siamo produttori e distributori di prodotti per il bagno con una vasta esperienza nel settore: schermi, rubinetteria, piatti doccia e accessori.\" \/>\n<meta name=\"robots\" content=\"index, follow, max-snippet:-1, max-image-preview:large, max-video-preview:-1\" \/>\n<link rel=\"canonical\" href=\"https:\/\/gmelorente-pre.atic.green\/it\/quienes-somos-gme\/\" \/>\n<meta property=\"og:locale\" content=\"it_IT\" \/>\n<meta property=\"og:type\" content=\"article\" \/>\n<meta property=\"og:title\" content=\"Chi siamo - GME Lorente - Produttori di prodotti da bagno\" \/>\n<meta property=\"og:description\" content=\"Al GME siamo produttori e distributori di prodotti per il bagno con una vasta esperienza nel settore: schermi, rubinetteria, piatti doccia e accessori.\" \/>\n<meta property=\"og:url\" content=\"https:\/\/gmelorente-pre.atic.green\/it\/quienes-somos-gme\/\" \/>\n<meta property=\"og:site_name\" content=\"GME DIVISI\u00d3N BA\u00d1OS\" \/>\n<meta property=\"article:publisher\" content=\"https:\/\/www.facebook.com\/gmedivision\/?fref=ts\" \/>\n<meta property=\"article:modified_time\" content=\"2021-02-18T14:40:33+00:00\" \/>\n<meta property=\"og:image\" content=\"https:\/\/gmelorente.com\/wp-content\/uploads\/Nave_01_retocada.jpg\" \/>\n<meta name=\"twitter:card\" content=\"summary_large_image\" \/>\n<meta name=\"twitter:label1\" content=\"Tempo di lettura stimato\" \/>\n\t<meta name=\"twitter:data1\" content=\"2 minuti\" \/>\n<script type=\"application\/ld+json\" class=\"yoast-schema-graph\">{\"@context\":\"https:\/\/schema.org\",\"@graph\":[{\"@type\":\"WebPage\",\"@id\":\"https:\/\/gmelorente-pre.atic.green\/it\/quienes-somos-gme\/\",\"url\":\"https:\/\/gmelorente-pre.atic.green\/it\/quienes-somos-gme\/\",\"name\":\"Chi siamo - GME Lorente - Produttori di prodotti da bagno\",\"isPartOf\":{\"@id\":\"https:\/\/gmelorente-pre.atic.green\/#website\"},\"primaryImageOfPage\":{\"@id\":\"https:\/\/gmelorente-pre.atic.green\/it\/quienes-somos-gme\/#primaryimage\"},\"image\":{\"@id\":\"https:\/\/gmelorente-pre.atic.green\/it\/quienes-somos-gme\/#primaryimage\"},\"thumbnailUrl\":\"https:\/\/gmelorente.com\/wp-content\/uploads\/Nave_01_retocada.jpg\",\"datePublished\":\"2014-04-23T14:50:39+00:00\",\"dateModified\":\"2021-02-18T14:40:33+00:00\",\"description\":\"Al GME siamo produttori e distributori di prodotti per il bagno con una vasta esperienza nel settore: schermi, rubinetteria, piatti doccia e accessori.\",\"breadcrumb\":{\"@id\":\"https:\/\/gmelorente-pre.atic.green\/it\/quienes-somos-gme\/#breadcrumb\"},\"inLanguage\":\"it-IT\",\"potentialAction\":[{\"@type\":\"ReadAction\",\"target\":[\"https:\/\/gmelorente-pre.atic.green\/it\/quienes-somos-gme\/\"]}]},{\"@type\":\"ImageObject\",\"inLanguage\":\"it-IT\",\"@id\":\"https:\/\/gmelorente-pre.atic.green\/it\/quienes-somos-gme\/#primaryimage\",\"url\":\"https:\/\/gmelorente.com\/wp-content\/uploads\/Nave_01_retocada.jpg\",\"contentUrl\":\"https:\/\/gmelorente.com\/wp-content\/uploads\/Nave_01_retocada.jpg\"},{\"@type\":\"BreadcrumbList\",\"@id\":\"https:\/\/gmelorente-pre.atic.green\/it\/quienes-somos-gme\/#breadcrumb\",\"itemListElement\":[{\"@type\":\"ListItem\",\"position\":1,\"name\":\"Home\",\"item\":\"https:\/\/gmelorente-pre.atic.green\/it\/\"},{\"@type\":\"ListItem\",\"position\":2,\"name\":\"Chi siamo\"}]},{\"@type\":\"WebSite\",\"@id\":\"https:\/\/gmelorente-pre.atic.green\/#website\",\"url\":\"https:\/\/gmelorente-pre.atic.green\/\",\"name\":\"GME DIVISI\u00d3N BA\u00d1OS\",\"description\":\"Mamparas de ducha y mucho m\u00e1s\",\"publisher\":{\"@id\":\"https:\/\/gmelorente-pre.atic.green\/#organization\"},\"potentialAction\":[{\"@type\":\"SearchAction\",\"target\":{\"@type\":\"EntryPoint\",\"urlTemplate\":\"https:\/\/gmelorente-pre.atic.green\/?s={search_term_string}\"},\"query-input\":{\"@type\":\"PropertyValueSpecification\",\"valueRequired\":true,\"valueName\":\"search_term_string\"}}],\"inLanguage\":\"it-IT\"},{\"@type\":\"Organization\",\"@id\":\"https:\/\/gmelorente-pre.atic.green\/#organization\",\"name\":\"GME DIVISI\u00d3N BA\u00d1OS S.L.\",\"url\":\"https:\/\/gmelorente-pre.atic.green\/\",\"logo\":{\"@type\":\"ImageObject\",\"inLanguage\":\"it-IT\",\"@id\":\"https:\/\/gmelorente-pre.atic.green\/#\/schema\/logo\/image\/\",\"url\":\"https:\/\/gmelorente.com\/wp-content\/uploads\/logo-gme-azul.jpg\",\"contentUrl\":\"https:\/\/gmelorente.com\/wp-content\/uploads\/logo-gme-azul.jpg\",\"width\":810,\"height\":298,\"caption\":\"GME DIVISI\u00d3N BA\u00d1OS S.L.\"},\"image\":{\"@id\":\"https:\/\/gmelorente-pre.atic.green\/#\/schema\/logo\/image\/\"},\"sameAs\":[\"https:\/\/www.facebook.com\/gmedivision\/?fref=ts\",\"https:\/\/es.pinterest.com\/gmedivision\/?eq=gme&amp;etslf=14997\"]}]}<\/script>\n<!-- \/ Yoast SEO plugin. -->","yoast_head_json":{"title":"Chi siamo - GME Lorente - Produttori di prodotti da bagno","description":"Al GME siamo produttori e distributori di prodotti per il bagno con una vasta esperienza nel settore: schermi, rubinetteria, piatti doccia e accessori.","robots":{"index":"index","follow":"follow","max-snippet":"max-snippet:-1","max-image-preview":"max-image-preview:large","max-video-preview":"max-video-preview:-1"},"canonical":"https:\/\/gmelorente-pre.atic.green\/it\/quienes-somos-gme\/","og_locale":"it_IT","og_type":"article","og_title":"Chi siamo - GME Lorente - Produttori di prodotti da bagno","og_description":"Al GME siamo produttori e distributori di prodotti per il bagno con una vasta esperienza nel settore: schermi, rubinetteria, piatti doccia e accessori.","og_url":"https:\/\/gmelorente-pre.atic.green\/it\/quienes-somos-gme\/","og_site_name":"GME DIVISI\u00d3N BA\u00d1OS","article_publisher":"https:\/\/www.facebook.com\/gmedivision\/?fref=ts","article_modified_time":"2021-02-18T14:40:33+00:00","og_image":[{"url":"https:\/\/gmelorente.com\/wp-content\/uploads\/Nave_01_retocada.jpg","type":"","width":"","height":""}],"twitter_card":"summary_large_image","twitter_misc":{"Tempo di lettura stimato":"2 minuti"},"schema":{"@context":"https:\/\/schema.org","@graph":[{"@type":"WebPage","@id":"https:\/\/gmelorente-pre.atic.green\/it\/quienes-somos-gme\/","url":"https:\/\/gmelorente-pre.atic.green\/it\/quienes-somos-gme\/","name":"Chi siamo - GME Lorente - Produttori di prodotti da bagno","isPartOf":{"@id":"https:\/\/gmelorente-pre.atic.green\/#website"},"primaryImageOfPage":{"@id":"https:\/\/gmelorente-pre.atic.green\/it\/quienes-somos-gme\/#primaryimage"},"image":{"@id":"https:\/\/gmelorente-pre.atic.green\/it\/quienes-somos-gme\/#primaryimage"},"thumbnailUrl":"https:\/\/gmelorente.com\/wp-content\/uploads\/Nave_01_retocada.jpg","datePublished":"2014-04-23T14:50:39+00:00","dateModified":"2021-02-18T14:40:33+00:00","description":"Al GME siamo produttori e distributori di prodotti per il bagno con una vasta esperienza nel settore: schermi, rubinetteria, piatti doccia e accessori.","breadcrumb":{"@id":"https:\/\/gmelorente-pre.atic.green\/it\/quienes-somos-gme\/#breadcrumb"},"inLanguage":"it-IT","potentialAction":[{"@type":"ReadAction","target":["https:\/\/gmelorente-pre.atic.green\/it\/quienes-somos-gme\/"]}]},{"@type":"ImageObject","inLanguage":"it-IT","@id":"https:\/\/gmelorente-pre.atic.green\/it\/quienes-somos-gme\/#primaryimage","url":"https:\/\/gmelorente.com\/wp-content\/uploads\/Nave_01_retocada.jpg","contentUrl":"https:\/\/gmelorente.com\/wp-content\/uploads\/Nave_01_retocada.jpg"},{"@type":"BreadcrumbList","@id":"https:\/\/gmelorente-pre.atic.green\/it\/quienes-somos-gme\/#breadcrumb","itemListElement":[{"@type":"ListItem","position":1,"name":"Home","item":"https:\/\/gmelorente-pre.atic.green\/it\/"},{"@type":"ListItem","position":2,"name":"Chi siamo"}]},{"@type":"WebSite","@id":"https:\/\/gmelorente-pre.atic.green\/#website","url":"https:\/\/gmelorente-pre.atic.green\/","name":"GME DIVISI\u00d3N BA\u00d1OS","description":"Mamparas de ducha y mucho m\u00e1s","publisher":{"@id":"https:\/\/gmelorente-pre.atic.green\/#organization"},"potentialAction":[{"@type":"SearchAction","target":{"@type":"EntryPoint","urlTemplate":"https:\/\/gmelorente-pre.atic.green\/?s={search_term_string}"},"query-input":{"@type":"PropertyValueSpecification","valueRequired":true,"valueName":"search_term_string"}}],"inLanguage":"it-IT"},{"@type":"Organization","@id":"https:\/\/gmelorente-pre.atic.green\/#organization","name":"GME DIVISI\u00d3N BA\u00d1OS S.L.","url":"https:\/\/gmelorente-pre.atic.green\/","logo":{"@type":"ImageObject","inLanguage":"it-IT","@id":"https:\/\/gmelorente-pre.atic.green\/#\/schema\/logo\/image\/","url":"https:\/\/gmelorente.com\/wp-content\/uploads\/logo-gme-azul.jpg","contentUrl":"https:\/\/gmelorente.com\/wp-content\/uploads\/logo-gme-azul.jpg","width":810,"height":298,"caption":"GME DIVISI\u00d3N BA\u00d1OS S.L."},"image":{"@id":"https:\/\/gmelorente-pre.atic.green\/#\/schema\/logo\/image\/"},"sameAs":["https:\/\/www.facebook.com\/gmedivision\/?fref=ts","https:\/\/es.pinterest.com\/gmedivision\/?eq=gme&amp;etslf=14997"]}]}},"_links":{"self":[{"href":"https:\/\/gmelorente-pre.atic.green\/it\/wp-json\/wp\/v2\/pages\/43212","targetHints":{"allow":["GET"]}}],"collection":[{"href":"https:\/\/gmelorente-pre.atic.green\/it\/wp-json\/wp\/v2\/pages"}],"about":[{"href":"https:\/\/gmelorente-pre.atic.green\/it\/wp-json\/wp\/v2\/types\/page"}],"author":[{"embeddable":true,"href":"https:\/\/gmelorente-pre.atic.green\/it\/wp-json\/wp\/v2\/users\/1"}],"replies":[{"embeddable":true,"href":"https:\/\/gmelorente-pre.atic.green\/it\/wp-json\/wp\/v2\/comments?post=43212"}],"version-history":[{"count":0,"href":"https:\/\/gmelorente-pre.atic.green\/it\/wp-json\/wp\/v2\/pages\/43212\/revisions"}],"wp:attachment":[{"href":"https:\/\/gmelorente-pre.atic.green\/it\/wp-json\/wp\/v2\/media?parent=43212"}],"curies":[{"name":"wp","href":"https:\/\/api.w.org\/{rel}","templated":true}]}}