{"id":43215,"date":"2013-08-08T15:48:16","date_gmt":"2013-08-08T15:48:16","guid":{"rendered":"https:\/\/gmelorente.com\/it\/2-contact\/"},"modified":"2016-02-28T19:00:32","modified_gmt":"2016-02-28T18:00:32","slug":"2-contact","status":"publish","type":"page","link":"https:\/\/gmelorente-pre.atic.green\/it\/2-contact\/","title":{"rendered":"Dove siamo"},"content":{"rendered":"<p>[vc_row margin_bottom=&#8221;-50&#8243;][vc_column width=&#8221;2\/3&#8243;][vc_gmaps link=&#8221;#E-8_JTNDaWZyYW1lJTIwc3JjJTNEJTIyaHR0cHMlM0ElMkYlMkZ3d3cuZ29vZ2xlLmNvbSUyRm1hcHMlMkZlbWJlZCUzRnBiJTNEJTIxMW0xNCUyMTFtOCUyMTFtMyUyMTFkNDkyNzUuNjQ5MzE0NTkxODclMjEyZC0wLjQ5NzQ4MTcyNTAwMTkwMzg1JTIxM2QzOS40NzU0NzEyODY5Nzg2NyUyMTNtMiUyMTFpMTAyNCUyMTJpNzY4JTIxNGYxMy4xJTIxM20zJTIxMW0yJTIxMXMweGQ2MDUwOTA3YmFlMGEzYiUyNTNBMHgxMzZmZTZhYTkyZGY5ZmY5JTIxMnNDYWxsZSUyQmRlJTJCbGElMkJQaW5hZGV0YSUyNTJDJTJCNDY5MzAlMkJRdWFydCUyQmRlJTJCUG9ibGV0JTI1MkMlMkJWYWxlbmNpYSUyMTVlMCUyMTNtMiUyMTFzZXMlMjEyc2VzJTIxNHYxNDM5Mzk3ODI3MTY3JTIyJTIwd2lkdGglM0QlMjI2MDAlMjIlMjBoZWlnaHQlM0QlMjI0NTAlMjIlMjBmcmFtZWJvcmRlciUzRCUyMjAlMjIlMjBzdHlsZSUzRCUyMmJvcmRlciUzQTAlMjIlMjBhbGxvd2Z1bGxzY3JlZW4lM0UlM0MlMkZpZnJhbWUlM0U=&#8221; size=&#8221;350&#8243; type=&#8221;m&#8221; zoom=&#8221;15&#8243; bubble=&#8221;1&#8243;][vc_empty_space height=&#8221;40px&#8221;][\/vc_column][vc_column width=&#8221;1\/3&#8243;][vc_column_text]<\/p>\n<h4>Informazioni di contatto<\/h4>\n<p>[\/vc_column_text][vc_empty_space height=&#8221;16px&#8221;][vc_column_text]GME DIVISI\u00d3N BA\u00d1OS S.L.<br \/>\n<span class=\"color-title\">Indirizzo:<\/span><br \/>\nC\\ Pinadeta, 16 &#8211; Pq. Ciudad Mudeco<br \/>\n46930 &#8211; Quart Poblet (Valencia) &#8211; ESPA\u00d1A<\/p>\n<p><span class=\"color-title\">Telefoni:<\/span><br \/>\nTel. 00 34 96 252 18 55<br \/>\nFax. 00 34 96 252 18 56<\/p>\n<p><span class=\"color-title\">Email:<\/span><br \/>\ninfo@gmelorente.com[\/vc_column_text][\/vc_column][\/vc_row]<\/p>\n","protected":false},"excerpt":{"rendered":"<p>[vc_row margin_bottom=&#8221;-50&#8243;][vc_column width=&#8221;2\/3&#8243;][vc_gmaps link=&#8221;#E-8_JTNDaWZyYW1lJTIwc3JjJTNEJTIyaHR0cHMlM0ElMkYlMkZ3d3cuZ29vZ2xlLmNvbSUyRm1hcHMlMkZlbWJlZCUzRnBiJTNEJTIxMW0xNCUyMTFtOCUyMTFtMyUyMTFkNDkyNzUuNjQ5MzE0NTkxODclMjEyZC0wLjQ5NzQ4MTcyNTAwMTkwMzg1JTIxM2QzOS40NzU0NzEyODY5Nzg2NyUyMTNtMiUyMTFpMTAyNCUyMTJpNzY4JTIxNGYxMy4xJTIxM20zJTIxMW0yJTIxMXMweGQ2MDUwOTA3YmFlMGEzYiUyNTNBMHgxMzZmZTZhYTkyZGY5ZmY5JTIxMnNDYWxsZSUyQmRlJTJCbGElMkJQaW5hZGV0YSUyNTJDJTJCNDY5MzAlMkJRdWFydCUyQmRlJTJCUG9ibGV0JTI1MkMlMkJWYWxlbmNpYSUyMTVlMCUyMTNtMiUyMTFzZXMlMjEyc2VzJTIxNHYxNDM5Mzk3ODI3MTY3JTIyJTIwd2lkdGglM0QlMjI2MDAlMjIlMjBoZWlnaHQlM0QlMjI0NTAlMjIlMjBmcmFtZWJvcmRlciUzRCUyMjAlMjIlMjBzdHlsZSUzRCUyMmJvcmRlciUzQTAlMjIlMjBhbGxvd2Z1bGxzY3JlZW4lM0UlM0MlMkZpZnJhbWUlM0U=&#8221; size=&#8221;350&#8243; type=&#8221;m&#8221; zoom=&#8221;15&#8243; bubble=&#8221;1&#8243;][vc_empty_space height=&#8221;40px&#8221;][\/vc_column][vc_column width=&#8221;1\/3&#8243;][vc_column_text] Informazioni di contatto [\/vc_column_text][vc_empty_space height=&#8221;16px&#8221;][vc_column_text]GME DIVISI\u00d3N BA\u00d1OS S.L. Indirizzo: C\\ Pinadeta, 16 &#8211; Pq. Ciudad Mudeco 46930 &#8211; Quart Poblet (Valencia) &#8211; ESPA\u00d1A Telefoni: Tel. 00 34 96 252 18 55 Fax. 00 34 96 252 18 56 Email: info@gmelorente.com[\/vc_column_text][\/vc_column][\/vc_row]<\/p>\n","protected":false},"author":1,"featured_media":0,"parent":0,"menu_order":20,"comment_status":"closed","ping_status":"closed","template":"","meta":{"footnotes":""},"class_list":["post-43215","page","type-page","status-publish","hentry","description-off"],"yoast_head":"<!-- This site is optimized with the Yoast SEO plugin v24.8.1 - https:\/\/yoast.com\/wordpress\/plugins\/seo\/ -->\n<title>Dove siamo - GME DIVISI\u00d3N BA\u00d1OS<\/title>\n<meta name=\"robots\" content=\"index, follow, max-snippet:-1, max-image-preview:large, max-video-preview:-1\" \/>\n<link rel=\"canonical\" href=\"https:\/\/gmelorente-pre.atic.green\/it\/2-contact\/\" \/>\n<meta property=\"og:locale\" content=\"it_IT\" \/>\n<meta property=\"og:type\" content=\"article\" \/>\n<meta property=\"og:title\" content=\"Dove siamo - GME DIVISI\u00d3N BA\u00d1OS\" \/>\n<meta property=\"og:description\" content=\"[vc_row margin_bottom=&#8221;-50&#8243;][vc_column width=&#8221;2\/3&#8243;][vc_gmaps link=&#8221;#E-8_JTNDaWZyYW1lJTIwc3JjJTNEJTIyaHR0cHMlM0ElMkYlMkZ3d3cuZ29vZ2xlLmNvbSUyRm1hcHMlMkZlbWJlZCUzRnBiJTNEJTIxMW0xNCUyMTFtOCUyMTFtMyUyMTFkNDkyNzUuNjQ5MzE0NTkxODclMjEyZC0wLjQ5NzQ4MTcyNTAwMTkwMzg1JTIxM2QzOS40NzU0NzEyODY5Nzg2NyUyMTNtMiUyMTFpMTAyNCUyMTJpNzY4JTIxNGYxMy4xJTIxM20zJTIxMW0yJTIxMXMweGQ2MDUwOTA3YmFlMGEzYiUyNTNBMHgxMzZmZTZhYTkyZGY5ZmY5JTIxMnNDYWxsZSUyQmRlJTJCbGElMkJQaW5hZGV0YSUyNTJDJTJCNDY5MzAlMkJRdWFydCUyQmRlJTJCUG9ibGV0JTI1MkMlMkJWYWxlbmNpYSUyMTVlMCUyMTNtMiUyMTFzZXMlMjEyc2VzJTIxNHYxNDM5Mzk3ODI3MTY3JTIyJTIwd2lkdGglM0QlMjI2MDAlMjIlMjBoZWlnaHQlM0QlMjI0NTAlMjIlMjBmcmFtZWJvcmRlciUzRCUyMjAlMjIlMjBzdHlsZSUzRCUyMmJvcmRlciUzQTAlMjIlMjBhbGxvd2Z1bGxzY3JlZW4lM0UlM0MlMkZpZnJhbWUlM0U=&#8221; size=&#8221;350&#8243; type=&#8221;m&#8221; zoom=&#8221;15&#8243; bubble=&#8221;1&#8243;][vc_empty_space height=&#8221;40px&#8221;][\/vc_column][vc_column width=&#8221;1\/3&#8243;][vc_column_text] Informazioni di contatto [\/vc_column_text][vc_empty_space height=&#8221;16px&#8221;][vc_column_text]GME DIVISI\u00d3N BA\u00d1OS S.L. Indirizzo: C Pinadeta, 16 &#8211; Pq. Ciudad Mudeco 46930 &#8211; Quart Poblet (Valencia) &#8211; ESPA\u00d1A Telefoni: Tel. 00 34 96 252 18 55 Fax. 00 34 96 252 18 56 Email: info@gmelorente.com[\/vc_column_text][\/vc_column][\/vc_row]\" \/>\n<meta property=\"og:url\" content=\"https:\/\/gmelorente-pre.atic.green\/it\/2-contact\/\" \/>\n<meta property=\"og:site_name\" content=\"GME DIVISI\u00d3N BA\u00d1OS\" \/>\n<meta property=\"article:publisher\" content=\"https:\/\/www.facebook.com\/gmedivision\/?fref=ts\" \/>\n<meta property=\"article:modified_time\" content=\"2016-02-28T18:00:32+00:00\" \/>\n<meta name=\"twitter:card\" content=\"summary_large_image\" \/>\n<meta name=\"twitter:label1\" content=\"Tempo di lettura stimato\" \/>\n\t<meta name=\"twitter:data1\" content=\"1 minuto\" \/>\n<script type=\"application\/ld+json\" class=\"yoast-schema-graph\">{\"@context\":\"https:\/\/schema.org\",\"@graph\":[{\"@type\":\"WebPage\",\"@id\":\"https:\/\/gmelorente-pre.atic.green\/it\/2-contact\/\",\"url\":\"https:\/\/gmelorente-pre.atic.green\/it\/2-contact\/\",\"name\":\"Dove siamo - GME DIVISI\u00d3N BA\u00d1OS\",\"isPartOf\":{\"@id\":\"https:\/\/gmelorente-pre.atic.green\/#website\"},\"datePublished\":\"2013-08-08T15:48:16+00:00\",\"dateModified\":\"2016-02-28T18:00:32+00:00\",\"breadcrumb\":{\"@id\":\"https:\/\/gmelorente-pre.atic.green\/it\/2-contact\/#breadcrumb\"},\"inLanguage\":\"it-IT\",\"potentialAction\":[{\"@type\":\"ReadAction\",\"target\":[\"https:\/\/gmelorente-pre.atic.green\/it\/2-contact\/\"]}]},{\"@type\":\"BreadcrumbList\",\"@id\":\"https:\/\/gmelorente-pre.atic.green\/it\/2-contact\/#breadcrumb\",\"itemListElement\":[{\"@type\":\"ListItem\",\"position\":1,\"name\":\"Home\",\"item\":\"https:\/\/gmelorente-pre.atic.green\/it\/\"},{\"@type\":\"ListItem\",\"position\":2,\"name\":\"Dove siamo\"}]},{\"@type\":\"WebSite\",\"@id\":\"https:\/\/gmelorente-pre.atic.green\/#website\",\"url\":\"https:\/\/gmelorente-pre.atic.green\/\",\"name\":\"GME DIVISI\u00d3N BA\u00d1OS\",\"description\":\"Mamparas de ducha y mucho m\u00e1s\",\"publisher\":{\"@id\":\"https:\/\/gmelorente-pre.atic.green\/#organization\"},\"potentialAction\":[{\"@type\":\"SearchAction\",\"target\":{\"@type\":\"EntryPoint\",\"urlTemplate\":\"https:\/\/gmelorente-pre.atic.green\/?s={search_term_string}\"},\"query-input\":{\"@type\":\"PropertyValueSpecification\",\"valueRequired\":true,\"valueName\":\"search_term_string\"}}],\"inLanguage\":\"it-IT\"},{\"@type\":\"Organization\",\"@id\":\"https:\/\/gmelorente-pre.atic.green\/#organization\",\"name\":\"GME DIVISI\u00d3N BA\u00d1OS S.L.\",\"url\":\"https:\/\/gmelorente-pre.atic.green\/\",\"logo\":{\"@type\":\"ImageObject\",\"inLanguage\":\"it-IT\",\"@id\":\"https:\/\/gmelorente-pre.atic.green\/#\/schema\/logo\/image\/\",\"url\":\"https:\/\/gmelorente.com\/wp-content\/uploads\/logo-gme-azul.jpg\",\"contentUrl\":\"https:\/\/gmelorente.com\/wp-content\/uploads\/logo-gme-azul.jpg\",\"width\":810,\"height\":298,\"caption\":\"GME DIVISI\u00d3N BA\u00d1OS S.L.\"},\"image\":{\"@id\":\"https:\/\/gmelorente-pre.atic.green\/#\/schema\/logo\/image\/\"},\"sameAs\":[\"https:\/\/www.facebook.com\/gmedivision\/?fref=ts\",\"https:\/\/es.pinterest.com\/gmedivision\/?eq=gme&amp;etslf=14997\"]}]}<\/script>\n<!-- \/ Yoast SEO plugin. -->","yoast_head_json":{"title":"Dove siamo - GME DIVISI\u00d3N BA\u00d1OS","robots":{"index":"index","follow":"follow","max-snippet":"max-snippet:-1","max-image-preview":"max-image-preview:large","max-video-preview":"max-video-preview:-1"},"canonical":"https:\/\/gmelorente-pre.atic.green\/it\/2-contact\/","og_locale":"it_IT","og_type":"article","og_title":"Dove siamo - GME DIVISI\u00d3N BA\u00d1OS","og_description":"[vc_row margin_bottom=&#8221;-50&#8243;][vc_column width=&#8221;2\/3&#8243;][vc_gmaps link=&#8221;#E-8_JTNDaWZyYW1lJTIwc3JjJTNEJTIyaHR0cHMlM0ElMkYlMkZ3d3cuZ29vZ2xlLmNvbSUyRm1hcHMlMkZlbWJlZCUzRnBiJTNEJTIxMW0xNCUyMTFtOCUyMTFtMyUyMTFkNDkyNzUuNjQ5MzE0NTkxODclMjEyZC0wLjQ5NzQ4MTcyNTAwMTkwMzg1JTIxM2QzOS40NzU0NzEyODY5Nzg2NyUyMTNtMiUyMTFpMTAyNCUyMTJpNzY4JTIxNGYxMy4xJTIxM20zJTIxMW0yJTIxMXMweGQ2MDUwOTA3YmFlMGEzYiUyNTNBMHgxMzZmZTZhYTkyZGY5ZmY5JTIxMnNDYWxsZSUyQmRlJTJCbGElMkJQaW5hZGV0YSUyNTJDJTJCNDY5MzAlMkJRdWFydCUyQmRlJTJCUG9ibGV0JTI1MkMlMkJWYWxlbmNpYSUyMTVlMCUyMTNtMiUyMTFzZXMlMjEyc2VzJTIxNHYxNDM5Mzk3ODI3MTY3JTIyJTIwd2lkdGglM0QlMjI2MDAlMjIlMjBoZWlnaHQlM0QlMjI0NTAlMjIlMjBmcmFtZWJvcmRlciUzRCUyMjAlMjIlMjBzdHlsZSUzRCUyMmJvcmRlciUzQTAlMjIlMjBhbGxvd2Z1bGxzY3JlZW4lM0UlM0MlMkZpZnJhbWUlM0U=&#8221; size=&#8221;350&#8243; type=&#8221;m&#8221; zoom=&#8221;15&#8243; bubble=&#8221;1&#8243;][vc_empty_space height=&#8221;40px&#8221;][\/vc_column][vc_column width=&#8221;1\/3&#8243;][vc_column_text] Informazioni di contatto [\/vc_column_text][vc_empty_space height=&#8221;16px&#8221;][vc_column_text]GME DIVISI\u00d3N BA\u00d1OS S.L. Indirizzo: C Pinadeta, 16 &#8211; Pq. Ciudad Mudeco 46930 &#8211; Quart Poblet (Valencia) &#8211; ESPA\u00d1A Telefoni: Tel. 00 34 96 252 18 55 Fax. 00 34 96 252 18 56 Email: info@gmelorente.com[\/vc_column_text][\/vc_column][\/vc_row]","og_url":"https:\/\/gmelorente-pre.atic.green\/it\/2-contact\/","og_site_name":"GME DIVISI\u00d3N BA\u00d1OS","article_publisher":"https:\/\/www.facebook.com\/gmedivision\/?fref=ts","article_modified_time":"2016-02-28T18:00:32+00:00","twitter_card":"summary_large_image","twitter_misc":{"Tempo di lettura stimato":"1 minuto"},"schema":{"@context":"https:\/\/schema.org","@graph":[{"@type":"WebPage","@id":"https:\/\/gmelorente-pre.atic.green\/it\/2-contact\/","url":"https:\/\/gmelorente-pre.atic.green\/it\/2-contact\/","name":"Dove siamo - GME DIVISI\u00d3N BA\u00d1OS","isPartOf":{"@id":"https:\/\/gmelorente-pre.atic.green\/#website"},"datePublished":"2013-08-08T15:48:16+00:00","dateModified":"2016-02-28T18:00:32+00:00","breadcrumb":{"@id":"https:\/\/gmelorente-pre.atic.green\/it\/2-contact\/#breadcrumb"},"inLanguage":"it-IT","potentialAction":[{"@type":"ReadAction","target":["https:\/\/gmelorente-pre.atic.green\/it\/2-contact\/"]}]},{"@type":"BreadcrumbList","@id":"https:\/\/gmelorente-pre.atic.green\/it\/2-contact\/#breadcrumb","itemListElement":[{"@type":"ListItem","position":1,"name":"Home","item":"https:\/\/gmelorente-pre.atic.green\/it\/"},{"@type":"ListItem","position":2,"name":"Dove siamo"}]},{"@type":"WebSite","@id":"https:\/\/gmelorente-pre.atic.green\/#website","url":"https:\/\/gmelorente-pre.atic.green\/","name":"GME DIVISI\u00d3N BA\u00d1OS","description":"Mamparas de ducha y mucho m\u00e1s","publisher":{"@id":"https:\/\/gmelorente-pre.atic.green\/#organization"},"potentialAction":[{"@type":"SearchAction","target":{"@type":"EntryPoint","urlTemplate":"https:\/\/gmelorente-pre.atic.green\/?s={search_term_string}"},"query-input":{"@type":"PropertyValueSpecification","valueRequired":true,"valueName":"search_term_string"}}],"inLanguage":"it-IT"},{"@type":"Organization","@id":"https:\/\/gmelorente-pre.atic.green\/#organization","name":"GME DIVISI\u00d3N BA\u00d1OS S.L.","url":"https:\/\/gmelorente-pre.atic.green\/","logo":{"@type":"ImageObject","inLanguage":"it-IT","@id":"https:\/\/gmelorente-pre.atic.green\/#\/schema\/logo\/image\/","url":"https:\/\/gmelorente.com\/wp-content\/uploads\/logo-gme-azul.jpg","contentUrl":"https:\/\/gmelorente.com\/wp-content\/uploads\/logo-gme-azul.jpg","width":810,"height":298,"caption":"GME DIVISI\u00d3N BA\u00d1OS S.L."},"image":{"@id":"https:\/\/gmelorente-pre.atic.green\/#\/schema\/logo\/image\/"},"sameAs":["https:\/\/www.facebook.com\/gmedivision\/?fref=ts","https:\/\/es.pinterest.com\/gmedivision\/?eq=gme&amp;etslf=14997"]}]}},"_links":{"self":[{"href":"https:\/\/gmelorente-pre.atic.green\/it\/wp-json\/wp\/v2\/pages\/43215","targetHints":{"allow":["GET"]}}],"collection":[{"href":"https:\/\/gmelorente-pre.atic.green\/it\/wp-json\/wp\/v2\/pages"}],"about":[{"href":"https:\/\/gmelorente-pre.atic.green\/it\/wp-json\/wp\/v2\/types\/page"}],"author":[{"embeddable":true,"href":"https:\/\/gmelorente-pre.atic.green\/it\/wp-json\/wp\/v2\/users\/1"}],"replies":[{"embeddable":true,"href":"https:\/\/gmelorente-pre.atic.green\/it\/wp-json\/wp\/v2\/comments?post=43215"}],"version-history":[{"count":0,"href":"https:\/\/gmelorente-pre.atic.green\/it\/wp-json\/wp\/v2\/pages\/43215\/revisions"}],"wp:attachment":[{"href":"https:\/\/gmelorente-pre.atic.green\/it\/wp-json\/wp\/v2\/media?parent=43215"}],"curies":[{"name":"wp","href":"https:\/\/api.w.org\/{rel}","templated":true}]}}