{"id":67996,"date":"2020-09-29T01:04:57","date_gmt":"2020-09-28T23:04:57","guid":{"rendered":"https:\/\/gmelorente.com\/?page_id=67996"},"modified":"2024-05-28T15:19:08","modified_gmt":"2024-05-28T13:19:08","slug":"catalogo-rubinetto-io","status":"publish","type":"page","link":"https:\/\/gmelorente-pre.atic.green\/it\/catalogo-rubinetto-io\/","title":{"rendered":"Catalogo Rubinetto IO"},"content":{"rendered":"<p>[vc_row][vc_column][vc_column_text]<\/p>\n<p>Siete alla ricerca di un catalogo che raccolga tutte le opzioni di rubinetteria per il bagno e la cucina?<strong> Il catalogo dei rubinetti IO by GME<\/strong> offre tutte le opzioni. Un catalogo completo che comprende rubinetti per il bagno in tutti i formati e in diversi colori, docce a vista, colonne doccia, rubinetti da incasso e molto altro ancora. Inoltre, tutto questo con<strong> consegna immediata<\/strong> ovunque nella Penisola. Disponiamo di oltre 25.000 metri quadrati per lo stoccaggio di tutte le nostre referenze. Questo ci permette di garantire i tempi di consegna pi\u00f9 rapidi del mercato.<\/p>\n<p>Questo catalogo di rubinetti IO \u00e8 il complemento perfetto del nostro catalogo generale di cabine doccia e accessori per il bagno, che potete consultare <a href=\"https:\/\/gmelorente.com\/it\/gme-prodotti-catalogo\/\">qui<\/a>.<\/p>\n<p>Se volete diventare distributori e avere accesso ai nostri cataloghi per vendere i nostri prodotti e beneficiare di tutti i nostri vantaggi,<a href=\"https:\/\/gmelorente.com\/it\/quieres-ser-distribuidor\/\"> contattateci<\/a>.[\/vc_column_text][vc_empty_space]<div class=\"hr-thin style-line\" style=\"width: 100%;border-top-width: 1px;\"><\/div>[vc_empty_space][vc_column_text]<a href=\"https:\/\/gmelorente.com\/wp-content\/uploads\/IO-2024-ITALIANO-baja.pdf\"><img loading=\"lazy\" decoding=\"async\" class=\"aligncenter wp-image-84464\" src=\"https:\/\/gmelorente.com\/wp-content\/uploads\/Portada-IO-2024-IT.jpg\" alt=\"\" width=\"245\" height=\"351\" srcset=\"https:\/\/gmelorente-pre.atic.green\/wp-content\/uploads\/Portada-IO-2024-IT.jpg 523w, https:\/\/gmelorente-pre.atic.green\/wp-content\/uploads\/Portada-IO-2024-IT-209x300.jpg 209w, https:\/\/gmelorente-pre.atic.green\/wp-content\/uploads\/Portada-IO-2024-IT-500x717.jpg 500w\" sizes=\"auto, (max-width: 245px) 100vw, 245px\" \/><\/a><\/p>\n<p style=\"text-align: center;\"><a href=\"https:\/\/gmelorente.com\/wp-content\/uploads\/IO-2024-ITALIANO-baja.pdf\">CATALOGO RUBINETTO IO 2024<\/a><\/p>\n<p>[\/vc_column_text]<div class=\"hr-thin style-line\" style=\"width: 100%;border-top-width: 1px;\"><\/div>[vc_column_textL&#8217;uso di questo catalogo \u00e8 limitato ai distributori ufficiali di GME DIVISI\u00d3N BA\u00d1OS. Questo catalogo virtuale ha uno scopo puramente informativo e non pu\u00f2 essere utilizzato ufficialmente per mettere in vendita alcun prodotto. Se desiderate diventare un distributore GME e avere accesso al catalogo fisico, contattateci utilizzando il seguente <a href=\"https:\/\/gmelorente.com\/it\/quieres-ser-distribuidor\/\">modulo<\/a>.[\/vc_column_text][\/vc_column][\/vc_row][vc_row][vc_column][\/vc_column][\/vc_row]<\/p>\n","protected":false},"excerpt":{"rendered":"<p>[vc_row][vc_column][vc_column_text] Siete alla ricerca di un catalogo che raccolga tutte le opzioni di rubinetteria per il bagno e la cucina? Il catalogo dei rubinetti IO by GME offre tutte le opzioni. Un catalogo completo che comprende rubinetti per il bagno in tutti i formati e in diversi colori, docce a vista, colonne doccia, rubinetti da&hellip;<\/p>\n","protected":false},"author":1,"featured_media":0,"parent":0,"menu_order":0,"comment_status":"closed","ping_status":"closed","template":"","meta":{"footnotes":""},"class_list":["post-67996","page","type-page","status-publish","hentry","description-off"],"yoast_head":"<!-- This site is optimized with the Yoast SEO plugin v24.8.1 - https:\/\/yoast.com\/wordpress\/plugins\/seo\/ -->\n<title>Catalogo Rubinetto IO - GME DIVISI\u00d3N BA\u00d1OS<\/title>\n<meta name=\"robots\" content=\"index, follow, max-snippet:-1, max-image-preview:large, max-video-preview:-1\" \/>\n<link rel=\"canonical\" href=\"https:\/\/gmelorente-pre.atic.green\/it\/catalogo-rubinetto-io\/\" \/>\n<meta property=\"og:locale\" content=\"it_IT\" \/>\n<meta property=\"og:type\" content=\"article\" \/>\n<meta property=\"og:title\" content=\"Catalogo Rubinetto IO - GME DIVISI\u00d3N BA\u00d1OS\" \/>\n<meta property=\"og:description\" content=\"[vc_row][vc_column][vc_column_text] Siete alla ricerca di un catalogo che raccolga tutte le opzioni di rubinetteria per il bagno e la cucina? Il catalogo dei rubinetti IO by GME offre tutte le opzioni. Un catalogo completo che comprende rubinetti per il bagno in tutti i formati e in diversi colori, docce a vista, colonne doccia, rubinetti da&hellip;\" \/>\n<meta property=\"og:url\" content=\"https:\/\/gmelorente-pre.atic.green\/it\/catalogo-rubinetto-io\/\" \/>\n<meta property=\"og:site_name\" content=\"GME DIVISI\u00d3N BA\u00d1OS\" \/>\n<meta property=\"article:publisher\" content=\"https:\/\/www.facebook.com\/gmedivision\/?fref=ts\" \/>\n<meta property=\"article:modified_time\" content=\"2024-05-28T13:19:08+00:00\" \/>\n<meta property=\"og:image\" content=\"https:\/\/gmelorente.com\/wp-content\/uploads\/Portada-IO-2024-IT.jpg\" \/>\n<meta name=\"twitter:card\" content=\"summary_large_image\" \/>\n<meta name=\"twitter:label1\" content=\"Tempo di lettura stimato\" \/>\n\t<meta name=\"twitter:data1\" content=\"2 minuti\" \/>\n<script type=\"application\/ld+json\" class=\"yoast-schema-graph\">{\"@context\":\"https:\/\/schema.org\",\"@graph\":[{\"@type\":\"WebPage\",\"@id\":\"https:\/\/gmelorente-pre.atic.green\/it\/catalogo-rubinetto-io\/\",\"url\":\"https:\/\/gmelorente-pre.atic.green\/it\/catalogo-rubinetto-io\/\",\"name\":\"Catalogo Rubinetto IO - GME DIVISI\u00d3N BA\u00d1OS\",\"isPartOf\":{\"@id\":\"https:\/\/gmelorente-pre.atic.green\/#website\"},\"primaryImageOfPage\":{\"@id\":\"https:\/\/gmelorente-pre.atic.green\/it\/catalogo-rubinetto-io\/#primaryimage\"},\"image\":{\"@id\":\"https:\/\/gmelorente-pre.atic.green\/it\/catalogo-rubinetto-io\/#primaryimage\"},\"thumbnailUrl\":\"https:\/\/gmelorente.com\/wp-content\/uploads\/Portada-IO-2024-IT.jpg\",\"datePublished\":\"2020-09-28T23:04:57+00:00\",\"dateModified\":\"2024-05-28T13:19:08+00:00\",\"breadcrumb\":{\"@id\":\"https:\/\/gmelorente-pre.atic.green\/it\/catalogo-rubinetto-io\/#breadcrumb\"},\"inLanguage\":\"it-IT\",\"potentialAction\":[{\"@type\":\"ReadAction\",\"target\":[\"https:\/\/gmelorente-pre.atic.green\/it\/catalogo-rubinetto-io\/\"]}]},{\"@type\":\"ImageObject\",\"inLanguage\":\"it-IT\",\"@id\":\"https:\/\/gmelorente-pre.atic.green\/it\/catalogo-rubinetto-io\/#primaryimage\",\"url\":\"https:\/\/gmelorente.com\/wp-content\/uploads\/Portada-IO-2024-IT.jpg\",\"contentUrl\":\"https:\/\/gmelorente.com\/wp-content\/uploads\/Portada-IO-2024-IT.jpg\"},{\"@type\":\"BreadcrumbList\",\"@id\":\"https:\/\/gmelorente-pre.atic.green\/it\/catalogo-rubinetto-io\/#breadcrumb\",\"itemListElement\":[{\"@type\":\"ListItem\",\"position\":1,\"name\":\"Home\",\"item\":\"https:\/\/gmelorente-pre.atic.green\/it\/\"},{\"@type\":\"ListItem\",\"position\":2,\"name\":\"Catalogo Rubinetto IO\"}]},{\"@type\":\"WebSite\",\"@id\":\"https:\/\/gmelorente-pre.atic.green\/#website\",\"url\":\"https:\/\/gmelorente-pre.atic.green\/\",\"name\":\"GME DIVISI\u00d3N BA\u00d1OS\",\"description\":\"Mamparas de ducha y mucho m\u00e1s\",\"publisher\":{\"@id\":\"https:\/\/gmelorente-pre.atic.green\/#organization\"},\"potentialAction\":[{\"@type\":\"SearchAction\",\"target\":{\"@type\":\"EntryPoint\",\"urlTemplate\":\"https:\/\/gmelorente-pre.atic.green\/?s={search_term_string}\"},\"query-input\":{\"@type\":\"PropertyValueSpecification\",\"valueRequired\":true,\"valueName\":\"search_term_string\"}}],\"inLanguage\":\"it-IT\"},{\"@type\":\"Organization\",\"@id\":\"https:\/\/gmelorente-pre.atic.green\/#organization\",\"name\":\"GME DIVISI\u00d3N BA\u00d1OS S.L.\",\"url\":\"https:\/\/gmelorente-pre.atic.green\/\",\"logo\":{\"@type\":\"ImageObject\",\"inLanguage\":\"it-IT\",\"@id\":\"https:\/\/gmelorente-pre.atic.green\/#\/schema\/logo\/image\/\",\"url\":\"https:\/\/gmelorente.com\/wp-content\/uploads\/logo-gme-azul.jpg\",\"contentUrl\":\"https:\/\/gmelorente.com\/wp-content\/uploads\/logo-gme-azul.jpg\",\"width\":810,\"height\":298,\"caption\":\"GME DIVISI\u00d3N BA\u00d1OS S.L.\"},\"image\":{\"@id\":\"https:\/\/gmelorente-pre.atic.green\/#\/schema\/logo\/image\/\"},\"sameAs\":[\"https:\/\/www.facebook.com\/gmedivision\/?fref=ts\",\"https:\/\/es.pinterest.com\/gmedivision\/?eq=gme&amp;etslf=14997\"]}]}<\/script>\n<!-- \/ Yoast SEO plugin. -->","yoast_head_json":{"title":"Catalogo Rubinetto IO - GME DIVISI\u00d3N BA\u00d1OS","robots":{"index":"index","follow":"follow","max-snippet":"max-snippet:-1","max-image-preview":"max-image-preview:large","max-video-preview":"max-video-preview:-1"},"canonical":"https:\/\/gmelorente-pre.atic.green\/it\/catalogo-rubinetto-io\/","og_locale":"it_IT","og_type":"article","og_title":"Catalogo Rubinetto IO - GME DIVISI\u00d3N BA\u00d1OS","og_description":"[vc_row][vc_column][vc_column_text] Siete alla ricerca di un catalogo che raccolga tutte le opzioni di rubinetteria per il bagno e la cucina? Il catalogo dei rubinetti IO by GME offre tutte le opzioni. Un catalogo completo che comprende rubinetti per il bagno in tutti i formati e in diversi colori, docce a vista, colonne doccia, rubinetti da&hellip;","og_url":"https:\/\/gmelorente-pre.atic.green\/it\/catalogo-rubinetto-io\/","og_site_name":"GME DIVISI\u00d3N BA\u00d1OS","article_publisher":"https:\/\/www.facebook.com\/gmedivision\/?fref=ts","article_modified_time":"2024-05-28T13:19:08+00:00","og_image":[{"url":"https:\/\/gmelorente.com\/wp-content\/uploads\/Portada-IO-2024-IT.jpg","type":"","width":"","height":""}],"twitter_card":"summary_large_image","twitter_misc":{"Tempo di lettura stimato":"2 minuti"},"schema":{"@context":"https:\/\/schema.org","@graph":[{"@type":"WebPage","@id":"https:\/\/gmelorente-pre.atic.green\/it\/catalogo-rubinetto-io\/","url":"https:\/\/gmelorente-pre.atic.green\/it\/catalogo-rubinetto-io\/","name":"Catalogo Rubinetto IO - GME DIVISI\u00d3N BA\u00d1OS","isPartOf":{"@id":"https:\/\/gmelorente-pre.atic.green\/#website"},"primaryImageOfPage":{"@id":"https:\/\/gmelorente-pre.atic.green\/it\/catalogo-rubinetto-io\/#primaryimage"},"image":{"@id":"https:\/\/gmelorente-pre.atic.green\/it\/catalogo-rubinetto-io\/#primaryimage"},"thumbnailUrl":"https:\/\/gmelorente.com\/wp-content\/uploads\/Portada-IO-2024-IT.jpg","datePublished":"2020-09-28T23:04:57+00:00","dateModified":"2024-05-28T13:19:08+00:00","breadcrumb":{"@id":"https:\/\/gmelorente-pre.atic.green\/it\/catalogo-rubinetto-io\/#breadcrumb"},"inLanguage":"it-IT","potentialAction":[{"@type":"ReadAction","target":["https:\/\/gmelorente-pre.atic.green\/it\/catalogo-rubinetto-io\/"]}]},{"@type":"ImageObject","inLanguage":"it-IT","@id":"https:\/\/gmelorente-pre.atic.green\/it\/catalogo-rubinetto-io\/#primaryimage","url":"https:\/\/gmelorente.com\/wp-content\/uploads\/Portada-IO-2024-IT.jpg","contentUrl":"https:\/\/gmelorente.com\/wp-content\/uploads\/Portada-IO-2024-IT.jpg"},{"@type":"BreadcrumbList","@id":"https:\/\/gmelorente-pre.atic.green\/it\/catalogo-rubinetto-io\/#breadcrumb","itemListElement":[{"@type":"ListItem","position":1,"name":"Home","item":"https:\/\/gmelorente-pre.atic.green\/it\/"},{"@type":"ListItem","position":2,"name":"Catalogo Rubinetto IO"}]},{"@type":"WebSite","@id":"https:\/\/gmelorente-pre.atic.green\/#website","url":"https:\/\/gmelorente-pre.atic.green\/","name":"GME DIVISI\u00d3N BA\u00d1OS","description":"Mamparas de ducha y mucho m\u00e1s","publisher":{"@id":"https:\/\/gmelorente-pre.atic.green\/#organization"},"potentialAction":[{"@type":"SearchAction","target":{"@type":"EntryPoint","urlTemplate":"https:\/\/gmelorente-pre.atic.green\/?s={search_term_string}"},"query-input":{"@type":"PropertyValueSpecification","valueRequired":true,"valueName":"search_term_string"}}],"inLanguage":"it-IT"},{"@type":"Organization","@id":"https:\/\/gmelorente-pre.atic.green\/#organization","name":"GME DIVISI\u00d3N BA\u00d1OS S.L.","url":"https:\/\/gmelorente-pre.atic.green\/","logo":{"@type":"ImageObject","inLanguage":"it-IT","@id":"https:\/\/gmelorente-pre.atic.green\/#\/schema\/logo\/image\/","url":"https:\/\/gmelorente.com\/wp-content\/uploads\/logo-gme-azul.jpg","contentUrl":"https:\/\/gmelorente.com\/wp-content\/uploads\/logo-gme-azul.jpg","width":810,"height":298,"caption":"GME DIVISI\u00d3N BA\u00d1OS S.L."},"image":{"@id":"https:\/\/gmelorente-pre.atic.green\/#\/schema\/logo\/image\/"},"sameAs":["https:\/\/www.facebook.com\/gmedivision\/?fref=ts","https:\/\/es.pinterest.com\/gmedivision\/?eq=gme&amp;etslf=14997"]}]}},"_links":{"self":[{"href":"https:\/\/gmelorente-pre.atic.green\/it\/wp-json\/wp\/v2\/pages\/67996","targetHints":{"allow":["GET"]}}],"collection":[{"href":"https:\/\/gmelorente-pre.atic.green\/it\/wp-json\/wp\/v2\/pages"}],"about":[{"href":"https:\/\/gmelorente-pre.atic.green\/it\/wp-json\/wp\/v2\/types\/page"}],"author":[{"embeddable":true,"href":"https:\/\/gmelorente-pre.atic.green\/it\/wp-json\/wp\/v2\/users\/1"}],"replies":[{"embeddable":true,"href":"https:\/\/gmelorente-pre.atic.green\/it\/wp-json\/wp\/v2\/comments?post=67996"}],"version-history":[{"count":9,"href":"https:\/\/gmelorente-pre.atic.green\/it\/wp-json\/wp\/v2\/pages\/67996\/revisions"}],"predecessor-version":[{"id":84503,"href":"https:\/\/gmelorente-pre.atic.green\/it\/wp-json\/wp\/v2\/pages\/67996\/revisions\/84503"}],"wp:attachment":[{"href":"https:\/\/gmelorente-pre.atic.green\/it\/wp-json\/wp\/v2\/media?parent=67996"}],"curies":[{"name":"wp","href":"https:\/\/api.w.org\/{rel}","templated":true}]}}