{"id":78972,"date":"2020-09-28T19:50:47","date_gmt":"2020-09-28T17:50:47","guid":{"rendered":"https:\/\/gmelorente.com\/productos\/griferia-de-cocina\/"},"modified":"2021-06-03T09:23:30","modified_gmt":"2021-06-03T07:23:30","slug":"griferia-de-cocina","status":"publish","type":"page","link":"https:\/\/gmelorente-pre.atic.green\/it\/griferia-de-cocina\/","title":{"rendered":"Miscelatori da cucina"},"content":{"rendered":"<p>[vc_row][vc_column][vc_column_text]Cerchi un <strong>rubinetto da cucina di qualit\u00e0<\/strong>? In GME, offriamo una variet\u00e0 di opzioni di rubinetti da cucina di qualit\u00e0 con il nostro marchio registrato europeo, IO\u00ae. I prodotti possono essere visti pi\u00f9 in dettaglio nel nostro <a href=\"https:\/\/gmelorente.com\/it\/catalogo-rubinetto-io\/\">catalogo di rubinetti IO\u00ae<\/a>. Tutti i rubinetti sono conformi alle <strong>normative europee<\/strong> e hanno superato i test necessari per ottenere la certificazione europea presso l&#8217;<a href=\"https:\/\/www.aidimme.it\">Aidimme<\/a>, l&#8217;Istituto Tecnologico di Valencia. Inoltre, tutti sono disponibili in stock e <strong>consegna immediata<\/strong>, potendo averlo installato in sole 48 ore dal tuo ordine tramite i nostri <a href=\"https:\/\/gmelorente.com\/it\/donde-comprar\/\">distributori<\/a>.[\/vc_column_text][\/vc_column][\/vc_row][vc_row][vc_column][vc_empty_space][\/vc_column][\/vc_row][vc_row][vc_column]<div class=\"hr-thin style-line\" style=\"width: 100%;border-top-width: 1px;\"><\/div>[vc_empty_space][\/vc_column][\/vc_row][vc_row][vc_column][dt_portfolio number=&#8221;100&#8243; orderby=&#8221;title&#8221; order=&#8221;asc&#8221; show_filter=&#8221;true&#8221; type=&#8221;grid&#8221; same_width=&#8221;true&#8221; proportion=&#8221;1:1&#8243; show_title=&#8221;true&#8221; show_excerpt=&#8221;true&#8221; column_width=&#8221;&#8221; columns=&#8221;4&#8243; category=&#8221;griferia-de-cocina-it&#8221;][\/vc_column][\/vc_row]<\/p>\n","protected":false},"excerpt":{"rendered":"<p>[vc_row][vc_column][vc_column_text]Cerchi un rubinetto da cucina di qualit\u00e0? In GME, offriamo una variet\u00e0 di opzioni di rubinetti da cucina di qualit\u00e0 con il nostro marchio registrato europeo, IO\u00ae. I prodotti possono essere visti pi\u00f9 in dettaglio nel nostro catalogo di rubinetti IO\u00ae. Tutti i rubinetti sono conformi alle normative europee e hanno superato i test necessari&hellip;<\/p>\n","protected":false},"author":1,"featured_media":0,"parent":0,"menu_order":0,"comment_status":"closed","ping_status":"closed","template":"","meta":{"footnotes":""},"class_list":["post-78972","page","type-page","status-publish","hentry","description-off"],"yoast_head":"<!-- This site is optimized with the Yoast SEO plugin v24.8.1 - https:\/\/yoast.com\/wordpress\/plugins\/seo\/ -->\n<title>Grifer\u00eda de cocina de calidad IO\u00ae by GME - GME Mamparas y Ba\u00f1o<\/title>\n<meta name=\"description\" content=\"Grifer\u00eda de cocina de calidad de GME. Grifos de lavabo, bidet, ba\u00f1era y ducha. Columas y duchas. Rociadores y empotrables. Todo con garant\u00eda de 3 a\u00f1os.\" \/>\n<meta name=\"robots\" content=\"index, follow, max-snippet:-1, max-image-preview:large, max-video-preview:-1\" \/>\n<link rel=\"canonical\" href=\"https:\/\/gmelorente-pre.atic.green\/it\/productos\/griferia-de-cocina\/\" \/>\n<meta property=\"og:locale\" content=\"it_IT\" \/>\n<meta property=\"og:type\" content=\"article\" \/>\n<meta property=\"og:title\" content=\"Grifer\u00eda de cocina de calidad IO\u00ae by GME - GME Mamparas y Ba\u00f1o\" \/>\n<meta property=\"og:description\" content=\"Grifer\u00eda de cocina de calidad de GME. Grifos de lavabo, bidet, ba\u00f1era y ducha. Columas y duchas. Rociadores y empotrables. Todo con garant\u00eda de 3 a\u00f1os.\" \/>\n<meta property=\"og:url\" content=\"https:\/\/gmelorente-pre.atic.green\/it\/productos\/griferia-de-cocina\/\" \/>\n<meta property=\"og:site_name\" content=\"GME DIVISI\u00d3N BA\u00d1OS\" \/>\n<meta property=\"article:publisher\" content=\"https:\/\/www.facebook.com\/gmedivision\/?fref=ts\" \/>\n<meta property=\"article:modified_time\" content=\"2021-06-03T07:23:30+00:00\" \/>\n<meta name=\"twitter:card\" content=\"summary_large_image\" \/>\n<meta name=\"twitter:label1\" content=\"Tempo di lettura stimato\" \/>\n\t<meta name=\"twitter:data1\" content=\"1 minuto\" \/>\n<script type=\"application\/ld+json\" class=\"yoast-schema-graph\">{\"@context\":\"https:\/\/schema.org\",\"@graph\":[{\"@type\":\"WebPage\",\"@id\":\"https:\/\/gmelorente-pre.atic.green\/it\/productos\/griferia-de-cocina\/\",\"url\":\"https:\/\/gmelorente-pre.atic.green\/it\/productos\/griferia-de-cocina\/\",\"name\":\"Grifer\u00eda de cocina de calidad IO\u00ae by GME - GME Mamparas y Ba\u00f1o\",\"isPartOf\":{\"@id\":\"https:\/\/gmelorente-pre.atic.green\/#website\"},\"datePublished\":\"2020-09-28T17:50:47+00:00\",\"dateModified\":\"2021-06-03T07:23:30+00:00\",\"description\":\"Grifer\u00eda de cocina de calidad de GME. Grifos de lavabo, bidet, ba\u00f1era y ducha. Columas y duchas. Rociadores y empotrables. Todo con garant\u00eda de 3 a\u00f1os.\",\"breadcrumb\":{\"@id\":\"https:\/\/gmelorente-pre.atic.green\/it\/productos\/griferia-de-cocina\/#breadcrumb\"},\"inLanguage\":\"it-IT\",\"potentialAction\":[{\"@type\":\"ReadAction\",\"target\":[\"https:\/\/gmelorente-pre.atic.green\/it\/productos\/griferia-de-cocina\/\"]}]},{\"@type\":\"BreadcrumbList\",\"@id\":\"https:\/\/gmelorente-pre.atic.green\/it\/productos\/griferia-de-cocina\/#breadcrumb\",\"itemListElement\":[{\"@type\":\"ListItem\",\"position\":1,\"name\":\"Home\",\"item\":\"https:\/\/gmelorente-pre.atic.green\/it\/\"},{\"@type\":\"ListItem\",\"position\":2,\"name\":\"Produrre\",\"item\":\"https:\/\/gmelorente-pre.atic.green\/it\/productos\/\"},{\"@type\":\"ListItem\",\"position\":3,\"name\":\"Miscelatori da cucina\"}]},{\"@type\":\"WebSite\",\"@id\":\"https:\/\/gmelorente-pre.atic.green\/#website\",\"url\":\"https:\/\/gmelorente-pre.atic.green\/\",\"name\":\"GME DIVISI\u00d3N BA\u00d1OS\",\"description\":\"Mamparas de ducha y mucho m\u00e1s\",\"publisher\":{\"@id\":\"https:\/\/gmelorente-pre.atic.green\/#organization\"},\"potentialAction\":[{\"@type\":\"SearchAction\",\"target\":{\"@type\":\"EntryPoint\",\"urlTemplate\":\"https:\/\/gmelorente-pre.atic.green\/?s={search_term_string}\"},\"query-input\":{\"@type\":\"PropertyValueSpecification\",\"valueRequired\":true,\"valueName\":\"search_term_string\"}}],\"inLanguage\":\"it-IT\"},{\"@type\":\"Organization\",\"@id\":\"https:\/\/gmelorente-pre.atic.green\/#organization\",\"name\":\"GME DIVISI\u00d3N BA\u00d1OS S.L.\",\"url\":\"https:\/\/gmelorente-pre.atic.green\/\",\"logo\":{\"@type\":\"ImageObject\",\"inLanguage\":\"it-IT\",\"@id\":\"https:\/\/gmelorente-pre.atic.green\/#\/schema\/logo\/image\/\",\"url\":\"https:\/\/gmelorente.com\/wp-content\/uploads\/logo-gme-azul.jpg\",\"contentUrl\":\"https:\/\/gmelorente.com\/wp-content\/uploads\/logo-gme-azul.jpg\",\"width\":810,\"height\":298,\"caption\":\"GME DIVISI\u00d3N BA\u00d1OS S.L.\"},\"image\":{\"@id\":\"https:\/\/gmelorente-pre.atic.green\/#\/schema\/logo\/image\/\"},\"sameAs\":[\"https:\/\/www.facebook.com\/gmedivision\/?fref=ts\",\"https:\/\/es.pinterest.com\/gmedivision\/?eq=gme&amp;etslf=14997\"]}]}<\/script>\n<!-- \/ Yoast SEO plugin. -->","yoast_head_json":{"title":"Grifer\u00eda de cocina de calidad IO\u00ae by GME - GME Mamparas y Ba\u00f1o","description":"Grifer\u00eda de cocina de calidad de GME. Grifos de lavabo, bidet, ba\u00f1era y ducha. Columas y duchas. Rociadores y empotrables. Todo con garant\u00eda de 3 a\u00f1os.","robots":{"index":"index","follow":"follow","max-snippet":"max-snippet:-1","max-image-preview":"max-image-preview:large","max-video-preview":"max-video-preview:-1"},"canonical":"https:\/\/gmelorente-pre.atic.green\/it\/productos\/griferia-de-cocina\/","og_locale":"it_IT","og_type":"article","og_title":"Grifer\u00eda de cocina de calidad IO\u00ae by GME - GME Mamparas y Ba\u00f1o","og_description":"Grifer\u00eda de cocina de calidad de GME. Grifos de lavabo, bidet, ba\u00f1era y ducha. Columas y duchas. Rociadores y empotrables. Todo con garant\u00eda de 3 a\u00f1os.","og_url":"https:\/\/gmelorente-pre.atic.green\/it\/productos\/griferia-de-cocina\/","og_site_name":"GME DIVISI\u00d3N BA\u00d1OS","article_publisher":"https:\/\/www.facebook.com\/gmedivision\/?fref=ts","article_modified_time":"2021-06-03T07:23:30+00:00","twitter_card":"summary_large_image","twitter_misc":{"Tempo di lettura stimato":"1 minuto"},"schema":{"@context":"https:\/\/schema.org","@graph":[{"@type":"WebPage","@id":"https:\/\/gmelorente-pre.atic.green\/it\/productos\/griferia-de-cocina\/","url":"https:\/\/gmelorente-pre.atic.green\/it\/productos\/griferia-de-cocina\/","name":"Grifer\u00eda de cocina de calidad IO\u00ae by GME - GME Mamparas y Ba\u00f1o","isPartOf":{"@id":"https:\/\/gmelorente-pre.atic.green\/#website"},"datePublished":"2020-09-28T17:50:47+00:00","dateModified":"2021-06-03T07:23:30+00:00","description":"Grifer\u00eda de cocina de calidad de GME. Grifos de lavabo, bidet, ba\u00f1era y ducha. Columas y duchas. Rociadores y empotrables. Todo con garant\u00eda de 3 a\u00f1os.","breadcrumb":{"@id":"https:\/\/gmelorente-pre.atic.green\/it\/productos\/griferia-de-cocina\/#breadcrumb"},"inLanguage":"it-IT","potentialAction":[{"@type":"ReadAction","target":["https:\/\/gmelorente-pre.atic.green\/it\/productos\/griferia-de-cocina\/"]}]},{"@type":"BreadcrumbList","@id":"https:\/\/gmelorente-pre.atic.green\/it\/productos\/griferia-de-cocina\/#breadcrumb","itemListElement":[{"@type":"ListItem","position":1,"name":"Home","item":"https:\/\/gmelorente-pre.atic.green\/it\/"},{"@type":"ListItem","position":2,"name":"Produrre","item":"https:\/\/gmelorente-pre.atic.green\/it\/productos\/"},{"@type":"ListItem","position":3,"name":"Miscelatori da cucina"}]},{"@type":"WebSite","@id":"https:\/\/gmelorente-pre.atic.green\/#website","url":"https:\/\/gmelorente-pre.atic.green\/","name":"GME DIVISI\u00d3N BA\u00d1OS","description":"Mamparas de ducha y mucho m\u00e1s","publisher":{"@id":"https:\/\/gmelorente-pre.atic.green\/#organization"},"potentialAction":[{"@type":"SearchAction","target":{"@type":"EntryPoint","urlTemplate":"https:\/\/gmelorente-pre.atic.green\/?s={search_term_string}"},"query-input":{"@type":"PropertyValueSpecification","valueRequired":true,"valueName":"search_term_string"}}],"inLanguage":"it-IT"},{"@type":"Organization","@id":"https:\/\/gmelorente-pre.atic.green\/#organization","name":"GME DIVISI\u00d3N BA\u00d1OS S.L.","url":"https:\/\/gmelorente-pre.atic.green\/","logo":{"@type":"ImageObject","inLanguage":"it-IT","@id":"https:\/\/gmelorente-pre.atic.green\/#\/schema\/logo\/image\/","url":"https:\/\/gmelorente.com\/wp-content\/uploads\/logo-gme-azul.jpg","contentUrl":"https:\/\/gmelorente.com\/wp-content\/uploads\/logo-gme-azul.jpg","width":810,"height":298,"caption":"GME DIVISI\u00d3N BA\u00d1OS S.L."},"image":{"@id":"https:\/\/gmelorente-pre.atic.green\/#\/schema\/logo\/image\/"},"sameAs":["https:\/\/www.facebook.com\/gmedivision\/?fref=ts","https:\/\/es.pinterest.com\/gmedivision\/?eq=gme&amp;etslf=14997"]}]}},"_links":{"self":[{"href":"https:\/\/gmelorente-pre.atic.green\/it\/wp-json\/wp\/v2\/pages\/78972","targetHints":{"allow":["GET"]}}],"collection":[{"href":"https:\/\/gmelorente-pre.atic.green\/it\/wp-json\/wp\/v2\/pages"}],"about":[{"href":"https:\/\/gmelorente-pre.atic.green\/it\/wp-json\/wp\/v2\/types\/page"}],"author":[{"embeddable":true,"href":"https:\/\/gmelorente-pre.atic.green\/it\/wp-json\/wp\/v2\/users\/1"}],"replies":[{"embeddable":true,"href":"https:\/\/gmelorente-pre.atic.green\/it\/wp-json\/wp\/v2\/comments?post=78972"}],"version-history":[{"count":2,"href":"https:\/\/gmelorente-pre.atic.green\/it\/wp-json\/wp\/v2\/pages\/78972\/revisions"}],"predecessor-version":[{"id":78974,"href":"https:\/\/gmelorente-pre.atic.green\/it\/wp-json\/wp\/v2\/pages\/78972\/revisions\/78974"}],"wp:attachment":[{"href":"https:\/\/gmelorente-pre.atic.green\/it\/wp-json\/wp\/v2\/media?parent=78972"}],"curies":[{"name":"wp","href":"https:\/\/api.w.org\/{rel}","templated":true}]}}